{"id":112,"date":"2024-10-27T10:20:39","date_gmt":"2024-10-27T10:20:39","guid":{"rendered":"https:\/\/sledrider3d.com\/?page_id=112"},"modified":"2024-10-27T10:55:27","modified_gmt":"2024-10-27T10:55:27","slug":"snow-rider-3d","status":"publish","type":"page","link":"https:\/\/sledrider3d.com\/sv\/snow-rider-3d\/","title":{"rendered":"Snow Rider 3D"},"content":{"rendered":"<h2 class=\"wp-block-heading has-text-align-center\" id=\"play-escape-road-halloween\ufffc-game-online-\ud83d\udd79-free-driving-games\" style=\"font-size:clamp(0.929rem, 0.929rem + ((1vw - 0.2rem) * 0.785), 1.4rem);\"><strong>Spela Snow Rider 3D-spel online \ud83d\udd79 Gratis oblockerade sn\u00f6iga spel<\/strong><\/h2>\n\n\n\n<div class=\"wp-block-group has-global-padding is-layout-constrained wp-container-core-group-is-layout-704e782a wp-block-group-is-layout-constrained\">\n<div class=\"iframe-container\">\n    <iframe loading=\"lazy\" id=\"myIframe\" src=\"https:\/\/snow-rider3d-cic.pages.dev\" width=\"100%\" height=\"630px\"><\/iframe>\n<\/div>\n<div class=\"control-bar\">\n    <button id=\"fullscreenBtn\" onclick=\"toggleFullScreen()\">\n        <svg class=\"fullscreen-icon\" viewbox=\"0 0 24 24\" width=\"16\" height=\"16\">\n            <path d=\"M7 14H5v5h5v-2H7v-3zm-2-4h2V7h3V5H5v5zm12 7h-3v2h5v-5h-2v3zM14 5v2h3v3h2V5h-5z\"\/>\n        <\/svg>\n        <span>Full sk\u00e4rm<\/span>\n    <\/button>\n<\/div>\n\n<style>\n.iframe-container {\n    width: 100%;\n    margin: 0 auto;\n    border-radius: 8px;\n    overflow: hidden;\n}\n\n.control-bar {\n    display: flex;\n    justify-content: flex-end;\n    padding: 1px 0;  \/* \u4e0a\u4e0b\u589e\u52a0\u95f4\u8ddd *\/\n}\n\n#fullscreenBtn {\n    display: flex;\n    align-items: center;\n    gap: 1px;\n    padding: 8px 12px;\n    background-color: #2d2d2d;\n    border: none;\n    border-radius: 4px;\n    color: white;\n    cursor: pointer;\n    transition: background-color 0.2s;\n}\n\n#fullscreenBtn:hover {\n    background-color: #404040;\n}\n\n.fullscreen-icon {\n    fill: currentColor;\n}\n<\/style>\n<\/div>\n\n\n\n<div style=\"height:2px\" aria-hidden=\"true\" class=\"wp-block-spacer\"><\/div>\n\n\n\n<div class=\"wp-block-group is-layout-grid wp-container-core-group-is-layout-722e4d33 wp-block-group-is-layout-grid\">\n<figure class=\"wp-block-image size-full has-custom-border\"><a href=\"https:\/\/sledrider3d.com\/sv\/snow-road\/\" target=\"_blank\" rel=\"noreferrer noopener\"><img decoding=\"async\" src=\"https:\/\/escaperoad.fun\/wp-content\/uploads\/2024\/10\/background-1.png\" alt=\"\" class=\"wp-image-128\" style=\"border-radius:10px\"\/><\/a><\/figure>\n\n\n\n<figure class=\"wp-block-image size-full has-custom-border\"><a href=\"https:\/\/sledrider3d.com\/sv\/snow-rider-3d\/\" target=\"_blank\" rel=\"noreferrer noopener\"><img decoding=\"async\" src=\"https:\/\/escaperoad.fun\/wp-content\/uploads\/2024\/10\/WX20241023-192336@2x-1-1.png\" alt=\"\" class=\"wp-image-139\" style=\"border-radius:10px\"\/><\/a><\/figure>\n\n\n\n<figure class=\"wp-block-image size-full has-custom-border\"><a href=\"https:\/\/sledrider3d.com\/sv\/\" target=\"_blank\" rel=\"noreferrer noopener\"><img decoding=\"async\" src=\"https:\/\/escaperoad.fun\/wp-content\/uploads\/2024\/10\/logo-2-1.png\" alt=\"\" class=\"wp-image-138\" style=\"border-radius:10px\"\/><\/a><\/figure>\n\n\n\n<figure class=\"wp-block-image size-full has-custom-border is-style-default wp-container-content-0d18e1c1\"><a href=\"https:\/\/sledrider3d.com\/sv\/escape-road\/escape-road-game\/\" target=\"_blank\" rel=\"noreferrer noopener\"><img decoding=\"async\" src=\"https:\/\/escaperoad.fun\/wp-content\/uploads\/2024\/10\/Escape-Road-cl-1-1.png\" alt=\"\" class=\"wp-image-98\" style=\"border-radius:10px\"\/><\/a><\/figure>\n\n\n\n<figure class=\"wp-block-image size-full has-custom-border\"><a href=\"https:\/\/sledrider3d.com\/sv\/car\/escape-road-halloween\/\" target=\"_blank\" rel=\"noreferrer noopener\"><img decoding=\"async\" src=\"https:\/\/escaperoad.fun\/wp-content\/uploads\/2024\/10\/WX20241026-160813@2x-2.png\" alt=\"\" class=\"wp-image-100\" style=\"border-radius:10px\"\/><\/a><\/figure>\n\n\n\n<figure class=\"wp-block-image size-full has-custom-border\"><a href=\"https:\/\/sledrider3d.com\/sv\/car\/escape-road-city\/\" target=\"_blank\" rel=\"noreferrer noopener\"><img decoding=\"async\" src=\"https:\/\/escaperoad.fun\/wp-content\/uploads\/2024\/10\/WX20241026-175349@2x-1-1.png\" alt=\"\" class=\"wp-image-130\" style=\"border-radius:10px\"\/><\/a><\/figure>\n\n\n\n<figure class=\"wp-block-image size-thumbnail has-custom-border\"><a href=\"https:\/\/sledrider3d.com\/sv\/car\/escape-road-city-2\/\" target=\"_blank\" rel=\" noreferrer noopener\"><img loading=\"lazy\" decoding=\"async\" width=\"150\" height=\"150\" src=\"https:\/\/sledrider3d.com\/wp-content\/uploads\/2024\/10\/WX20250130-163958@2x-150x150.webp\" alt=\"\" class=\"wp-image-184\" style=\"border-radius:10px\" srcset=\"https:\/\/sledrider3d.com\/wp-content\/uploads\/2024\/10\/WX20250130-163958@2x-150x150.webp 150w, https:\/\/sledrider3d.com\/wp-content\/uploads\/2024\/10\/WX20250130-163958@2x-300x300.webp 300w, https:\/\/sledrider3d.com\/wp-content\/uploads\/2024\/10\/WX20250130-163958@2x-12x12.webp 12w, https:\/\/sledrider3d.com\/wp-content\/uploads\/2024\/10\/WX20250130-163958@2x.webp 500w\" sizes=\"auto, (max-width: 150px) 100vw, 150px\" \/><\/a><\/figure>\n\n\n\n<figure class=\"wp-block-image size-full has-custom-border\"><a href=\"https:\/\/sledrider3d.com\/sv\/car\/smashy-road\/\" target=\"_blank\" rel=\"noreferrer noopener\"><img decoding=\"async\" src=\"https:\/\/escaperoad.fun\/wp-content\/uploads\/2024\/10\/download-8-1.png\" alt=\"\" class=\"wp-image-99\" style=\"border-radius:10px\"\/><\/a><\/figure>\n\n\n\n<figure class=\"wp-block-image size-full has-custom-border\"><a href=\"https:\/\/sledrider3d.com\/sv\/sprunki\/incredibox-sprunki\/\" target=\"_blank\" rel=\"noreferrer noopener\"><img decoding=\"async\" src=\"https:\/\/escaperoad.fun\/wp-content\/uploads\/2024\/10\/incredibox-sprunki-1.jpg\" alt=\"\" class=\"wp-image-140\" style=\"border-radius:10px\"\/><\/a><\/figure>\n\n\n\n<figure class=\"wp-block-image size-thumbnail has-custom-border\"><a href=\"https:\/\/sledrider3d.com\/sv\/road\/crossy-road\/\" target=\"_blank\" rel=\"noreferrer noopener\"><img loading=\"lazy\" decoding=\"async\" width=\"150\" height=\"150\" src=\"https:\/\/sledrider3d.com\/wp-content\/uploads\/2024\/10\/crossy-road-sr1-f180x180-150x150.webp\" alt=\"\" class=\"wp-image-177\" style=\"border-radius:10px\" srcset=\"https:\/\/sledrider3d.com\/wp-content\/uploads\/2024\/10\/crossy-road-sr1-f180x180-150x150.webp 150w, https:\/\/sledrider3d.com\/wp-content\/uploads\/2024\/10\/crossy-road-sr1-f180x180-12x12.webp 12w, https:\/\/sledrider3d.com\/wp-content\/uploads\/2024\/10\/crossy-road-sr1-f180x180.webp 200w\" sizes=\"auto, (max-width: 150px) 100vw, 150px\" \/><\/a><\/figure>\n\n\n\n<figure class=\"wp-block-image size-full has-custom-border\"><a href=\"https:\/\/sledrider3d.com\/sv\/stickman\/stickman-hook\/\" target=\"_blank\" rel=\"noreferrer noopener\"><img decoding=\"async\" src=\"https:\/\/escaperoad.fun\/wp-content\/uploads\/2024\/10\/WX20241026-210554@2x-1.png\" alt=\"\" class=\"wp-image-142\" style=\"border-radius:10px\"\/><\/a><\/figure>\n\n\n\n<figure class=\"wp-block-image size-full has-custom-border\"><a href=\"https:\/\/sledrider3d.com\/sv\/motocycle\/moto-x3m\/\" target=\"_blank\" rel=\"noreferrer noopener\"><img decoding=\"async\" src=\"https:\/\/escaperoad.fun\/wp-content\/uploads\/2024\/10\/maxresdefault-1.jpg\" alt=\"\" class=\"wp-image-143\" style=\"border-radius:10px\"\/><\/a><\/figure>\n\n\n\n<figure class=\"wp-block-image size-full\"><a href=\"https:\/\/sledrider3d.com\/sv\/clicker\/cookie-clicker\/\" target=\"_blank\" rel=\"noreferrer noopener\"><img decoding=\"async\" src=\"https:\/\/escaperoad.fun\/wp-content\/uploads\/2024\/10\/icon.png\" alt=\"\" class=\"wp-image-150\"\/><\/a><\/figure>\n\n\n\n<figure class=\"wp-block-image size-thumbnail has-custom-border\"><a href=\"https:\/\/sledrider3d.com\/sv\/clicker\/chill-guy-clicker\/\" target=\"_blank\" rel=\"noreferrer noopener\"><img loading=\"lazy\" decoding=\"async\" width=\"150\" height=\"150\" src=\"https:\/\/sledrider3d.com\/wp-content\/uploads\/2024\/10\/WX20241220-102702@2x-150x150.webp\" alt=\"\" class=\"wp-image-170\" style=\"border-radius:10px\" srcset=\"https:\/\/sledrider3d.com\/wp-content\/uploads\/2024\/10\/WX20241220-102702@2x-150x150.webp 150w, https:\/\/sledrider3d.com\/wp-content\/uploads\/2024\/10\/WX20241220-102702@2x-300x300.webp 300w, https:\/\/sledrider3d.com\/wp-content\/uploads\/2024\/10\/WX20241220-102702@2x-12x12.webp 12w, https:\/\/sledrider3d.com\/wp-content\/uploads\/2024\/10\/WX20241220-102702@2x.webp 500w\" sizes=\"auto, (max-width: 150px) 100vw, 150px\" \/><\/a><\/figure>\n<\/div>\n\n\n\n<div style=\"height:30px\" aria-hidden=\"true\" class=\"wp-block-spacer\"><\/div>\n\n\n\n<h2 class=\"wp-block-heading\" id=\"snow-rider-3-d-game-free-to-play-unblocked-games\">Snow Rider 3D-spel: Gratis att spela oblockerade spel<\/h2>\n\n\n\n<p>Snow Rider 3D \u00e4r ett beroendeframkallande, kostnadsfritt flyktspel som erbjuder o\u00e4ndligt kul. Oavsett om du vill d\u00f6da tid under en paus eller engagera dig i allvarliga po\u00e4ngutmaningar har detta spel n\u00e5got f\u00f6r alla. Se till att prova de oblockerade versionerna f\u00f6r smidig \u00e5tkomst, s\u00e4rskilt p\u00e5 plattformar som <strong>sledrider3d.com<\/strong> och andra popul\u00e4ra spelsajter\u30109\u3011\u301010\u3011.<\/p>\n\n\n\n<div class=\"wp-block-rank-math-toc-block\" id=\"rank-math-toc\"><h3>Inneh\u00e5llsf\u00f6rteckning<\/h3><nav><ul><li><a href=\"#what-is-snow-rider-3-d\">Vad \u00e4r Snow Rider 3D?<\/a><ul><li><a href=\"#game-background\">Spelbakgrund f\u00f6r Snow Rider 3D-spel<\/a><\/li><\/ul><\/li><li><a href=\"#why-snow-rider-3-d-is-trending\">Varf\u00f6r Snow Rider 3D \u00e4r trendigt<\/a><\/li><li><a href=\"#how-to-play-snow-rider-3-d\">Hur man spelar Snow Rider 3D Unblocked<\/a><ul><li><a href=\"#levels-and-gameplay-details\">Niv\u00e5er och speldetaljer f\u00f6r Snow Rider 3D Game<\/a><\/li><\/ul><\/li><li><a href=\"#features-and-characters\">Funktioner och karakt\u00e4rer i Snow Rider 3D Game<\/a><\/li><li><a href=\"#pro-tips-and-tricks\">Pro tips och tricks f\u00f6r Snow Rider 3D-spel<\/a><\/li><\/ul><\/nav><\/div>\n\n\n\n<h3 class=\"wp-block-heading\" id=\"what-is-snow-rider-3-d\">Vad \u00e4r Snow Rider 3D?<\/h3>\n\n\n\n<figure class=\"wp-block-image size-full\"><img loading=\"lazy\" decoding=\"async\" width=\"800\" height=\"486\" src=\"https:\/\/sledrider3d.com\/wp-content\/uploads\/2024\/10\/WX20241023-192336@2x-1.png\" alt=\"\" class=\"wp-image-119\" srcset=\"https:\/\/sledrider3d.com\/wp-content\/uploads\/2024\/10\/WX20241023-192336@2x-1.png 800w, https:\/\/sledrider3d.com\/wp-content\/uploads\/2024\/10\/WX20241023-192336@2x-1-300x182.png 300w, https:\/\/sledrider3d.com\/wp-content\/uploads\/2024\/10\/WX20241023-192336@2x-1-768x467.png 768w, https:\/\/sledrider3d.com\/wp-content\/uploads\/2024\/10\/WX20241023-192336@2x-1-18x12.png 18w\" sizes=\"auto, (max-width: 800px) 100vw, 800px\" \/><\/figure>\n\n\n\n<p>Snow Rider 3D \u00e4r ett sp\u00e4nnande vintersportspel online som erbjuder spelarna sp\u00e4nningen i att \u00e5ka sl\u00e4de genom sn\u00f6iga landskap. Detta gratisspel \u00e4r tillg\u00e4ngligt via webbl\u00e4sare, vilket g\u00f6r att spelarna kan dyka in i snabba, hinderfyllda spel utan behov av nedladdningar eller installationer. Den oblockerade versionen \u00e4r s\u00e4rskilt popul\u00e4r i skolor och p\u00e5 arbetsplatser d\u00e4r speltillg\u00e5ngen annars kan vara begr\u00e4nsad.<\/p>\n\n\n\n<hr class=\"wp-block-separator has-alpha-channel-opacity\"\/>\n\n\n\n<h4 class=\"wp-block-heading\" id=\"game-background\">Spelbakgrund f\u00f6r Snow Rider 3D-spel<\/h4>\n\n\n\n<p>Snow Rider 3D, som ursprungligen lanserades 2019, har vuxit till en favorit bland onlinespelare. Med sin enkla mekanik tilltalar det b\u00e5de avslappnade spelare och t\u00e4vlingsinriktade entusiaster som tycker om att bem\u00e4stra varje bana. Spelet l\u00e5ter spelare t\u00e4vla nerf\u00f6r sn\u00f6iga v\u00e4gar, undvika hinder som tr\u00e4d och sn\u00f6gubbar och samla g\u00e5vor utspridda \u00f6ver hela banan.<\/p>\n\n\n\n<hr class=\"wp-block-separator has-alpha-channel-opacity\"\/>\n\n\n\n<h3 class=\"wp-block-heading\" id=\"why-snow-rider-3-d-is-trending\">Varf\u00f6r Snow Rider 3D \u00e4r trendigt<\/h3>\n\n\n\n<p>Spelets \u00f6kande popularitet kan h\u00e4nf\u00f6ras till flera faktorer:<\/p>\n\n\n\n<ul class=\"wp-block-list\">\n<li><strong>Tillg\u00e4nglighet<\/strong>: Den \u00e4r avblockerad p\u00e5 flera plattformar, vilket g\u00f6r den till ett sj\u00e4lvklart val i skolor och p\u00e5 arbetsplatser.<\/li>\n\n\n\n<li><strong>Enkelhet med djup<\/strong>: De intuitiva kontrollerna \u00e4r l\u00e4tta att l\u00e4ra sig men utmanande att bem\u00e4stra.<\/li>\n\n\n\n<li><strong>S\u00e4songsbetonad attraktionskraft<\/strong>: Den f\u00e5ngar perfekt sp\u00e4nningen i vintersporter, vilket bidrar till dess charm under de kallare m\u00e5naderna.<\/li>\n\n\n\n<li><strong>Konkurrenskraftig f\u00f6rdel<\/strong>: Spelarna siktar p\u00e5 h\u00f6ga po\u00e4ng genom att samla g\u00e5vor och l\u00e5sa upp sl\u00e4duppgraderingar, vilket uppmuntrar till upprepade spel.<\/li>\n<\/ul>\n\n\n\n<hr class=\"wp-block-separator has-alpha-channel-opacity\"\/>\n\n\n\n<h3 class=\"wp-block-heading\" id=\"how-to-play-snow-rider-3-d\">Hur man spelar Snow Rider 3D Unblocked<\/h3>\n\n\n\n<p>F\u00f6r att styra din sl\u00e4de anv\u00e4nder du <strong>Piltangenter<\/strong> eller <strong>WASD-tangenter<\/strong>. Du kan hoppa \u00f6ver hinder genom att trycka p\u00e5 <strong>mellanslag<\/strong> eller <strong>pil upp<\/strong>. M\u00e5let \u00e4r att \u00e5ka s\u00e5 l\u00e5ngt ner som m\u00f6jligt samtidigt som du samlar g\u00e5vor, som bidrar till din po\u00e4ng och l\u00e5ser upp nya sl\u00e4dar. I takt med att du utvecklas blir spelet snabbare och kr\u00e4ver skarpa reflexer och strategiskt t\u00e4nkande.<\/p>\n\n\n\n<figure class=\"wp-block-image size-full\"><img loading=\"lazy\" decoding=\"async\" width=\"800\" height=\"445\" src=\"https:\/\/sledrider3d.com\/wp-content\/uploads\/2024\/10\/WX20241023-192731@2x-1.png\" alt=\"\" class=\"wp-image-117\" srcset=\"https:\/\/sledrider3d.com\/wp-content\/uploads\/2024\/10\/WX20241023-192731@2x-1.png 800w, https:\/\/sledrider3d.com\/wp-content\/uploads\/2024\/10\/WX20241023-192731@2x-1-300x167.png 300w, https:\/\/sledrider3d.com\/wp-content\/uploads\/2024\/10\/WX20241023-192731@2x-1-768x427.png 768w, https:\/\/sledrider3d.com\/wp-content\/uploads\/2024\/10\/WX20241023-192731@2x-1-18x10.png 18w\" sizes=\"auto, (max-width: 800px) 100vw, 800px\" \/><\/figure>\n\n\n\n<hr class=\"wp-block-separator has-alpha-channel-opacity\"\/>\n\n\n\n<h4 class=\"wp-block-heading\" id=\"levels-and-gameplay-details\">Niv\u00e5er och speldetaljer f\u00f6r Snow Rider 3D Game<\/h4>\n\n\n\n<p>\u00c4ven om spelet inte har n\u00e5gra distinkta niv\u00e5er inneb\u00e4r varje session nya utmaningar beroende p\u00e5 hastighet och terr\u00e4ng. Den o\u00e4ndliga banan \u00f6kar gradvis i sv\u00e5righetsgrad, vilket tvingar spelarna att anpassa sig och f\u00f6rb\u00e4ttra sin prestation f\u00f6r att f\u00e5 h\u00f6gre po\u00e4ng.<\/p>\n\n\n\n<hr class=\"wp-block-separator has-alpha-channel-opacity\"\/>\n\n\n\n<h3 class=\"wp-block-heading\" id=\"features-and-characters\">Funktioner och karakt\u00e4rer i Snow Rider 3D Game<\/h3>\n\n\n\n<ul class=\"wp-block-list\">\n<li><strong>Power-ups<\/strong>: G\u00e5vor p\u00e5 banan ger bonuspo\u00e4ng och enstaka hastighets\u00f6kningar.<\/li>\n\n\n\n<li><strong>Olika sl\u00e4dar<\/strong>: Spelare kan l\u00e5sa upp nya sl\u00e4dmodeller genom att samla tillr\u00e4ckligt med po\u00e4ng.<\/li>\n\n\n\n<li><strong>Hinder<\/strong>: F\u00f6rutom sn\u00f6gubbar och tr\u00e4d m\u00e5ste spelarna undvika sv\u00e5ra sluttningar som kan orsaka krascher.<\/li>\n<\/ul>\n\n\n\n<hr class=\"wp-block-separator has-alpha-channel-opacity\"\/>\n\n\n\n<h3 class=\"wp-block-heading\" id=\"pro-tips-and-tricks\">Pro tips och tricks f\u00f6r Snow Rider 3D-spel<\/h3>\n\n\n\n<ol class=\"wp-block-list\">\n<li><strong>Master hoppar<\/strong>: Anv\u00e4nd sluttningar f\u00f6r extra lufttid, men se till att landa mjukt f\u00f6r att beh\u00e5lla momentum.<\/li>\n\n\n\n<li><strong>G\u00e5vans v\u00e4g<\/strong>: Fokusera p\u00e5 att samla flera g\u00e5vor i en rad utan att avvika fr\u00e5n kursen.<\/li>\n\n\n\n<li><strong>Hastighetsf\u00f6rb\u00e4ttringar<\/strong>: Spara speed power-ups till sv\u00e5ra avsnitt f\u00f6r att f\u00e5 ett \u00f6vertag.<\/li>\n<\/ol>\n\n\n\n<figure class=\"wp-block-image size-full\"><img loading=\"lazy\" decoding=\"async\" width=\"400\" height=\"265\" src=\"https:\/\/sledrider3d.com\/wp-content\/uploads\/2024\/10\/logo-2.png\" alt=\"\" class=\"wp-image-120\" srcset=\"https:\/\/sledrider3d.com\/wp-content\/uploads\/2024\/10\/logo-2.png 400w, https:\/\/sledrider3d.com\/wp-content\/uploads\/2024\/10\/logo-2-300x199.png 300w, https:\/\/sledrider3d.com\/wp-content\/uploads\/2024\/10\/logo-2-18x12.png 18w\" sizes=\"auto, (max-width: 400px) 100vw, 400px\" \/><\/figure>\n\n\n\n<hr class=\"wp-block-separator has-alpha-channel-opacity\"\/>\n\n\n\n<h2 class=\"wp-block-heading\" id=\"faq\">FAQ f\u00f6r Snow Rider 3D oblockerat spel<\/h2>\n\n\n\n<figure class=\"wp-block-table\"><table class=\"has-fixed-layout\"><thead><tr><th><strong>Fr\u00e5ga<\/strong><\/th><th><strong>Svar<\/strong><\/th><\/tr><\/thead><tbody><tr><td><strong>Kan jag spela Snow Rider 3D online?<\/strong><\/td><td>Ja, Snow Rider 3D \u00e4r tillg\u00e4ngligt f\u00f6r att spela online gratis p\u00e5 flera plattformar.<\/td><\/tr><tr><td><strong>Vad g\u00f6r Snow Rider 3D till ett escape-spel?<\/strong><\/td><td>Spelarna m\u00e5ste skickligt undvika hinder p\u00e5 v\u00e4gen f\u00f6r att undvika att krocka, vilket ger spelet en extra utmaning.<\/td><\/tr><tr><td><strong>Var hittar jag Snow Rider 3D avblockerad?<\/strong><\/td><td>Bes\u00f6k webbplatser som <strong><a href=\"https:\/\/sledrider3d.com\/sv\/snow-rider-3d\/\">sledrider3d.com<\/a><\/strong> f\u00f6r oblockerad \u00e5tkomst.<\/td><\/tr><tr><td><strong>Hur styr jag sl\u00e4den?<\/strong><\/td><td>Anv\u00e4ndning <strong>Piltangenter<\/strong> eller <strong>WASD<\/strong> knappar f\u00f6r navigering och <strong>mellanslag<\/strong> att hoppa.<\/td><\/tr><tr><td><strong>\u00c4r Snow Rider 3D gratis att spela?<\/strong><\/td><td>Ja, det \u00e4r helt gratis att spela utan behov av nedladdningar.<\/td><\/tr><tr><td><strong>Vilka \u00e4r \"sn\u00f6v\u00e4garna\" i spelet?<\/strong><\/td><td>Sn\u00f6v\u00e4gar avser de isiga sp\u00e5r som spelarna m\u00e5ste navigera genom hela spelet.<\/td><\/tr><tr><td><strong>Hur fungerar oblockerade versioner?<\/strong><\/td><td>Oblockerade versioner kringg\u00e5r begr\u00e4nsningar p\u00e5 plattformar som skolor, vilket ger fri tillg\u00e5ng till spelet.<\/td><\/tr><tr><td><strong>Vad \u00e4r Snow Rider 3D klassrum 6x?<\/strong><\/td><td>Det \u00e4r en version som \u00e4r optimerad f\u00f6r skolmilj\u00f6er och som ofta finns p\u00e5 spelsajter under Classroom 6x.<\/td><\/tr><tr><td><strong>Kan jag f\u00e5 tillg\u00e5ng till Snow Rider 3D p\u00e5 Hooda Math?<\/strong><\/td><td>Ja, det finns tillg\u00e4ngligt som en del av spelbiblioteket p\u00e5 <strong>Hooda Math<\/strong>.<\/td><\/tr><tr><td><strong>Vad h\u00e4nder om jag kraschar?<\/strong><\/td><td>Spelet \u00e5terst\u00e4lls och spelarna kan omedelbart starta om banan.<\/td><\/tr><tr><td><strong>Vad \u00e4r Snow Rider 3D 76?<\/strong><\/td><td>Snow Rider 3D unblocked 76 \u00e4r en popul\u00e4r variant som finns p\u00e5 oblockerade spelportaler.<\/td><\/tr><tr><td><strong>Finns det en topplista eller h\u00f6ga po\u00e4ng?<\/strong><\/td><td>Vissa versioner har high score tracking f\u00f6r att t\u00e4vla med andra spelare.<\/td><\/tr><tr><td><strong>Hur p\u00e5verkar g\u00e5vor spelandet?<\/strong><\/td><td>Genom att samla g\u00e5vor \u00f6kar spelarens po\u00e4ng och kan l\u00e5sa upp hastighetsf\u00f6rb\u00e4ttringar.<\/td><\/tr><tr><td><strong>Kan Snow Rider 3D spelas p\u00e5 mobilen?<\/strong><\/td><td>Ja, spelet \u00e4r webbl\u00e4sarkompatibelt med telefoner och surfplattor.<\/td><\/tr><tr><td><strong>Hur l\u00e5ng \u00e4r en typisk spelsession?<\/strong><\/td><td>Varje k\u00f6rning varar tills spelaren kraschar, vilket uppmuntrar till omspelning f\u00f6r att f\u00f6rb\u00e4ttra f\u00e4rdigheterna.<\/td><\/tr><tr><td><strong>Vad \u00e4r spelknep f\u00f6r b\u00e4ttre po\u00e4ng?<\/strong><\/td><td>Fokusera p\u00e5 att landa smidigt, samla in g\u00e5vor p\u00e5 ett effektivt s\u00e4tt och anv\u00e4nda power-ups strategiskt.<\/td><\/tr><tr><td><strong>Vad g\u00f6r Snow Rider 3D unblocked 6x speciell?<\/strong><\/td><td>6x-versionen \u00e4r optimerad f\u00f6r smidigare spel i begr\u00e4nsade milj\u00f6er som skolor.<\/td><\/tr><tr><td><strong>Har spelet flerspelarl\u00e4gen?<\/strong><\/td><td>Nej, Snow Rider 3D \u00e4r en enspelarupplevelse.<\/td><\/tr><tr><td><strong>Finns det olika karakt\u00e4rer att l\u00e5sa upp?<\/strong><\/td><td>Nej, anpassningen \u00e4r begr\u00e4nsad till uppgraderingar av sl\u00e4dar snarare \u00e4n karakt\u00e4rsval.<\/td><\/tr><tr><td><strong>Vad \u00e4r m\u00e5let med spelet?<\/strong><\/td><td>Huvudm\u00e5let \u00e4r att resa s\u00e5 l\u00e5ngt som m\u00f6jligt samtidigt som du samlar g\u00e5vor och undviker hinder.<\/td><\/tr><\/tbody><\/table><\/figure>","protected":false},"excerpt":{"rendered":"<p>Play Snow Rider 3D Game Online \ud83d\udd79 Free Unblocked Snowy Games Full Screen Snow Rider 3D Game: Free to Play Unblocked Games Snow Rider 3D stands out as an addictive, free-to-play escape game that offers endless fun. Whether you are looking to kill time during a break or engage in serious score challenges, this game [&hellip;]<\/p>","protected":false},"author":1,"featured_media":119,"parent":0,"menu_order":0,"comment_status":"open","ping_status":"closed","template":"","meta":{"footnotes":""},"class_list":["post-112","page","type-page","status-publish","has-post-thumbnail","hentry"],"_links":{"self":[{"href":"https:\/\/sledrider3d.com\/sv\/wp-json\/wp\/v2\/pages\/112","targetHints":{"allow":["GET"]}}],"collection":[{"href":"https:\/\/sledrider3d.com\/sv\/wp-json\/wp\/v2\/pages"}],"about":[{"href":"https:\/\/sledrider3d.com\/sv\/wp-json\/wp\/v2\/types\/page"}],"author":[{"embeddable":true,"href":"https:\/\/sledrider3d.com\/sv\/wp-json\/wp\/v2\/users\/1"}],"replies":[{"embeddable":true,"href":"https:\/\/sledrider3d.com\/sv\/wp-json\/wp\/v2\/comments?post=112"}],"version-history":[{"count":3,"href":"https:\/\/sledrider3d.com\/sv\/wp-json\/wp\/v2\/pages\/112\/revisions"}],"predecessor-version":[{"id":130,"href":"https:\/\/sledrider3d.com\/sv\/wp-json\/wp\/v2\/pages\/112\/revisions\/130"}],"wp:featuredmedia":[{"embeddable":true,"href":"https:\/\/sledrider3d.com\/sv\/wp-json\/wp\/v2\/media\/119"}],"wp:attachment":[{"href":"https:\/\/sledrider3d.com\/sv\/wp-json\/wp\/v2\/media?parent=112"}],"curies":[{"name":"wp","href":"https:\/\/api.w.org\/{rel}","templated":true}]}}