{"id":37,"date":"2024-10-21T17:31:18","date_gmt":"2024-10-21T17:31:18","guid":{"rendered":"https:\/\/sledrider3d.com\/?page_id=37"},"modified":"2025-01-29T13:24:54","modified_gmt":"2025-01-29T13:24:54","slug":"sled-rider-3d","status":"publish","type":"page","link":"https:\/\/sledrider3d.com\/pt_pt\/","title":{"rendered":"Cavaleiro de tren\u00f3 3D"},"content":{"rendered":"<h2 class=\"wp-block-heading has-text-align-center\" style=\"font-size:clamp(0.929rem, 0.929rem + ((1vw - 0.2rem) * 0.785), 1.4rem);\"><strong>Sled Rider 3D Game \ud83d\udd79 Jogar jogos de neve gr\u00e1tis online desbloqueado<\/strong><\/h2>\n\n\n\n<div class=\"wp-block-group has-global-padding is-layout-constrained wp-container-core-group-is-layout-704e782a wp-block-group-is-layout-constrained\">\n<div class=\"iframe-container\">\n    <iframe loading=\"lazy\" id=\"myIframe\" src=\"https:\/\/snow-rider3d-cic.pages.dev\" width=\"100%\" height=\"630px\"><\/iframe>\n<\/div>\n<div class=\"control-bar\">\n    <button id=\"fullscreenBtn\" onclick=\"toggleFullScreen()\">\n        <svg class=\"fullscreen-icon\" viewbox=\"0 0 24 24\" width=\"16\" height=\"16\">\n            <path d=\"M7 14H5v5h5v-2H7v-3zm-2-4h2V7h3V5H5v5zm12 7h-3v2h5v-5h-2v3zM14 5v2h3v3h2V5h-5z\"\/>\n        <\/svg>\n        <span>Ecr\u00e3 completo<\/span>\n    <\/button>\n<\/div>\n\n<style>\n.iframe-container {\n    width: 100%;\n    margin: 0 auto;\n    border-radius: 8px;\n    overflow: hidden;\n}\n\n.control-bar {\n    display: flex;\n    justify-content: flex-end;\n    padding: 1px 0;  \/* \u4e0a\u4e0b\u589e\u52a0\u95f4\u8ddd *\/\n}\n\n#fullscreenBtn {\n    display: flex;\n    align-items: center;\n    gap: 1px;\n    padding: 8px 12px;\n    background-color: #2d2d2d;\n    border: none;\n    border-radius: 4px;\n    color: white;\n    cursor: pointer;\n    transition: background-color 0.2s;\n}\n\n#fullscreenBtn:hover {\n    background-color: #404040;\n}\n\n.fullscreen-icon {\n    fill: currentColor;\n}\n<\/style>\n<\/div>\n\n\n\n<div class=\"wp-block-group is-layout-grid wp-container-core-group-is-layout-722e4d33 wp-block-group-is-layout-grid\">\n<figure class=\"wp-block-image size-full has-custom-border\"><a href=\"https:\/\/sledrider3d.com\/pt_pt\/snow-road\/\" target=\"_blank\" rel=\"noreferrer noopener\"><img decoding=\"async\" src=\"https:\/\/escaperoad.fun\/wp-content\/uploads\/2024\/10\/background-1.png\" alt=\"\" class=\"wp-image-128\" style=\"border-radius:10px\"\/><\/a><\/figure>\n\n\n\n<figure class=\"wp-block-image size-full has-custom-border\"><a href=\"https:\/\/sledrider3d.com\/pt_pt\/snow-rider-3d\/\" target=\"_blank\" rel=\"noreferrer noopener\"><img decoding=\"async\" src=\"https:\/\/escaperoad.fun\/wp-content\/uploads\/2024\/10\/WX20241023-192336@2x-1-1.png\" alt=\"\" class=\"wp-image-139\" style=\"border-radius:10px\"\/><\/a><\/figure>\n\n\n\n<figure class=\"wp-block-image size-full has-custom-border\"><a href=\"https:\/\/sledrider3d.com\/pt_pt\/\" target=\"_blank\" rel=\"noreferrer noopener\"><img decoding=\"async\" src=\"https:\/\/escaperoad.fun\/wp-content\/uploads\/2024\/10\/logo-2-1.png\" alt=\"\" class=\"wp-image-138\" style=\"border-radius:10px\"\/><\/a><\/figure>\n\n\n\n<figure class=\"wp-block-image size-full has-custom-border is-style-default wp-container-content-0d18e1c1\"><a href=\"https:\/\/sledrider3d.com\/pt_pt\/escape-road\/escape-road-game\/\" target=\"_blank\" rel=\"noreferrer noopener\"><img decoding=\"async\" src=\"https:\/\/escaperoad.fun\/wp-content\/uploads\/2024\/10\/Escape-Road-cl-1-1.png\" alt=\"\" class=\"wp-image-98\" style=\"border-radius:10px\"\/><\/a><\/figure>\n\n\n\n<figure class=\"wp-block-image size-full has-custom-border\"><a href=\"https:\/\/sledrider3d.com\/pt_pt\/car\/escape-road-halloween\/\" target=\"_blank\" rel=\"noreferrer noopener\"><img decoding=\"async\" src=\"https:\/\/escaperoad.fun\/wp-content\/uploads\/2024\/10\/WX20241026-160813@2x-2.png\" alt=\"\" class=\"wp-image-100\" style=\"border-radius:10px\"\/><\/a><\/figure>\n\n\n\n<figure class=\"wp-block-image size-full has-custom-border\"><a href=\"https:\/\/sledrider3d.com\/pt_pt\/car\/escape-road-city\/\" target=\"_blank\" rel=\"noreferrer noopener\"><img decoding=\"async\" src=\"https:\/\/escaperoad.fun\/wp-content\/uploads\/2024\/10\/WX20241026-175349@2x-1-1.png\" alt=\"\" class=\"wp-image-130\" style=\"border-radius:10px\"\/><\/a><\/figure>\n\n\n\n<figure class=\"wp-block-image size-thumbnail has-custom-border\"><a href=\"https:\/\/sledrider3d.com\/pt_pt\/car\/escape-road-city-2\/\" target=\"_blank\" rel=\" noreferrer noopener\"><img loading=\"lazy\" decoding=\"async\" width=\"150\" height=\"150\" src=\"https:\/\/sledrider3d.com\/wp-content\/uploads\/2024\/10\/WX20250130-163958@2x-150x150.webp\" alt=\"\" class=\"wp-image-184\" style=\"border-radius:10px\" srcset=\"https:\/\/sledrider3d.com\/wp-content\/uploads\/2024\/10\/WX20250130-163958@2x-150x150.webp 150w, https:\/\/sledrider3d.com\/wp-content\/uploads\/2024\/10\/WX20250130-163958@2x-300x300.webp 300w, https:\/\/sledrider3d.com\/wp-content\/uploads\/2024\/10\/WX20250130-163958@2x-12x12.webp 12w, https:\/\/sledrider3d.com\/wp-content\/uploads\/2024\/10\/WX20250130-163958@2x.webp 500w\" sizes=\"auto, (max-width: 150px) 100vw, 150px\" \/><\/a><\/figure>\n\n\n\n<figure class=\"wp-block-image size-full has-custom-border\"><a href=\"https:\/\/sledrider3d.com\/pt_pt\/car\/smashy-road\/\" target=\"_blank\" rel=\"noreferrer noopener\"><img decoding=\"async\" src=\"https:\/\/escaperoad.fun\/wp-content\/uploads\/2024\/10\/download-8-1.png\" alt=\"\" class=\"wp-image-99\" style=\"border-radius:10px\"\/><\/a><\/figure>\n\n\n\n<figure class=\"wp-block-image size-full has-custom-border\"><a href=\"https:\/\/sledrider3d.com\/pt_pt\/sprunki\/incredibox-sprunki\/\" target=\"_blank\" rel=\"noreferrer noopener\"><img decoding=\"async\" src=\"https:\/\/escaperoad.fun\/wp-content\/uploads\/2024\/10\/incredibox-sprunki-1.jpg\" alt=\"\" class=\"wp-image-140\" style=\"border-radius:10px\"\/><\/a><\/figure>\n\n\n\n<figure class=\"wp-block-image size-thumbnail has-custom-border\"><a href=\"https:\/\/sledrider3d.com\/pt_pt\/road\/crossy-road\/\" target=\"_blank\" rel=\"noreferrer noopener\"><img loading=\"lazy\" decoding=\"async\" width=\"150\" height=\"150\" src=\"https:\/\/sledrider3d.com\/wp-content\/uploads\/2024\/10\/crossy-road-sr1-f180x180-150x150.webp\" alt=\"\" class=\"wp-image-177\" style=\"border-radius:10px\" srcset=\"https:\/\/sledrider3d.com\/wp-content\/uploads\/2024\/10\/crossy-road-sr1-f180x180-150x150.webp 150w, https:\/\/sledrider3d.com\/wp-content\/uploads\/2024\/10\/crossy-road-sr1-f180x180-12x12.webp 12w, https:\/\/sledrider3d.com\/wp-content\/uploads\/2024\/10\/crossy-road-sr1-f180x180.webp 200w\" sizes=\"auto, (max-width: 150px) 100vw, 150px\" \/><\/a><\/figure>\n\n\n\n<figure class=\"wp-block-image size-full has-custom-border\"><a href=\"https:\/\/sledrider3d.com\/pt_pt\/stickman\/stickman-hook\/\" target=\"_blank\" rel=\"noreferrer noopener\"><img decoding=\"async\" src=\"https:\/\/escaperoad.fun\/wp-content\/uploads\/2024\/10\/WX20241026-210554@2x-1.png\" alt=\"\" class=\"wp-image-142\" style=\"border-radius:10px\"\/><\/a><\/figure>\n\n\n\n<figure class=\"wp-block-image size-full has-custom-border\"><a href=\"https:\/\/sledrider3d.com\/pt_pt\/motocycle\/moto-x3m\/\" target=\"_blank\" rel=\"noreferrer noopener\"><img decoding=\"async\" src=\"https:\/\/escaperoad.fun\/wp-content\/uploads\/2024\/10\/maxresdefault-1.jpg\" alt=\"\" class=\"wp-image-143\" style=\"border-radius:10px\"\/><\/a><\/figure>\n\n\n\n<figure class=\"wp-block-image size-full\"><a href=\"https:\/\/sledrider3d.com\/pt_pt\/clicker\/cookie-clicker\/\" target=\"_blank\" rel=\"noreferrer noopener\"><img decoding=\"async\" src=\"https:\/\/escaperoad.fun\/wp-content\/uploads\/2024\/10\/icon.png\" alt=\"\" class=\"wp-image-150\"\/><\/a><\/figure>\n\n\n\n<figure class=\"wp-block-image size-thumbnail has-custom-border\"><a href=\"https:\/\/sledrider3d.com\/pt_pt\/clicker\/chill-guy-clicker\/\" target=\"_blank\" rel=\"noreferrer noopener\"><img loading=\"lazy\" decoding=\"async\" width=\"150\" height=\"150\" src=\"https:\/\/sledrider3d.com\/wp-content\/uploads\/2024\/10\/WX20241220-102702@2x-150x150.webp\" alt=\"\" class=\"wp-image-170\" style=\"border-radius:10px\" srcset=\"https:\/\/sledrider3d.com\/wp-content\/uploads\/2024\/10\/WX20241220-102702@2x-150x150.webp 150w, https:\/\/sledrider3d.com\/wp-content\/uploads\/2024\/10\/WX20241220-102702@2x-300x300.webp 300w, https:\/\/sledrider3d.com\/wp-content\/uploads\/2024\/10\/WX20241220-102702@2x-12x12.webp 12w, https:\/\/sledrider3d.com\/wp-content\/uploads\/2024\/10\/WX20241220-102702@2x.webp 500w\" sizes=\"auto, (max-width: 150px) 100vw, 150px\" \/><\/a><\/figure>\n<\/div>\n\n\n\n<div style=\"height:40px\" aria-hidden=\"true\" class=\"wp-block-spacer\"><\/div>\n\n\n\n<h2 class=\"wp-block-heading\" id=\"introduction-to-sled-rider-3-d-game\">Introdu\u00e7\u00e3o ao jogo Sled Rider 3D<\/h2>\n\n\n\n<div class=\"wp-block-rank-math-toc-block\" id=\"rank-math-toc\"><h3>\u00cdndice<\/h3><nav><ul><li><a href=\"#what-is-sled-rider-3-d\">O que \u00e9 o Sled Rider 3D?<\/a><\/li><li><a href=\"#how-to-play-sled-rider-3-d\">Como jogar Sled Rider 3D<\/a><\/li><li><a href=\"#game-overview\">Vis\u00e3o geral do jogo<\/a><\/li><li><a href=\"#key-features-of-sled-rider-3-d\">Principais carater\u00edsticas do Sled Rider 3D<\/a><\/li><li><a href=\"#why-play-the-unblocked-version\">Porqu\u00ea jogar a vers\u00e3o n\u00e3o bloqueada?<\/a><\/li><\/ul><\/nav><\/div>\n\n\n\n<h3 class=\"wp-block-heading\" id=\"what-is-sled-rider-3-d\">O que \u00e9 o Sled Rider 3D?<\/h3>\n\n\n\n<figure class=\"wp-block-image size-full\"><img loading=\"lazy\" decoding=\"async\" width=\"512\" height=\"340\" src=\"https:\/\/sledrider3d.com\/wp-content\/uploads\/2024\/10\/logo-1.png\" alt=\"Sled Rider 3D - Unblocked Christmas Game with 3D Snow Rider\" class=\"wp-image-43\" srcset=\"https:\/\/sledrider3d.com\/wp-content\/uploads\/2024\/10\/logo-1.png 512w, https:\/\/sledrider3d.com\/wp-content\/uploads\/2024\/10\/logo-1-300x199.png 300w\" sizes=\"auto, (max-width: 512px) 100vw, 512px\" \/><\/figure>\n\n\n\n<p>O Sled Rider 3D \u00e9 um jogo online com tem\u00e1tica de inverno em que os jogadores controlam um tren\u00f3 que desce as encostas nevadas cheias de obst\u00e1culos como pedras, \u00e1rvores e penhascos. A jogabilidade centra-se na habilidade de conduzir o tren\u00f3 para evitar os perigos, recolher presentes e ganhar pontos, com o objetivo final de desbloquear novos tren\u00f3s e alcan\u00e7ar pontua\u00e7\u00f5es elevadas. Concebido para proporcionar uma experi\u00eancia imersiva e festiva, inclui at\u00e9 toques sazonais como o tren\u00f3 do Pai Natal, o que o torna um jogo popular com tem\u00e1tica natal\u00edcia.<\/p>\n\n\n\n<h3 class=\"wp-block-heading\" id=\"how-to-play-sled-rider-3-d\">Como jogar Sled Rider 3D<\/h3>\n\n\n\n<p>Para jogar Sled Rider 3D, segue estes passos:<\/p>\n\n\n\n<ol class=\"wp-block-list\">\n<li><strong>Iniciar o jogo<\/strong>: Clique em <em>Toque para iniciar<\/em> e depois <em>Tocar para deslizar<\/em> para come\u00e7ar a correr.<\/li>\n\n\n\n<li><strong>Controlos<\/strong>: Utilize as teclas de setas ou WASD para se deslocar.\n<ul class=\"wp-block-list\">\n<li><strong>Seta para cima<\/strong>: Saltar<\/li>\n\n\n\n<li><strong>Seta esquerda\/direita<\/strong>: Dire\u00e7\u00e3o para a esquerda ou para a direita<\/li>\n<\/ul>\n<\/li>\n\n\n\n<li><strong>Objetivo de jogo<\/strong>: Navegue pelas encostas cobertas de neve, evitando obst\u00e1culos como \u00e1rvores e bonecos de neve. Recolha presentes de Natal pelo caminho para aumentar a sua pontua\u00e7\u00e3o.<\/li>\n\n\n\n<li><strong>Dicas de pontua\u00e7\u00e3o<\/strong>: Fa\u00e7a truques e evite acidentes para prolongar a sua corrida e ganhar pontos de b\u00f3nus.<\/li>\n<\/ol>\n\n\n\n<figure class=\"wp-block-image size-full\"><img loading=\"lazy\" decoding=\"async\" width=\"800\" height=\"500\" src=\"https:\/\/sledrider3d.com\/wp-content\/uploads\/2024\/10\/2_instructions-1.jpg\" alt=\"\" class=\"wp-image-118\" srcset=\"https:\/\/sledrider3d.com\/wp-content\/uploads\/2024\/10\/2_instructions-1.jpg 800w, https:\/\/sledrider3d.com\/wp-content\/uploads\/2024\/10\/2_instructions-1-300x188.jpg 300w, https:\/\/sledrider3d.com\/wp-content\/uploads\/2024\/10\/2_instructions-1-768x480.jpg 768w, https:\/\/sledrider3d.com\/wp-content\/uploads\/2024\/10\/2_instructions-1-18x12.jpg 18w\" sizes=\"auto, (max-width: 800px) 100vw, 800px\" \/><\/figure>\n\n\n\n<p>O Sled Rider 3D \u00e9 conhecido pela sua simplicidade, tornando-o altamente acess\u00edvel tanto para jogadores casuais como para aqueles que procuram competir por pontua\u00e7\u00f5es elevadas. A vers\u00e3o desbloqueada garante um acesso sem restri\u00e7\u00f5es, tornando-o popular em escolas e locais de trabalho onde outros jogos podem estar bloqueados. Para uma experi\u00eancia \u00f3ptima, jogar diretamente num browser sem necessidade de downloads permite aos utilizadores entrarem diretamente na a\u00e7\u00e3o.<\/p>\n\n\n\n<h3 class=\"wp-block-heading\" id=\"game-overview\">Vis\u00e3o geral do jogo<\/h3>\n\n\n\n<figure class=\"wp-block-table\"><table class=\"has-fixed-layout\"><thead><tr><th><strong>Aspeto<\/strong><\/th><th><strong>Detalhes<\/strong><\/th><\/tr><\/thead><tbody><tr><td><strong>Jogabilidade<\/strong><\/td><td>Des\u00e7a montanhas nevadas de tren\u00f3, desvie-se de obst\u00e1culos e recolha presentes<\/td><\/tr><tr><td><strong>Op\u00e7\u00f5es de controlo<\/strong><\/td><td>Setas ou rato para guiar, espa\u00e7o para saltar<\/td><\/tr><tr><td><strong>Modos de jogo<\/strong><\/td><td>Corridas padr\u00e3o, desafios cronometrados, cole\u00e7\u00e3o de moedas<\/td><\/tr><tr><td><strong>Personaliza\u00e7\u00e3o<\/strong><\/td><td>Desbloqueie novos tren\u00f3s e visuais com presentes ganhos<\/td><\/tr><tr><td><strong>Plataformas<\/strong><\/td><td>Jog\u00e1vel em browsers e dispositivos m\u00f3veis<\/td><\/tr><tr><td><strong>Acessibilidade<\/strong><\/td><td>Vers\u00f5es n\u00e3o bloqueadas dispon\u00edveis em plataformas espec\u00edficas<\/td><\/tr><\/tbody><\/table><\/figure>\n\n\n\n<h3 class=\"wp-block-heading\" id=\"key-features-of-sled-rider-3-d\">Principais carater\u00edsticas do Sled Rider 3D<\/h3>\n\n\n\n<ul class=\"wp-block-list\">\n<li><strong>Jogabilidade cheia de adrenalina<\/strong>: Desfrute de descidas r\u00e1pidas, conduzindo o seu tren\u00f3 com precis\u00e3o para evitar os perigos.<\/li>\n\n\n\n<li><strong>Personaliza\u00e7\u00e3o e progress\u00e3o<\/strong>: Desbloqueie v\u00e1rios tren\u00f3s e peles recolhendo presentes pelo caminho.<\/li>\n\n\n\n<li><strong>Atmosfera sazonal<\/strong>: Com as suas montanhas cobertas de neve e elementos festivos, \u00e9 um jogo perfeito para as f\u00e9rias.<\/li>\n\n\n\n<li><strong>Acesso em linha<\/strong>: Pode jogar Sled Rider 3D sem precisar de descarregar nada. Est\u00e1 dispon\u00edvel gratuitamente em plataformas como <a href=\"https:\/\/sledrider3d.com\/pt_pt\/\">SledRider3D<\/a>.<\/li>\n\n\n\n<li><strong>Acesso desbloqueado<\/strong>: O jogo oferece acesso ilimitado em algumas vers\u00f5es, o que facilita o jogo mesmo em ambientes escolares ou de trabalho.<\/li>\n<\/ul>\n\n\n\n<h3 class=\"wp-block-heading\" id=\"why-play-the-unblocked-version\">Porqu\u00ea jogar a vers\u00e3o n\u00e3o bloqueada?<\/h3>\n\n\n\n<p>A vers\u00e3o desbloqueada de Sled Rider 3D garante que os jogadores podem desfrutar do jogo independentemente das restri\u00e7\u00f5es de rede. Isto torna-o ideal para um entretenimento r\u00e1pido durante os intervalos na escola ou no trabalho. Plataformas como <a href=\"https:\/\/sledrider3d.com\/pt_pt\/\">SledRider3D<\/a> oferecem uma forma simples e segura de experimentar o jogo sem necessidade de descarregamentos ou configura\u00e7\u00f5es especiais.<\/p>\n\n\n\n<figure class=\"wp-block-embed is-type-video is-provider-youtube wp-block-embed-youtube wp-embed-aspect-16-9 wp-has-aspect-ratio\"><div class=\"wp-block-embed__wrapper\">\n<iframe loading=\"lazy\" title=\"NOVO RECORDE MUNDIAL INSANO (\ud83d\udc51241\ud83d\udc51) EM SNOW RIDER 3D \/\/ TEM DE VER!\" width=\"500\" height=\"281\" src=\"https:\/\/www.youtube.com\/embed\/iTBRRAlLKP0?feature=oembed\" frameborder=\"0\" allow=\"accelerometer; autoplay; clipboard-write; encrypted-media; gyroscope; picture-in-picture; web-share\" referrerpolicy=\"strict-origin-when-cross-origin\" allowfullscreen><\/iframe>\n<\/div><\/figure>\n\n\n\n<h2 class=\"wp-block-heading\" id=\"fa-qs-about-the-sled-rider-3-d-game\">Perguntas frequentes sobre o jogo Sled Rider 3D<\/h2>\n\n\n\n<h3 class=\"wp-block-heading\" id=\"1-what-makes-sled-rider-3-d-a-christmas-themed-game\">1. <strong>O que faz do Sled Rider 3D um jogo com tema de Natal?<\/strong><\/h3>\n\n\n\n<p>Os elementos festivos do jogo, como as paisagens nevadas e os desbloqueios com o tema do Pai Natal, criam um ambiente festivo. Isto torna-o uma op\u00e7\u00e3o agrad\u00e1vel para os jogadores que procuram jogos de Natal.<\/p>\n\n\n\n<h3 class=\"wp-block-heading\" id=\"2-how-is-sled-rider-3-d-different-from-similar-games\">2. <strong>Em que \u00e9 que o Sled Rider 3D difere de outros jogos semelhantes?<\/strong><\/h3>\n\n\n\n<p>Ao contr\u00e1rio de outros jogos de tren\u00f3, Sled Rider 3D centra-se numa jogabilidade progressiva com conte\u00fados desbloque\u00e1veis, n\u00edveis din\u00e2micos e tabelas de classifica\u00e7\u00e3o em tempo real para jogadores competitivos.<\/p>\n\n\n\n<h3 class=\"wp-block-heading\" id=\"3-can-i-play-sled-rider-3-d-for-free\">3. <strong>Posso jogar Sled Rider 3D de gra\u00e7a?<\/strong><\/h3>\n\n\n\n<p>Sim, o jogo \u00e9 totalmente gratuito para jogar online. N\u00e3o h\u00e1 compras no jogo, o que o torna uma op\u00e7\u00e3o acess\u00edvel a todos.<\/p>\n\n\n\n<h3 class=\"wp-block-heading\" id=\"4-what-are-the-benefits-of-playing-the-game-unblocked\">4. <strong>Quais s\u00e3o as vantagens de jogar o jogo desbloqueado?<\/strong><\/h3>\n\n\n\n<p>A vers\u00e3o desbloqueada ultrapassa as restri\u00e7\u00f5es de rede, permitindo aos jogadores desfrutar do jogo em qualquer lugar, incluindo escolas e locais de trabalho. Esta vers\u00e3o tamb\u00e9m mant\u00e9m todas as carater\u00edsticas principais sem comprometer a qualidade.<\/p>\n\n\n\n<h3 class=\"wp-block-heading\" id=\"5-what-is-the-best-sled-in-snow-rider-3-d\">5. <strong>Qual \u00e9 o melhor tren\u00f3 do Snow Rider 3D?<\/strong><\/h3>\n\n\n\n<p>O Tren\u00f3 do Pai Natal \u00e9 considerado um dos tren\u00f3s mais populares do jogo. Para o desbloquear, \u00e9 necess\u00e1rio recolher v\u00e1rios presentes no jogo \u00e0 medida que avan\u00e7as.<\/p>\n\n\n\n<h3 class=\"wp-block-heading\" id=\"6-what-is-the-highest-score-on-snow-rider-3-d\">6. <strong>Qual \u00e9 a pontua\u00e7\u00e3o mais alta em Snow Rider 3D?<\/strong><\/h3>\n\n\n\n<p>As pontua\u00e7\u00f5es mais altas espec\u00edficas n\u00e3o s\u00e3o documentadas publicamente, mas os jogadores competem frequentemente para alcan\u00e7ar classifica\u00e7\u00f5es mais altas na tabela de classifica\u00e7\u00e3o, evitando obst\u00e1culos e coleccionando presentes.<\/p>\n\n\n\n<h3 class=\"wp-block-heading\" id=\"7-what-is-the-world-record-for-snow-rider-3-d\">7. <strong>Qual \u00e9 o recorde mundial do Snow Rider 3D?<\/strong><\/h3>\n\n\n\n<p>Atualmente, n\u00e3o existe nenhum recorde mundial verificado. Os jogadores s\u00e3o encorajados a tentar alcan\u00e7ar os seus recordes pessoais e a partilh\u00e1-los nas comunidades de jogo.<\/p>\n\n\n\n<h3 class=\"wp-block-heading\" id=\"8-when-was-snow-rider-3-d-made\">8. <strong>Quando foi realizado o Snow Rider 3D?<\/strong><\/h3>\n\n\n\n<p>O jogo foi lan\u00e7ado a 13 de outubro de 2023, oferecendo uma aventura sazonal de inverno mesmo a tempo das f\u00e9rias.<\/p>\n\n\n\n<h3 class=\"wp-block-heading\" id=\"9-how-much-is-the-santa-sleigh-in-snow-rider-3-d\">9. <strong>Quanto custa o tren\u00f3 do Pai Natal no Snow Rider 3D?<\/strong><\/h3>\n\n\n\n<p>Para desbloquear o Tren\u00f3 do Pai Natal, os jogadores t\u00eam de recolher presentes suficientes durante as suas corridas, uma vez que se trata de um desbloqueio baseado em recompensas e n\u00e3o numa op\u00e7\u00e3o de compra<\/p>\n\n\n\n<p>Ref: <a href=\"https:\/\/megaman.fandom.com\/wiki\/Snow_Rider\" data-type=\"link\" data-id=\"https:\/\/megaman.fandom.com\/wiki\/Snow_Rider\" target=\"_blank\" rel=\"noreferrer noopener\">FANDOM<\/a>, <a href=\"https:\/\/en.wikipedia.org\/wiki\/Snowrider\" data-type=\"link\" data-id=\"https:\/\/en.wikipedia.org\/wiki\/Snowrider\" target=\"_blank\" rel=\"noreferrer noopener\">Wikip\u00e9dia<\/a><\/p>\n\n\n\n<p><\/p>","protected":false},"excerpt":{"rendered":"<p>Jogo Sled Rider 3D \ud83d\udd79 Jogar jogos de neve online gr\u00e1tis e desbloqueados Ecr\u00e3 completo Introdu\u00e7\u00e3o ao jogo Sled Rider 3D O que \u00e9 o Sled Rider 3D? O Sled Rider 3D \u00e9 um jogo online com tem\u00e1tica de inverno em que os jogadores controlam um tren\u00f3 enquanto este desce as encostas nevadas cheias de obst\u00e1culos como pedras, \u00e1rvores e penhascos. A jogabilidade centra-se [...]<\/p>","protected":false},"author":1,"featured_media":43,"parent":0,"menu_order":0,"comment_status":"open","ping_status":"closed","template":"","meta":{"footnotes":""},"class_list":["post-37","page","type-page","status-publish","has-post-thumbnail","hentry"],"_links":{"self":[{"href":"https:\/\/sledrider3d.com\/pt_pt\/wp-json\/wp\/v2\/pages\/37","targetHints":{"allow":["GET"]}}],"collection":[{"href":"https:\/\/sledrider3d.com\/pt_pt\/wp-json\/wp\/v2\/pages"}],"about":[{"href":"https:\/\/sledrider3d.com\/pt_pt\/wp-json\/wp\/v2\/types\/page"}],"author":[{"embeddable":true,"href":"https:\/\/sledrider3d.com\/pt_pt\/wp-json\/wp\/v2\/users\/1"}],"replies":[{"embeddable":true,"href":"https:\/\/sledrider3d.com\/pt_pt\/wp-json\/wp\/v2\/comments?post=37"}],"version-history":[{"count":11,"href":"https:\/\/sledrider3d.com\/pt_pt\/wp-json\/wp\/v2\/pages\/37\/revisions"}],"predecessor-version":[{"id":132,"href":"https:\/\/sledrider3d.com\/pt_pt\/wp-json\/wp\/v2\/pages\/37\/revisions\/132"}],"wp:featuredmedia":[{"embeddable":true,"href":"https:\/\/sledrider3d.com\/pt_pt\/wp-json\/wp\/v2\/media\/43"}],"wp:attachment":[{"href":"https:\/\/sledrider3d.com\/pt_pt\/wp-json\/wp\/v2\/media?parent=37"}],"curies":[{"name":"wp","href":"https:\/\/api.w.org\/{rel}","templated":true}]}}