{"id":112,"date":"2024-10-27T10:20:39","date_gmt":"2024-10-27T10:20:39","guid":{"rendered":"https:\/\/sledrider3d.com\/?page_id=112"},"modified":"2024-10-27T10:55:27","modified_gmt":"2024-10-27T10:55:27","slug":"snow-rider-3d","status":"publish","type":"page","link":"https:\/\/sledrider3d.com\/pt_pt\/snow-rider-3d\/","title":{"rendered":"Cavaleiro da neve 3D"},"content":{"rendered":"<h2 class=\"wp-block-heading has-text-align-center\" id=\"play-escape-road-halloween\ufffc-game-online-\ud83d\udd79-free-driving-games\" style=\"font-size:clamp(0.929rem, 0.929rem + ((1vw - 0.2rem) * 0.785), 1.4rem);\"><strong>Jogar Snow Rider 3D Jogo Online \ud83d\udd79 Jogos de neve desbloqueados gr\u00e1tis<\/strong><\/h2>\n\n\n\n<div class=\"wp-block-group has-global-padding is-layout-constrained wp-container-core-group-is-layout-704e782a wp-block-group-is-layout-constrained\">\n<div class=\"iframe-container\">\n    <iframe loading=\"lazy\" id=\"myIframe\" src=\"https:\/\/snow-rider3d-cic.pages.dev\" width=\"100%\" height=\"630px\"><\/iframe>\n<\/div>\n<div class=\"control-bar\">\n    <button id=\"fullscreenBtn\" onclick=\"toggleFullScreen()\">\n        <svg class=\"fullscreen-icon\" viewbox=\"0 0 24 24\" width=\"16\" height=\"16\">\n            <path d=\"M7 14H5v5h5v-2H7v-3zm-2-4h2V7h3V5H5v5zm12 7h-3v2h5v-5h-2v3zM14 5v2h3v3h2V5h-5z\"\/>\n        <\/svg>\n        <span>Ecr\u00e3 completo<\/span>\n    <\/button>\n<\/div>\n\n<style>\n.iframe-container {\n    width: 100%;\n    margin: 0 auto;\n    border-radius: 8px;\n    overflow: hidden;\n}\n\n.control-bar {\n    display: flex;\n    justify-content: flex-end;\n    padding: 1px 0;  \/* \u4e0a\u4e0b\u589e\u52a0\u95f4\u8ddd *\/\n}\n\n#fullscreenBtn {\n    display: flex;\n    align-items: center;\n    gap: 1px;\n    padding: 8px 12px;\n    background-color: #2d2d2d;\n    border: none;\n    border-radius: 4px;\n    color: white;\n    cursor: pointer;\n    transition: background-color 0.2s;\n}\n\n#fullscreenBtn:hover {\n    background-color: #404040;\n}\n\n.fullscreen-icon {\n    fill: currentColor;\n}\n<\/style>\n<\/div>\n\n\n\n<div style=\"height:2px\" aria-hidden=\"true\" class=\"wp-block-spacer\"><\/div>\n\n\n\n<div class=\"wp-block-group is-layout-grid wp-container-core-group-is-layout-722e4d33 wp-block-group-is-layout-grid\">\n<figure class=\"wp-block-image size-full has-custom-border\"><a href=\"https:\/\/sledrider3d.com\/pt_pt\/snow-road\/\" target=\"_blank\" rel=\"noreferrer noopener\"><img decoding=\"async\" src=\"https:\/\/escaperoad.fun\/wp-content\/uploads\/2024\/10\/background-1.png\" alt=\"\" class=\"wp-image-128\" style=\"border-radius:10px\"\/><\/a><\/figure>\n\n\n\n<figure class=\"wp-block-image size-full has-custom-border\"><a href=\"https:\/\/sledrider3d.com\/pt_pt\/snow-rider-3d\/\" target=\"_blank\" rel=\"noreferrer noopener\"><img decoding=\"async\" src=\"https:\/\/escaperoad.fun\/wp-content\/uploads\/2024\/10\/WX20241023-192336@2x-1-1.png\" alt=\"\" class=\"wp-image-139\" style=\"border-radius:10px\"\/><\/a><\/figure>\n\n\n\n<figure class=\"wp-block-image size-full has-custom-border\"><a href=\"https:\/\/sledrider3d.com\/pt_pt\/\" target=\"_blank\" rel=\"noreferrer noopener\"><img decoding=\"async\" src=\"https:\/\/escaperoad.fun\/wp-content\/uploads\/2024\/10\/logo-2-1.png\" alt=\"\" class=\"wp-image-138\" style=\"border-radius:10px\"\/><\/a><\/figure>\n\n\n\n<figure class=\"wp-block-image size-full has-custom-border is-style-default wp-container-content-0d18e1c1\"><a href=\"https:\/\/sledrider3d.com\/pt_pt\/escape-road\/escape-road-game\/\" target=\"_blank\" rel=\"noreferrer noopener\"><img decoding=\"async\" src=\"https:\/\/escaperoad.fun\/wp-content\/uploads\/2024\/10\/Escape-Road-cl-1-1.png\" alt=\"\" class=\"wp-image-98\" style=\"border-radius:10px\"\/><\/a><\/figure>\n\n\n\n<figure class=\"wp-block-image size-full has-custom-border\"><a href=\"https:\/\/sledrider3d.com\/pt_pt\/car\/escape-road-halloween\/\" target=\"_blank\" rel=\"noreferrer noopener\"><img decoding=\"async\" src=\"https:\/\/escaperoad.fun\/wp-content\/uploads\/2024\/10\/WX20241026-160813@2x-2.png\" alt=\"\" class=\"wp-image-100\" style=\"border-radius:10px\"\/><\/a><\/figure>\n\n\n\n<figure class=\"wp-block-image size-full has-custom-border\"><a href=\"https:\/\/sledrider3d.com\/pt_pt\/car\/escape-road-city\/\" target=\"_blank\" rel=\"noreferrer noopener\"><img decoding=\"async\" src=\"https:\/\/escaperoad.fun\/wp-content\/uploads\/2024\/10\/WX20241026-175349@2x-1-1.png\" alt=\"\" class=\"wp-image-130\" style=\"border-radius:10px\"\/><\/a><\/figure>\n\n\n\n<figure class=\"wp-block-image size-thumbnail has-custom-border\"><a href=\"https:\/\/sledrider3d.com\/pt_pt\/car\/escape-road-city-2\/\" target=\"_blank\" rel=\" noreferrer noopener\"><img loading=\"lazy\" decoding=\"async\" width=\"150\" height=\"150\" src=\"https:\/\/sledrider3d.com\/wp-content\/uploads\/2024\/10\/WX20250130-163958@2x-150x150.webp\" alt=\"\" class=\"wp-image-184\" style=\"border-radius:10px\" srcset=\"https:\/\/sledrider3d.com\/wp-content\/uploads\/2024\/10\/WX20250130-163958@2x-150x150.webp 150w, https:\/\/sledrider3d.com\/wp-content\/uploads\/2024\/10\/WX20250130-163958@2x-300x300.webp 300w, https:\/\/sledrider3d.com\/wp-content\/uploads\/2024\/10\/WX20250130-163958@2x-12x12.webp 12w, https:\/\/sledrider3d.com\/wp-content\/uploads\/2024\/10\/WX20250130-163958@2x.webp 500w\" sizes=\"auto, (max-width: 150px) 100vw, 150px\" \/><\/a><\/figure>\n\n\n\n<figure class=\"wp-block-image size-full has-custom-border\"><a href=\"https:\/\/sledrider3d.com\/pt_pt\/car\/smashy-road\/\" target=\"_blank\" rel=\"noreferrer noopener\"><img decoding=\"async\" src=\"https:\/\/escaperoad.fun\/wp-content\/uploads\/2024\/10\/download-8-1.png\" alt=\"\" class=\"wp-image-99\" style=\"border-radius:10px\"\/><\/a><\/figure>\n\n\n\n<figure class=\"wp-block-image size-full has-custom-border\"><a href=\"https:\/\/sledrider3d.com\/pt_pt\/sprunki\/incredibox-sprunki\/\" target=\"_blank\" rel=\"noreferrer noopener\"><img decoding=\"async\" src=\"https:\/\/escaperoad.fun\/wp-content\/uploads\/2024\/10\/incredibox-sprunki-1.jpg\" alt=\"\" class=\"wp-image-140\" style=\"border-radius:10px\"\/><\/a><\/figure>\n\n\n\n<figure class=\"wp-block-image size-thumbnail has-custom-border\"><a href=\"https:\/\/sledrider3d.com\/pt_pt\/road\/crossy-road\/\" target=\"_blank\" rel=\"noreferrer noopener\"><img loading=\"lazy\" decoding=\"async\" width=\"150\" height=\"150\" src=\"https:\/\/sledrider3d.com\/wp-content\/uploads\/2024\/10\/crossy-road-sr1-f180x180-150x150.webp\" alt=\"\" class=\"wp-image-177\" style=\"border-radius:10px\" srcset=\"https:\/\/sledrider3d.com\/wp-content\/uploads\/2024\/10\/crossy-road-sr1-f180x180-150x150.webp 150w, https:\/\/sledrider3d.com\/wp-content\/uploads\/2024\/10\/crossy-road-sr1-f180x180-12x12.webp 12w, https:\/\/sledrider3d.com\/wp-content\/uploads\/2024\/10\/crossy-road-sr1-f180x180.webp 200w\" sizes=\"auto, (max-width: 150px) 100vw, 150px\" \/><\/a><\/figure>\n\n\n\n<figure class=\"wp-block-image size-full has-custom-border\"><a href=\"https:\/\/sledrider3d.com\/pt_pt\/stickman\/stickman-hook\/\" target=\"_blank\" rel=\"noreferrer noopener\"><img decoding=\"async\" src=\"https:\/\/escaperoad.fun\/wp-content\/uploads\/2024\/10\/WX20241026-210554@2x-1.png\" alt=\"\" class=\"wp-image-142\" style=\"border-radius:10px\"\/><\/a><\/figure>\n\n\n\n<figure class=\"wp-block-image size-full has-custom-border\"><a href=\"https:\/\/sledrider3d.com\/pt_pt\/motocycle\/moto-x3m\/\" target=\"_blank\" rel=\"noreferrer noopener\"><img decoding=\"async\" src=\"https:\/\/escaperoad.fun\/wp-content\/uploads\/2024\/10\/maxresdefault-1.jpg\" alt=\"\" class=\"wp-image-143\" style=\"border-radius:10px\"\/><\/a><\/figure>\n\n\n\n<figure class=\"wp-block-image size-full\"><a href=\"https:\/\/sledrider3d.com\/pt_pt\/clicker\/cookie-clicker\/\" target=\"_blank\" rel=\"noreferrer noopener\"><img decoding=\"async\" src=\"https:\/\/escaperoad.fun\/wp-content\/uploads\/2024\/10\/icon.png\" alt=\"\" class=\"wp-image-150\"\/><\/a><\/figure>\n\n\n\n<figure class=\"wp-block-image size-thumbnail has-custom-border\"><a href=\"https:\/\/sledrider3d.com\/pt_pt\/clicker\/chill-guy-clicker\/\" target=\"_blank\" rel=\"noreferrer noopener\"><img loading=\"lazy\" decoding=\"async\" width=\"150\" height=\"150\" src=\"https:\/\/sledrider3d.com\/wp-content\/uploads\/2024\/10\/WX20241220-102702@2x-150x150.webp\" alt=\"\" class=\"wp-image-170\" style=\"border-radius:10px\" srcset=\"https:\/\/sledrider3d.com\/wp-content\/uploads\/2024\/10\/WX20241220-102702@2x-150x150.webp 150w, https:\/\/sledrider3d.com\/wp-content\/uploads\/2024\/10\/WX20241220-102702@2x-300x300.webp 300w, https:\/\/sledrider3d.com\/wp-content\/uploads\/2024\/10\/WX20241220-102702@2x-12x12.webp 12w, https:\/\/sledrider3d.com\/wp-content\/uploads\/2024\/10\/WX20241220-102702@2x.webp 500w\" sizes=\"auto, (max-width: 150px) 100vw, 150px\" \/><\/a><\/figure>\n<\/div>\n\n\n\n<div style=\"height:30px\" aria-hidden=\"true\" class=\"wp-block-spacer\"><\/div>\n\n\n\n<h2 class=\"wp-block-heading\" id=\"snow-rider-3-d-game-free-to-play-unblocked-games\">Snow Rider 3D Jogo: Jogos desbloqueados gr\u00e1tis para jogar<\/h2>\n\n\n\n<p>Snow Rider 3D destaca-se como um jogo de fuga viciante e gratuito que oferece divers\u00e3o sem fim. Quer pretenda matar o tempo durante uma pausa ou participar em grandes desafios de pontua\u00e7\u00e3o, este jogo tem algo para todos. N\u00e3o te esque\u00e7as de experimentar as vers\u00f5es desbloqueadas para um acesso sem problemas, especialmente em plataformas como <strong>sledrider3d.com<\/strong> e outros sites de jogos populares\u30109\u3011\u301010\u3011.<\/p>\n\n\n\n<div class=\"wp-block-rank-math-toc-block\" id=\"rank-math-toc\"><h3>\u00cdndice<\/h3><nav><ul><li><a href=\"#what-is-snow-rider-3-d\">O que \u00e9 o Snow Rider 3D?<\/a><ul><li><a href=\"#game-background\">Contexto do jogo Snow Rider 3D Game<\/a><\/li><\/ul><\/li><li><a href=\"#why-snow-rider-3-d-is-trending\">Porque \u00e9 que o Snow Rider 3D est\u00e1 na moda<\/a><\/li><li><a href=\"#how-to-play-snow-rider-3-d\">Como jogar Snow Rider 3D Unblocked<\/a><ul><li><a href=\"#levels-and-gameplay-details\">N\u00edveis e detalhes de jogabilidade do jogo Snow Rider 3D<\/a><\/li><\/ul><\/li><li><a href=\"#features-and-characters\">Carater\u00edsticas e personagens do jogo Snow Rider 3D<\/a><\/li><li><a href=\"#pro-tips-and-tricks\">Dicas e truques profissionais do jogo Snow Rider 3D<\/a><\/li><\/ul><\/nav><\/div>\n\n\n\n<h3 class=\"wp-block-heading\" id=\"what-is-snow-rider-3-d\">O que \u00e9 o Snow Rider 3D?<\/h3>\n\n\n\n<figure class=\"wp-block-image size-full\"><img loading=\"lazy\" decoding=\"async\" width=\"800\" height=\"486\" src=\"https:\/\/sledrider3d.com\/wp-content\/uploads\/2024\/10\/WX20241023-192336@2x-1.png\" alt=\"\" class=\"wp-image-119\" srcset=\"https:\/\/sledrider3d.com\/wp-content\/uploads\/2024\/10\/WX20241023-192336@2x-1.png 800w, https:\/\/sledrider3d.com\/wp-content\/uploads\/2024\/10\/WX20241023-192336@2x-1-300x182.png 300w, https:\/\/sledrider3d.com\/wp-content\/uploads\/2024\/10\/WX20241023-192336@2x-1-768x467.png 768w, https:\/\/sledrider3d.com\/wp-content\/uploads\/2024\/10\/WX20241023-192336@2x-1-18x12.png 18w\" sizes=\"auto, (max-width: 800px) 100vw, 800px\" \/><\/figure>\n\n\n\n<p>Snow Rider 3D \u00e9 um emocionante jogo online de desportos de inverno que oferece aos jogadores a emo\u00e7\u00e3o de descer de tren\u00f3 por paisagens nevadas. Este jogo gratuito \u00e9 acess\u00edvel atrav\u00e9s de browsers, permitindo aos jogadores mergulhar numa jogabilidade r\u00e1pida e cheia de obst\u00e1culos, sem necessidade de downloads ou instala\u00e7\u00f5es. A sua vers\u00e3o desbloqueada \u00e9 especialmente popular em escolas e locais de trabalho onde o acesso ao jogo pode ser restringido.<\/p>\n\n\n\n<hr class=\"wp-block-separator has-alpha-channel-opacity\"\/>\n\n\n\n<h4 class=\"wp-block-heading\" id=\"game-background\">Contexto do jogo Snow Rider 3D Game<\/h4>\n\n\n\n<p>Lan\u00e7ado originalmente em 2019, Snow Rider 3D tornou-se um favorito dos f\u00e3s entre os jogadores online. Com uma mec\u00e2nica simples, apela tanto a jogadores casuais como a entusiastas competitivos que gostam de dominar cada percurso. O jogo permite que os jogadores corram por estradas nevadas, desviem de obst\u00e1culos como \u00e1rvores e bonecos de neve e recolham presentes espalhados pela pista.<\/p>\n\n\n\n<hr class=\"wp-block-separator has-alpha-channel-opacity\"\/>\n\n\n\n<h3 class=\"wp-block-heading\" id=\"why-snow-rider-3-d-is-trending\">Porque \u00e9 que o Snow Rider 3D est\u00e1 na moda<\/h3>\n\n\n\n<p>A crescente popularidade do jogo pode ser atribu\u00edda a v\u00e1rios factores:<\/p>\n\n\n\n<ul class=\"wp-block-list\">\n<li><strong>Acessibilidade<\/strong>: \u00c9 desbloqueado em v\u00e1rias plataformas, o que o torna uma escolha de elei\u00e7\u00e3o em escolas e locais de trabalho.<\/li>\n\n\n\n<li><strong>Simplicidade com profundidade<\/strong>: Os controlos intuitivos s\u00e3o f\u00e1ceis de aprender mas dif\u00edceis de dominar.<\/li>\n\n\n\n<li><strong>Apelo sazonal<\/strong>: Capta perfeitamente a emo\u00e7\u00e3o dos desportos de inverno, aumentando o seu encanto durante os meses mais frios.<\/li>\n\n\n\n<li><strong>Vantagem competitiva<\/strong>: Os jogadores tentam obter pontua\u00e7\u00f5es elevadas recolhendo presentes e desbloqueando melhorias para os tren\u00f3s, o que incentiva a repeti\u00e7\u00e3o de jogos.<\/li>\n<\/ul>\n\n\n\n<hr class=\"wp-block-separator has-alpha-channel-opacity\"\/>\n\n\n\n<h3 class=\"wp-block-heading\" id=\"how-to-play-snow-rider-3-d\">Como jogar Snow Rider 3D Unblocked<\/h3>\n\n\n\n<p>Para dirigir o tren\u00f3, utilize as teclas <strong>teclas de seta<\/strong> ou <strong>Teclas WASD<\/strong>. Pode saltar sobre obst\u00e1culos premindo o bot\u00e3o <strong>barra de espa\u00e7o<\/strong> ou o <strong>seta para cima<\/strong>. O objetivo \u00e9 descer o mais longe poss\u00edvel enquanto recolhe presentes, que contribuem para a sua pontua\u00e7\u00e3o e desbloqueiam novos tren\u00f3s. \u00c0 medida que progride, o jogo torna-se mais r\u00e1pido, exigindo reflexos apurados e pensamento estrat\u00e9gico.<\/p>\n\n\n\n<figure class=\"wp-block-image size-full\"><img loading=\"lazy\" decoding=\"async\" width=\"800\" height=\"445\" src=\"https:\/\/sledrider3d.com\/wp-content\/uploads\/2024\/10\/WX20241023-192731@2x-1.png\" alt=\"\" class=\"wp-image-117\" srcset=\"https:\/\/sledrider3d.com\/wp-content\/uploads\/2024\/10\/WX20241023-192731@2x-1.png 800w, https:\/\/sledrider3d.com\/wp-content\/uploads\/2024\/10\/WX20241023-192731@2x-1-300x167.png 300w, https:\/\/sledrider3d.com\/wp-content\/uploads\/2024\/10\/WX20241023-192731@2x-1-768x427.png 768w, https:\/\/sledrider3d.com\/wp-content\/uploads\/2024\/10\/WX20241023-192731@2x-1-18x10.png 18w\" sizes=\"auto, (max-width: 800px) 100vw, 800px\" \/><\/figure>\n\n\n\n<hr class=\"wp-block-separator has-alpha-channel-opacity\"\/>\n\n\n\n<h4 class=\"wp-block-heading\" id=\"levels-and-gameplay-details\">N\u00edveis e detalhes de jogabilidade do jogo Snow Rider 3D<\/h4>\n\n\n\n<p>Embora o jogo n\u00e3o tenha n\u00edveis distintos, cada sess\u00e3o apresenta novos desafios com base na velocidade e no terreno. A pista intermin\u00e1vel aumenta gradualmente de dificuldade, obrigando os jogadores a adaptarem-se e a melhorarem o seu desempenho para obterem uma pontua\u00e7\u00e3o mais elevada.<\/p>\n\n\n\n<hr class=\"wp-block-separator has-alpha-channel-opacity\"\/>\n\n\n\n<h3 class=\"wp-block-heading\" id=\"features-and-characters\">Carater\u00edsticas e personagens do jogo Snow Rider 3D<\/h3>\n\n\n\n<ul class=\"wp-block-list\">\n<li><strong>Power-ups<\/strong>: Os presentes na pista oferecem pontos de b\u00f3nus e, ocasionalmente, aumentos de velocidade.<\/li>\n\n\n\n<li><strong>V\u00e1rios tren\u00f3s<\/strong>: Os jogadores podem desbloquear novos modelos de tren\u00f3s se acumularem pontos suficientes.<\/li>\n\n\n\n<li><strong>Obst\u00e1culos<\/strong>: Para al\u00e9m de bonecos de neve e \u00e1rvores, os jogadores t\u00eam de evitar declives complicados que podem causar acidentes.<\/li>\n<\/ul>\n\n\n\n<hr class=\"wp-block-separator has-alpha-channel-opacity\"\/>\n\n\n\n<h3 class=\"wp-block-heading\" id=\"pro-tips-and-tricks\">Dicas e truques profissionais do jogo Snow Rider 3D<\/h3>\n\n\n\n<ol class=\"wp-block-list\">\n<li><strong>Saltos de mestre<\/strong>: Utilize os declives para obter mais tempo de voo, mas assegure aterragens suaves para manter o impulso.<\/li>\n\n\n\n<li><strong>Percurso das prendas<\/strong>: Concentre-se em recolher v\u00e1rios presentes numa s\u00f3 linha sem se desviar do caminho.<\/li>\n\n\n\n<li><strong>Aumento de velocidade<\/strong>: Guarde os refor\u00e7os de velocidade para as sec\u00e7\u00f5es dif\u00edceis para ganhar vantagem.<\/li>\n<\/ol>\n\n\n\n<figure class=\"wp-block-image size-full\"><img loading=\"lazy\" decoding=\"async\" width=\"400\" height=\"265\" src=\"https:\/\/sledrider3d.com\/wp-content\/uploads\/2024\/10\/logo-2.png\" alt=\"\" class=\"wp-image-120\" srcset=\"https:\/\/sledrider3d.com\/wp-content\/uploads\/2024\/10\/logo-2.png 400w, https:\/\/sledrider3d.com\/wp-content\/uploads\/2024\/10\/logo-2-300x199.png 300w, https:\/\/sledrider3d.com\/wp-content\/uploads\/2024\/10\/logo-2-18x12.png 18w\" sizes=\"auto, (max-width: 400px) 100vw, 400px\" \/><\/figure>\n\n\n\n<hr class=\"wp-block-separator has-alpha-channel-opacity\"\/>\n\n\n\n<h2 class=\"wp-block-heading\" id=\"faq\">FAQ do jogo Snow Rider 3D Unblocked<\/h2>\n\n\n\n<figure class=\"wp-block-table\"><table class=\"has-fixed-layout\"><thead><tr><th><strong>Quest\u00e3o<\/strong><\/th><th><strong>Resposta<\/strong><\/th><\/tr><\/thead><tbody><tr><td><strong>Posso jogar Snow Rider 3D online?<\/strong><\/td><td>Sim, o Snow Rider 3D est\u00e1 dispon\u00edvel para jogar de gra\u00e7a online em v\u00e1rias plataformas.<\/td><\/tr><tr><td><strong>O que faz do Snow Rider 3D um jogo de fuga?<\/strong><\/td><td>Os jogadores t\u00eam de se desviar habilmente dos obst\u00e1culos na estrada para evitarem embater, acrescentando um desafio de fuga \u00e0 jogabilidade.<\/td><\/tr><tr><td><strong>Onde posso encontrar Snow Rider 3D desbloqueado?<\/strong><\/td><td>Visite s\u00edtios como <strong><a href=\"https:\/\/sledrider3d.com\/pt_pt\/snow-rider-3d\/\">sledrider3d.com<\/a><\/strong> para um acesso desbloqueado.<\/td><\/tr><tr><td><strong>Como \u00e9 que controlo o tren\u00f3?<\/strong><\/td><td>Utiliza\u00e7\u00e3o <strong>teclas de seta<\/strong> ou <strong>WASD<\/strong> teclas de navega\u00e7\u00e3o e <strong>barra de espa\u00e7o<\/strong> para saltar.<\/td><\/tr><tr><td><strong>O Snow Rider 3D \u00e9 gr\u00e1tis para jogar?<\/strong><\/td><td>Sim, \u00e9 totalmente gratuito para jogar sem necessidade de descarregar.<\/td><\/tr><tr><td><strong>O que s\u00e3o as \"estradas de neve\" no jogo?<\/strong><\/td><td>As estradas de neve referem-se \u00e0s pistas geladas que os jogadores t\u00eam de percorrer ao longo do jogo.<\/td><\/tr><tr><td><strong>Como \u00e9 que as vers\u00f5es desbloqueadas funcionam?<\/strong><\/td><td>As vers\u00f5es desbloqueadas contornam as restri\u00e7\u00f5es em plataformas como as escolas, permitindo o acesso livre ao jogo.<\/td><\/tr><tr><td><strong>O que \u00e9 o Snow Rider 3D classroom 6x?<\/strong><\/td><td>\u00c9 uma vers\u00e3o optimizada para ambientes escolares, frequentemente encontrada em sites de jogos sob a designa\u00e7\u00e3o classroom 6x.<\/td><\/tr><tr><td><strong>Posso aceder ao Snow Rider 3D no Hooda Math?<\/strong><\/td><td>Sim, est\u00e1 dispon\u00edvel como parte da biblioteca de jogos em <strong>Matem\u00e1tica Hooda<\/strong>.<\/td><\/tr><tr><td><strong>O que acontece se eu tiver um acidente?<\/strong><\/td><td>O jogo \u00e9 reiniciado e os jogadores podem recome\u00e7ar imediatamente o percurso.<\/td><\/tr><tr><td><strong>O que \u00e9 Snow Rider 3D 76?<\/strong><\/td><td>Snow Rider 3D unblocked 76 \u00e9 uma variante popular dispon\u00edvel em portais de jogos desbloqueados.<\/td><\/tr><tr><td><strong>Existe uma tabela de classifica\u00e7\u00e3o ou pontua\u00e7\u00f5es altas?<\/strong><\/td><td>Algumas vers\u00f5es incluem o registo de pontua\u00e7\u00f5es altas para competir com outros jogadores.<\/td><\/tr><tr><td><strong>Como \u00e9 que as prendas afectam a jogabilidade?<\/strong><\/td><td>A recolha de presentes aumenta a pontua\u00e7\u00e3o do jogador e pode desbloquear aumentos de velocidade.<\/td><\/tr><tr><td><strong>O Snow Rider 3D pode ser jogado no telem\u00f3vel?<\/strong><\/td><td>Sim, o jogo \u00e9 compat\u00edvel com o browser de telem\u00f3veis e tablets.<\/td><\/tr><tr><td><strong>Quanto tempo dura uma sess\u00e3o de jogo t\u00edpica?<\/strong><\/td><td>Cada corrida dura at\u00e9 o jogador falhar, encorajando a repeti\u00e7\u00e3o para melhorar as suas capacidades.<\/td><\/tr><tr><td><strong>Quais s\u00e3o os truques de jogo para obter melhores pontua\u00e7\u00f5es?<\/strong><\/td><td>Concentra-te em aterragens suaves, na recolha eficiente de presentes e na utiliza\u00e7\u00e3o estrat\u00e9gica de power-ups.<\/td><\/tr><tr><td><strong>O que torna o Snow Rider 3D unblocked 6x especial?<\/strong><\/td><td>A vers\u00e3o 6x est\u00e1 optimizada para uma jogabilidade mais suave em ambientes restritos como as escolas.<\/td><\/tr><tr><td><strong>O jogo tem modos multijogador?<\/strong><\/td><td>N\u00e3o, Snow Rider 3D \u00e9 uma experi\u00eancia para um jogador.<\/td><\/tr><tr><td><strong>H\u00e1 personagens diferentes para desbloquear?<\/strong><\/td><td>N\u00e3o, a personaliza\u00e7\u00e3o limita-se a actualiza\u00e7\u00f5es de tren\u00f3s e n\u00e3o a escolhas de personagens.<\/td><\/tr><tr><td><strong>Qual \u00e9 o objetivo do jogo?<\/strong><\/td><td>O principal objetivo \u00e9 viajar o mais longe poss\u00edvel, recolhendo presentes e evitando obst\u00e1culos.<\/td><\/tr><\/tbody><\/table><\/figure>","protected":false},"excerpt":{"rendered":"<p>Play Snow Rider 3D Game Online \ud83d\udd79 Free Unblocked Snowy Games Full Screen Snow Rider 3D Game: Free to Play Unblocked Games Snow Rider 3D stands out as an addictive, free-to-play escape game that offers endless fun. Whether you are looking to kill time during a break or engage in serious score challenges, this game [&hellip;]<\/p>","protected":false},"author":1,"featured_media":119,"parent":0,"menu_order":0,"comment_status":"open","ping_status":"closed","template":"","meta":{"footnotes":""},"class_list":["post-112","page","type-page","status-publish","has-post-thumbnail","hentry"],"_links":{"self":[{"href":"https:\/\/sledrider3d.com\/pt_pt\/wp-json\/wp\/v2\/pages\/112","targetHints":{"allow":["GET"]}}],"collection":[{"href":"https:\/\/sledrider3d.com\/pt_pt\/wp-json\/wp\/v2\/pages"}],"about":[{"href":"https:\/\/sledrider3d.com\/pt_pt\/wp-json\/wp\/v2\/types\/page"}],"author":[{"embeddable":true,"href":"https:\/\/sledrider3d.com\/pt_pt\/wp-json\/wp\/v2\/users\/1"}],"replies":[{"embeddable":true,"href":"https:\/\/sledrider3d.com\/pt_pt\/wp-json\/wp\/v2\/comments?post=112"}],"version-history":[{"count":3,"href":"https:\/\/sledrider3d.com\/pt_pt\/wp-json\/wp\/v2\/pages\/112\/revisions"}],"predecessor-version":[{"id":130,"href":"https:\/\/sledrider3d.com\/pt_pt\/wp-json\/wp\/v2\/pages\/112\/revisions\/130"}],"wp:featuredmedia":[{"embeddable":true,"href":"https:\/\/sledrider3d.com\/pt_pt\/wp-json\/wp\/v2\/media\/119"}],"wp:attachment":[{"href":"https:\/\/sledrider3d.com\/pt_pt\/wp-json\/wp\/v2\/media?parent=112"}],"curies":[{"name":"wp","href":"https:\/\/api.w.org\/{rel}","templated":true}]}}