{"id":112,"date":"2024-10-27T10:20:39","date_gmt":"2024-10-27T10:20:39","guid":{"rendered":"https:\/\/sledrider3d.com\/?page_id=112"},"modified":"2024-10-27T10:55:27","modified_gmt":"2024-10-27T10:55:27","slug":"snow-rider-3d","status":"publish","type":"page","link":"https:\/\/sledrider3d.com\/it\/snow-rider-3d\/","title":{"rendered":"Snow Rider 3D"},"content":{"rendered":"<h2 class=\"wp-block-heading has-text-align-center\" id=\"play-escape-road-halloween\ufffc-game-online-\ud83d\udd79-free-driving-games\" style=\"font-size:clamp(0.929rem, 0.929rem + ((1vw - 0.2rem) * 0.785), 1.4rem);\"><strong>Gioca a Snow Rider 3D Gioco Online \ud83d\udd79 Giochi di neve sbloccati gratis<\/strong><\/h2>\n\n\n\n<div class=\"wp-block-group has-global-padding is-layout-constrained wp-container-core-group-is-layout-704e782a wp-block-group-is-layout-constrained\">\n<div class=\"iframe-container\">\n    <iframe loading=\"lazy\" id=\"myIframe\" src=\"https:\/\/snow-rider3d-cic.pages.dev\" width=\"100%\" height=\"630px\"><\/iframe>\n<\/div>\n<div class=\"control-bar\">\n    <button id=\"fullscreenBtn\" onclick=\"toggleFullScreen()\">\n        <svg class=\"fullscreen-icon\" viewbox=\"0 0 24 24\" width=\"16\" height=\"16\">\n            <path d=\"M7 14H5v5h5v-2H7v-3zm-2-4h2V7h3V5H5v5zm12 7h-3v2h5v-5h-2v3zM14 5v2h3v3h2V5h-5z\"\/>\n        <\/svg>\n        <span>Schermo intero<\/span>\n    <\/button>\n<\/div>\n\n<style>\n.iframe-container {\n    width: 100%;\n    margin: 0 auto;\n    border-radius: 8px;\n    overflow: hidden;\n}\n\n.control-bar {\n    display: flex;\n    justify-content: flex-end;\n    padding: 1px 0;  \/* \u4e0a\u4e0b\u589e\u52a0\u95f4\u8ddd *\/\n}\n\n#fullscreenBtn {\n    display: flex;\n    align-items: center;\n    gap: 1px;\n    padding: 8px 12px;\n    background-color: #2d2d2d;\n    border: none;\n    border-radius: 4px;\n    color: white;\n    cursor: pointer;\n    transition: background-color 0.2s;\n}\n\n#fullscreenBtn:hover {\n    background-color: #404040;\n}\n\n.fullscreen-icon {\n    fill: currentColor;\n}\n<\/style>\n<\/div>\n\n\n\n<div style=\"height:2px\" aria-hidden=\"true\" class=\"wp-block-spacer\"><\/div>\n\n\n\n<div class=\"wp-block-group is-layout-grid wp-container-core-group-is-layout-722e4d33 wp-block-group-is-layout-grid\">\n<figure class=\"wp-block-image size-full has-custom-border\"><a href=\"https:\/\/sledrider3d.com\/it\/snow-road\/\" target=\"_blank\" rel=\"noreferrer noopener\"><img decoding=\"async\" src=\"https:\/\/escaperoad.fun\/wp-content\/uploads\/2024\/10\/background-1.png\" alt=\"\" class=\"wp-image-128\" style=\"border-radius:10px\"\/><\/a><\/figure>\n\n\n\n<figure class=\"wp-block-image size-full has-custom-border\"><a href=\"https:\/\/sledrider3d.com\/it\/snow-rider-3d\/\" target=\"_blank\" rel=\"noreferrer noopener\"><img decoding=\"async\" src=\"https:\/\/escaperoad.fun\/wp-content\/uploads\/2024\/10\/WX20241023-192336@2x-1-1.png\" alt=\"\" class=\"wp-image-139\" style=\"border-radius:10px\"\/><\/a><\/figure>\n\n\n\n<figure class=\"wp-block-image size-full has-custom-border\"><a href=\"https:\/\/sledrider3d.com\/it\/\" target=\"_blank\" rel=\"noreferrer noopener\"><img decoding=\"async\" src=\"https:\/\/escaperoad.fun\/wp-content\/uploads\/2024\/10\/logo-2-1.png\" alt=\"\" class=\"wp-image-138\" style=\"border-radius:10px\"\/><\/a><\/figure>\n\n\n\n<figure class=\"wp-block-image size-full has-custom-border is-style-default wp-container-content-0d18e1c1\"><a href=\"https:\/\/sledrider3d.com\/it\/escape-road\/escape-road-game\/\" target=\"_blank\" rel=\"noreferrer noopener\"><img decoding=\"async\" src=\"https:\/\/escaperoad.fun\/wp-content\/uploads\/2024\/10\/Escape-Road-cl-1-1.png\" alt=\"\" class=\"wp-image-98\" style=\"border-radius:10px\"\/><\/a><\/figure>\n\n\n\n<figure class=\"wp-block-image size-full has-custom-border\"><a href=\"https:\/\/sledrider3d.com\/it\/car\/escape-road-halloween\/\" target=\"_blank\" rel=\"noreferrer noopener\"><img decoding=\"async\" src=\"https:\/\/escaperoad.fun\/wp-content\/uploads\/2024\/10\/WX20241026-160813@2x-2.png\" alt=\"\" class=\"wp-image-100\" style=\"border-radius:10px\"\/><\/a><\/figure>\n\n\n\n<figure class=\"wp-block-image size-full has-custom-border\"><a href=\"https:\/\/sledrider3d.com\/it\/car\/escape-road-city\/\" target=\"_blank\" rel=\"noreferrer noopener\"><img decoding=\"async\" src=\"https:\/\/escaperoad.fun\/wp-content\/uploads\/2024\/10\/WX20241026-175349@2x-1-1.png\" alt=\"\" class=\"wp-image-130\" style=\"border-radius:10px\"\/><\/a><\/figure>\n\n\n\n<figure class=\"wp-block-image size-thumbnail has-custom-border\"><a href=\"https:\/\/sledrider3d.com\/it\/car\/escape-road-city-2\/\" target=\"_blank\" rel=\" noreferrer noopener\"><img loading=\"lazy\" decoding=\"async\" width=\"150\" height=\"150\" src=\"https:\/\/sledrider3d.com\/wp-content\/uploads\/2024\/10\/WX20250130-163958@2x-150x150.webp\" alt=\"\" class=\"wp-image-184\" style=\"border-radius:10px\" srcset=\"https:\/\/sledrider3d.com\/wp-content\/uploads\/2024\/10\/WX20250130-163958@2x-150x150.webp 150w, https:\/\/sledrider3d.com\/wp-content\/uploads\/2024\/10\/WX20250130-163958@2x-300x300.webp 300w, https:\/\/sledrider3d.com\/wp-content\/uploads\/2024\/10\/WX20250130-163958@2x-12x12.webp 12w, https:\/\/sledrider3d.com\/wp-content\/uploads\/2024\/10\/WX20250130-163958@2x.webp 500w\" sizes=\"auto, (max-width: 150px) 100vw, 150px\" \/><\/a><\/figure>\n\n\n\n<figure class=\"wp-block-image size-full has-custom-border\"><a href=\"https:\/\/sledrider3d.com\/it\/car\/smashy-road\/\" target=\"_blank\" rel=\"noreferrer noopener\"><img decoding=\"async\" src=\"https:\/\/escaperoad.fun\/wp-content\/uploads\/2024\/10\/download-8-1.png\" alt=\"\" class=\"wp-image-99\" style=\"border-radius:10px\"\/><\/a><\/figure>\n\n\n\n<figure class=\"wp-block-image size-full has-custom-border\"><a href=\"https:\/\/sledrider3d.com\/it\/sprunki\/incredibox-sprunki\/\" target=\"_blank\" rel=\"noreferrer noopener\"><img decoding=\"async\" src=\"https:\/\/escaperoad.fun\/wp-content\/uploads\/2024\/10\/incredibox-sprunki-1.jpg\" alt=\"\" class=\"wp-image-140\" style=\"border-radius:10px\"\/><\/a><\/figure>\n\n\n\n<figure class=\"wp-block-image size-thumbnail has-custom-border\"><a href=\"https:\/\/sledrider3d.com\/it\/road\/crossy-road\/\" target=\"_blank\" rel=\"noreferrer noopener\"><img loading=\"lazy\" decoding=\"async\" width=\"150\" height=\"150\" src=\"https:\/\/sledrider3d.com\/wp-content\/uploads\/2024\/10\/crossy-road-sr1-f180x180-150x150.webp\" alt=\"\" class=\"wp-image-177\" style=\"border-radius:10px\" srcset=\"https:\/\/sledrider3d.com\/wp-content\/uploads\/2024\/10\/crossy-road-sr1-f180x180-150x150.webp 150w, https:\/\/sledrider3d.com\/wp-content\/uploads\/2024\/10\/crossy-road-sr1-f180x180-12x12.webp 12w, https:\/\/sledrider3d.com\/wp-content\/uploads\/2024\/10\/crossy-road-sr1-f180x180.webp 200w\" sizes=\"auto, (max-width: 150px) 100vw, 150px\" \/><\/a><\/figure>\n\n\n\n<figure class=\"wp-block-image size-full has-custom-border\"><a href=\"https:\/\/sledrider3d.com\/it\/stickman\/stickman-hook\/\" target=\"_blank\" rel=\"noreferrer noopener\"><img decoding=\"async\" src=\"https:\/\/escaperoad.fun\/wp-content\/uploads\/2024\/10\/WX20241026-210554@2x-1.png\" alt=\"\" class=\"wp-image-142\" style=\"border-radius:10px\"\/><\/a><\/figure>\n\n\n\n<figure class=\"wp-block-image size-full has-custom-border\"><a href=\"https:\/\/sledrider3d.com\/it\/motocycle\/moto-x3m\/\" target=\"_blank\" rel=\"noreferrer noopener\"><img decoding=\"async\" src=\"https:\/\/escaperoad.fun\/wp-content\/uploads\/2024\/10\/maxresdefault-1.jpg\" alt=\"\" class=\"wp-image-143\" style=\"border-radius:10px\"\/><\/a><\/figure>\n\n\n\n<figure class=\"wp-block-image size-full\"><a href=\"https:\/\/sledrider3d.com\/it\/clicker\/cookie-clicker\/\" target=\"_blank\" rel=\"noreferrer noopener\"><img decoding=\"async\" src=\"https:\/\/escaperoad.fun\/wp-content\/uploads\/2024\/10\/icon.png\" alt=\"\" class=\"wp-image-150\"\/><\/a><\/figure>\n\n\n\n<figure class=\"wp-block-image size-thumbnail has-custom-border\"><a href=\"https:\/\/sledrider3d.com\/it\/clicker\/chill-guy-clicker\/\" target=\"_blank\" rel=\"noreferrer noopener\"><img loading=\"lazy\" decoding=\"async\" width=\"150\" height=\"150\" src=\"https:\/\/sledrider3d.com\/wp-content\/uploads\/2024\/10\/WX20241220-102702@2x-150x150.webp\" alt=\"\" class=\"wp-image-170\" style=\"border-radius:10px\" srcset=\"https:\/\/sledrider3d.com\/wp-content\/uploads\/2024\/10\/WX20241220-102702@2x-150x150.webp 150w, https:\/\/sledrider3d.com\/wp-content\/uploads\/2024\/10\/WX20241220-102702@2x-300x300.webp 300w, https:\/\/sledrider3d.com\/wp-content\/uploads\/2024\/10\/WX20241220-102702@2x-12x12.webp 12w, https:\/\/sledrider3d.com\/wp-content\/uploads\/2024\/10\/WX20241220-102702@2x.webp 500w\" sizes=\"auto, (max-width: 150px) 100vw, 150px\" \/><\/a><\/figure>\n<\/div>\n\n\n\n<div style=\"height:30px\" aria-hidden=\"true\" class=\"wp-block-spacer\"><\/div>\n\n\n\n<h2 class=\"wp-block-heading\" id=\"snow-rider-3-d-game-free-to-play-unblocked-games\">Gioco Snow Rider 3D: Giochi sbloccati gratis<\/h2>\n\n\n\n<p>Snow Rider 3D \u00e8 un gioco di fuga coinvolgente e gratuito che offre un divertimento senza fine. Che si tratti di ammazzare il tempo durante una pausa o di impegnarsi in serie sfide di punteggio, questo gioco ha qualcosa per tutti. Assicuratevi di provare le versioni sbloccate per un accesso senza problemi, soprattutto su piattaforme come <strong>sledrider3d.com<\/strong> e altri siti di gioco popolari\u30109\u3011\u301010\u3011.<\/p>\n\n\n\n<div class=\"wp-block-rank-math-toc-block\" id=\"rank-math-toc\"><h3>Indice dei contenuti<\/h3><nav><ul><li><a href=\"#what-is-snow-rider-3-d\">Che cos'\u00e8 Snow Rider 3D?<\/a><ul><li><a href=\"#game-background\">Sfondo del gioco di Snow Rider 3D<\/a><\/li><\/ul><\/li><li><a href=\"#why-snow-rider-3-d-is-trending\">Perch\u00e9 Snow Rider 3D \u00e8 di tendenza<\/a><\/li><li><a href=\"#how-to-play-snow-rider-3-d\">Come giocare a Snow Rider 3D sbloccato<\/a><ul><li><a href=\"#levels-and-gameplay-details\">Livelli e dettagli di gioco del gioco Snow Rider 3D<\/a><\/li><\/ul><\/li><li><a href=\"#features-and-characters\">Caratteristiche e personaggi del gioco Snow Rider 3D<\/a><\/li><li><a href=\"#pro-tips-and-tricks\">Suggerimenti e trucchi professionali del gioco Snow Rider 3D<\/a><\/li><\/ul><\/nav><\/div>\n\n\n\n<h3 class=\"wp-block-heading\" id=\"what-is-snow-rider-3-d\">Che cos'\u00e8 Snow Rider 3D?<\/h3>\n\n\n\n<figure class=\"wp-block-image size-full\"><img loading=\"lazy\" decoding=\"async\" width=\"800\" height=\"486\" src=\"https:\/\/sledrider3d.com\/wp-content\/uploads\/2024\/10\/WX20241023-192336@2x-1.png\" alt=\"\" class=\"wp-image-119\" srcset=\"https:\/\/sledrider3d.com\/wp-content\/uploads\/2024\/10\/WX20241023-192336@2x-1.png 800w, https:\/\/sledrider3d.com\/wp-content\/uploads\/2024\/10\/WX20241023-192336@2x-1-300x182.png 300w, https:\/\/sledrider3d.com\/wp-content\/uploads\/2024\/10\/WX20241023-192336@2x-1-768x467.png 768w, https:\/\/sledrider3d.com\/wp-content\/uploads\/2024\/10\/WX20241023-192336@2x-1-18x12.png 18w\" sizes=\"auto, (max-width: 800px) 100vw, 800px\" \/><\/figure>\n\n\n\n<p>Snow Rider 3D \u00e8 un emozionante gioco online di sport invernali che offre ai giocatori il brivido della discesa in slitta attraverso paesaggi innevati. Questo gioco free-to-play \u00e8 accessibile tramite browser e permette ai giocatori di immergersi in un gioco frenetico e pieno di ostacoli senza bisogno di scaricare o installare nulla. La sua versione sbloccata \u00e8 particolarmente apprezzata nelle scuole e nei luoghi di lavoro dove l'accesso al gioco potrebbe essere altrimenti limitato.<\/p>\n\n\n\n<hr class=\"wp-block-separator has-alpha-channel-opacity\"\/>\n\n\n\n<h4 class=\"wp-block-heading\" id=\"game-background\">Sfondo del gioco di Snow Rider 3D<\/h4>\n\n\n\n<p>Lanciato originariamente nel 2019, Snow Rider 3D \u00e8 diventato il preferito dai giocatori online. Con una meccanica semplice, si rivolge sia ai giocatori occasionali che agli appassionati competitivi che amano padroneggiare ogni percorso. Il gioco permette ai giocatori di sfrecciare su strade innevate, schivare ostacoli come alberi e pupazzi di neve e raccogliere i regali sparsi per il percorso.<\/p>\n\n\n\n<hr class=\"wp-block-separator has-alpha-channel-opacity\"\/>\n\n\n\n<h3 class=\"wp-block-heading\" id=\"why-snow-rider-3-d-is-trending\">Perch\u00e9 Snow Rider 3D \u00e8 di tendenza<\/h3>\n\n\n\n<p>La crescente popolarit\u00e0 del gioco pu\u00f2 essere attribuita a diversi fattori:<\/p>\n\n\n\n<ul class=\"wp-block-list\">\n<li><strong>Accessibilit\u00e0<\/strong>: \u00c8 sbloccato su pi\u00f9 piattaforme, il che lo rende una scelta obbligata nelle scuole e nei luoghi di lavoro.<\/li>\n\n\n\n<li><strong>Semplicit\u00e0 con profondit\u00e0<\/strong>: I comandi intuitivi sono facili da imparare ma impegnativi da padroneggiare.<\/li>\n\n\n\n<li><strong>Appeal stagionale<\/strong>: Cattura perfettamente l'emozione degli sport invernali, aumentando il suo fascino nei mesi pi\u00f9 freddi.<\/li>\n\n\n\n<li><strong>Bordo competitivo<\/strong>: I giocatori puntano ad ottenere punteggi elevati raccogliendo regali e sbloccando potenziamenti per la slitta, incoraggiando le giocate ripetute.<\/li>\n<\/ul>\n\n\n\n<hr class=\"wp-block-separator has-alpha-channel-opacity\"\/>\n\n\n\n<h3 class=\"wp-block-heading\" id=\"how-to-play-snow-rider-3-d\">Come giocare a Snow Rider 3D sbloccato<\/h3>\n\n\n\n<p>Per governare la slitta, utilizzare il tasto <strong>tasti freccia<\/strong> o <strong>Tasti WASD<\/strong>. \u00c8 possibile saltare gli ostacoli premendo il tasto <strong>barra spaziatrice<\/strong> o il <strong>freccia verso l'alto<\/strong>. L'obiettivo \u00e8 scendere il pi\u00f9 lontano possibile, raccogliendo regali che contribuiscono al punteggio e sbloccano nuove slitte. Man mano che si procede, il gioco diventa pi\u00f9 veloce e richiede riflessi acuti e pensiero strategico.<\/p>\n\n\n\n<figure class=\"wp-block-image size-full\"><img loading=\"lazy\" decoding=\"async\" width=\"800\" height=\"445\" src=\"https:\/\/sledrider3d.com\/wp-content\/uploads\/2024\/10\/WX20241023-192731@2x-1.png\" alt=\"\" class=\"wp-image-117\" srcset=\"https:\/\/sledrider3d.com\/wp-content\/uploads\/2024\/10\/WX20241023-192731@2x-1.png 800w, https:\/\/sledrider3d.com\/wp-content\/uploads\/2024\/10\/WX20241023-192731@2x-1-300x167.png 300w, https:\/\/sledrider3d.com\/wp-content\/uploads\/2024\/10\/WX20241023-192731@2x-1-768x427.png 768w, https:\/\/sledrider3d.com\/wp-content\/uploads\/2024\/10\/WX20241023-192731@2x-1-18x10.png 18w\" sizes=\"auto, (max-width: 800px) 100vw, 800px\" \/><\/figure>\n\n\n\n<hr class=\"wp-block-separator has-alpha-channel-opacity\"\/>\n\n\n\n<h4 class=\"wp-block-heading\" id=\"levels-and-gameplay-details\">Livelli e dettagli di gioco del gioco Snow Rider 3D<\/h4>\n\n\n\n<p>Sebbene il gioco non presenti livelli distinti, ogni sessione presenta nuove sfide in base alla velocit\u00e0 e al terreno. Il tracciato infinito aumenta gradualmente di difficolt\u00e0, costringendo i giocatori ad adattarsi e a migliorare le proprie prestazioni per ottenere un punteggio pi\u00f9 alto.<\/p>\n\n\n\n<hr class=\"wp-block-separator has-alpha-channel-opacity\"\/>\n\n\n\n<h3 class=\"wp-block-heading\" id=\"features-and-characters\">Caratteristiche e personaggi del gioco Snow Rider 3D<\/h3>\n\n\n\n<ul class=\"wp-block-list\">\n<li><strong>Potenziamenti<\/strong>: I regali sulla pista offrono punti bonus e occasionali aumenti di velocit\u00e0.<\/li>\n\n\n\n<li><strong>Varie slitte<\/strong>: I giocatori possono sbloccare nuovi modelli di slitta raccogliendo un numero sufficiente di punti.<\/li>\n\n\n\n<li><strong>Ostacoli<\/strong>: Oltre a pupazzi di neve e alberi, i giocatori devono evitare pendenze insidiose che possono causare incidenti.<\/li>\n<\/ul>\n\n\n\n<hr class=\"wp-block-separator has-alpha-channel-opacity\"\/>\n\n\n\n<h3 class=\"wp-block-heading\" id=\"pro-tips-and-tricks\">Suggerimenti e trucchi professionali del gioco Snow Rider 3D<\/h3>\n\n\n\n<ol class=\"wp-block-list\">\n<li><strong>Salti da maestro<\/strong>: Utilizzate le pendenze per guadagnare tempo in aria, ma assicuratevi di atterrare senza problemi per mantenere lo slancio.<\/li>\n\n\n\n<li><strong>Percorso del dono<\/strong>: Concentratevi sulla raccolta di pi\u00f9 doni in un'unica linea senza deviare dalla rotta.<\/li>\n\n\n\n<li><strong>Incrementi di velocit\u00e0<\/strong>: Conservate i potenziamenti di velocit\u00e0 per le sezioni pi\u00f9 difficili, in modo da ottenere un vantaggio.<\/li>\n<\/ol>\n\n\n\n<figure class=\"wp-block-image size-full\"><img loading=\"lazy\" decoding=\"async\" width=\"400\" height=\"265\" src=\"https:\/\/sledrider3d.com\/wp-content\/uploads\/2024\/10\/logo-2.png\" alt=\"\" class=\"wp-image-120\" srcset=\"https:\/\/sledrider3d.com\/wp-content\/uploads\/2024\/10\/logo-2.png 400w, https:\/\/sledrider3d.com\/wp-content\/uploads\/2024\/10\/logo-2-300x199.png 300w, https:\/\/sledrider3d.com\/wp-content\/uploads\/2024\/10\/logo-2-18x12.png 18w\" sizes=\"auto, (max-width: 400px) 100vw, 400px\" \/><\/figure>\n\n\n\n<hr class=\"wp-block-separator has-alpha-channel-opacity\"\/>\n\n\n\n<h2 class=\"wp-block-heading\" id=\"faq\">FAQ di Snow Rider 3D Gioco Sbloccato<\/h2>\n\n\n\n<figure class=\"wp-block-table\"><table class=\"has-fixed-layout\"><thead><tr><th><strong>Domanda<\/strong><\/th><th><strong>Risposta<\/strong><\/th><\/tr><\/thead><tbody><tr><td><strong>Posso giocare a Snow Rider 3D online?<\/strong><\/td><td>S\u00ec, Snow Rider 3D \u00e8 disponibile gratuitamente online su pi\u00f9 piattaforme.<\/td><\/tr><tr><td><strong>Cosa rende Snow Rider 3D un gioco di fuga?<\/strong><\/td><td>I giocatori devono schivare abilmente gli ostacoli sulla strada per evitare di schiantarsi, aggiungendo una sfida di fuga al gameplay.<\/td><\/tr><tr><td><strong>Dove posso trovare Snow Rider 3D sbloccato?<\/strong><\/td><td>Visitate siti come <strong><a href=\"https:\/\/sledrider3d.com\/it\/snow-rider-3d\/\">sledrider3d.com<\/a><\/strong> per l'accesso non bloccato.<\/td><\/tr><tr><td><strong>Come si controlla la slitta?<\/strong><\/td><td>Utilizzo <strong>tasti freccia<\/strong> o <strong>WASD<\/strong> tasti per la navigazione e <strong>barra spaziatrice<\/strong> per saltare.<\/td><\/tr><tr><td><strong>Snow Rider 3D \u00e8 gratuito?<\/strong><\/td><td>S\u00ec, il gioco \u00e8 completamente gratuito senza necessit\u00e0 di download.<\/td><\/tr><tr><td><strong>Cosa sono le \"strade di neve\" nel gioco?<\/strong><\/td><td>Le strade innevate si riferiscono ai percorsi ghiacciati che i giocatori devono percorrere nel corso del gioco.<\/td><\/tr><tr><td><strong>Come funzionano le versioni sbloccate?<\/strong><\/td><td>Le versioni sbloccate aggirano le restrizioni di piattaforme come le scuole, consentendo il libero accesso al gioco.<\/td><\/tr><tr><td><strong>Che cos'\u00e8 Snow Rider 3D classroom 6x?<\/strong><\/td><td>Si tratta di una versione ottimizzata per gli ambienti scolastici, che si trova spesso sui siti di giochi sotto la voce classe 6x.<\/td><\/tr><tr><td><strong>Posso accedere a Snow Rider 3D su Hooda Math?<\/strong><\/td><td>S\u00ec, \u00e8 disponibile come parte della libreria di giochi su <strong>Matematica Hooda<\/strong>.<\/td><\/tr><tr><td><strong>Cosa succede se mi blocco?<\/strong><\/td><td>Il gioco si ripristina e i giocatori possono ricominciare immediatamente il percorso.<\/td><\/tr><tr><td><strong>Che cos'\u00e8 Snow Rider 3D 76?<\/strong><\/td><td>Snow Rider 3D sbloccato 76 \u00e8 una variante popolare disponibile sui portali di giochi sbloccati.<\/td><\/tr><tr><td><strong>C'\u00e8 una classifica o dei punteggi pi\u00f9 alti?<\/strong><\/td><td>Alcune versioni prevedono il monitoraggio dei punteggi pi\u00f9 alti per competere con gli altri giocatori.<\/td><\/tr><tr><td><strong>In che modo i regali influenzano il gioco?<\/strong><\/td><td>La raccolta dei regali aumenta il punteggio del giocatore e pu\u00f2 sbloccare potenziamenti della velocit\u00e0.<\/td><\/tr><tr><td><strong>Snow Rider 3D pu\u00f2 essere giocato su cellulare?<\/strong><\/td><td>S\u00ec, il gioco \u00e8 compatibile con i telefoni e i tablet.<\/td><\/tr><tr><td><strong>Quanto dura una tipica sessione di gioco?<\/strong><\/td><td>Ogni corsa dura fino a quando il giocatore non si blocca, incoraggiando la ripetizione per migliorare le abilit\u00e0.<\/td><\/tr><tr><td><strong>Quali sono i trucchi di gioco per ottenere punteggi migliori?<\/strong><\/td><td>Concentratevi su atterraggi fluidi, raccolta efficiente dei regali e utilizzo strategico dei potenziamenti.<\/td><\/tr><tr><td><strong>Cosa rende speciale Snow Rider 3D unblocked 6x?<\/strong><\/td><td>La versione 6x \u00e8 ottimizzata per un gioco pi\u00f9 fluido in ambienti ristretti come le scuole.<\/td><\/tr><tr><td><strong>Il gioco ha modalit\u00e0 multigiocatore?<\/strong><\/td><td>No, Snow Rider 3D \u00e8 un'esperienza per un solo giocatore.<\/td><\/tr><tr><td><strong>Ci sono diversi personaggi da sbloccare?<\/strong><\/td><td>No, la personalizzazione \u00e8 limitata ai potenziamenti della slitta piuttosto che alle scelte del personaggio.<\/td><\/tr><tr><td><strong>Qual \u00e8 l'obiettivo del gioco?<\/strong><\/td><td>L'obiettivo principale \u00e8 viaggiare il pi\u00f9 lontano possibile, raccogliendo regali ed evitando gli ostacoli.<\/td><\/tr><\/tbody><\/table><\/figure>","protected":false},"excerpt":{"rendered":"<p>Play Snow Rider 3D Game Online \ud83d\udd79 Free Unblocked Snowy Games Full Screen Snow Rider 3D Game: Free to Play Unblocked Games Snow Rider 3D stands out as an addictive, free-to-play escape game that offers endless fun. Whether you are looking to kill time during a break or engage in serious score challenges, this game [&hellip;]<\/p>","protected":false},"author":1,"featured_media":119,"parent":0,"menu_order":0,"comment_status":"open","ping_status":"closed","template":"","meta":{"footnotes":""},"class_list":["post-112","page","type-page","status-publish","has-post-thumbnail","hentry"],"_links":{"self":[{"href":"https:\/\/sledrider3d.com\/it\/wp-json\/wp\/v2\/pages\/112","targetHints":{"allow":["GET"]}}],"collection":[{"href":"https:\/\/sledrider3d.com\/it\/wp-json\/wp\/v2\/pages"}],"about":[{"href":"https:\/\/sledrider3d.com\/it\/wp-json\/wp\/v2\/types\/page"}],"author":[{"embeddable":true,"href":"https:\/\/sledrider3d.com\/it\/wp-json\/wp\/v2\/users\/1"}],"replies":[{"embeddable":true,"href":"https:\/\/sledrider3d.com\/it\/wp-json\/wp\/v2\/comments?post=112"}],"version-history":[{"count":3,"href":"https:\/\/sledrider3d.com\/it\/wp-json\/wp\/v2\/pages\/112\/revisions"}],"predecessor-version":[{"id":130,"href":"https:\/\/sledrider3d.com\/it\/wp-json\/wp\/v2\/pages\/112\/revisions\/130"}],"wp:featuredmedia":[{"embeddable":true,"href":"https:\/\/sledrider3d.com\/it\/wp-json\/wp\/v2\/media\/119"}],"wp:attachment":[{"href":"https:\/\/sledrider3d.com\/it\/wp-json\/wp\/v2\/media?parent=112"}],"curies":[{"name":"wp","href":"https:\/\/api.w.org\/{rel}","templated":true}]}}