{"id":99,"date":"2024-10-27T09:45:04","date_gmt":"2024-10-27T09:45:04","guid":{"rendered":"https:\/\/sledrider3d.com\/?page_id=99"},"modified":"2024-10-27T10:11:06","modified_gmt":"2024-10-27T10:11:06","slug":"snow-road","status":"publish","type":"page","link":"https:\/\/sledrider3d.com\/hu\/snow-road\/","title":{"rendered":"Snow Road"},"content":{"rendered":"<h2 class=\"wp-block-heading has-text-align-center\" id=\"play-escape-road-halloween\ufffc-game-online-\ud83d\udd79-free-driving-games\" style=\"font-size:clamp(0.929rem, 0.929rem + ((1vw - 0.2rem) * 0.785), 1.4rem);\"><strong>J\u00e1t\u00e9k Snow Road j\u00e1t\u00e9k online \ud83d\udd79 Ingyenes Snow j\u00e1t\u00e9kok<\/strong><\/h2>\n\n\n\n<div style=\"height:2px\" aria-hidden=\"true\" class=\"wp-block-spacer\"><\/div>\n\n\n\n<div class=\"iframe-container\">\n    <iframe loading=\"lazy\" id=\"myIframe\" src=\"https:\/\/azgames.io\/game\/snow-road\/\" width=\"100%\" height=\"630px\"><\/iframe>\n<\/div>\n<div class=\"control-bar\">\n    <button id=\"fullscreenBtn\" onclick=\"toggleFullScreen()\">\n        <svg class=\"fullscreen-icon\" viewbox=\"0 0 24 24\" width=\"16\" height=\"16\">\n            <path d=\"M7 14H5v5h5v-2H7v-3zm-2-4h2V7h3V5H5v5zm12 7h-3v2h5v-5h-2v3zM14 5v2h3v3h2V5h-5z\"\/>\n        <\/svg>\n        <span>Teljes k\u00e9perny\u0151<\/span>\n    <\/button>\n<\/div>\n\n<style>\n.iframe-container {\n    width: 100%;\n    margin: 0 auto;\n    border-radius: 8px;\n    overflow: hidden;\n}\n\n.control-bar {\n    display: flex;\n    justify-content: flex-end;\n    padding: 1px 0;  \/* \u4e0a\u4e0b\u589e\u52a0\u95f4\u8ddd *\/\n}\n\n#fullscreenBtn {\n    display: flex;\n    align-items: center;\n    gap: 1px;\n    padding: 8px 12px;\n    background-color: #2d2d2d;\n    border: none;\n    border-radius: 4px;\n    color: white;\n    cursor: pointer;\n    transition: background-color 0.2s;\n}\n\n#fullscreenBtn:hover {\n    background-color: #404040;\n}\n\n.fullscreen-icon {\n    fill: currentColor;\n}\n<\/style>\n\n\n\n<div class=\"wp-block-group is-layout-grid wp-container-core-group-is-layout-722e4d33 wp-block-group-is-layout-grid\">\n<figure class=\"wp-block-image size-full has-custom-border\"><a href=\"https:\/\/sledrider3d.com\/hu\/snow-road\/\" target=\"_blank\" rel=\"noreferrer noopener\"><img decoding=\"async\" src=\"https:\/\/escaperoad.fun\/wp-content\/uploads\/2024\/10\/background-1.png\" alt=\"\" class=\"wp-image-128\" style=\"border-radius:10px\"\/><\/a><\/figure>\n\n\n\n<figure class=\"wp-block-image size-full has-custom-border\"><a href=\"https:\/\/sledrider3d.com\/hu\/snow-rider-3d\/\" target=\"_blank\" rel=\"noreferrer noopener\"><img decoding=\"async\" src=\"https:\/\/escaperoad.fun\/wp-content\/uploads\/2024\/10\/WX20241023-192336@2x-1-1.png\" alt=\"\" class=\"wp-image-139\" style=\"border-radius:10px\"\/><\/a><\/figure>\n\n\n\n<figure class=\"wp-block-image size-full has-custom-border\"><a href=\"https:\/\/sledrider3d.com\/hu\/\" target=\"_blank\" rel=\"noreferrer noopener\"><img decoding=\"async\" src=\"https:\/\/escaperoad.fun\/wp-content\/uploads\/2024\/10\/logo-2-1.png\" alt=\"\" class=\"wp-image-138\" style=\"border-radius:10px\"\/><\/a><\/figure>\n\n\n\n<figure class=\"wp-block-image size-full has-custom-border is-style-default wp-container-content-0d18e1c1\"><a href=\"https:\/\/sledrider3d.com\/hu\/escape-road\/escape-road-game\/\" target=\"_blank\" rel=\"noreferrer noopener\"><img decoding=\"async\" src=\"https:\/\/escaperoad.fun\/wp-content\/uploads\/2024\/10\/Escape-Road-cl-1-1.png\" alt=\"\" class=\"wp-image-98\" style=\"border-radius:10px\"\/><\/a><\/figure>\n\n\n\n<figure class=\"wp-block-image size-full has-custom-border\"><a href=\"https:\/\/sledrider3d.com\/hu\/car\/escape-road-halloween\/\" target=\"_blank\" rel=\"noreferrer noopener\"><img decoding=\"async\" src=\"https:\/\/escaperoad.fun\/wp-content\/uploads\/2024\/10\/WX20241026-160813@2x-2.png\" alt=\"\" class=\"wp-image-100\" style=\"border-radius:10px\"\/><\/a><\/figure>\n\n\n\n<figure class=\"wp-block-image size-full has-custom-border\"><a href=\"https:\/\/sledrider3d.com\/hu\/car\/escape-road-city\/\" target=\"_blank\" rel=\"noreferrer noopener\"><img decoding=\"async\" src=\"https:\/\/escaperoad.fun\/wp-content\/uploads\/2024\/10\/WX20241026-175349@2x-1-1.png\" alt=\"\" class=\"wp-image-130\" style=\"border-radius:10px\"\/><\/a><\/figure>\n\n\n\n<figure class=\"wp-block-image size-thumbnail has-custom-border\"><a href=\"https:\/\/sledrider3d.com\/hu\/car\/escape-road-city-2\/\" target=\"_blank\" rel=\" noreferrer noopener\"><img loading=\"lazy\" decoding=\"async\" width=\"150\" height=\"150\" src=\"https:\/\/sledrider3d.com\/wp-content\/uploads\/2024\/10\/WX20250130-163958@2x-150x150.webp\" alt=\"\" class=\"wp-image-184\" style=\"border-radius:10px\" srcset=\"https:\/\/sledrider3d.com\/wp-content\/uploads\/2024\/10\/WX20250130-163958@2x-150x150.webp 150w, https:\/\/sledrider3d.com\/wp-content\/uploads\/2024\/10\/WX20250130-163958@2x-300x300.webp 300w, https:\/\/sledrider3d.com\/wp-content\/uploads\/2024\/10\/WX20250130-163958@2x-12x12.webp 12w, https:\/\/sledrider3d.com\/wp-content\/uploads\/2024\/10\/WX20250130-163958@2x.webp 500w\" sizes=\"auto, (max-width: 150px) 100vw, 150px\" \/><\/a><\/figure>\n\n\n\n<figure class=\"wp-block-image size-full has-custom-border\"><a href=\"https:\/\/sledrider3d.com\/hu\/car\/smashy-road\/\" target=\"_blank\" rel=\"noreferrer noopener\"><img decoding=\"async\" src=\"https:\/\/escaperoad.fun\/wp-content\/uploads\/2024\/10\/download-8-1.png\" alt=\"\" class=\"wp-image-99\" style=\"border-radius:10px\"\/><\/a><\/figure>\n\n\n\n<figure class=\"wp-block-image size-full has-custom-border\"><a href=\"https:\/\/sledrider3d.com\/hu\/sprunki\/incredibox-sprunki\/\" target=\"_blank\" rel=\"noreferrer noopener\"><img decoding=\"async\" src=\"https:\/\/escaperoad.fun\/wp-content\/uploads\/2024\/10\/incredibox-sprunki-1.jpg\" alt=\"\" class=\"wp-image-140\" style=\"border-radius:10px\"\/><\/a><\/figure>\n\n\n\n<figure class=\"wp-block-image size-thumbnail has-custom-border\"><a href=\"https:\/\/sledrider3d.com\/hu\/road\/crossy-road\/\" target=\"_blank\" rel=\"noreferrer noopener\"><img loading=\"lazy\" decoding=\"async\" width=\"150\" height=\"150\" src=\"https:\/\/sledrider3d.com\/wp-content\/uploads\/2024\/10\/crossy-road-sr1-f180x180-150x150.webp\" alt=\"\" class=\"wp-image-177\" style=\"border-radius:10px\" srcset=\"https:\/\/sledrider3d.com\/wp-content\/uploads\/2024\/10\/crossy-road-sr1-f180x180-150x150.webp 150w, https:\/\/sledrider3d.com\/wp-content\/uploads\/2024\/10\/crossy-road-sr1-f180x180-12x12.webp 12w, https:\/\/sledrider3d.com\/wp-content\/uploads\/2024\/10\/crossy-road-sr1-f180x180.webp 200w\" sizes=\"auto, (max-width: 150px) 100vw, 150px\" \/><\/a><\/figure>\n\n\n\n<figure class=\"wp-block-image size-full has-custom-border\"><a href=\"https:\/\/sledrider3d.com\/hu\/stickman\/stickman-hook\/\" target=\"_blank\" rel=\"noreferrer noopener\"><img decoding=\"async\" src=\"https:\/\/escaperoad.fun\/wp-content\/uploads\/2024\/10\/WX20241026-210554@2x-1.png\" alt=\"\" class=\"wp-image-142\" style=\"border-radius:10px\"\/><\/a><\/figure>\n\n\n\n<figure class=\"wp-block-image size-full has-custom-border\"><a href=\"https:\/\/sledrider3d.com\/hu\/motocycle\/moto-x3m\/\" target=\"_blank\" rel=\"noreferrer noopener\"><img decoding=\"async\" src=\"https:\/\/escaperoad.fun\/wp-content\/uploads\/2024\/10\/maxresdefault-1.jpg\" alt=\"\" class=\"wp-image-143\" style=\"border-radius:10px\"\/><\/a><\/figure>\n\n\n\n<figure class=\"wp-block-image size-full\"><a href=\"https:\/\/sledrider3d.com\/hu\/clicker\/cookie-clicker\/\" target=\"_blank\" rel=\"noreferrer noopener\"><img decoding=\"async\" src=\"https:\/\/escaperoad.fun\/wp-content\/uploads\/2024\/10\/icon.png\" alt=\"\" class=\"wp-image-150\"\/><\/a><\/figure>\n\n\n\n<figure class=\"wp-block-image size-thumbnail has-custom-border\"><a href=\"https:\/\/sledrider3d.com\/hu\/clicker\/chill-guy-clicker\/\" target=\"_blank\" rel=\"noreferrer noopener\"><img loading=\"lazy\" decoding=\"async\" width=\"150\" height=\"150\" src=\"https:\/\/sledrider3d.com\/wp-content\/uploads\/2024\/10\/WX20241220-102702@2x-150x150.webp\" alt=\"\" class=\"wp-image-170\" style=\"border-radius:10px\" srcset=\"https:\/\/sledrider3d.com\/wp-content\/uploads\/2024\/10\/WX20241220-102702@2x-150x150.webp 150w, https:\/\/sledrider3d.com\/wp-content\/uploads\/2024\/10\/WX20241220-102702@2x-300x300.webp 300w, https:\/\/sledrider3d.com\/wp-content\/uploads\/2024\/10\/WX20241220-102702@2x-12x12.webp 12w, https:\/\/sledrider3d.com\/wp-content\/uploads\/2024\/10\/WX20241220-102702@2x.webp 500w\" sizes=\"auto, (max-width: 150px) 100vw, 150px\" \/><\/a><\/figure>\n<\/div>\n\n\n\n<div style=\"height:30px\" aria-hidden=\"true\" class=\"wp-block-spacer\"><\/div>\n\n\n\n<h2 class=\"wp-block-heading\" id=\"snow-road-game-a-complete-guide-to-master-the-slopes\">Snow Road Game: A Complete Guide to Master the Slopes<\/h2>\n\n\n\n<p>Snow Road j\u00e1t\u00e9kok, mint a <em>Snow Rider 3D<\/em> \u00e9s <em>Escape Road<\/em> izgalmas t\u00e9li kalandokat k\u00edn\u00e1lnak, ahol a j\u00e1t\u00e9kosok jeges utakon navig\u00e1lnak, mik\u00f6zben kiker\u00fclik az akad\u00e1lyokat \u00e9s feloldj\u00e1k a jutalmakat. Ezek a j\u00e1t\u00e9kok a gyors reflexeket, a strat\u00e9giai tervez\u00e9st \u00e9s a mag\u00e1val ragad\u00f3 \u00e9lm\u00e9nyeket \u00f6tv\u00f6zik a havas sportok t\u00e9m\u00e1ival, \u00edgy n\u00e9pszer\u0171ek a lejt\u0151- \u00e9s menek\u00fcl\u00e9si j\u00e1t\u00e9kok m\u0171faj\u00e1ban.<\/p>\n\n\n\n<div class=\"wp-block-rank-math-toc-block\" id=\"rank-math-toc\"><h3>Tartalomjegyz\u00e9k<\/h3><nav><ul><li><a href=\"#what-is-snow-road-game\">Mi az a Snow Road Game?<\/a><\/li><li><a href=\"#how-to-play-snow-rider-3-d-and-similar-games\">Hogyan kell j\u00e1tszani Snow Rider 3D \u00e9s hasonl\u00f3 j\u00e1t\u00e9kok<\/a><ul><li><a href=\"#levels-and-progression\">Szintek \u00e9s fejl\u0151d\u00e9s<\/a><\/li><\/ul><\/li><li><a href=\"#game-tricks-and-tips\">J\u00e1t\u00e9k tr\u00fckk\u00f6k \u00e9s tippek<\/a><\/li><li><a href=\"#comparison-of-popular-snow-road-games\">N\u00e9pszer\u0171 Snow Road j\u00e1t\u00e9kok \u00f6sszehasonl\u00edt\u00e1sa<\/a><ul><li><a href=\"#recommended-websites-for-snow-road-games\">Aj\u00e1nlott weboldalak a Snow Road j\u00e1t\u00e9kokhoz<\/a><\/li><\/ul><\/li><li><a href=\"#fa-qs\">GYIK<\/a><\/li><\/ul><\/nav><\/div>\n\n\n\n<h3 class=\"wp-block-heading\" id=\"what-is-snow-road-game\">Mi az a Snow Road Game?<\/h3>\n\n\n\n<p>A Snow Road j\u00e1t\u00e9kokban jellemz\u0151en sz\u00e1nk\u00f3kat, aut\u00f3kat vagy karaktereket kell ir\u00e1ny\u00edtani a havas t\u00e1jakon, \u00e9s magas pontsz\u00e1mokat kell el\u00e9rni, mik\u00f6zben j\u00e1t\u00e9kbeli t\u00e1rgyakat kell gy\u0171jteni. Ezek a j\u00e1t\u00e9kok a lejt\u0151s j\u00e1t\u00e9kok t\u00e1gabb kateg\u00f3ri\u00e1j\u00e1ba tartoznak, amelyek gyors temp\u00f3jukr\u00f3l \u00e9s kih\u00edv\u00e1st jelent\u0151 j\u00e1t\u00e9kmechanizmusukr\u00f3l ismertek. Gyakran k\u00edn\u00e1lnak blokkol\u00e1smentes v\u00e1ltozatokat, \u00edgy a j\u00e1t\u00e9kosok b\u00e1rhol korl\u00e1toz\u00e1sok n\u00e9lk\u00fcl \u00e9lvezhetik a j\u00e1t\u00e9kot.<\/p>\n\n\n\n<figure class=\"wp-block-image size-full\"><img loading=\"lazy\" decoding=\"async\" width=\"512\" height=\"384\" src=\"https:\/\/sledrider3d.com\/wp-content\/uploads\/2024\/10\/background.png\" alt=\"\" class=\"wp-image-105\" srcset=\"https:\/\/sledrider3d.com\/wp-content\/uploads\/2024\/10\/background.png 512w, https:\/\/sledrider3d.com\/wp-content\/uploads\/2024\/10\/background-300x225.png 300w, https:\/\/sledrider3d.com\/wp-content\/uploads\/2024\/10\/background-16x12.png 16w\" sizes=\"auto, (max-width: 512px) 100vw, 512px\" \/><\/figure>\n\n\n\n<h3 class=\"wp-block-heading\" id=\"how-to-play-snow-rider-3-d-and-similar-games\">Hogyan kell j\u00e1tszani Snow Rider 3D \u00e9s hasonl\u00f3 j\u00e1t\u00e9kok<\/h3>\n\n\n\n<ul class=\"wp-block-list\">\n<li><strong>Vez\u00e9rl\u0151k<\/strong>:\n<ul class=\"wp-block-list\">\n<li>Haszn\u00e1ld a ny\u00edlbillenty\u0171ket a mozg\u00e1shoz (balra \u00e9s jobbra) \u00e9s a sebess\u00e9g szab\u00e1lyoz\u00e1s\u00e1hoz.<\/li>\n\n\n\n<li>Ugorj a felfel\u00e9 mutat\u00f3 ny\u00edllal, hogy elker\u00fcld az akad\u00e1lyokat.<\/li>\n\n\n\n<li>A lefel\u00e9 ny\u00edl seg\u00edt cs\u00f6kkenteni a sebess\u00e9get, hogy jobban man\u0151verezzen a tr\u00fckk\u00f6s utakon.<\/li>\n<\/ul>\n<\/li>\n\n\n\n<li><strong>C\u00e9l<\/strong>: A c\u00e9l az, hogy min\u00e9l messzebbre jusson a havas terepen, mik\u00f6zben olyan elemeket gy\u0171jt, mint a kar\u00e1csonyi aj\u00e1nd\u00e9kok, hogy \u00faj, egyedi tervez\u00e9s\u0171 sz\u00e1nk\u00f3kat nyisson fel.<\/li>\n\n\n\n<li><strong>Akad\u00e1lyok<\/strong>: K\u00e9sz\u00fclj fel a h\u00f3emberekkel, h\u00f3goly\u00f3kkal, szikl\u00e1kkal \u00e9s keskeny \u00f6sv\u00e9nyekkel val\u00f3 szemben\u00e9z\u00e9sre. Minden akad\u00e1ly pontos id\u0151z\u00edt\u00e9st ig\u00e9nyel a sikeres lek\u00fczd\u00e9shez.<\/li>\n<\/ul>\n\n\n\n<h4 class=\"wp-block-heading\" id=\"levels-and-progression\">Szintek \u00e9s fejl\u0151d\u00e9s<\/h4>\n\n\n\n<p>A Snow Road j\u00e1t\u00e9kok k\u00fcl\u00f6nb\u00f6z\u0151 szinteket tartalmaznak, amelyek mindegyike n\u00f6vekv\u0151 neh\u00e9zs\u00e9g\u0171:<\/p>\n\n\n\n<ol class=\"wp-block-list\">\n<li><strong>Kezd\u0151 szintek<\/strong>: Az alapvet\u0151 mozg\u00e1s megtanul\u00e1sa \u00e9s a lassabb temp\u00f3j\u00fa p\u00e1ly\u00e1k megszok\u00e1sa.<\/li>\n\n\n\n<li><strong>K\u00f6z\u00e9phalad\u00f3 szintek<\/strong>: Tal\u00e1lkozzon t\u00f6bb akad\u00e1llyal, p\u00e9ld\u00e1ul gurul\u00f3 h\u00f3goly\u00f3kkal \u00e9s szakad\u00e9kokkal.<\/li>\n\n\n\n<li><strong>Halad\u00f3 szintek<\/strong>: Nagy sebess\u00e9g\u0171 p\u00e1ly\u00e1k minim\u00e1lis hibalehet\u0151s\u00e9ggel, gyors reflexeket k\u00f6vetelve.<\/li>\n<\/ol>\n\n\n\n<h3 class=\"wp-block-heading\" id=\"game-tricks-and-tips\">J\u00e1t\u00e9k tr\u00fckk\u00f6k \u00e9s tippek<\/h3>\n\n\n\n<ol class=\"wp-block-list\">\n<li><strong>Tervezze meg az \u00fatvonalat<\/strong>: N\u00e9zzen el\u0151re, hogy el\u0151re l\u00e1ssa az akad\u00e1lyokat \u00e9s megtal\u00e1lja a legk\u00f6nnyebb utat.<\/li>\n\n\n\n<li><strong>A sebess\u00e9g b\u00f6lcs szab\u00e1lyoz\u00e1sa<\/strong>: Ker\u00fclje a rohan\u00e1st a keskeny utakon; n\u00e9ha a lass\u00edt\u00e1s jav\u00edtja az ir\u00e1ny\u00edt\u00e1st.<\/li>\n\n\n\n<li><strong>Gyakorl\u00f3 mutatv\u00e1nyok<\/strong>: Master ugr\u00e1sok \u00e9s tr\u00fckk\u00f6k, hogy n\u00f6velje a pontsz\u00e1mot.<\/li>\n\n\n\n<li><strong>Maradjon a k\u00f6zpont k\u00f6zel\u00e9ben<\/strong>: Ez nagyobb teret biztos\u00edt az olyan akad\u00e1lyok, mint a h\u00f3emberek \u00e9s a r\u00e9sek megker\u00fcl\u00e9s\u00e9re.<\/li>\n\n\n\n<li><strong>Jutalmak gy\u0171jt\u00e9se<\/strong>: Aj\u00e1nd\u00e9kok \u00e9s egy\u00e9b gy\u0171jtem\u00e9nyek feloldj\u00e1k a tov\u00e1bbfejlesztett sz\u00e1nk\u00f3kat, amelyek jobb teljes\u00edtm\u00e9nyt ny\u00fajtanak.<\/li>\n<\/ol>\n\n\n\n<figure class=\"wp-block-image size-large\"><img loading=\"lazy\" decoding=\"async\" width=\"1024\" height=\"560\" src=\"https:\/\/sledrider3d.com\/wp-content\/uploads\/2024\/10\/WX20241026-201748@2x-1024x560.png\" alt=\"\" class=\"wp-image-106\" srcset=\"https:\/\/sledrider3d.com\/wp-content\/uploads\/2024\/10\/WX20241026-201748@2x-1024x560.png 1024w, https:\/\/sledrider3d.com\/wp-content\/uploads\/2024\/10\/WX20241026-201748@2x-300x164.png 300w, https:\/\/sledrider3d.com\/wp-content\/uploads\/2024\/10\/WX20241026-201748@2x-768x420.png 768w, https:\/\/sledrider3d.com\/wp-content\/uploads\/2024\/10\/WX20241026-201748@2x-1536x840.png 1536w, https:\/\/sledrider3d.com\/wp-content\/uploads\/2024\/10\/WX20241026-201748@2x-18x10.png 18w, https:\/\/sledrider3d.com\/wp-content\/uploads\/2024\/10\/WX20241026-201748@2x.png 1810w\" sizes=\"auto, (max-width: 1024px) 100vw, 1024px\" \/><\/figure>\n\n\n\n<h3 class=\"wp-block-heading\" id=\"comparison-of-popular-snow-road-games\">N\u00e9pszer\u0171 Snow Road j\u00e1t\u00e9kok \u00f6sszehasonl\u00edt\u00e1sa<\/h3>\n\n\n\n<figure class=\"wp-block-table\"><table class=\"has-fixed-layout\"><thead><tr><th>J\u00e1t\u00e9k neve<\/th><th>Jellemz\u0151k<\/th><th>Neh\u00e9zs\u00e9g<\/th><th>El\u00e9rhet\u0151 m\u00f3dok<\/th><\/tr><\/thead><tbody><tr><td>Snow Rider 3D<\/td><td>Gy\u0171jtsd \u00f6ssze az aj\u00e1nd\u00e9kokat, nyisd ki a sz\u00e1nk\u00f3kat<\/td><td>K\u00f6zepes<\/td><td>Egyj\u00e1t\u00e9kos<\/td><\/tr><tr><td>Escape Road<\/td><td>Ker\u00fclje el az akad\u00e1lyokat, id\u0151korl\u00e1tos<\/td><td>Kem\u00e9ny<\/td><td>Id\u0151z\u00edtett kih\u00edv\u00e1sok<\/td><\/tr><tr><td>Slope j\u00e1t\u00e9k<\/td><td>V\u00e9gtelen fut\u00f3, nagy sebess\u00e9g<\/td><td>Kem\u00e9ny<\/td><td>T\u00f6bbj\u00e1t\u00e9kos<\/td><\/tr><tr><td>Tap Road<\/td><td>Egyszer\u0171 vez\u00e9rl\u00e9s, alkalmi j\u00e1t\u00e9k<\/td><td>Easy<\/td><td>Alkalmi m\u00f3d<\/td><\/tr><tr><td>Snow Runner<\/td><td>Realisztikus fizika, ny\u00edlt terep<\/td><td>Kem\u00e9ny<\/td><td>Karrier m\u00f3d, t\u00f6bbj\u00e1t\u00e9kos m\u00f3d<\/td><\/tr><\/tbody><\/table><\/figure>\n\n\n\n<h4 class=\"wp-block-heading\" id=\"recommended-websites-for-snow-road-games\">Aj\u00e1nlott weboldalak a Snow Road j\u00e1t\u00e9kokhoz<\/h4>\n\n\n\n<p>A legjobb hely, ahol ezeket a j\u00e1t\u00e9kokat online j\u00e1tszhatod <strong><a href=\"https:\/\/sledrider3d.com\/hu\/snow-road\/\">sledrider3d.com<\/a><\/strong>, ahol sz\u00e1mos havas t\u00e9m\u00e1j\u00fa j\u00e1t\u00e9kot fedezhetsz fel, k\u00f6zt\u00fck olyan blokkolatlan v\u00e1ltozatokat, mint a <em>Snow Rider blokkolatlanul<\/em> \u00e9s <em>Snow Rider 3D<\/em>.<\/p>\n\n\n\n<p>A Snow Road j\u00e1t\u00e9kok t\u00f6k\u00e9letesek a szabadul\u00f3s j\u00e1t\u00e9kok \u00e9s a gyors temp\u00f3j\u00fa kalandok rajong\u00f3i sz\u00e1m\u00e1ra. Ak\u00e1r a sz\u0171k utakon val\u00f3 prec\u00edz navig\u00e1l\u00e1st, ak\u00e1r a lejt\u0151k\u00f6n val\u00f3 sz\u00e1guldoz\u00e1st kedveled, minden j\u00e1t\u00e9kosnak tal\u00e1lsz valamit. A k\u00fcl\u00f6nb\u00f6z\u0151 neh\u00e9zs\u00e9gi szintekkel, gy\u0171jt\u00f6getnival\u00f3kkal \u00e9s mag\u00e1val ragad\u00f3 j\u00e1t\u00e9kmenettel az olyan j\u00e1t\u00e9kok, mint a <em>Snow Rider 3D<\/em> az izgalom \u00e9letben tart\u00e1sa. Kezdje havas kalandj\u00e1t m\u00e9g ma a <strong>sledrider3d.com<\/strong> \u00e9s elsaj\u00e1t\u00edthatod a t\u00e9li versenyz\u00e9s m\u0171v\u00e9szet\u00e9t.<\/p>\n\n\n\n<h3 class=\"wp-block-heading\" id=\"fa-qs\">GYIK<\/h3>\n\n\n\n<p><strong>Mi az a Snow Rider 3D?<\/strong><br>A Snow Rider 3D egy ingyenesen j\u00e1tszhat\u00f3 lejt\u0151s j\u00e1t\u00e9k, ahol a j\u00e1t\u00e9kosok egy sz\u00e1nk\u00f3t ir\u00e1ny\u00edtanak a havas utakon, kiker\u00fclve az akad\u00e1lyokat \u00e9s \u00f6sszegy\u0171jtve az aj\u00e1nd\u00e9kokat, hogy \u00faj sz\u00e1nk\u00f3kat nyissanak fel.<\/p>\n\n\n\n<p><strong>Hogyan j\u00e1tszhatok Snow Rider 3D online?<\/strong><br>L\u00e1togasson el a  oldalra. <a href=\"https:\/\/sledrider3d.com\/hu\/snow-road\/\">sledrider3d.com<\/a> a Snow Rider 3D el\u00e9r\u00e9s\u00e9hez. Haszn\u00e1lja a nyilakat, hogy ir\u00e1ny\u00edtsa a sz\u00e1n, \u00e9s \u00e9lvezze ezt a menek\u00fcl\u00e9s k\u00f6z\u00fati j\u00e1t\u00e9k nem blokkolt b\u00e1rmely helyr\u0151l.<\/p>\n\n\n\n<p><strong>Mit\u0151l m\u00e1s a Snow Rider Unblocked?<\/strong><br>A blokkol\u00e1smentes verzi\u00f3val korl\u00e1toz\u00e1sok n\u00e9lk\u00fcl j\u00e1tszhatsz a Snow Riderrel, \u00edgy az iskol\u00e1kban \u00e9s munkahelyeken is el\u00e9rhet\u0151v\u00e9 v\u00e1lik.<\/p>\n\n\n\n<p><strong>Ingyenes a j\u00e1t\u00e9k?<\/strong><br>Igen, minden j\u00e1t\u00e9k, bele\u00e9rtve a Snow Rider 3D-t \u00e9s az Escape Roadot is, ingyenesen j\u00e1tszhat\u00f3 a sledrider3d.com oldalon.<\/p>\n\n\n\n<p><strong>Milyen m\u00e1s havas j\u00e1t\u00e9kok \u00e1llnak rendelkez\u00e9sre?<\/strong><br>A platform sz\u00e1mos j\u00e1t\u00e9kot k\u00edn\u00e1l, mint p\u00e9ld\u00e1ul a Snow Run, a Snow Runner \u00e9s a Slow Road Game, amelyek havas k\u00f6z\u00fati kalandokat \u00e9s k\u00f6zleked\u00e9si \u00fat kih\u00edv\u00e1sokat tartalmaznak.<\/p>\n\n\n\n<p><strong>Milyen tippek vannak a Snow Rider 3D elsaj\u00e1t\u00edt\u00e1s\u00e1hoz?<\/strong><br>Koncentr\u00e1lj az egyenletes sebess\u00e9g fenntart\u00e1s\u00e1ra, haszn\u00e1ld ki a lejt\u0151ket az el\u0151ny\u00f6dre, \u00e9s gy\u0171jtsd \u00f6ssze az aj\u00e1nd\u00e9kokat, hogy jobb sz\u00e1nk\u00f3kat nyiss fel a g\u00f6rd\u00fcl\u00e9kenyebb j\u00e1t\u00e9kmenet \u00e9rdek\u00e9ben.<\/p>\n\n\n\n<p><strong>J\u00e1tszhatok a j\u00e1t\u00e9kkal mobileszk\u00f6z\u00f6k\u00f6n?<\/strong><br>Igen, a Snow Rider 3D \u00e9s m\u00e1s j\u00e1t\u00e9kok, mint a Geometry Dash \u00e9s a Slope Game asztali \u00e9s mobil j\u00e1t\u00e9kra egyar\u00e1nt optimaliz\u00e1ltak.<\/p>\n\n\n\n<p><strong>Mik azok a lejt\u0151s j\u00e1t\u00e9kok?<\/strong><br>A lejt\u0151s j\u00e1t\u00e9kok olyan gyors temp\u00f3j\u00fa kalandj\u00e1t\u00e9kok, amelyekben a j\u00e1t\u00e9kosok t\u00e1rgyakat vagy karaktereket ir\u00e1ny\u00edtanak lefel\u00e9 a meredek lejt\u0151k\u00f6n, \u00e9s k\u00f6zben elker\u00fclik az akad\u00e1lyokat.<\/p>\n\n\n\n<p><strong>Mi a c\u00e9lja az Escape Roadnak?<\/strong><br>Az Escape Roadban a j\u00e1t\u00e9kosoknak egy akad\u00e1lyokkal teli jeges \u00f6sv\u00e9nyen kell \u00e1tnavig\u00e1lniuk, mik\u00f6zben megpr\u00f3b\u00e1lnak a megadott id\u0151n bel\u00fcl a v\u00e9g\u00e9re \u00e9rni.<\/p>\n\n\n\n<figure class=\"wp-block-image size-large\"><img loading=\"lazy\" decoding=\"async\" width=\"1024\" height=\"549\" src=\"https:\/\/sledrider3d.com\/wp-content\/uploads\/2024\/10\/WX20241026-201919@2x-1024x549.png\" alt=\"\" class=\"wp-image-107\" srcset=\"https:\/\/sledrider3d.com\/wp-content\/uploads\/2024\/10\/WX20241026-201919@2x-1024x549.png 1024w, https:\/\/sledrider3d.com\/wp-content\/uploads\/2024\/10\/WX20241026-201919@2x-300x161.png 300w, https:\/\/sledrider3d.com\/wp-content\/uploads\/2024\/10\/WX20241026-201919@2x-768x411.png 768w, https:\/\/sledrider3d.com\/wp-content\/uploads\/2024\/10\/WX20241026-201919@2x-1536x823.png 1536w, https:\/\/sledrider3d.com\/wp-content\/uploads\/2024\/10\/WX20241026-201919@2x-18x10.png 18w, https:\/\/sledrider3d.com\/wp-content\/uploads\/2024\/10\/WX20241026-201919@2x.png 1818w\" sizes=\"auto, (max-width: 1024px) 100vw, 1024px\" \/><\/figure>\n\n\n\n<p><strong>Vannak t\u00f6bbj\u00e1t\u00e9kos lehet\u0151s\u00e9gek?<\/strong><br>N\u00e9h\u00e1ny j\u00e1t\u00e9k, mint p\u00e9ld\u00e1ul a Slope Multiplayer, versenyk\u00e9pes online m\u00f3dot k\u00edn\u00e1l, m\u00edg m\u00e1sok, mint p\u00e9ld\u00e1ul a Snow Rider, az egyj\u00e1t\u00e9kos \u00e9lm\u00e9nyre \u00f6sszpontos\u00edtanak.<\/p>\n\n\n\n<p><strong>Hogyan tudok \u00faj sz\u00e1nk\u00f3kat feloldani a Snow Rider 3D-ben?<\/strong><br>Gy\u0171jtsd \u00f6ssze a kar\u00e1csonyi aj\u00e1nd\u00e9kokat a j\u00e1t\u00e9k sor\u00e1n, hogy pontokat gy\u0171jts, amelyekkel k\u00fcl\u00f6nleges k\u00e9pess\u00e9gekkel rendelkez\u0151 \u00faj sz\u00e1nk\u00f3kat lehet feloldani.<\/p>\n\n\n\n<p><strong>Mi az a Tap Road?<\/strong><br>A Tap Road egy alkalmi j\u00e1t\u00e9k, amely az egyszer\u0171 mechanik\u00e1ra \u00f6sszpontos\u00edt, ahol a j\u00e1t\u00e9kosok tapogatva navig\u00e1lnak a havas t\u00e1jakon.<\/p>\n\n\n\n<p><strong>Mi a k\u00fcl\u00f6nbs\u00e9g a Snow Runner \u00e9s a Snow Rider k\u00f6z\u00f6tt?<\/strong><br>A Snow Runner a realisztikus vezet\u00e9st hangs\u00falyozza a havas terepen, m\u00edg a Snow Rider arcade st\u00edlus\u00fa sz\u00e1nk\u00f3z\u00e1st k\u00edn\u00e1l gy\u0171jt\u00f6getnival\u00f3kkal \u00e9s nagy sebess\u00e9g\u0171 izgalmakkal.<\/p>\n\n\n\n<p><strong>Meg\u00e1ll\u00edthatom vagy elmenthetem az el\u0151rehalad\u00e1somat?<\/strong><br>N\u00e9h\u00e1ny j\u00e1t\u00e9kban lehet\u0151s\u00e9g van a sz\u00fcneteltet\u00e9sre, de a gyorsj\u00e1t\u00e9kokban, p\u00e9ld\u00e1ul a Slope vagy az Escape Road j\u00e1t\u00e9kokban nem biztos, hogy el\u00e9rhet\u0151 a halad\u00e1s ment\u00e9se.<\/p>\n\n\n\n<p><strong>Hol tal\u00e1lok m\u00e9g t\u00f6bb szabadul\u00f3j\u00e1t\u00e9kot?<\/strong><br>B\u00f6ng\u00e9ssz a sledrider3d.com \"Escape Road Game\" kateg\u00f3ri\u00e1j\u00e1ban, hogy tov\u00e1bbi j\u00e1t\u00e9kokat fedezz fel, mint p\u00e9ld\u00e1ul a Traffic Road Game, Slope Game \u00e9s Geometry Dash.<\/p>","protected":false},"excerpt":{"rendered":"<p>Play Snow Road Game Online \ud83d\udd79 Free Snow Games Full Screen Snow Road Game: A Complete Guide to Master the Slopes Snow Road games like Snow Rider 3D and Escape Road offer thrilling winter adventures where players navigate icy paths while dodging obstacles and unlocking rewards. These games combine quick reflexes, strategic planning, and immersive [&hellip;]<\/p>","protected":false},"author":1,"featured_media":105,"parent":0,"menu_order":0,"comment_status":"open","ping_status":"closed","template":"","meta":{"footnotes":""},"class_list":["post-99","page","type-page","status-publish","has-post-thumbnail","hentry"],"_links":{"self":[{"href":"https:\/\/sledrider3d.com\/hu\/wp-json\/wp\/v2\/pages\/99","targetHints":{"allow":["GET"]}}],"collection":[{"href":"https:\/\/sledrider3d.com\/hu\/wp-json\/wp\/v2\/pages"}],"about":[{"href":"https:\/\/sledrider3d.com\/hu\/wp-json\/wp\/v2\/types\/page"}],"author":[{"embeddable":true,"href":"https:\/\/sledrider3d.com\/hu\/wp-json\/wp\/v2\/users\/1"}],"replies":[{"embeddable":true,"href":"https:\/\/sledrider3d.com\/hu\/wp-json\/wp\/v2\/comments?post=99"}],"version-history":[{"count":3,"href":"https:\/\/sledrider3d.com\/hu\/wp-json\/wp\/v2\/pages\/99\/revisions"}],"predecessor-version":[{"id":110,"href":"https:\/\/sledrider3d.com\/hu\/wp-json\/wp\/v2\/pages\/99\/revisions\/110"}],"wp:featuredmedia":[{"embeddable":true,"href":"https:\/\/sledrider3d.com\/hu\/wp-json\/wp\/v2\/media\/105"}],"wp:attachment":[{"href":"https:\/\/sledrider3d.com\/hu\/wp-json\/wp\/v2\/media?parent=99"}],"curies":[{"name":"wp","href":"https:\/\/api.w.org\/{rel}","templated":true}]}}