{"id":37,"date":"2024-10-21T17:31:18","date_gmt":"2024-10-21T17:31:18","guid":{"rendered":"https:\/\/sledrider3d.com\/?page_id=37"},"modified":"2025-01-29T13:24:54","modified_gmt":"2025-01-29T13:24:54","slug":"sled-rider-3d","status":"publish","type":"page","link":"https:\/\/sledrider3d.com\/hu\/","title":{"rendered":"Sz\u00e1nh\u00faz\u00f3 3D"},"content":{"rendered":"<h2 class=\"wp-block-heading has-text-align-center\" style=\"font-size:clamp(0.929rem, 0.929rem + ((1vw - 0.2rem) * 0.785), 1.4rem);\"><strong>Sled Rider 3D j\u00e1t\u00e9k \ud83d\udd79 J\u00e1tssz ingyenes online blokkolatlan havas j\u00e1t\u00e9kokkal<\/strong><\/h2>\n\n\n\n<div class=\"wp-block-group has-global-padding is-layout-constrained wp-container-core-group-is-layout-704e782a wp-block-group-is-layout-constrained\">\n<div class=\"iframe-container\">\n    <iframe loading=\"lazy\" id=\"myIframe\" src=\"https:\/\/snow-rider3d-cic.pages.dev\" width=\"100%\" height=\"630px\"><\/iframe>\n<\/div>\n<div class=\"control-bar\">\n    <button id=\"fullscreenBtn\" onclick=\"toggleFullScreen()\">\n        <svg class=\"fullscreen-icon\" viewbox=\"0 0 24 24\" width=\"16\" height=\"16\">\n            <path d=\"M7 14H5v5h5v-2H7v-3zm-2-4h2V7h3V5H5v5zm12 7h-3v2h5v-5h-2v3zM14 5v2h3v3h2V5h-5z\"\/>\n        <\/svg>\n        <span>Teljes k\u00e9perny\u0151<\/span>\n    <\/button>\n<\/div>\n\n<style>\n.iframe-container {\n    width: 100%;\n    margin: 0 auto;\n    border-radius: 8px;\n    overflow: hidden;\n}\n\n.control-bar {\n    display: flex;\n    justify-content: flex-end;\n    padding: 1px 0;  \/* \u4e0a\u4e0b\u589e\u52a0\u95f4\u8ddd *\/\n}\n\n#fullscreenBtn {\n    display: flex;\n    align-items: center;\n    gap: 1px;\n    padding: 8px 12px;\n    background-color: #2d2d2d;\n    border: none;\n    border-radius: 4px;\n    color: white;\n    cursor: pointer;\n    transition: background-color 0.2s;\n}\n\n#fullscreenBtn:hover {\n    background-color: #404040;\n}\n\n.fullscreen-icon {\n    fill: currentColor;\n}\n<\/style>\n<\/div>\n\n\n\n<div class=\"wp-block-group is-layout-grid wp-container-core-group-is-layout-722e4d33 wp-block-group-is-layout-grid\">\n<figure class=\"wp-block-image size-full has-custom-border\"><a href=\"https:\/\/sledrider3d.com\/hu\/snow-road\/\" target=\"_blank\" rel=\"noreferrer noopener\"><img decoding=\"async\" src=\"https:\/\/escaperoad.fun\/wp-content\/uploads\/2024\/10\/background-1.png\" alt=\"\" class=\"wp-image-128\" style=\"border-radius:10px\"\/><\/a><\/figure>\n\n\n\n<figure class=\"wp-block-image size-full has-custom-border\"><a href=\"https:\/\/sledrider3d.com\/hu\/snow-rider-3d\/\" target=\"_blank\" rel=\"noreferrer noopener\"><img decoding=\"async\" src=\"https:\/\/escaperoad.fun\/wp-content\/uploads\/2024\/10\/WX20241023-192336@2x-1-1.png\" alt=\"\" class=\"wp-image-139\" style=\"border-radius:10px\"\/><\/a><\/figure>\n\n\n\n<figure class=\"wp-block-image size-full has-custom-border\"><a href=\"https:\/\/sledrider3d.com\/hu\/\" target=\"_blank\" rel=\"noreferrer noopener\"><img decoding=\"async\" src=\"https:\/\/escaperoad.fun\/wp-content\/uploads\/2024\/10\/logo-2-1.png\" alt=\"\" class=\"wp-image-138\" style=\"border-radius:10px\"\/><\/a><\/figure>\n\n\n\n<figure class=\"wp-block-image size-full has-custom-border is-style-default wp-container-content-0d18e1c1\"><a href=\"https:\/\/sledrider3d.com\/hu\/escape-road\/escape-road-game\/\" target=\"_blank\" rel=\"noreferrer noopener\"><img decoding=\"async\" src=\"https:\/\/escaperoad.fun\/wp-content\/uploads\/2024\/10\/Escape-Road-cl-1-1.png\" alt=\"\" class=\"wp-image-98\" style=\"border-radius:10px\"\/><\/a><\/figure>\n\n\n\n<figure class=\"wp-block-image size-full has-custom-border\"><a href=\"https:\/\/sledrider3d.com\/hu\/car\/escape-road-halloween\/\" target=\"_blank\" rel=\"noreferrer noopener\"><img decoding=\"async\" src=\"https:\/\/escaperoad.fun\/wp-content\/uploads\/2024\/10\/WX20241026-160813@2x-2.png\" alt=\"\" class=\"wp-image-100\" style=\"border-radius:10px\"\/><\/a><\/figure>\n\n\n\n<figure class=\"wp-block-image size-full has-custom-border\"><a href=\"https:\/\/sledrider3d.com\/hu\/car\/escape-road-city\/\" target=\"_blank\" rel=\"noreferrer noopener\"><img decoding=\"async\" src=\"https:\/\/escaperoad.fun\/wp-content\/uploads\/2024\/10\/WX20241026-175349@2x-1-1.png\" alt=\"\" class=\"wp-image-130\" style=\"border-radius:10px\"\/><\/a><\/figure>\n\n\n\n<figure class=\"wp-block-image size-thumbnail has-custom-border\"><a href=\"https:\/\/sledrider3d.com\/hu\/car\/escape-road-city-2\/\" target=\"_blank\" rel=\" noreferrer noopener\"><img loading=\"lazy\" decoding=\"async\" width=\"150\" height=\"150\" src=\"https:\/\/sledrider3d.com\/wp-content\/uploads\/2024\/10\/WX20250130-163958@2x-150x150.webp\" alt=\"\" class=\"wp-image-184\" style=\"border-radius:10px\" srcset=\"https:\/\/sledrider3d.com\/wp-content\/uploads\/2024\/10\/WX20250130-163958@2x-150x150.webp 150w, https:\/\/sledrider3d.com\/wp-content\/uploads\/2024\/10\/WX20250130-163958@2x-300x300.webp 300w, https:\/\/sledrider3d.com\/wp-content\/uploads\/2024\/10\/WX20250130-163958@2x-12x12.webp 12w, https:\/\/sledrider3d.com\/wp-content\/uploads\/2024\/10\/WX20250130-163958@2x.webp 500w\" sizes=\"auto, (max-width: 150px) 100vw, 150px\" \/><\/a><\/figure>\n\n\n\n<figure class=\"wp-block-image size-full has-custom-border\"><a href=\"https:\/\/sledrider3d.com\/hu\/car\/smashy-road\/\" target=\"_blank\" rel=\"noreferrer noopener\"><img decoding=\"async\" src=\"https:\/\/escaperoad.fun\/wp-content\/uploads\/2024\/10\/download-8-1.png\" alt=\"\" class=\"wp-image-99\" style=\"border-radius:10px\"\/><\/a><\/figure>\n\n\n\n<figure class=\"wp-block-image size-full has-custom-border\"><a href=\"https:\/\/sledrider3d.com\/hu\/sprunki\/incredibox-sprunki\/\" target=\"_blank\" rel=\"noreferrer noopener\"><img decoding=\"async\" src=\"https:\/\/escaperoad.fun\/wp-content\/uploads\/2024\/10\/incredibox-sprunki-1.jpg\" alt=\"\" class=\"wp-image-140\" style=\"border-radius:10px\"\/><\/a><\/figure>\n\n\n\n<figure class=\"wp-block-image size-thumbnail has-custom-border\"><a href=\"https:\/\/sledrider3d.com\/hu\/road\/crossy-road\/\" target=\"_blank\" rel=\"noreferrer noopener\"><img loading=\"lazy\" decoding=\"async\" width=\"150\" height=\"150\" src=\"https:\/\/sledrider3d.com\/wp-content\/uploads\/2024\/10\/crossy-road-sr1-f180x180-150x150.webp\" alt=\"\" class=\"wp-image-177\" style=\"border-radius:10px\" srcset=\"https:\/\/sledrider3d.com\/wp-content\/uploads\/2024\/10\/crossy-road-sr1-f180x180-150x150.webp 150w, https:\/\/sledrider3d.com\/wp-content\/uploads\/2024\/10\/crossy-road-sr1-f180x180-12x12.webp 12w, https:\/\/sledrider3d.com\/wp-content\/uploads\/2024\/10\/crossy-road-sr1-f180x180.webp 200w\" sizes=\"auto, (max-width: 150px) 100vw, 150px\" \/><\/a><\/figure>\n\n\n\n<figure class=\"wp-block-image size-full has-custom-border\"><a href=\"https:\/\/sledrider3d.com\/hu\/stickman\/stickman-hook\/\" target=\"_blank\" rel=\"noreferrer noopener\"><img decoding=\"async\" src=\"https:\/\/escaperoad.fun\/wp-content\/uploads\/2024\/10\/WX20241026-210554@2x-1.png\" alt=\"\" class=\"wp-image-142\" style=\"border-radius:10px\"\/><\/a><\/figure>\n\n\n\n<figure class=\"wp-block-image size-full has-custom-border\"><a href=\"https:\/\/sledrider3d.com\/hu\/motocycle\/moto-x3m\/\" target=\"_blank\" rel=\"noreferrer noopener\"><img decoding=\"async\" src=\"https:\/\/escaperoad.fun\/wp-content\/uploads\/2024\/10\/maxresdefault-1.jpg\" alt=\"\" class=\"wp-image-143\" style=\"border-radius:10px\"\/><\/a><\/figure>\n\n\n\n<figure class=\"wp-block-image size-full\"><a href=\"https:\/\/sledrider3d.com\/hu\/clicker\/cookie-clicker\/\" target=\"_blank\" rel=\"noreferrer noopener\"><img decoding=\"async\" src=\"https:\/\/escaperoad.fun\/wp-content\/uploads\/2024\/10\/icon.png\" alt=\"\" class=\"wp-image-150\"\/><\/a><\/figure>\n\n\n\n<figure class=\"wp-block-image size-thumbnail has-custom-border\"><a href=\"https:\/\/sledrider3d.com\/hu\/clicker\/chill-guy-clicker\/\" target=\"_blank\" rel=\"noreferrer noopener\"><img loading=\"lazy\" decoding=\"async\" width=\"150\" height=\"150\" src=\"https:\/\/sledrider3d.com\/wp-content\/uploads\/2024\/10\/WX20241220-102702@2x-150x150.webp\" alt=\"\" class=\"wp-image-170\" style=\"border-radius:10px\" srcset=\"https:\/\/sledrider3d.com\/wp-content\/uploads\/2024\/10\/WX20241220-102702@2x-150x150.webp 150w, https:\/\/sledrider3d.com\/wp-content\/uploads\/2024\/10\/WX20241220-102702@2x-300x300.webp 300w, https:\/\/sledrider3d.com\/wp-content\/uploads\/2024\/10\/WX20241220-102702@2x-12x12.webp 12w, https:\/\/sledrider3d.com\/wp-content\/uploads\/2024\/10\/WX20241220-102702@2x.webp 500w\" sizes=\"auto, (max-width: 150px) 100vw, 150px\" \/><\/a><\/figure>\n<\/div>\n\n\n\n<div style=\"height:40px\" aria-hidden=\"true\" class=\"wp-block-spacer\"><\/div>\n\n\n\n<h2 class=\"wp-block-heading\" id=\"introduction-to-sled-rider-3-d-game\">Bevezet\u00e9s a Sled Rider 3D j\u00e1t\u00e9kba<\/h2>\n\n\n\n<div class=\"wp-block-rank-math-toc-block\" id=\"rank-math-toc\"><h3>Tartalomjegyz\u00e9k<\/h3><nav><ul><li><a href=\"#what-is-sled-rider-3-d\">Mi az a Sled Rider 3D?<\/a><\/li><li><a href=\"#how-to-play-sled-rider-3-d\">Hogyan kell j\u00e1tszani a Sled Rider 3D-t<\/a><\/li><li><a href=\"#game-overview\">J\u00e1t\u00e9k \u00e1ttekint\u00e9s<\/a><\/li><li><a href=\"#key-features-of-sled-rider-3-d\">A Sled Rider 3D f\u0151bb jellemz\u0151i<\/a><\/li><li><a href=\"#why-play-the-unblocked-version\">Mi\u00e9rt \u00e9rdemes a blokkolatlan verzi\u00f3t j\u00e1tszani?<\/a><\/li><\/ul><\/nav><\/div>\n\n\n\n<h3 class=\"wp-block-heading\" id=\"what-is-sled-rider-3-d\">Mi az a Sled Rider 3D?<\/h3>\n\n\n\n<figure class=\"wp-block-image size-full\"><img loading=\"lazy\" decoding=\"async\" width=\"512\" height=\"340\" src=\"https:\/\/sledrider3d.com\/wp-content\/uploads\/2024\/10\/logo-1.png\" alt=\"Sled Rider 3D - Unblocked Christmas Game with 3D Snow Rider\" class=\"wp-image-43\" srcset=\"https:\/\/sledrider3d.com\/wp-content\/uploads\/2024\/10\/logo-1.png 512w, https:\/\/sledrider3d.com\/wp-content\/uploads\/2024\/10\/logo-1-300x199.png 300w\" sizes=\"auto, (max-width: 512px) 100vw, 512px\" \/><\/figure>\n\n\n\n<p>A Sled Rider 3D egy t\u00e9li t\u00e9m\u00e1j\u00fa online j\u00e1t\u00e9k, amelyben a j\u00e1t\u00e9kosok egy sz\u00e1nk\u00f3t ir\u00e1ny\u00edtanak, mik\u00f6zben az akad\u00e1lyokkal, p\u00e9ld\u00e1ul szikl\u00e1kkal, f\u00e1kkal \u00e9s szikl\u00e1kkal teli havas lejt\u0151k\u00f6n sz\u00e1guld lefel\u00e9. A j\u00e1t\u00e9kmenet k\u00f6z\u00e9ppontj\u00e1ban a sz\u00e1nk\u00f3 \u00fcgyes ir\u00e1ny\u00edt\u00e1sa \u00e1ll, hogy kiker\u00fclje a vesz\u00e9lyeket, aj\u00e1nd\u00e9kokat gy\u0171jts\u00f6n \u00e9s pontokat szerezzen, a v\u00e9gs\u0151 c\u00e9l pedig az \u00faj sz\u00e1nk\u00f3k felold\u00e1sa \u00e9s a magas pontsz\u00e1mok el\u00e9r\u00e9se. A j\u00e1t\u00e9kot \u00fagy tervezt\u00e9k, hogy mag\u00e1val ragad\u00f3 \u00e9s \u00fcnnepi \u00e9lm\u00e9nyt ny\u00fajtson, \u00e9s m\u00e9g olyan szezon\u00e1lis elemeket is tartalmaz, mint a Mikul\u00e1s sz\u00e1nja, ami n\u00e9pszer\u0171 kar\u00e1csonyi t\u00e9m\u00e1j\u00fa j\u00e1t\u00e9kk\u00e1 teszi.<\/p>\n\n\n\n<h3 class=\"wp-block-heading\" id=\"how-to-play-sled-rider-3-d\">Hogyan kell j\u00e1tszani a Sled Rider 3D-t<\/h3>\n\n\n\n<p>A Sled Rider 3D j\u00e1t\u00e9khoz k\u00f6vesd az al\u00e1bbi l\u00e9p\u00e9seket:<\/p>\n\n\n\n<ol class=\"wp-block-list\">\n<li><strong>Ind\u00edtsa el a j\u00e1t\u00e9kot<\/strong>: Kattintson a <em>Koppintson a Start gombra<\/em> majd <em>Cs\u00fasztat\u00e1shoz koppint\u00e1s<\/em> a fut\u00e1s megkezd\u00e9s\u00e9hez.<\/li>\n\n\n\n<li><strong>Vez\u00e9rl\u0151k<\/strong>: Haszn\u00e1lja a nyilakat vagy a WASD billenty\u0171ket a mozg\u00e1shoz.\n<ul class=\"wp-block-list\">\n<li><strong>Felfel\u00e9 ny\u00edl<\/strong>: Jump<\/li>\n\n\n\n<li><strong>Balra\/jobbra ny\u00edl<\/strong>: Korm\u00e1nyz\u00e1s balra vagy jobbra<\/li>\n<\/ul>\n<\/li>\n\n\n\n<li><strong>A j\u00e1t\u00e9k c\u00e9lja<\/strong>: Navig\u00e1ljon a h\u00f3val bor\u00edtott lejt\u0151k\u00f6n, mik\u00f6zben elker\u00fcli az akad\u00e1lyokat, p\u00e9ld\u00e1ul a f\u00e1kat \u00e9s a h\u00f3embereket. Gy\u0171jtsd \u00f6ssze a kar\u00e1csonyi aj\u00e1nd\u00e9kokat \u00fatk\u00f6zben, hogy n\u00f6veld a pontsz\u00e1modat.<\/li>\n\n\n\n<li><strong>Pontoz\u00e1si tippek<\/strong>: V\u00e9gezzen tr\u00fckk\u00f6ket \u00e9s ker\u00fclje el az \u00fctk\u00f6z\u00e9seket, hogy meghosszabb\u00edtsa a fut\u00e1st \u00e9s b\u00f3nusz pontokat szerezzen.<\/li>\n<\/ol>\n\n\n\n<figure class=\"wp-block-image size-full\"><img loading=\"lazy\" decoding=\"async\" width=\"800\" height=\"500\" src=\"https:\/\/sledrider3d.com\/wp-content\/uploads\/2024\/10\/2_instructions-1.jpg\" alt=\"\" class=\"wp-image-118\" srcset=\"https:\/\/sledrider3d.com\/wp-content\/uploads\/2024\/10\/2_instructions-1.jpg 800w, https:\/\/sledrider3d.com\/wp-content\/uploads\/2024\/10\/2_instructions-1-300x188.jpg 300w, https:\/\/sledrider3d.com\/wp-content\/uploads\/2024\/10\/2_instructions-1-768x480.jpg 768w, https:\/\/sledrider3d.com\/wp-content\/uploads\/2024\/10\/2_instructions-1-18x12.jpg 18w\" sizes=\"auto, (max-width: 800px) 100vw, 800px\" \/><\/figure>\n\n\n\n<p>A Sled Rider 3D az egyszer\u0171s\u00e9g\u00e9r\u0151l ismert, \u00edgy az alkalmi j\u00e1t\u00e9kosok \u00e9s a magas pontsz\u00e1mok\u00e9rt versenyz\u0151k sz\u00e1m\u00e1ra is k\u00f6nnyen el\u00e9rhet\u0151. A blokkol\u00e1smentes verzi\u00f3 korl\u00e1toz\u00e1sok n\u00e9lk\u00fcli, z\u00f6kken\u0151mentes hozz\u00e1f\u00e9r\u00e9st biztos\u00edt, \u00edgy n\u00e9pszer\u0171v\u00e9 teszi az iskol\u00e1kban \u00e9s munkahelyeken, ahol m\u00e1s j\u00e1t\u00e9kok blokkolva lehetnek. Az optim\u00e1lis \u00e9lm\u00e9ny \u00e9rdek\u00e9ben a let\u00f6lt\u00e9s n\u00e9lk\u00fcli, k\u00f6zvetlen\u00fcl a b\u00f6ng\u00e9sz\u0151ben t\u00f6rt\u00e9n\u0151 j\u00e1t\u00e9k lehet\u0151v\u00e9 teszi, hogy a felhaszn\u00e1l\u00f3k azonnal belevethess\u00e9k magukat az akci\u00f3ba.<\/p>\n\n\n\n<h3 class=\"wp-block-heading\" id=\"game-overview\">J\u00e1t\u00e9k \u00e1ttekint\u00e9s<\/h3>\n\n\n\n<figure class=\"wp-block-table\"><table class=\"has-fixed-layout\"><thead><tr><th><strong>Aspect<\/strong><\/th><th><strong>R\u00e9szletek<\/strong><\/th><\/tr><\/thead><tbody><tr><td><strong>J\u00e1t\u00e9kmenet<\/strong><\/td><td>Sz\u00e1nk\u00f3zz le havas hegyekbe, ker\u00fcld ki az akad\u00e1lyokat, gy\u0171jtsd \u00f6ssze az aj\u00e1nd\u00e9kokat<\/td><\/tr><tr><td><strong>Vez\u00e9rl\u00e9si lehet\u0151s\u00e9gek<\/strong><\/td><td>Ny\u00edlbillenty\u0171kkel vagy eg\u00e9rrel ir\u00e1ny\u00edthatsz, sz\u00f3k\u00f6zzel ugorhatsz.<\/td><\/tr><tr><td><strong>J\u00e1t\u00e9km\u00f3dok<\/strong><\/td><td>Standard futamok, id\u0151z\u00edtett kih\u00edv\u00e1sok, \u00e9rmegy\u0171jt\u00e9s<\/td><\/tr><tr><td><strong>Testreszab\u00e1s<\/strong><\/td><td>\u00daj sz\u00e1nok \u00e9s b\u0151r\u00f6k felold\u00e1sa a megszerzett aj\u00e1nd\u00e9kokkal<\/td><\/tr><tr><td><strong>Platformok<\/strong><\/td><td>J\u00e1tszhat\u00f3 b\u00f6ng\u00e9sz\u0151k\u00f6n \u00e9s mobileszk\u00f6z\u00f6k\u00f6n<\/td><\/tr><tr><td><strong>Hozz\u00e1f\u00e9rhet\u0151s\u00e9g<\/strong><\/td><td>Bizonyos platformokon el\u00e9rhet\u0151 blokkolatlan verzi\u00f3k<\/td><\/tr><\/tbody><\/table><\/figure>\n\n\n\n<h3 class=\"wp-block-heading\" id=\"key-features-of-sled-rider-3-d\">A Sled Rider 3D f\u0151bb jellemz\u0151i<\/h3>\n\n\n\n<ul class=\"wp-block-list\">\n<li><strong>Adrenalin-pump\u00e1l\u00f3 j\u00e1t\u00e9kmenet<\/strong>: \u00c9lvezze a gyors temp\u00f3j\u00fa lejt\u0151ket, \u00e9s ir\u00e1ny\u00edtsa a sz\u00e1nk\u00f3t prec\u00edzen, hogy elker\u00fclje a vesz\u00e9lyeket.<\/li>\n\n\n\n<li><strong>Testreszab\u00e1s \u00e9s fejl\u0151d\u00e9s<\/strong>: Nyissa fel a k\u00fcl\u00f6nb\u00f6z\u0151 sz\u00e1nok \u00e9s b\u0151r\u00f6k gy\u0171jt\u00e9s\u00e9vel aj\u00e1nd\u00e9kokat az \u00fat ment\u00e9n.<\/li>\n\n\n\n<li><strong>Szezon\u00e1lis hangulat<\/strong>: A h\u00f3f\u00f6dte hegyekkel \u00e9s \u00fcnnepi elemekkel t\u00f6k\u00e9letes j\u00e1t\u00e9k az \u00fcnnepekre.<\/li>\n\n\n\n<li><strong>Online hozz\u00e1f\u00e9r\u00e9s<\/strong>: A Sled Rider 3D-t an\u00e9lk\u00fcl j\u00e1tszhatod, hogy b\u00e1rmit is le kellene t\u00f6ltened. A j\u00e1t\u00e9k ingyenesen el\u00e9rhet\u0151 olyan platformokon, mint <a href=\"https:\/\/sledrider3d.com\/hu\/\">SledRider3D<\/a>.<\/li>\n\n\n\n<li><strong>Blokkolatlan hozz\u00e1f\u00e9r\u00e9s<\/strong>: A j\u00e1t\u00e9k egyes verzi\u00f3kban korl\u00e1tlan hozz\u00e1f\u00e9r\u00e9st biztos\u00edt, \u00edgy ak\u00e1r iskolai vagy munkahelyi k\u00f6rnyezetben is k\u00f6nnyen j\u00e1tszhat\u00f3.<\/li>\n<\/ul>\n\n\n\n<h3 class=\"wp-block-heading\" id=\"why-play-the-unblocked-version\">Mi\u00e9rt \u00e9rdemes a blokkolatlan verzi\u00f3t j\u00e1tszani?<\/h3>\n\n\n\n<p>A Sled Rider 3D blokkol\u00e1smentes verzi\u00f3ja biztos\u00edtja, hogy a j\u00e1t\u00e9kosok a h\u00e1l\u00f3zati korl\u00e1toz\u00e1sokt\u00f3l f\u00fcggetlen\u00fcl \u00e9lvezhess\u00e9k a j\u00e1t\u00e9kot. Ez\u00e1ltal ide\u00e1lis gyors sz\u00f3rakoz\u00e1sra az iskolai vagy munkahelyi sz\u00fcnetekben. Az olyan platformok, mint a <a href=\"https:\/\/sledrider3d.com\/hu\/\">SledRider3D<\/a> z\u00f6kken\u0151mentes \u00e9s biztons\u00e1gos m\u00f3dot k\u00edn\u00e1lnak a j\u00e1t\u00e9k megtapasztal\u00e1s\u00e1ra, let\u00f6lt\u00e9sek vagy speci\u00e1lis konfigur\u00e1ci\u00f3k n\u00e9lk\u00fcl.<\/p>\n\n\n\n<figure class=\"wp-block-embed is-type-video is-provider-youtube wp-block-embed-youtube wp-embed-aspect-16-9 wp-has-aspect-ratio\"><div class=\"wp-block-embed__wrapper\">\n<iframe loading=\"lazy\" title=\"\u0150R\u00dcLT \u00daJ VIL\u00c1GREKORD (\ud83d\udc51241\ud83d\udc51) A SNOW RIDER 3D-BEN \/\/ MUST WATCH!\" width=\"500\" height=\"281\" src=\"https:\/\/www.youtube.com\/embed\/iTBRRAlLKP0?feature=oembed\" frameborder=\"0\" allow=\"accelerometer; autoplay; clipboard-write; encrypted-media; gyroscope; picture-in-picture; web-share\" referrerpolicy=\"strict-origin-when-cross-origin\" allowfullscreen><\/iframe>\n<\/div><\/figure>\n\n\n\n<h2 class=\"wp-block-heading\" id=\"fa-qs-about-the-sled-rider-3-d-game\">GYIK a Sled Rider 3D j\u00e1t\u00e9kr\u00f3l<\/h2>\n\n\n\n<h3 class=\"wp-block-heading\" id=\"1-what-makes-sled-rider-3-d-a-christmas-themed-game\">1. <strong>Mit\u0151l lesz a Sled Rider 3D kar\u00e1csonyi t\u00e9m\u00e1j\u00fa j\u00e1t\u00e9k?<\/strong><\/h3>\n\n\n\n<p>A j\u00e1t\u00e9k \u00fcnnepi elemei, mint p\u00e9ld\u00e1ul a havas t\u00e1jak \u00e9s a Mikul\u00e1s-t\u00e9m\u00e1j\u00fa felold\u00e1sok, \u00fcnnepi hangulatot \u00e1rasztanak. Ez teszi \u00e9lvezetess\u00e9 a kar\u00e1csonyi j\u00e1t\u00e9kokat keres\u0151 j\u00e1t\u00e9kosok sz\u00e1m\u00e1ra.<\/p>\n\n\n\n<h3 class=\"wp-block-heading\" id=\"2-how-is-sled-rider-3-d-different-from-similar-games\">2. <strong>Miben k\u00fcl\u00f6nb\u00f6zik a Sled Rider 3D a hasonl\u00f3 j\u00e1t\u00e9kokt\u00f3l?<\/strong><\/h3>\n\n\n\n<p>M\u00e1s sz\u00e1nk\u00f3s j\u00e1t\u00e9kokkal ellent\u00e9tben a Sled Rider 3D a progressz\u00edv j\u00e1t\u00e9kmenetre \u00f6sszpontos\u00edt, feloldhat\u00f3 tartalommal, dinamikus szintekkel \u00e9s val\u00f3s idej\u0171 ranglist\u00e1kkal a versenyz\u0151 j\u00e1t\u00e9kosok sz\u00e1m\u00e1ra.<\/p>\n\n\n\n<h3 class=\"wp-block-heading\" id=\"3-can-i-play-sled-rider-3-d-for-free\">3. <strong>J\u00e1tszhatok a Sled Rider 3D-vel ingyen?<\/strong><\/h3>\n\n\n\n<p>Igen, a j\u00e1t\u00e9k teljesen ingyenesen j\u00e1tszhat\u00f3 online. Nincsenek j\u00e1t\u00e9kon bel\u00fcli v\u00e1s\u00e1rl\u00e1sok, \u00edgy mindenki sz\u00e1m\u00e1ra el\u00e9rhet\u0151v\u00e9 v\u00e1lik.<\/p>\n\n\n\n<h3 class=\"wp-block-heading\" id=\"4-what-are-the-benefits-of-playing-the-game-unblocked\">4. <strong>Milyen el\u0151ny\u00f6kkel j\u00e1r a j\u00e1t\u00e9k blokkol\u00e1smentes j\u00e1t\u00e9ka?<\/strong><\/h3>\n\n\n\n<p>A blokkol\u00e1smentes verzi\u00f3 megker\u00fcli a h\u00e1l\u00f3zati korl\u00e1toz\u00e1sokat, \u00edgy a j\u00e1t\u00e9kosok b\u00e1rhonnan \u00e9lvezhetik a j\u00e1t\u00e9kot, bele\u00e9rtve az iskol\u00e1kat \u00e9s a munkahelyeket is. Ez a verzi\u00f3 is megtartja az \u00f6sszes alapvet\u0151 funkci\u00f3t a min\u0151s\u00e9g roml\u00e1sa n\u00e9lk\u00fcl.<\/p>\n\n\n\n<h3 class=\"wp-block-heading\" id=\"5-what-is-the-best-sled-in-snow-rider-3-d\">5. <strong>Melyik a legjobb sz\u00e1nk\u00f3 a Snow Rider 3D-ben?<\/strong><\/h3>\n\n\n\n<p>A T\u00e9lap\u00f3 sz\u00e1nja az egyik legn\u00e9pszer\u0171bb sz\u00e1nk\u00f3 a j\u00e1t\u00e9kban. Felold\u00e1s\u00e1hoz sz\u00e1mos j\u00e1t\u00e9kbeli aj\u00e1nd\u00e9kot kell \u00f6sszegy\u0171jtened a j\u00e1t\u00e9k sor\u00e1n.<\/p>\n\n\n\n<h3 class=\"wp-block-heading\" id=\"6-what-is-the-highest-score-on-snow-rider-3-d\">6. <strong>Mi a legmagasabb pontsz\u00e1m a Snow Rider 3D j\u00e1t\u00e9kban?<\/strong><\/h3>\n\n\n\n<p>Konkr\u00e9t pontsz\u00e1mok nem nyilv\u00e1nosak, de a j\u00e1t\u00e9kosok gyakran versenyeznek az\u00e9rt, hogy magasabb helyez\u00e9seket \u00e9rjenek el a ranglist\u00e1n az akad\u00e1lyok elker\u00fcl\u00e9s\u00e9vel \u00e9s aj\u00e1nd\u00e9kok gy\u0171jt\u00e9s\u00e9vel.<\/p>\n\n\n\n<h3 class=\"wp-block-heading\" id=\"7-what-is-the-world-record-for-snow-rider-3-d\">7. <strong>Mi a Snow Rider 3D vil\u00e1grekordja?<\/strong><\/h3>\n\n\n\n<p>Jelenleg nem l\u00e9tezik ellen\u0151rz\u00f6tt vil\u00e1grekord. A j\u00e1t\u00e9kosokat arra b\u00e1tor\u00edtjuk, hogy t\u00f6rekedjenek szem\u00e9lyes legjobbjaik el\u00e9r\u00e9s\u00e9re, \u00e9s ossz\u00e1k meg azokat a j\u00e1t\u00e9kk\u00f6z\u00f6ss\u00e9gekben.<\/p>\n\n\n\n<h3 class=\"wp-block-heading\" id=\"8-when-was-snow-rider-3-d-made\">8. <strong>Mikor k\u00e9sz\u00fclt a Snow Rider 3D?<\/strong><\/h3>\n\n\n\n<p>A j\u00e1t\u00e9k 2023. okt\u00f3ber 13-\u00e1n jelent meg, \u00e9s \u00e9ppen az \u00fcnnepek el\u0151tt k\u00edn\u00e1l egy szezon\u00e1lis t\u00e9li kalandot.<\/p>\n\n\n\n<h3 class=\"wp-block-heading\" id=\"9-how-much-is-the-santa-sleigh-in-snow-rider-3-d\">9. <strong>Mennyibe ker\u00fcl a Mikul\u00e1s sz\u00e1n a Snow Rider 3D-ben?<\/strong><\/h3>\n\n\n\n<p>A Mikul\u00e1s-sz\u00e1n felold\u00e1s\u00e1hoz a j\u00e1t\u00e9kosoknak elegend\u0151 aj\u00e1nd\u00e9kot kell gy\u0171jteni\u00fck a fut\u00e1saik sor\u00e1n, mivel ez egy jutalomalap\u00fa felold\u00e1s, nem pedig v\u00e1s\u00e1rl\u00e1si lehet\u0151s\u00e9g.<\/p>\n\n\n\n<p>Ref: <a href=\"https:\/\/megaman.fandom.com\/wiki\/Snow_Rider\" data-type=\"link\" data-id=\"https:\/\/megaman.fandom.com\/wiki\/Snow_Rider\" target=\"_blank\" rel=\"noreferrer noopener\">FANDOM<\/a>, <a href=\"https:\/\/en.wikipedia.org\/wiki\/Snowrider\" data-type=\"link\" data-id=\"https:\/\/en.wikipedia.org\/wiki\/Snowrider\" target=\"_blank\" rel=\"noreferrer noopener\">Wikipedia<\/a><\/p>\n\n\n\n<p><\/p>","protected":false},"excerpt":{"rendered":"<p>Sled Rider 3D j\u00e1t\u00e9k \ud83d\udd79 J\u00e1tssz ingyenesen online blokkolatlan havas j\u00e1t\u00e9kokat teljes k\u00e9perny\u0151n Bevezet\u00e9s a Sled Rider 3D j\u00e1t\u00e9kba Mi az a Sled Rider 3D? A Sled Rider 3D egy lebilincsel\u0151 t\u00e9li t\u00e9m\u00e1j\u00fa online j\u00e1t\u00e9k, ahol a j\u00e1t\u00e9kosok egy sz\u00e1nk\u00f3t ir\u00e1ny\u00edtanak, mik\u00f6zben az akad\u00e1lyokkal, p\u00e9ld\u00e1ul szikl\u00e1kkal, f\u00e1kkal \u00e9s szikl\u00e1kkal teli havas lejt\u0151k\u00f6n sz\u00e1guld lefel\u00e9. A j\u00e1t\u00e9kmenet k\u00f6z\u00e9ppontj\u00e1ban [...]<\/p>","protected":false},"author":1,"featured_media":43,"parent":0,"menu_order":0,"comment_status":"open","ping_status":"closed","template":"","meta":{"footnotes":""},"class_list":["post-37","page","type-page","status-publish","has-post-thumbnail","hentry"],"_links":{"self":[{"href":"https:\/\/sledrider3d.com\/hu\/wp-json\/wp\/v2\/pages\/37","targetHints":{"allow":["GET"]}}],"collection":[{"href":"https:\/\/sledrider3d.com\/hu\/wp-json\/wp\/v2\/pages"}],"about":[{"href":"https:\/\/sledrider3d.com\/hu\/wp-json\/wp\/v2\/types\/page"}],"author":[{"embeddable":true,"href":"https:\/\/sledrider3d.com\/hu\/wp-json\/wp\/v2\/users\/1"}],"replies":[{"embeddable":true,"href":"https:\/\/sledrider3d.com\/hu\/wp-json\/wp\/v2\/comments?post=37"}],"version-history":[{"count":11,"href":"https:\/\/sledrider3d.com\/hu\/wp-json\/wp\/v2\/pages\/37\/revisions"}],"predecessor-version":[{"id":132,"href":"https:\/\/sledrider3d.com\/hu\/wp-json\/wp\/v2\/pages\/37\/revisions\/132"}],"wp:featuredmedia":[{"embeddable":true,"href":"https:\/\/sledrider3d.com\/hu\/wp-json\/wp\/v2\/media\/43"}],"wp:attachment":[{"href":"https:\/\/sledrider3d.com\/hu\/wp-json\/wp\/v2\/media?parent=37"}],"curies":[{"name":"wp","href":"https:\/\/api.w.org\/{rel}","templated":true}]}}