{"id":112,"date":"2024-10-27T10:20:39","date_gmt":"2024-10-27T10:20:39","guid":{"rendered":"https:\/\/sledrider3d.com\/?page_id=112"},"modified":"2024-10-27T10:55:27","modified_gmt":"2024-10-27T10:55:27","slug":"snow-rider-3d","status":"publish","type":"page","link":"https:\/\/sledrider3d.com\/hu\/snow-rider-3d\/","title":{"rendered":"Snow Rider 3D"},"content":{"rendered":"<h2 class=\"wp-block-heading has-text-align-center\" id=\"play-escape-road-halloween\ufffc-game-online-\ud83d\udd79-free-driving-games\" style=\"font-size:clamp(0.929rem, 0.929rem + ((1vw - 0.2rem) * 0.785), 1.4rem);\"><strong>J\u00e1tssz Snow Rider 3D j\u00e1t\u00e9k online \ud83d\udd79 Ingyenes blokkol\u00e1smentes havas j\u00e1t\u00e9kok<\/strong><\/h2>\n\n\n\n<div class=\"wp-block-group has-global-padding is-layout-constrained wp-container-core-group-is-layout-704e782a wp-block-group-is-layout-constrained\">\n<div class=\"iframe-container\">\n    <iframe loading=\"lazy\" id=\"myIframe\" src=\"https:\/\/snow-rider3d-cic.pages.dev\" width=\"100%\" height=\"630px\"><\/iframe>\n<\/div>\n<div class=\"control-bar\">\n    <button id=\"fullscreenBtn\" onclick=\"toggleFullScreen()\">\n        <svg class=\"fullscreen-icon\" viewbox=\"0 0 24 24\" width=\"16\" height=\"16\">\n            <path d=\"M7 14H5v5h5v-2H7v-3zm-2-4h2V7h3V5H5v5zm12 7h-3v2h5v-5h-2v3zM14 5v2h3v3h2V5h-5z\"\/>\n        <\/svg>\n        <span>Teljes k\u00e9perny\u0151<\/span>\n    <\/button>\n<\/div>\n\n<style>\n.iframe-container {\n    width: 100%;\n    margin: 0 auto;\n    border-radius: 8px;\n    overflow: hidden;\n}\n\n.control-bar {\n    display: flex;\n    justify-content: flex-end;\n    padding: 1px 0;  \/* \u4e0a\u4e0b\u589e\u52a0\u95f4\u8ddd *\/\n}\n\n#fullscreenBtn {\n    display: flex;\n    align-items: center;\n    gap: 1px;\n    padding: 8px 12px;\n    background-color: #2d2d2d;\n    border: none;\n    border-radius: 4px;\n    color: white;\n    cursor: pointer;\n    transition: background-color 0.2s;\n}\n\n#fullscreenBtn:hover {\n    background-color: #404040;\n}\n\n.fullscreen-icon {\n    fill: currentColor;\n}\n<\/style>\n<\/div>\n\n\n\n<div style=\"height:2px\" aria-hidden=\"true\" class=\"wp-block-spacer\"><\/div>\n\n\n\n<div class=\"wp-block-group is-layout-grid wp-container-core-group-is-layout-722e4d33 wp-block-group-is-layout-grid\">\n<figure class=\"wp-block-image size-full has-custom-border\"><a href=\"https:\/\/sledrider3d.com\/hu\/snow-road\/\" target=\"_blank\" rel=\"noreferrer noopener\"><img decoding=\"async\" src=\"https:\/\/escaperoad.fun\/wp-content\/uploads\/2024\/10\/background-1.png\" alt=\"\" class=\"wp-image-128\" style=\"border-radius:10px\"\/><\/a><\/figure>\n\n\n\n<figure class=\"wp-block-image size-full has-custom-border\"><a href=\"https:\/\/sledrider3d.com\/hu\/snow-rider-3d\/\" target=\"_blank\" rel=\"noreferrer noopener\"><img decoding=\"async\" src=\"https:\/\/escaperoad.fun\/wp-content\/uploads\/2024\/10\/WX20241023-192336@2x-1-1.png\" alt=\"\" class=\"wp-image-139\" style=\"border-radius:10px\"\/><\/a><\/figure>\n\n\n\n<figure class=\"wp-block-image size-full has-custom-border\"><a href=\"https:\/\/sledrider3d.com\/hu\/\" target=\"_blank\" rel=\"noreferrer noopener\"><img decoding=\"async\" src=\"https:\/\/escaperoad.fun\/wp-content\/uploads\/2024\/10\/logo-2-1.png\" alt=\"\" class=\"wp-image-138\" style=\"border-radius:10px\"\/><\/a><\/figure>\n\n\n\n<figure class=\"wp-block-image size-full has-custom-border is-style-default wp-container-content-0d18e1c1\"><a href=\"https:\/\/sledrider3d.com\/hu\/escape-road\/escape-road-game\/\" target=\"_blank\" rel=\"noreferrer noopener\"><img decoding=\"async\" src=\"https:\/\/escaperoad.fun\/wp-content\/uploads\/2024\/10\/Escape-Road-cl-1-1.png\" alt=\"\" class=\"wp-image-98\" style=\"border-radius:10px\"\/><\/a><\/figure>\n\n\n\n<figure class=\"wp-block-image size-full has-custom-border\"><a href=\"https:\/\/sledrider3d.com\/hu\/car\/escape-road-halloween\/\" target=\"_blank\" rel=\"noreferrer noopener\"><img decoding=\"async\" src=\"https:\/\/escaperoad.fun\/wp-content\/uploads\/2024\/10\/WX20241026-160813@2x-2.png\" alt=\"\" class=\"wp-image-100\" style=\"border-radius:10px\"\/><\/a><\/figure>\n\n\n\n<figure class=\"wp-block-image size-full has-custom-border\"><a href=\"https:\/\/sledrider3d.com\/hu\/car\/escape-road-city\/\" target=\"_blank\" rel=\"noreferrer noopener\"><img decoding=\"async\" src=\"https:\/\/escaperoad.fun\/wp-content\/uploads\/2024\/10\/WX20241026-175349@2x-1-1.png\" alt=\"\" class=\"wp-image-130\" style=\"border-radius:10px\"\/><\/a><\/figure>\n\n\n\n<figure class=\"wp-block-image size-thumbnail has-custom-border\"><a href=\"https:\/\/sledrider3d.com\/hu\/car\/escape-road-city-2\/\" target=\"_blank\" rel=\" noreferrer noopener\"><img loading=\"lazy\" decoding=\"async\" width=\"150\" height=\"150\" src=\"https:\/\/sledrider3d.com\/wp-content\/uploads\/2024\/10\/WX20250130-163958@2x-150x150.webp\" alt=\"\" class=\"wp-image-184\" style=\"border-radius:10px\" srcset=\"https:\/\/sledrider3d.com\/wp-content\/uploads\/2024\/10\/WX20250130-163958@2x-150x150.webp 150w, https:\/\/sledrider3d.com\/wp-content\/uploads\/2024\/10\/WX20250130-163958@2x-300x300.webp 300w, https:\/\/sledrider3d.com\/wp-content\/uploads\/2024\/10\/WX20250130-163958@2x-12x12.webp 12w, https:\/\/sledrider3d.com\/wp-content\/uploads\/2024\/10\/WX20250130-163958@2x.webp 500w\" sizes=\"auto, (max-width: 150px) 100vw, 150px\" \/><\/a><\/figure>\n\n\n\n<figure class=\"wp-block-image size-full has-custom-border\"><a href=\"https:\/\/sledrider3d.com\/hu\/car\/smashy-road\/\" target=\"_blank\" rel=\"noreferrer noopener\"><img decoding=\"async\" src=\"https:\/\/escaperoad.fun\/wp-content\/uploads\/2024\/10\/download-8-1.png\" alt=\"\" class=\"wp-image-99\" style=\"border-radius:10px\"\/><\/a><\/figure>\n\n\n\n<figure class=\"wp-block-image size-full has-custom-border\"><a href=\"https:\/\/sledrider3d.com\/hu\/sprunki\/incredibox-sprunki\/\" target=\"_blank\" rel=\"noreferrer noopener\"><img decoding=\"async\" src=\"https:\/\/escaperoad.fun\/wp-content\/uploads\/2024\/10\/incredibox-sprunki-1.jpg\" alt=\"\" class=\"wp-image-140\" style=\"border-radius:10px\"\/><\/a><\/figure>\n\n\n\n<figure class=\"wp-block-image size-thumbnail has-custom-border\"><a href=\"https:\/\/sledrider3d.com\/hu\/road\/crossy-road\/\" target=\"_blank\" rel=\"noreferrer noopener\"><img loading=\"lazy\" decoding=\"async\" width=\"150\" height=\"150\" src=\"https:\/\/sledrider3d.com\/wp-content\/uploads\/2024\/10\/crossy-road-sr1-f180x180-150x150.webp\" alt=\"\" class=\"wp-image-177\" style=\"border-radius:10px\" srcset=\"https:\/\/sledrider3d.com\/wp-content\/uploads\/2024\/10\/crossy-road-sr1-f180x180-150x150.webp 150w, https:\/\/sledrider3d.com\/wp-content\/uploads\/2024\/10\/crossy-road-sr1-f180x180-12x12.webp 12w, https:\/\/sledrider3d.com\/wp-content\/uploads\/2024\/10\/crossy-road-sr1-f180x180.webp 200w\" sizes=\"auto, (max-width: 150px) 100vw, 150px\" \/><\/a><\/figure>\n\n\n\n<figure class=\"wp-block-image size-full has-custom-border\"><a href=\"https:\/\/sledrider3d.com\/hu\/stickman\/stickman-hook\/\" target=\"_blank\" rel=\"noreferrer noopener\"><img decoding=\"async\" src=\"https:\/\/escaperoad.fun\/wp-content\/uploads\/2024\/10\/WX20241026-210554@2x-1.png\" alt=\"\" class=\"wp-image-142\" style=\"border-radius:10px\"\/><\/a><\/figure>\n\n\n\n<figure class=\"wp-block-image size-full has-custom-border\"><a href=\"https:\/\/sledrider3d.com\/hu\/motocycle\/moto-x3m\/\" target=\"_blank\" rel=\"noreferrer noopener\"><img decoding=\"async\" src=\"https:\/\/escaperoad.fun\/wp-content\/uploads\/2024\/10\/maxresdefault-1.jpg\" alt=\"\" class=\"wp-image-143\" style=\"border-radius:10px\"\/><\/a><\/figure>\n\n\n\n<figure class=\"wp-block-image size-full\"><a href=\"https:\/\/sledrider3d.com\/hu\/clicker\/cookie-clicker\/\" target=\"_blank\" rel=\"noreferrer noopener\"><img decoding=\"async\" src=\"https:\/\/escaperoad.fun\/wp-content\/uploads\/2024\/10\/icon.png\" alt=\"\" class=\"wp-image-150\"\/><\/a><\/figure>\n\n\n\n<figure class=\"wp-block-image size-thumbnail has-custom-border\"><a href=\"https:\/\/sledrider3d.com\/hu\/clicker\/chill-guy-clicker\/\" target=\"_blank\" rel=\"noreferrer noopener\"><img loading=\"lazy\" decoding=\"async\" width=\"150\" height=\"150\" src=\"https:\/\/sledrider3d.com\/wp-content\/uploads\/2024\/10\/WX20241220-102702@2x-150x150.webp\" alt=\"\" class=\"wp-image-170\" style=\"border-radius:10px\" srcset=\"https:\/\/sledrider3d.com\/wp-content\/uploads\/2024\/10\/WX20241220-102702@2x-150x150.webp 150w, https:\/\/sledrider3d.com\/wp-content\/uploads\/2024\/10\/WX20241220-102702@2x-300x300.webp 300w, https:\/\/sledrider3d.com\/wp-content\/uploads\/2024\/10\/WX20241220-102702@2x-12x12.webp 12w, https:\/\/sledrider3d.com\/wp-content\/uploads\/2024\/10\/WX20241220-102702@2x.webp 500w\" sizes=\"auto, (max-width: 150px) 100vw, 150px\" \/><\/a><\/figure>\n<\/div>\n\n\n\n<div style=\"height:30px\" aria-hidden=\"true\" class=\"wp-block-spacer\"><\/div>\n\n\n\n<h2 class=\"wp-block-heading\" id=\"snow-rider-3-d-game-free-to-play-unblocked-games\">Snow Rider 3D j\u00e1t\u00e9k: Snow Snow Snow Snow: Free to Play Unblocked Games: Free to Play Unblocked Games<\/h2>\n\n\n\n<p>A Snow Rider 3D egy addikt\u00edv, ingyenesen j\u00e1tszhat\u00f3 szabadul\u00f3j\u00e1t\u00e9k, amely v\u00e9gtelen sz\u00f3rakoz\u00e1st k\u00edn\u00e1l. Ak\u00e1r egy sz\u00fcnetben szeretn\u00e9d el\u00fctni az id\u0151t, ak\u00e1r komoly pontsz\u00e1m-kih\u00edv\u00e1sokban szeretn\u00e9l r\u00e9szt venni, ez a j\u00e1t\u00e9k mindenki sz\u00e1m\u00e1ra tartogat valamit. Gy\u0151z\u0151dj\u00f6n meg r\u00f3la, hogy kipr\u00f3b\u00e1lja a blokkol\u00e1smentes verzi\u00f3kat a z\u00f6kken\u0151mentes hozz\u00e1f\u00e9r\u00e9s \u00e9rdek\u00e9ben, k\u00fcl\u00f6n\u00f6sen az olyan platformokon, mint a <strong>sledrider3d.com<\/strong> \u00e9s m\u00e1s n\u00e9pszer\u0171 j\u00e1t\u00e9koldalak\u30109\u3011\u301010\u3011.<\/p>\n\n\n\n<div class=\"wp-block-rank-math-toc-block\" id=\"rank-math-toc\"><h3>Tartalomjegyz\u00e9k<\/h3><nav><ul><li><a href=\"#what-is-snow-rider-3-d\">Mi az a Snow Rider 3D?<\/a><ul><li><a href=\"#game-background\">J\u00e1t\u00e9k h\u00e1ttere Snow Rider 3D j\u00e1t\u00e9k<\/a><\/li><\/ul><\/li><li><a href=\"#why-snow-rider-3-d-is-trending\">Mi\u00e9rt van trendben a Snow Rider 3D<\/a><\/li><li><a href=\"#how-to-play-snow-rider-3-d\">Hogyan kell j\u00e1tszani Snow Rider 3D Unblocked<\/a><ul><li><a href=\"#levels-and-gameplay-details\">A Snow Rider 3D j\u00e1t\u00e9k szintjei \u00e9s j\u00e1t\u00e9kmenet\u00e9nek r\u00e9szletei<\/a><\/li><\/ul><\/li><li><a href=\"#features-and-characters\">A Snow Rider 3D j\u00e1t\u00e9k jellemz\u0151i \u00e9s karakterei<\/a><\/li><li><a href=\"#pro-tips-and-tricks\">Pro Tippek \u00e9s tr\u00fckk\u00f6k a Snow Rider 3D j\u00e1t\u00e9khoz<\/a><\/li><\/ul><\/nav><\/div>\n\n\n\n<h3 class=\"wp-block-heading\" id=\"what-is-snow-rider-3-d\">Mi az a Snow Rider 3D?<\/h3>\n\n\n\n<figure class=\"wp-block-image size-full\"><img loading=\"lazy\" decoding=\"async\" width=\"800\" height=\"486\" src=\"https:\/\/sledrider3d.com\/wp-content\/uploads\/2024\/10\/WX20241023-192336@2x-1.png\" alt=\"\" class=\"wp-image-119\" srcset=\"https:\/\/sledrider3d.com\/wp-content\/uploads\/2024\/10\/WX20241023-192336@2x-1.png 800w, https:\/\/sledrider3d.com\/wp-content\/uploads\/2024\/10\/WX20241023-192336@2x-1-300x182.png 300w, https:\/\/sledrider3d.com\/wp-content\/uploads\/2024\/10\/WX20241023-192336@2x-1-768x467.png 768w, https:\/\/sledrider3d.com\/wp-content\/uploads\/2024\/10\/WX20241023-192336@2x-1-18x12.png 18w\" sizes=\"auto, (max-width: 800px) 100vw, 800px\" \/><\/figure>\n\n\n\n<p>A Snow Rider 3D egy izgalmas online t\u00e9li sportj\u00e1t\u00e9k, amely a j\u00e1t\u00e9kosok sz\u00e1m\u00e1ra a havas t\u00e1jakon val\u00f3 sz\u00e1nk\u00f3z\u00e1s izgalm\u00e1t k\u00edn\u00e1lja. Ez az ingyenesen j\u00e1tszhat\u00f3 j\u00e1t\u00e9k b\u00f6ng\u00e9sz\u0151k\u00f6n kereszt\u00fcl \u00e9rhet\u0151 el, \u00edgy a j\u00e1t\u00e9kosok let\u00f6lt\u00e9s vagy telep\u00edt\u00e9s n\u00e9lk\u00fcl belevethetik magukat a gyors temp\u00f3j\u00fa, akad\u00e1lyokkal teli j\u00e1t\u00e9kmenetbe. A blokkol\u00e1smentes verzi\u00f3ja k\u00fcl\u00f6n\u00f6sen n\u00e9pszer\u0171 az iskol\u00e1kban \u00e9s munkahelyeken, ahol a j\u00e1t\u00e9khoz val\u00f3 hozz\u00e1f\u00e9r\u00e9s egy\u00e9bk\u00e9nt korl\u00e1tozott lehet.<\/p>\n\n\n\n<hr class=\"wp-block-separator has-alpha-channel-opacity\"\/>\n\n\n\n<h4 class=\"wp-block-heading\" id=\"game-background\">J\u00e1t\u00e9k h\u00e1ttere Snow Rider 3D j\u00e1t\u00e9k<\/h4>\n\n\n\n<p>Az eredetileg 2019-ben indult Snow Rider 3D az online j\u00e1t\u00e9kosok k\u00f6r\u00e9ben a rajong\u00f3k kedvenc\u00e9v\u00e9 v\u00e1lt. Egyszer\u0171 mechanik\u00e1j\u00e1val az alkalmi j\u00e1t\u00e9kosokat \u00e9s a versenyz\u0151 rajong\u00f3kat is megsz\u00f3l\u00edtja, akik \u00e9lvezik minden p\u00e1lya elsaj\u00e1t\u00edt\u00e1s\u00e1t. A j\u00e1t\u00e9kban a j\u00e1t\u00e9kosok havas utakon sz\u00e1guldhatnak, kiker\u00fclhetik az olyan akad\u00e1lyokat, mint a f\u00e1k \u00e9s h\u00f3emberek, \u00e9s \u00f6sszegy\u0171jthetik a p\u00e1ly\u00e1n sz\u00e9tsz\u00f3rt aj\u00e1nd\u00e9kokat.<\/p>\n\n\n\n<hr class=\"wp-block-separator has-alpha-channel-opacity\"\/>\n\n\n\n<h3 class=\"wp-block-heading\" id=\"why-snow-rider-3-d-is-trending\">Mi\u00e9rt van trendben a Snow Rider 3D<\/h3>\n\n\n\n<p>A j\u00e1t\u00e9k n\u00f6vekv\u0151 n\u00e9pszer\u0171s\u00e9ge t\u00f6bb t\u00e9nyez\u0151nek tulajdon\u00edthat\u00f3:<\/p>\n\n\n\n<ul class=\"wp-block-list\">\n<li><strong>Hozz\u00e1f\u00e9rhet\u0151s\u00e9g<\/strong>: T\u00f6bb platformon is feloldja a blokkol\u00e1st, \u00edgy iskol\u00e1kban \u00e9s munkahelyeken is sz\u00edvesen haszn\u00e1lj\u00e1k.<\/li>\n\n\n\n<li><strong>Egyszer\u0171s\u00e9g m\u00e9lys\u00e9ggel<\/strong>: Az intuit\u00edv vez\u00e9rl\u00e9s k\u00f6nnyen megtanulhat\u00f3, de kih\u00edv\u00e1s elsaj\u00e1t\u00edtani.<\/li>\n\n\n\n<li><strong>Szezon\u00e1lis vonzer\u0151<\/strong>: T\u00f6k\u00e9letesen \u00e9rz\u00e9kelteti a t\u00e9li sportok izgalm\u00e1t, ami a hidegebb h\u00f3napokban m\u00e9g ink\u00e1bb n\u00f6veli a var\u00e1zs\u00e1t.<\/li>\n\n\n\n<li><strong>Versenyel\u0151ny<\/strong>: A j\u00e1t\u00e9kosok c\u00e9lja a magas pontsz\u00e1mok el\u00e9r\u00e9se az aj\u00e1nd\u00e9kok \u00f6sszegy\u0171jt\u00e9s\u00e9vel \u00e9s a sz\u00e1nk\u00f3 fejleszt\u00e9sek felold\u00e1s\u00e1val, ami t\u00f6bbsz\u00f6ri j\u00e1t\u00e9kra \u00f6szt\u00f6n\u00f6z.<\/li>\n<\/ul>\n\n\n\n<hr class=\"wp-block-separator has-alpha-channel-opacity\"\/>\n\n\n\n<h3 class=\"wp-block-heading\" id=\"how-to-play-snow-rider-3-d\">Hogyan kell j\u00e1tszani Snow Rider 3D Unblocked<\/h3>\n\n\n\n<p>A sz\u00e1n ir\u00e1ny\u00edt\u00e1s\u00e1hoz haszn\u00e1lja a <strong>ny\u00edlbillenty\u0171k<\/strong> vagy <strong>WASD billenty\u0171k<\/strong>. Az akad\u00e1lyokat \u00e1tugorhatja, ha megnyomja a <strong>sz\u00f3k\u00f6z<\/strong> vagy a <strong>felfel\u00e9 mutat\u00f3 ny\u00edl<\/strong>. A c\u00e9l az, hogy a lehet\u0151 legmesszebbre ereszkedj, mik\u00f6zben aj\u00e1nd\u00e9kokat gy\u0171jtesz, amelyek hozz\u00e1j\u00e1rulnak a pontsz\u00e1modhoz \u00e9s \u00faj sz\u00e1nk\u00f3kat nyitnak ki. Ahogy haladsz el\u0151re, a j\u00e1t\u00e9k egyre gyorsabb\u00e1 v\u00e1lik, \u00e9s \u00e9les reflexeket \u00e9s strat\u00e9giai gondolkod\u00e1st ig\u00e9nyel.<\/p>\n\n\n\n<figure class=\"wp-block-image size-full\"><img loading=\"lazy\" decoding=\"async\" width=\"800\" height=\"445\" src=\"https:\/\/sledrider3d.com\/wp-content\/uploads\/2024\/10\/WX20241023-192731@2x-1.png\" alt=\"\" class=\"wp-image-117\" srcset=\"https:\/\/sledrider3d.com\/wp-content\/uploads\/2024\/10\/WX20241023-192731@2x-1.png 800w, https:\/\/sledrider3d.com\/wp-content\/uploads\/2024\/10\/WX20241023-192731@2x-1-300x167.png 300w, https:\/\/sledrider3d.com\/wp-content\/uploads\/2024\/10\/WX20241023-192731@2x-1-768x427.png 768w, https:\/\/sledrider3d.com\/wp-content\/uploads\/2024\/10\/WX20241023-192731@2x-1-18x10.png 18w\" sizes=\"auto, (max-width: 800px) 100vw, 800px\" \/><\/figure>\n\n\n\n<hr class=\"wp-block-separator has-alpha-channel-opacity\"\/>\n\n\n\n<h4 class=\"wp-block-heading\" id=\"levels-and-gameplay-details\">A Snow Rider 3D j\u00e1t\u00e9k szintjei \u00e9s j\u00e1t\u00e9kmenet\u00e9nek r\u00e9szletei<\/h4>\n\n\n\n<p>B\u00e1r a j\u00e1t\u00e9k nem rendelkezik k\u00fcl\u00f6n\u00e1ll\u00f3 szintekkel, minden egyes \u00fcl\u00e9s \u00faj kih\u00edv\u00e1sokat jelent a sebess\u00e9g \u00e9s a terep alapj\u00e1n. A v\u00e9gtelen\u00edtett p\u00e1lya fokozatosan n\u00f6veli a neh\u00e9zs\u00e9get, \u00edgy a j\u00e1t\u00e9kosok k\u00e9nytelenek alkalmazkodni \u00e9s jav\u00edtani a teljes\u00edtm\u00e9ny\u00fcket, hogy magasabb pontsz\u00e1mot \u00e9rjenek el.<\/p>\n\n\n\n<hr class=\"wp-block-separator has-alpha-channel-opacity\"\/>\n\n\n\n<h3 class=\"wp-block-heading\" id=\"features-and-characters\">A Snow Rider 3D j\u00e1t\u00e9k jellemz\u0151i \u00e9s karakterei<\/h3>\n\n\n\n<ul class=\"wp-block-list\">\n<li><strong>Power-ups<\/strong>: A p\u00e1ly\u00e1n tal\u00e1lhat\u00f3 aj\u00e1nd\u00e9kok b\u00f3nuszpontokat \u00e9s id\u0151nk\u00e9nt sebess\u00e9gn\u00f6vel\u00e9st ny\u00fajtanak.<\/li>\n\n\n\n<li><strong>K\u00fcl\u00f6nb\u00f6z\u0151 sz\u00e1nk\u00f3k<\/strong>: A j\u00e1t\u00e9kosok \u00faj sz\u00e1nmodelleket oldhatnak fel, ha elegend\u0151 pontot gy\u0171jtenek.<\/li>\n\n\n\n<li><strong>Akad\u00e1lyok<\/strong>: A h\u00f3emberek \u00e9s f\u00e1k mellett a j\u00e1t\u00e9kosoknak el kell ker\u00fclni\u00fck a tr\u00fckk\u00f6s lejt\u0151ket, amelyek balesetet okozhatnak.<\/li>\n<\/ul>\n\n\n\n<hr class=\"wp-block-separator has-alpha-channel-opacity\"\/>\n\n\n\n<h3 class=\"wp-block-heading\" id=\"pro-tips-and-tricks\">Pro Tippek \u00e9s tr\u00fckk\u00f6k a Snow Rider 3D j\u00e1t\u00e9khoz<\/h3>\n\n\n\n<ol class=\"wp-block-list\">\n<li><strong>Mesteri ugr\u00e1sok<\/strong>: Haszn\u00e1lja a lejt\u0151ket az extra leveg\u0151id\u0151 \u00e9rdek\u00e9ben, de a lend\u00fclet fenntart\u00e1sa \u00e9rdek\u00e9ben biztos\u00edtsa a sima lesz\u00e1ll\u00e1st.<\/li>\n\n\n\n<li><strong>Aj\u00e1nd\u00e9koz\u00e1s<\/strong>: Koncentr\u00e1ljon arra, hogy t\u00f6bb aj\u00e1nd\u00e9kot gy\u0171jts\u00f6n egy sorban an\u00e9lk\u00fcl, hogy let\u00e9rne az \u00fatr\u00f3l.<\/li>\n\n\n\n<li><strong>Sebess\u00e9gn\u00f6vel\u00e9s<\/strong>: Mentsd el a sebess\u00e9g-er\u0151s\u00edt\u0151ket a neh\u00e9z szakaszokra, hogy el\u0151nyre tegy\u00e9l szert.<\/li>\n<\/ol>\n\n\n\n<figure class=\"wp-block-image size-full\"><img loading=\"lazy\" decoding=\"async\" width=\"400\" height=\"265\" src=\"https:\/\/sledrider3d.com\/wp-content\/uploads\/2024\/10\/logo-2.png\" alt=\"\" class=\"wp-image-120\" srcset=\"https:\/\/sledrider3d.com\/wp-content\/uploads\/2024\/10\/logo-2.png 400w, https:\/\/sledrider3d.com\/wp-content\/uploads\/2024\/10\/logo-2-300x199.png 300w, https:\/\/sledrider3d.com\/wp-content\/uploads\/2024\/10\/logo-2-18x12.png 18w\" sizes=\"auto, (max-width: 400px) 100vw, 400px\" \/><\/figure>\n\n\n\n<hr class=\"wp-block-separator has-alpha-channel-opacity\"\/>\n\n\n\n<h2 class=\"wp-block-heading\" id=\"faq\">GYIK a Snow Rider 3D blokkolatlan j\u00e1t\u00e9kr\u00f3l<\/h2>\n\n\n\n<figure class=\"wp-block-table\"><table class=\"has-fixed-layout\"><thead><tr><th><strong>K\u00e9rd\u00e9s<\/strong><\/th><th><strong>V\u00e1lasz<\/strong><\/th><\/tr><\/thead><tbody><tr><td><strong>Lehet Snow Rider 3D-t online j\u00e1tszani?<\/strong><\/td><td>Igen, a Snow Rider 3D online ingyenesen j\u00e1tszhat\u00f3 t\u00f6bb platformon.<\/td><\/tr><tr><td><strong>Mit\u0151l lesz a Snow Rider 3D egy szabadul\u00f3j\u00e1t\u00e9k?<\/strong><\/td><td>A j\u00e1t\u00e9kosoknak \u00fcgyesen kell kit\u00e9rni\u00fck az \u00faton l\u00e9v\u0151 akad\u00e1lyok el\u0151l, hogy elker\u00fclj\u00e9k az \u00fctk\u00f6z\u00e9st, ami a j\u00e1t\u00e9kmenethez egy menek\u00fcl\u00e9si kih\u00edv\u00e1st ad.<\/td><\/tr><tr><td><strong>Hol tal\u00e1lok Snow Rider 3D unblocked?<\/strong><\/td><td>L\u00e1togasson el az olyan oldalakra, mint <strong><a href=\"https:\/\/sledrider3d.com\/hu\/snow-rider-3d\/\">sledrider3d.com<\/a><\/strong> a blokkolatlan hozz\u00e1f\u00e9r\u00e9shez.<\/td><\/tr><tr><td><strong>Hogyan tudom ir\u00e1ny\u00edtani a sz\u00e1nk\u00f3t?<\/strong><\/td><td>Haszn\u00e1lja a  c\u00edmet. <strong>ny\u00edlbillenty\u0171k<\/strong> vagy <strong>WASD<\/strong> billenty\u0171k a navig\u00e1ci\u00f3hoz \u00e9s <strong>sz\u00f3k\u00f6z<\/strong> ugrani.<\/td><\/tr><tr><td><strong>A Snow Rider 3D ingyenesen j\u00e1tszhat\u00f3?<\/strong><\/td><td>Igen, teljesen ingyenesen j\u00e1tszhat\u00f3, let\u00f6lt\u00e9s n\u00e9lk\u00fcl.<\/td><\/tr><tr><td><strong>Mik azok a \"havas utak\" a j\u00e1t\u00e9kban?<\/strong><\/td><td>A havas utak a jeges p\u00e1ly\u00e1kra utalnak, amelyeken a j\u00e1t\u00e9kosoknak a j\u00e1t\u00e9k sor\u00e1n v\u00e9gig kell navig\u00e1lniuk.<\/td><\/tr><tr><td><strong>Hogyan m\u0171k\u00f6dnek a feloldott verzi\u00f3k?<\/strong><\/td><td>A blokkolatlan verzi\u00f3k megker\u00fclik az iskol\u00e1khoz hasonl\u00f3 platformokon \u00e9rv\u00e9nyes korl\u00e1toz\u00e1sokat, \u00edgy a j\u00e1t\u00e9khoz szabadon hozz\u00e1f\u00e9rhetsz.<\/td><\/tr><tr><td><strong>Mi az a Snow Rider 3D oszt\u00e1lyterem 6x?<\/strong><\/td><td>Ez egy iskolai k\u00f6rnyezetre optimaliz\u00e1lt v\u00e1ltozat, gyakran megtal\u00e1lhat\u00f3 a j\u00e1t\u00e9koldalakon az oszt\u00e1lyterem 6x alatt.<\/td><\/tr><tr><td><strong>Hozz\u00e1f\u00e9rhetek a Snow Rider 3D-hez a Hooda Math-on?<\/strong><\/td><td>Igen, a j\u00e1t\u00e9kk\u00f6nyvt\u00e1r r\u00e9szek\u00e9nt el\u00e9rhet\u0151 a <strong>Hooda Math<\/strong>.<\/td><\/tr><tr><td><strong>Mi t\u00f6rt\u00e9nik, ha lezuhanok?<\/strong><\/td><td>A j\u00e1t\u00e9k \u00fajraindul, \u00e9s a j\u00e1t\u00e9kosok azonnal \u00fajraind\u00edthatj\u00e1k a p\u00e1ly\u00e1t.<\/td><\/tr><tr><td><strong>Mi az a Snow Rider 3D 76?<\/strong><\/td><td>Snow Rider 3D unblocked 76 egy n\u00e9pszer\u0171 v\u00e1ltozat el\u00e9rhet\u0151 unblocked j\u00e1t\u00e9k port\u00e1lok.<\/td><\/tr><tr><td><strong>Van ranglista vagy magas pontsz\u00e1m?<\/strong><\/td><td>Egyes verzi\u00f3kban a t\u00f6bbi j\u00e1t\u00e9kossal val\u00f3 versenyz\u00e9shez magas pontsz\u00e1mok k\u00f6vet\u00e9s\u00e9re is lehet\u0151s\u00e9g van.<\/td><\/tr><tr><td><strong>Hogyan befoly\u00e1solj\u00e1k az aj\u00e1nd\u00e9kok a j\u00e1t\u00e9kmenetet?<\/strong><\/td><td>Az aj\u00e1nd\u00e9kok gy\u0171jt\u00e9se n\u00f6veli a j\u00e1t\u00e9kos pontsz\u00e1m\u00e1t, \u00e9s sebess\u00e9gn\u00f6vel\u0151 eszk\u00f6z\u00f6ket is feloldhat.<\/td><\/tr><tr><td><strong>J\u00e1tszhat\u00f3-e a Snow Rider 3D mobilon?<\/strong><\/td><td>Igen, a j\u00e1t\u00e9k b\u00f6ng\u00e9sz\u0151-kompatibilis telefonokkal \u00e9s t\u00e1blag\u00e9pekkel.<\/td><\/tr><tr><td><strong>Mennyi ideig tart egy tipikus j\u00e1t\u00e9kmenet?<\/strong><\/td><td>Minden egyes fut\u00e1s addig tart, am\u00edg a j\u00e1t\u00e9kos \u00f6ssze nem zuhan, ami a k\u00e9szs\u00e9gek fejleszt\u00e9s\u00e9t c\u00e9lz\u00f3 \u00fajraj\u00e1tsz\u00e1sra \u00f6szt\u00f6n\u00f6z.<\/td><\/tr><tr><td><strong>Milyen j\u00e1t\u00e9ktr\u00fckk\u00f6kkel lehet jobb pontsz\u00e1mot el\u00e9rni?<\/strong><\/td><td>Koncentr\u00e1lj a sima landol\u00e1sra, a hat\u00e9kony aj\u00e1nd\u00e9kgy\u0171jt\u00e9sre \u00e9s a power-upok strat\u00e9giai haszn\u00e1lat\u00e1ra.<\/td><\/tr><tr><td><strong>Mit\u0151l k\u00fcl\u00f6nleges a Snow Rider 3D unblocked 6x?<\/strong><\/td><td>A 6x-os v\u00e1ltozatot a z\u00f6kken\u0151mentesebb j\u00e1t\u00e9kmenethez optimaliz\u00e1lt\u00e1k korl\u00e1tozott k\u00f6rnyezetben, p\u00e9ld\u00e1ul iskol\u00e1kban.<\/td><\/tr><tr><td><strong>Van a j\u00e1t\u00e9kban t\u00f6bbj\u00e1t\u00e9kos m\u00f3d?<\/strong><\/td><td>Nem, a Snow Rider 3D egyj\u00e1t\u00e9kos \u00e9lm\u00e9ny.<\/td><\/tr><tr><td><strong>Vannak k\u00fcl\u00f6nb\u00f6z\u0151 feloldhat\u00f3 karakterek?<\/strong><\/td><td>Nem, a testreszab\u00e1s ink\u00e1bb a sz\u00e1nfejleszt\u00e9sekre korl\u00e1toz\u00f3dik, mint a karakterv\u00e1laszt\u00e1sra.<\/td><\/tr><tr><td><strong>Mi a j\u00e1t\u00e9k c\u00e9lja?<\/strong><\/td><td>A f\u0151 c\u00e9l az, hogy min\u00e9l messzebbre juss, mik\u00f6zben \u00f6sszegy\u0171jt\u00f6d az aj\u00e1nd\u00e9kokat \u00e9s elker\u00fcl\u00f6d az akad\u00e1lyokat.<\/td><\/tr><\/tbody><\/table><\/figure>","protected":false},"excerpt":{"rendered":"<p>Play Snow Rider 3D Game Online \ud83d\udd79 Free Unblocked Snowy Games Full Screen Snow Rider 3D Game: Free to Play Unblocked Games Snow Rider 3D stands out as an addictive, free-to-play escape game that offers endless fun. Whether you are looking to kill time during a break or engage in serious score challenges, this game [&hellip;]<\/p>","protected":false},"author":1,"featured_media":119,"parent":0,"menu_order":0,"comment_status":"open","ping_status":"closed","template":"","meta":{"footnotes":""},"class_list":["post-112","page","type-page","status-publish","has-post-thumbnail","hentry"],"_links":{"self":[{"href":"https:\/\/sledrider3d.com\/hu\/wp-json\/wp\/v2\/pages\/112","targetHints":{"allow":["GET"]}}],"collection":[{"href":"https:\/\/sledrider3d.com\/hu\/wp-json\/wp\/v2\/pages"}],"about":[{"href":"https:\/\/sledrider3d.com\/hu\/wp-json\/wp\/v2\/types\/page"}],"author":[{"embeddable":true,"href":"https:\/\/sledrider3d.com\/hu\/wp-json\/wp\/v2\/users\/1"}],"replies":[{"embeddable":true,"href":"https:\/\/sledrider3d.com\/hu\/wp-json\/wp\/v2\/comments?post=112"}],"version-history":[{"count":3,"href":"https:\/\/sledrider3d.com\/hu\/wp-json\/wp\/v2\/pages\/112\/revisions"}],"predecessor-version":[{"id":130,"href":"https:\/\/sledrider3d.com\/hu\/wp-json\/wp\/v2\/pages\/112\/revisions\/130"}],"wp:featuredmedia":[{"embeddable":true,"href":"https:\/\/sledrider3d.com\/hu\/wp-json\/wp\/v2\/media\/119"}],"wp:attachment":[{"href":"https:\/\/sledrider3d.com\/hu\/wp-json\/wp\/v2\/media?parent=112"}],"curies":[{"name":"wp","href":"https:\/\/api.w.org\/{rel}","templated":true}]}}