{"id":99,"date":"2024-10-27T09:45:04","date_gmt":"2024-10-27T09:45:04","guid":{"rendered":"https:\/\/sledrider3d.com\/?page_id=99"},"modified":"2024-10-27T10:11:06","modified_gmt":"2024-10-27T10:11:06","slug":"snow-road","status":"publish","type":"page","link":"https:\/\/sledrider3d.com\/fi\/snow-road\/","title":{"rendered":"Snow Road"},"content":{"rendered":"<h2 class=\"wp-block-heading has-text-align-center\" id=\"play-escape-road-halloween\ufffc-game-online-\ud83d\udd79-free-driving-games\" style=\"font-size:clamp(0.929rem, 0.929rem + ((1vw - 0.2rem) * 0.785), 1.4rem);\"><strong>Pelaa Snow Road peli\u00e4 verkossa \ud83d\udd79 Ilmaisia Snow pelej\u00e4<\/strong><\/h2>\n\n\n\n<div style=\"height:2px\" aria-hidden=\"true\" class=\"wp-block-spacer\"><\/div>\n\n\n\n<div class=\"iframe-container\">\n    <iframe loading=\"lazy\" id=\"myIframe\" src=\"https:\/\/azgames.io\/game\/snow-road\/\" width=\"100%\" height=\"630px\"><\/iframe>\n<\/div>\n<div class=\"control-bar\">\n    <button id=\"fullscreenBtn\" onclick=\"toggleFullScreen()\">\n        <svg class=\"fullscreen-icon\" viewbox=\"0 0 24 24\" width=\"16\" height=\"16\">\n            <path d=\"M7 14H5v5h5v-2H7v-3zm-2-4h2V7h3V5H5v5zm12 7h-3v2h5v-5h-2v3zM14 5v2h3v3h2V5h-5z\"\/>\n        <\/svg>\n        <span>Koko n\u00e4ytt\u00f6<\/span>\n    <\/button>\n<\/div>\n\n<style>\n.iframe-container {\n    width: 100%;\n    margin: 0 auto;\n    border-radius: 8px;\n    overflow: hidden;\n}\n\n.control-bar {\n    display: flex;\n    justify-content: flex-end;\n    padding: 1px 0;  \/* \u4e0a\u4e0b\u589e\u52a0\u95f4\u8ddd *\/\n}\n\n#fullscreenBtn {\n    display: flex;\n    align-items: center;\n    gap: 1px;\n    padding: 8px 12px;\n    background-color: #2d2d2d;\n    border: none;\n    border-radius: 4px;\n    color: white;\n    cursor: pointer;\n    transition: background-color 0.2s;\n}\n\n#fullscreenBtn:hover {\n    background-color: #404040;\n}\n\n.fullscreen-icon {\n    fill: currentColor;\n}\n<\/style>\n\n\n\n<div class=\"wp-block-group is-layout-grid wp-container-core-group-is-layout-722e4d33 wp-block-group-is-layout-grid\">\n<figure class=\"wp-block-image size-full has-custom-border\"><a href=\"https:\/\/sledrider3d.com\/fi\/snow-road\/\" target=\"_blank\" rel=\"noreferrer noopener\"><img decoding=\"async\" src=\"https:\/\/escaperoad.fun\/wp-content\/uploads\/2024\/10\/background-1.png\" alt=\"\" class=\"wp-image-128\" style=\"border-radius:10px\"\/><\/a><\/figure>\n\n\n\n<figure class=\"wp-block-image size-full has-custom-border\"><a href=\"https:\/\/sledrider3d.com\/fi\/snow-rider-3d\/\" target=\"_blank\" rel=\"noreferrer noopener\"><img decoding=\"async\" src=\"https:\/\/escaperoad.fun\/wp-content\/uploads\/2024\/10\/WX20241023-192336@2x-1-1.png\" alt=\"\" class=\"wp-image-139\" style=\"border-radius:10px\"\/><\/a><\/figure>\n\n\n\n<figure class=\"wp-block-image size-full has-custom-border\"><a href=\"https:\/\/sledrider3d.com\/fi\/\" target=\"_blank\" rel=\"noreferrer noopener\"><img decoding=\"async\" src=\"https:\/\/escaperoad.fun\/wp-content\/uploads\/2024\/10\/logo-2-1.png\" alt=\"\" class=\"wp-image-138\" style=\"border-radius:10px\"\/><\/a><\/figure>\n\n\n\n<figure class=\"wp-block-image size-full has-custom-border is-style-default wp-container-content-0d18e1c1\"><a href=\"https:\/\/sledrider3d.com\/fi\/escape-road\/escape-road-game\/\" target=\"_blank\" rel=\"noreferrer noopener\"><img decoding=\"async\" src=\"https:\/\/escaperoad.fun\/wp-content\/uploads\/2024\/10\/Escape-Road-cl-1-1.png\" alt=\"\" class=\"wp-image-98\" style=\"border-radius:10px\"\/><\/a><\/figure>\n\n\n\n<figure class=\"wp-block-image size-full has-custom-border\"><a href=\"https:\/\/sledrider3d.com\/fi\/car\/escape-road-halloween\/\" target=\"_blank\" rel=\"noreferrer noopener\"><img decoding=\"async\" src=\"https:\/\/escaperoad.fun\/wp-content\/uploads\/2024\/10\/WX20241026-160813@2x-2.png\" alt=\"\" class=\"wp-image-100\" style=\"border-radius:10px\"\/><\/a><\/figure>\n\n\n\n<figure class=\"wp-block-image size-full has-custom-border\"><a href=\"https:\/\/sledrider3d.com\/fi\/car\/escape-road-city\/\" target=\"_blank\" rel=\"noreferrer noopener\"><img decoding=\"async\" src=\"https:\/\/escaperoad.fun\/wp-content\/uploads\/2024\/10\/WX20241026-175349@2x-1-1.png\" alt=\"\" class=\"wp-image-130\" style=\"border-radius:10px\"\/><\/a><\/figure>\n\n\n\n<figure class=\"wp-block-image size-thumbnail has-custom-border\"><a href=\"https:\/\/sledrider3d.com\/fi\/car\/escape-road-city-2\/\" target=\"_blank\" rel=\" noreferrer noopener\"><img loading=\"lazy\" decoding=\"async\" width=\"150\" height=\"150\" src=\"https:\/\/sledrider3d.com\/wp-content\/uploads\/2024\/10\/WX20250130-163958@2x-150x150.webp\" alt=\"\" class=\"wp-image-184\" style=\"border-radius:10px\" srcset=\"https:\/\/sledrider3d.com\/wp-content\/uploads\/2024\/10\/WX20250130-163958@2x-150x150.webp 150w, https:\/\/sledrider3d.com\/wp-content\/uploads\/2024\/10\/WX20250130-163958@2x-300x300.webp 300w, https:\/\/sledrider3d.com\/wp-content\/uploads\/2024\/10\/WX20250130-163958@2x-12x12.webp 12w, https:\/\/sledrider3d.com\/wp-content\/uploads\/2024\/10\/WX20250130-163958@2x.webp 500w\" sizes=\"auto, (max-width: 150px) 100vw, 150px\" \/><\/a><\/figure>\n\n\n\n<figure class=\"wp-block-image size-full has-custom-border\"><a href=\"https:\/\/sledrider3d.com\/fi\/car\/smashy-road\/\" target=\"_blank\" rel=\"noreferrer noopener\"><img decoding=\"async\" src=\"https:\/\/escaperoad.fun\/wp-content\/uploads\/2024\/10\/download-8-1.png\" alt=\"\" class=\"wp-image-99\" style=\"border-radius:10px\"\/><\/a><\/figure>\n\n\n\n<figure class=\"wp-block-image size-full has-custom-border\"><a href=\"https:\/\/sledrider3d.com\/fi\/sprunki\/incredibox-sprunki\/\" target=\"_blank\" rel=\"noreferrer noopener\"><img decoding=\"async\" src=\"https:\/\/escaperoad.fun\/wp-content\/uploads\/2024\/10\/incredibox-sprunki-1.jpg\" alt=\"\" class=\"wp-image-140\" style=\"border-radius:10px\"\/><\/a><\/figure>\n\n\n\n<figure class=\"wp-block-image size-thumbnail has-custom-border\"><a href=\"https:\/\/sledrider3d.com\/fi\/road\/crossy-road\/\" target=\"_blank\" rel=\"noreferrer noopener\"><img loading=\"lazy\" decoding=\"async\" width=\"150\" height=\"150\" src=\"https:\/\/sledrider3d.com\/wp-content\/uploads\/2024\/10\/crossy-road-sr1-f180x180-150x150.webp\" alt=\"\" class=\"wp-image-177\" style=\"border-radius:10px\" srcset=\"https:\/\/sledrider3d.com\/wp-content\/uploads\/2024\/10\/crossy-road-sr1-f180x180-150x150.webp 150w, https:\/\/sledrider3d.com\/wp-content\/uploads\/2024\/10\/crossy-road-sr1-f180x180-12x12.webp 12w, https:\/\/sledrider3d.com\/wp-content\/uploads\/2024\/10\/crossy-road-sr1-f180x180.webp 200w\" sizes=\"auto, (max-width: 150px) 100vw, 150px\" \/><\/a><\/figure>\n\n\n\n<figure class=\"wp-block-image size-full has-custom-border\"><a href=\"https:\/\/sledrider3d.com\/fi\/stickman\/stickman-hook\/\" target=\"_blank\" rel=\"noreferrer noopener\"><img decoding=\"async\" src=\"https:\/\/escaperoad.fun\/wp-content\/uploads\/2024\/10\/WX20241026-210554@2x-1.png\" alt=\"\" class=\"wp-image-142\" style=\"border-radius:10px\"\/><\/a><\/figure>\n\n\n\n<figure class=\"wp-block-image size-full has-custom-border\"><a href=\"https:\/\/sledrider3d.com\/fi\/motocycle\/moto-x3m\/\" target=\"_blank\" rel=\"noreferrer noopener\"><img decoding=\"async\" src=\"https:\/\/escaperoad.fun\/wp-content\/uploads\/2024\/10\/maxresdefault-1.jpg\" alt=\"\" class=\"wp-image-143\" style=\"border-radius:10px\"\/><\/a><\/figure>\n\n\n\n<figure class=\"wp-block-image size-full\"><a href=\"https:\/\/sledrider3d.com\/fi\/clicker\/cookie-clicker\/\" target=\"_blank\" rel=\"noreferrer noopener\"><img decoding=\"async\" src=\"https:\/\/escaperoad.fun\/wp-content\/uploads\/2024\/10\/icon.png\" alt=\"\" class=\"wp-image-150\"\/><\/a><\/figure>\n\n\n\n<figure class=\"wp-block-image size-thumbnail has-custom-border\"><a href=\"https:\/\/sledrider3d.com\/fi\/clicker\/chill-guy-clicker\/\" target=\"_blank\" rel=\"noreferrer noopener\"><img loading=\"lazy\" decoding=\"async\" width=\"150\" height=\"150\" src=\"https:\/\/sledrider3d.com\/wp-content\/uploads\/2024\/10\/WX20241220-102702@2x-150x150.webp\" alt=\"\" class=\"wp-image-170\" style=\"border-radius:10px\" srcset=\"https:\/\/sledrider3d.com\/wp-content\/uploads\/2024\/10\/WX20241220-102702@2x-150x150.webp 150w, https:\/\/sledrider3d.com\/wp-content\/uploads\/2024\/10\/WX20241220-102702@2x-300x300.webp 300w, https:\/\/sledrider3d.com\/wp-content\/uploads\/2024\/10\/WX20241220-102702@2x-12x12.webp 12w, https:\/\/sledrider3d.com\/wp-content\/uploads\/2024\/10\/WX20241220-102702@2x.webp 500w\" sizes=\"auto, (max-width: 150px) 100vw, 150px\" \/><\/a><\/figure>\n<\/div>\n\n\n\n<div style=\"height:30px\" aria-hidden=\"true\" class=\"wp-block-spacer\"><\/div>\n\n\n\n<h2 class=\"wp-block-heading\" id=\"snow-road-game-a-complete-guide-to-master-the-slopes\">Snow Road Game: Snow Snow: T\u00e4ydellinen opas rinteiden hallintaan<\/h2>\n\n\n\n<p>Snow Road pelit kuten <em>Snow Rider 3D<\/em> ja <em>Escape Road<\/em> tarjoavat j\u00e4nnitt\u00e4vi\u00e4 talviseikkailuja, joissa pelaajat navigoivat j\u00e4isi\u00e4 polkuja v\u00e4istellen esteit\u00e4 ja avaten palkintoja. N\u00e4iss\u00e4 peleiss\u00e4 yhdistyv\u00e4t nopeat refleksit, strateginen suunnittelu ja mukaansatempaavat kokemukset sek\u00e4 lumiurheilun teemat, mik\u00e4 tekee niist\u00e4 suosittuja rinne- ja pakopelien genress\u00e4.<\/p>\n\n\n\n<div class=\"wp-block-rank-math-toc-block\" id=\"rank-math-toc\"><h3>Sis\u00e4llysluettelo<\/h3><nav><ul><li><a href=\"#what-is-snow-road-game\">Mik\u00e4 on Snow Road Game?<\/a><\/li><li><a href=\"#how-to-play-snow-rider-3-d-and-similar-games\">Pelaaminen Snow Rider 3D ja vastaavia pelej\u00e4<\/a><ul><li><a href=\"#levels-and-progression\">Tasot ja eteneminen<\/a><\/li><\/ul><\/li><li><a href=\"#game-tricks-and-tips\">Pelin temppuja ja vinkkej\u00e4<\/a><\/li><li><a href=\"#comparison-of-popular-snow-road-games\">Suosittujen Snow Road -pelien vertailu<\/a><ul><li><a href=\"#recommended-websites-for-snow-road-games\">Suositellut sivustot Snow Road Gamesille<\/a><\/li><\/ul><\/li><li><a href=\"#fa-qs\">UKK<\/a><\/li><\/ul><\/nav><\/div>\n\n\n\n<h3 class=\"wp-block-heading\" id=\"what-is-snow-road-game\">Mik\u00e4 on Snow Road Game?<\/h3>\n\n\n\n<p>Snow Road -peleiss\u00e4 ohjataan tyypillisesti kelkkoja, autoja tai hahmoja lumisissa maisemissa ja pyrit\u00e4\u00e4n saavuttamaan korkeat pisteet ker\u00e4\u00e4m\u00e4ll\u00e4 samalla peliss\u00e4 olevia esineit\u00e4. N\u00e4m\u00e4 pelit ovat osa laajempaa rinnepelien luokkaa, joka tunnetaan nopeasta tempostaan ja haastavasta pelimekaniikastaan. Niist\u00e4 on usein tarjolla estottomia versioita, jolloin pelaajat voivat nauttia pelist\u00e4 miss\u00e4 tahansa ilman rajoituksia.<\/p>\n\n\n\n<figure class=\"wp-block-image size-full\"><img loading=\"lazy\" decoding=\"async\" width=\"512\" height=\"384\" src=\"https:\/\/sledrider3d.com\/wp-content\/uploads\/2024\/10\/background.png\" alt=\"\" class=\"wp-image-105\" srcset=\"https:\/\/sledrider3d.com\/wp-content\/uploads\/2024\/10\/background.png 512w, https:\/\/sledrider3d.com\/wp-content\/uploads\/2024\/10\/background-300x225.png 300w, https:\/\/sledrider3d.com\/wp-content\/uploads\/2024\/10\/background-16x12.png 16w\" sizes=\"auto, (max-width: 512px) 100vw, 512px\" \/><\/figure>\n\n\n\n<h3 class=\"wp-block-heading\" id=\"how-to-play-snow-rider-3-d-and-similar-games\">Pelaaminen Snow Rider 3D ja vastaavia pelej\u00e4<\/h3>\n\n\n\n<ul class=\"wp-block-list\">\n<li><strong>Ohjaimet<\/strong>:\n<ul class=\"wp-block-list\">\n<li>K\u00e4yt\u00e4 nuolin\u00e4pp\u00e4imi\u00e4 liikkumiseen (vasemmalle ja oikealle) ja nopeuden s\u00e4\u00e4t\u00f6\u00f6n.<\/li>\n\n\n\n<li>Hypp\u00e4\u00e4 yl\u00f6snuolin\u00e4pp\u00e4imell\u00e4 v\u00e4ltt\u00e4m\u00e4\u00e4n esteit\u00e4.<\/li>\n\n\n\n<li>Alas-nuoli auttaa v\u00e4hent\u00e4m\u00e4\u00e4n nopeutta, jotta voit liikkua paremmin hankalilla poluilla.<\/li>\n<\/ul>\n<\/li>\n\n\n\n<li><strong>Tavoite<\/strong>: Tavoitteena on matkustaa mahdollisimman pitk\u00e4lle lumisessa maastossa ja ker\u00e4t\u00e4 samalla esineit\u00e4, kuten joululahjoja, jotta voit avata uusia, ainutlaatuisen muotoilun omaavia kelkkoja.<\/li>\n\n\n\n<li><strong>Esteet<\/strong>: Ole valmis kohtaamaan lumiukkoja, lumipalloja, kallioita ja kapeita polkuja. Jokaisen esteen voittaminen vaatii tarkkaa ajoitusta.<\/li>\n<\/ul>\n\n\n\n<h4 class=\"wp-block-heading\" id=\"levels-and-progression\">Tasot ja eteneminen<\/h4>\n\n\n\n<p>Snow Road -peleiss\u00e4 on useita eri tasoja, joilla kaikilla on kasvava vaikeusaste:<\/p>\n\n\n\n<ol class=\"wp-block-list\">\n<li><strong>Aloittelijan tasot<\/strong>: Opi perusliikkeit\u00e4 ja totuttele hitaampiin polkuihin.<\/li>\n\n\n\n<li><strong>Keskitason tasot<\/strong>: Kohtaat enemm\u00e4n esteit\u00e4, kuten liikkuvia lumipalloja ja kuiluja.<\/li>\n\n\n\n<li><strong>Edistyneet tasot<\/strong>: Nopeat radat, joilla on minimaalinen virhemarginaali ja jotka vaativat nopeita refleksej\u00e4.<\/li>\n<\/ol>\n\n\n\n<h3 class=\"wp-block-heading\" id=\"game-tricks-and-tips\">Pelin temppuja ja vinkkej\u00e4<\/h3>\n\n\n\n<ol class=\"wp-block-list\">\n<li><strong>Suunnittele reittisi<\/strong>: Katso eteenp\u00e4in ennakoidaksesi esteit\u00e4 ja l\u00f6yt\u00e4\u00e4ksesi helpoimman reitin.<\/li>\n\n\n\n<li><strong>S\u00e4\u00e4d\u00e4 nopeutta viisaasti<\/strong>: V\u00e4lt\u00e4 kiirehtimist\u00e4 kapeilla poluilla; joskus hidastaminen parantaa hallintaa.<\/li>\n\n\n\n<li><strong>Harjoitus stuntit<\/strong>: Master hyppyj\u00e4 ja temppuja lis\u00e4t\u00e4 pisteit\u00e4.<\/li>\n\n\n\n<li><strong>Pysy l\u00e4hell\u00e4 keskustaa<\/strong>: T\u00e4m\u00e4 antaa sinulle enemm\u00e4n tilaa kiert\u00e4\u00e4 esteit\u00e4, kuten lumiukkoja ja aukkoja.<\/li>\n\n\n\n<li><strong>Ker\u00e4\u00e4 palkintoja<\/strong>: Lahjat ja muut ker\u00e4ilyesineet avaavat kehittyneit\u00e4 kelkkoja, joiden suorituskyky on parantunut.<\/li>\n<\/ol>\n\n\n\n<figure class=\"wp-block-image size-large\"><img loading=\"lazy\" decoding=\"async\" width=\"1024\" height=\"560\" src=\"https:\/\/sledrider3d.com\/wp-content\/uploads\/2024\/10\/WX20241026-201748@2x-1024x560.png\" alt=\"\" class=\"wp-image-106\" srcset=\"https:\/\/sledrider3d.com\/wp-content\/uploads\/2024\/10\/WX20241026-201748@2x-1024x560.png 1024w, https:\/\/sledrider3d.com\/wp-content\/uploads\/2024\/10\/WX20241026-201748@2x-300x164.png 300w, https:\/\/sledrider3d.com\/wp-content\/uploads\/2024\/10\/WX20241026-201748@2x-768x420.png 768w, https:\/\/sledrider3d.com\/wp-content\/uploads\/2024\/10\/WX20241026-201748@2x-1536x840.png 1536w, https:\/\/sledrider3d.com\/wp-content\/uploads\/2024\/10\/WX20241026-201748@2x-18x10.png 18w, https:\/\/sledrider3d.com\/wp-content\/uploads\/2024\/10\/WX20241026-201748@2x.png 1810w\" sizes=\"auto, (max-width: 1024px) 100vw, 1024px\" \/><\/figure>\n\n\n\n<h3 class=\"wp-block-heading\" id=\"comparison-of-popular-snow-road-games\">Suosittujen Snow Road -pelien vertailu<\/h3>\n\n\n\n<figure class=\"wp-block-table\"><table class=\"has-fixed-layout\"><thead><tr><th>Pelin nimi<\/th><th>Ominaisuudet<\/th><th>Vaikeusaste<\/th><th>K\u00e4ytett\u00e4viss\u00e4 olevat tilat<\/th><\/tr><\/thead><tbody><tr><td>Snow Rider 3D<\/td><td>Ker\u00e4\u00e4 lahjoja, avaa kelkat<\/td><td>Medium<\/td><td>Yksinpeli<\/td><\/tr><tr><td>Escape Road<\/td><td>V\u00e4lt\u00e4 esteit\u00e4, aikarajoitettu<\/td><td>Kova<\/td><td>Ajastetut haasteet<\/td><\/tr><tr><td>Rinne peli<\/td><td>\u00c4\u00e4ret\u00f6n juoksija, suuri nopeus<\/td><td>Kova<\/td><td>Moninpeli<\/td><\/tr><tr><td>Tap Road<\/td><td>Yksinkertainen ohjaus, rento pelaaminen<\/td><td>Helppo<\/td><td>Rento tila<\/td><\/tr><tr><td>Snow Runner<\/td><td>Realistinen fysiikka, avoin maasto<\/td><td>Kova<\/td><td>Uratila, moninpeli<\/td><\/tr><\/tbody><\/table><\/figure>\n\n\n\n<h4 class=\"wp-block-heading\" id=\"recommended-websites-for-snow-road-games\">Suositellut sivustot Snow Road Gamesille<\/h4>\n\n\n\n<p>Paras paikka pelata n\u00e4it\u00e4 pelej\u00e4 verkossa on <strong><a href=\"https:\/\/sledrider3d.com\/fi\/snow-road\/\">sledrider3d.com<\/a><\/strong>, jossa voit tutustua useisiin lumi-aiheisiin peleihin, mukaan lukien lukitsemattomat versiot kuten <em>Snow Rider Unblocked<\/em> ja <em>Snow Rider 3D<\/em>.<\/p>\n\n\n\n<p>Snow Road -pelit sopivat pakopelien ja nopeatempoisten seikkailujen yst\u00e4ville. Haluatpa sitten navigoida kapeilla teill\u00e4 tarkasti tai kiihdytt\u00e4\u00e4 alas rinteit\u00e4, jokaiselle pelaajalle l\u00f6ytyy jotakin. Erilaisilla vaikeustasoilla, ker\u00e4ilyesineill\u00e4 ja mukaansatempaavalla pelattavuudella varustetut pelit, kuten <em>Snow Rider 3D<\/em> pit\u00e4\u00e4 j\u00e4nnityst\u00e4 yll\u00e4. Aloita luminen seikkailusi t\u00e4n\u00e4\u00e4n osoitteessa <strong>sledrider3d.com<\/strong> ja hallitse talvikilpailujen taito.<\/p>\n\n\n\n<h3 class=\"wp-block-heading\" id=\"fa-qs\">UKK<\/h3>\n\n\n\n<p><strong>Mik\u00e4 on Snow Rider 3D?<\/strong><br>Snow Rider 3D on ilmaispelattava rinnepeli, jossa pelaajat ohjaavat kelkkaa lumisilla teill\u00e4, v\u00e4ist\u00e4v\u00e4t esteit\u00e4 ja ker\u00e4\u00e4v\u00e4t lahjoja uusien kelkkien avaamiseksi.<\/p>\n\n\n\n<p><strong>Miten voin pelata Snow Rider 3D:t\u00e4 verkossa?<\/strong><br>K\u00e4y osoitteessa <a href=\"https:\/\/sledrider3d.com\/fi\/snow-road\/\">sledrider3d.com<\/a> p\u00e4\u00e4st\u00e4ksesi Snow Rider 3D:hen. K\u00e4yt\u00e4 nuolin\u00e4pp\u00e4imi\u00e4 ohjata kelkka ja nauttia t\u00e4st\u00e4 pako tie peli unblocked mist\u00e4 tahansa paikasta.<\/p>\n\n\n\n<p><strong>Mik\u00e4 tekee Snow Rider Unblocked -pelist\u00e4 erilaisen?<\/strong><br>Snow Rideria voi pelata ilman rajoituksia, joten sit\u00e4 voi pelata kouluissa tai ty\u00f6paikoilla.<\/p>\n\n\n\n<p><strong>Onko peli ilmainen?<\/strong><br>Kyll\u00e4, kaikkia pelej\u00e4, my\u00f6s Snow Rider 3D:t\u00e4 ja Escape Roadia, voi pelata ilmaiseksi osoitteessa sledrider3d.com.<\/p>\n\n\n\n<p><strong>Mit\u00e4 muita lumipelej\u00e4 on saatavilla?<\/strong><br>Alusta tarjoaa useita pelej\u00e4, kuten Snow Run, Snow Runner ja Slow Road Game, jotka sis\u00e4lt\u00e4v\u00e4t lumisia tieseikkailuja ja liikennetiehaasteita.<\/p>\n\n\n\n<p><strong>Mitk\u00e4 ovat vinkkej\u00e4 Snow Rider 3D:n hallintaan?<\/strong><br>Keskity yll\u00e4pit\u00e4m\u00e4\u00e4n tasaista nopeutta, k\u00e4yt\u00e4 rinteit\u00e4 hyv\u00e4ksesi ja ker\u00e4\u00e4 lahjoja avataksesi parempia kelkkoja sujuvampaa pelaamista varten.<\/p>\n\n\n\n<p><strong>Voinko pelata peli\u00e4 mobiililaitteilla?<\/strong><br>Kyll\u00e4, Snow Rider 3D ja muut pelit, kuten Geometry Dash ja Slope Game, on optimoitu sek\u00e4 ty\u00f6p\u00f6yt\u00e4- ett\u00e4 mobiilipeleihin.<\/p>\n\n\n\n<p><strong>Mit\u00e4 ovat rinnepelit?<\/strong><br>Rinnepelit ovat nopeatempoisia seikkailuja, joissa pelaajat ohjaavat esineit\u00e4 tai hahmoja jyrkki\u00e4 rinteit\u00e4 alas ja v\u00e4ist\u00e4v\u00e4t esteit\u00e4 matkan varrella.<\/p>\n\n\n\n<p><strong>Mik\u00e4 on Escape Roadin tavoite?<\/strong><br>Escape Road -peliss\u00e4 pelaajien on navigoitava esteiden t\u00e4ytt\u00e4m\u00e4n j\u00e4isen polun l\u00e4pi ja yritett\u00e4v\u00e4 p\u00e4\u00e4st\u00e4 loppuun asetetussa aikarajassa.<\/p>\n\n\n\n<figure class=\"wp-block-image size-large\"><img loading=\"lazy\" decoding=\"async\" width=\"1024\" height=\"549\" src=\"https:\/\/sledrider3d.com\/wp-content\/uploads\/2024\/10\/WX20241026-201919@2x-1024x549.png\" alt=\"\" class=\"wp-image-107\" srcset=\"https:\/\/sledrider3d.com\/wp-content\/uploads\/2024\/10\/WX20241026-201919@2x-1024x549.png 1024w, https:\/\/sledrider3d.com\/wp-content\/uploads\/2024\/10\/WX20241026-201919@2x-300x161.png 300w, https:\/\/sledrider3d.com\/wp-content\/uploads\/2024\/10\/WX20241026-201919@2x-768x411.png 768w, https:\/\/sledrider3d.com\/wp-content\/uploads\/2024\/10\/WX20241026-201919@2x-1536x823.png 1536w, https:\/\/sledrider3d.com\/wp-content\/uploads\/2024\/10\/WX20241026-201919@2x-18x10.png 18w, https:\/\/sledrider3d.com\/wp-content\/uploads\/2024\/10\/WX20241026-201919@2x.png 1818w\" sizes=\"auto, (max-width: 1024px) 100vw, 1024px\" \/><\/figure>\n\n\n\n<p><strong>Onko saatavilla moninpelivaihtoehtoja?<\/strong><br>Jotkin pelit, kuten Slope Multiplayer, tarjoavat kilpailukykyisi\u00e4 online-tiloja, kun taas toiset pelit, kuten Snow Rider, keskittyv\u00e4t yksinpelikokemuksiin.<\/p>\n\n\n\n<p><strong>Miten voin avata uusia kelkkoja Snow Rider 3D:ss\u00e4?<\/strong><br>Ker\u00e4\u00e4 joululahjoja pelin aikana ker\u00e4t\u00e4ksesi pisteit\u00e4, joilla voit avata uusia kelkkoja, joilla on erikoiskykyj\u00e4.<\/p>\n\n\n\n<p><strong>Mik\u00e4 on Tap Road?<\/strong><br>Tap Road on sivustolla esill\u00e4 oleva rento peli, jossa keskityt\u00e4\u00e4n yksinkertaiseen pelimekaniikkaan, jossa pelaajat navigoivat lumisissa maisemissa napauttamalla.<\/p>\n\n\n\n<p><strong>Mit\u00e4 eroa on Snow Runnerin ja Snow Riderin v\u00e4lill\u00e4?<\/strong><br>Snow Runner painottaa realistista ajamista lumisissa maastoissa, kun taas Snow Rider tarjoaa arcade-tyylist\u00e4 kelkkailua ker\u00e4ilyesineineen ja huippunopeaa j\u00e4nnityst\u00e4.<\/p>\n\n\n\n<p><strong>Voinko keskeytt\u00e4\u00e4 tai tallentaa edistymiseni?<\/strong><br>Joissakin peleiss\u00e4 on mahdollisuus keskeytt\u00e4\u00e4, mutta edistymisen tallentaminen ei v\u00e4ltt\u00e4m\u00e4tt\u00e4 ole mahdollista nopeissa peleiss\u00e4, kuten Slope tai Escape Road.<\/p>\n\n\n\n<p><strong>Mist\u00e4 l\u00f6yd\u00e4n lis\u00e4\u00e4 pakopelej\u00e4?<\/strong><br>Selaa kategoriaa \"Escape Road Game\" osoitteessa sledrider3d.com ja tutustu muihin peleihin, kuten Traffic Road Game, Slope Game ja Geometry Dash.<\/p>","protected":false},"excerpt":{"rendered":"<p>Pelaa Snow Road peli\u00e4 verkossa \ud83d\udd79 Ilmainen Snow Games koko n\u00e4yt\u00f6n Snow Road peli: Snow Road -pelit, kuten Snow Rider 3D ja Escape Road, tarjoavat j\u00e4nnitt\u00e4vi\u00e4 talviseikkailuja, joissa pelaajat navigoivat j\u00e4isi\u00e4 polkuja v\u00e4istellen esteit\u00e4 ja avaten palkintoja. N\u00e4iss\u00e4 peleiss\u00e4 yhdistyv\u00e4t nopeat refleksit, strateginen suunnittelu ja mukaansatempaava [...]<\/p>","protected":false},"author":1,"featured_media":105,"parent":0,"menu_order":0,"comment_status":"open","ping_status":"closed","template":"","meta":{"footnotes":""},"class_list":["post-99","page","type-page","status-publish","has-post-thumbnail","hentry"],"_links":{"self":[{"href":"https:\/\/sledrider3d.com\/fi\/wp-json\/wp\/v2\/pages\/99","targetHints":{"allow":["GET"]}}],"collection":[{"href":"https:\/\/sledrider3d.com\/fi\/wp-json\/wp\/v2\/pages"}],"about":[{"href":"https:\/\/sledrider3d.com\/fi\/wp-json\/wp\/v2\/types\/page"}],"author":[{"embeddable":true,"href":"https:\/\/sledrider3d.com\/fi\/wp-json\/wp\/v2\/users\/1"}],"replies":[{"embeddable":true,"href":"https:\/\/sledrider3d.com\/fi\/wp-json\/wp\/v2\/comments?post=99"}],"version-history":[{"count":3,"href":"https:\/\/sledrider3d.com\/fi\/wp-json\/wp\/v2\/pages\/99\/revisions"}],"predecessor-version":[{"id":110,"href":"https:\/\/sledrider3d.com\/fi\/wp-json\/wp\/v2\/pages\/99\/revisions\/110"}],"wp:featuredmedia":[{"embeddable":true,"href":"https:\/\/sledrider3d.com\/fi\/wp-json\/wp\/v2\/media\/105"}],"wp:attachment":[{"href":"https:\/\/sledrider3d.com\/fi\/wp-json\/wp\/v2\/media?parent=99"}],"curies":[{"name":"wp","href":"https:\/\/api.w.org\/{rel}","templated":true}]}}