{"id":37,"date":"2024-10-21T17:31:18","date_gmt":"2024-10-21T17:31:18","guid":{"rendered":"https:\/\/sledrider3d.com\/?page_id=37"},"modified":"2025-01-29T13:24:54","modified_gmt":"2025-01-29T13:24:54","slug":"sled-rider-3d","status":"publish","type":"page","link":"https:\/\/sledrider3d.com\/fi\/","title":{"rendered":"Kelkkailija 3D"},"content":{"rendered":"<h2 class=\"wp-block-heading has-text-align-center\" style=\"font-size:clamp(0.929rem, 0.929rem + ((1vw - 0.2rem) * 0.785), 1.4rem);\"><strong>Sled Rider 3D Game \ud83d\udd79 Pelaa ilmaisia estottomia lumisia pelej\u00e4 verkossa ilmaiseksi.<\/strong><\/h2>\n\n\n\n<div class=\"wp-block-group has-global-padding is-layout-constrained wp-container-core-group-is-layout-704e782a wp-block-group-is-layout-constrained\">\n<div class=\"iframe-container\">\n    <iframe loading=\"lazy\" id=\"myIframe\" src=\"https:\/\/snow-rider3d-cic.pages.dev\" width=\"100%\" height=\"630px\"><\/iframe>\n<\/div>\n<div class=\"control-bar\">\n    <button id=\"fullscreenBtn\" onclick=\"toggleFullScreen()\">\n        <svg class=\"fullscreen-icon\" viewbox=\"0 0 24 24\" width=\"16\" height=\"16\">\n            <path d=\"M7 14H5v5h5v-2H7v-3zm-2-4h2V7h3V5H5v5zm12 7h-3v2h5v-5h-2v3zM14 5v2h3v3h2V5h-5z\"\/>\n        <\/svg>\n        <span>Koko n\u00e4ytt\u00f6<\/span>\n    <\/button>\n<\/div>\n\n<style>\n.iframe-container {\n    width: 100%;\n    margin: 0 auto;\n    border-radius: 8px;\n    overflow: hidden;\n}\n\n.control-bar {\n    display: flex;\n    justify-content: flex-end;\n    padding: 1px 0;  \/* \u4e0a\u4e0b\u589e\u52a0\u95f4\u8ddd *\/\n}\n\n#fullscreenBtn {\n    display: flex;\n    align-items: center;\n    gap: 1px;\n    padding: 8px 12px;\n    background-color: #2d2d2d;\n    border: none;\n    border-radius: 4px;\n    color: white;\n    cursor: pointer;\n    transition: background-color 0.2s;\n}\n\n#fullscreenBtn:hover {\n    background-color: #404040;\n}\n\n.fullscreen-icon {\n    fill: currentColor;\n}\n<\/style>\n<\/div>\n\n\n\n<div class=\"wp-block-group is-layout-grid wp-container-core-group-is-layout-722e4d33 wp-block-group-is-layout-grid\">\n<figure class=\"wp-block-image size-full has-custom-border\"><a href=\"https:\/\/sledrider3d.com\/fi\/snow-road\/\" target=\"_blank\" rel=\"noreferrer noopener\"><img decoding=\"async\" src=\"https:\/\/escaperoad.fun\/wp-content\/uploads\/2024\/10\/background-1.png\" alt=\"\" class=\"wp-image-128\" style=\"border-radius:10px\"\/><\/a><\/figure>\n\n\n\n<figure class=\"wp-block-image size-full has-custom-border\"><a href=\"https:\/\/sledrider3d.com\/fi\/snow-rider-3d\/\" target=\"_blank\" rel=\"noreferrer noopener\"><img decoding=\"async\" src=\"https:\/\/escaperoad.fun\/wp-content\/uploads\/2024\/10\/WX20241023-192336@2x-1-1.png\" alt=\"\" class=\"wp-image-139\" style=\"border-radius:10px\"\/><\/a><\/figure>\n\n\n\n<figure class=\"wp-block-image size-full has-custom-border\"><a href=\"https:\/\/sledrider3d.com\/fi\/\" target=\"_blank\" rel=\"noreferrer noopener\"><img decoding=\"async\" src=\"https:\/\/escaperoad.fun\/wp-content\/uploads\/2024\/10\/logo-2-1.png\" alt=\"\" class=\"wp-image-138\" style=\"border-radius:10px\"\/><\/a><\/figure>\n\n\n\n<figure class=\"wp-block-image size-full has-custom-border is-style-default wp-container-content-0d18e1c1\"><a href=\"https:\/\/sledrider3d.com\/fi\/escape-road\/escape-road-game\/\" target=\"_blank\" rel=\"noreferrer noopener\"><img decoding=\"async\" src=\"https:\/\/escaperoad.fun\/wp-content\/uploads\/2024\/10\/Escape-Road-cl-1-1.png\" alt=\"\" class=\"wp-image-98\" style=\"border-radius:10px\"\/><\/a><\/figure>\n\n\n\n<figure class=\"wp-block-image size-full has-custom-border\"><a href=\"https:\/\/sledrider3d.com\/fi\/car\/escape-road-halloween\/\" target=\"_blank\" rel=\"noreferrer noopener\"><img decoding=\"async\" src=\"https:\/\/escaperoad.fun\/wp-content\/uploads\/2024\/10\/WX20241026-160813@2x-2.png\" alt=\"\" class=\"wp-image-100\" style=\"border-radius:10px\"\/><\/a><\/figure>\n\n\n\n<figure class=\"wp-block-image size-full has-custom-border\"><a href=\"https:\/\/sledrider3d.com\/fi\/car\/escape-road-city\/\" target=\"_blank\" rel=\"noreferrer noopener\"><img decoding=\"async\" src=\"https:\/\/escaperoad.fun\/wp-content\/uploads\/2024\/10\/WX20241026-175349@2x-1-1.png\" alt=\"\" class=\"wp-image-130\" style=\"border-radius:10px\"\/><\/a><\/figure>\n\n\n\n<figure class=\"wp-block-image size-thumbnail has-custom-border\"><a href=\"https:\/\/sledrider3d.com\/fi\/car\/escape-road-city-2\/\" target=\"_blank\" rel=\" noreferrer noopener\"><img loading=\"lazy\" decoding=\"async\" width=\"150\" height=\"150\" src=\"https:\/\/sledrider3d.com\/wp-content\/uploads\/2024\/10\/WX20250130-163958@2x-150x150.webp\" alt=\"\" class=\"wp-image-184\" style=\"border-radius:10px\" srcset=\"https:\/\/sledrider3d.com\/wp-content\/uploads\/2024\/10\/WX20250130-163958@2x-150x150.webp 150w, https:\/\/sledrider3d.com\/wp-content\/uploads\/2024\/10\/WX20250130-163958@2x-300x300.webp 300w, https:\/\/sledrider3d.com\/wp-content\/uploads\/2024\/10\/WX20250130-163958@2x-12x12.webp 12w, https:\/\/sledrider3d.com\/wp-content\/uploads\/2024\/10\/WX20250130-163958@2x.webp 500w\" sizes=\"auto, (max-width: 150px) 100vw, 150px\" \/><\/a><\/figure>\n\n\n\n<figure class=\"wp-block-image size-full has-custom-border\"><a href=\"https:\/\/sledrider3d.com\/fi\/car\/smashy-road\/\" target=\"_blank\" rel=\"noreferrer noopener\"><img decoding=\"async\" src=\"https:\/\/escaperoad.fun\/wp-content\/uploads\/2024\/10\/download-8-1.png\" alt=\"\" class=\"wp-image-99\" style=\"border-radius:10px\"\/><\/a><\/figure>\n\n\n\n<figure class=\"wp-block-image size-full has-custom-border\"><a href=\"https:\/\/sledrider3d.com\/fi\/sprunki\/incredibox-sprunki\/\" target=\"_blank\" rel=\"noreferrer noopener\"><img decoding=\"async\" src=\"https:\/\/escaperoad.fun\/wp-content\/uploads\/2024\/10\/incredibox-sprunki-1.jpg\" alt=\"\" class=\"wp-image-140\" style=\"border-radius:10px\"\/><\/a><\/figure>\n\n\n\n<figure class=\"wp-block-image size-thumbnail has-custom-border\"><a href=\"https:\/\/sledrider3d.com\/fi\/road\/crossy-road\/\" target=\"_blank\" rel=\"noreferrer noopener\"><img loading=\"lazy\" decoding=\"async\" width=\"150\" height=\"150\" src=\"https:\/\/sledrider3d.com\/wp-content\/uploads\/2024\/10\/crossy-road-sr1-f180x180-150x150.webp\" alt=\"\" class=\"wp-image-177\" style=\"border-radius:10px\" srcset=\"https:\/\/sledrider3d.com\/wp-content\/uploads\/2024\/10\/crossy-road-sr1-f180x180-150x150.webp 150w, https:\/\/sledrider3d.com\/wp-content\/uploads\/2024\/10\/crossy-road-sr1-f180x180-12x12.webp 12w, https:\/\/sledrider3d.com\/wp-content\/uploads\/2024\/10\/crossy-road-sr1-f180x180.webp 200w\" sizes=\"auto, (max-width: 150px) 100vw, 150px\" \/><\/a><\/figure>\n\n\n\n<figure class=\"wp-block-image size-full has-custom-border\"><a href=\"https:\/\/sledrider3d.com\/fi\/stickman\/stickman-hook\/\" target=\"_blank\" rel=\"noreferrer noopener\"><img decoding=\"async\" src=\"https:\/\/escaperoad.fun\/wp-content\/uploads\/2024\/10\/WX20241026-210554@2x-1.png\" alt=\"\" class=\"wp-image-142\" style=\"border-radius:10px\"\/><\/a><\/figure>\n\n\n\n<figure class=\"wp-block-image size-full has-custom-border\"><a href=\"https:\/\/sledrider3d.com\/fi\/motocycle\/moto-x3m\/\" target=\"_blank\" rel=\"noreferrer noopener\"><img decoding=\"async\" src=\"https:\/\/escaperoad.fun\/wp-content\/uploads\/2024\/10\/maxresdefault-1.jpg\" alt=\"\" class=\"wp-image-143\" style=\"border-radius:10px\"\/><\/a><\/figure>\n\n\n\n<figure class=\"wp-block-image size-full\"><a href=\"https:\/\/sledrider3d.com\/fi\/clicker\/cookie-clicker\/\" target=\"_blank\" rel=\"noreferrer noopener\"><img decoding=\"async\" src=\"https:\/\/escaperoad.fun\/wp-content\/uploads\/2024\/10\/icon.png\" alt=\"\" class=\"wp-image-150\"\/><\/a><\/figure>\n\n\n\n<figure class=\"wp-block-image size-thumbnail has-custom-border\"><a href=\"https:\/\/sledrider3d.com\/fi\/clicker\/chill-guy-clicker\/\" target=\"_blank\" rel=\"noreferrer noopener\"><img loading=\"lazy\" decoding=\"async\" width=\"150\" height=\"150\" src=\"https:\/\/sledrider3d.com\/wp-content\/uploads\/2024\/10\/WX20241220-102702@2x-150x150.webp\" alt=\"\" class=\"wp-image-170\" style=\"border-radius:10px\" srcset=\"https:\/\/sledrider3d.com\/wp-content\/uploads\/2024\/10\/WX20241220-102702@2x-150x150.webp 150w, https:\/\/sledrider3d.com\/wp-content\/uploads\/2024\/10\/WX20241220-102702@2x-300x300.webp 300w, https:\/\/sledrider3d.com\/wp-content\/uploads\/2024\/10\/WX20241220-102702@2x-12x12.webp 12w, https:\/\/sledrider3d.com\/wp-content\/uploads\/2024\/10\/WX20241220-102702@2x.webp 500w\" sizes=\"auto, (max-width: 150px) 100vw, 150px\" \/><\/a><\/figure>\n<\/div>\n\n\n\n<div style=\"height:40px\" aria-hidden=\"true\" class=\"wp-block-spacer\"><\/div>\n\n\n\n<h2 class=\"wp-block-heading\" id=\"introduction-to-sled-rider-3-d-game\">Johdanto Sled Rider 3D-peliin<\/h2>\n\n\n\n<div class=\"wp-block-rank-math-toc-block\" id=\"rank-math-toc\"><h3>Sis\u00e4llysluettelo<\/h3><nav><ul><li><a href=\"#what-is-sled-rider-3-d\">Mik\u00e4 on Sled Rider 3D?<\/a><\/li><li><a href=\"#how-to-play-sled-rider-3-d\">Pelaaminen Sled Rider 3D<\/a><\/li><li><a href=\"#game-overview\">Pelin yleiskatsaus<\/a><\/li><li><a href=\"#key-features-of-sled-rider-3-d\">Sled Rider 3D:n t\u00e4rkeimm\u00e4t ominaisuudet<\/a><\/li><li><a href=\"#why-play-the-unblocked-version\">Miksi pelata estotonta versiota?<\/a><\/li><\/ul><\/nav><\/div>\n\n\n\n<h3 class=\"wp-block-heading\" id=\"what-is-sled-rider-3-d\">Mik\u00e4 on Sled Rider 3D?<\/h3>\n\n\n\n<figure class=\"wp-block-image size-full\"><img loading=\"lazy\" decoding=\"async\" width=\"512\" height=\"340\" src=\"https:\/\/sledrider3d.com\/wp-content\/uploads\/2024\/10\/logo-1.png\" alt=\"Sled Rider 3D - Unblocked Christmas Game with 3D Snow Rider\" class=\"wp-image-43\" srcset=\"https:\/\/sledrider3d.com\/wp-content\/uploads\/2024\/10\/logo-1.png 512w, https:\/\/sledrider3d.com\/wp-content\/uploads\/2024\/10\/logo-1-300x199.png 300w\" sizes=\"auto, (max-width: 512px) 100vw, 512px\" \/><\/figure>\n\n\n\n<p>Sled Rider 3D on mukaansatempaava talvi-aiheinen verkkopeli, jossa pelaajat ohjaavat kelkkaa, kun se zoomaa alas lumisia rinteit\u00e4, jotka ovat t\u00e4ynn\u00e4 esteit\u00e4, kuten kivi\u00e4, puita ja jyrk\u00e4nteit\u00e4. Peliss\u00e4 keskityt\u00e4\u00e4n ohjaamaan kelkkaa taitavasti vaarojen v\u00e4ist\u00e4miseksi, lahjojen ker\u00e4\u00e4miseksi ja pisteiden ansaitsemiseksi, ja lopullisena tavoitteena on avata uusia kelkkoja ja saavuttaa korkeat pisteet. Se on suunniteltu tarjoamaan mukaansatempaava ja juhlava kokemus, ja se sis\u00e4lt\u00e4\u00e4 jopa kausiluonteisia yksityiskohtia, kuten joulupukin reen, mik\u00e4 tekee siit\u00e4 suositun jouluaiheisen pelin.<\/p>\n\n\n\n<h3 class=\"wp-block-heading\" id=\"how-to-play-sled-rider-3-d\">Pelaaminen Sled Rider 3D<\/h3>\n\n\n\n<p>Voit pelata Sled Rider 3D:t\u00e4 seuraavasti:<\/p>\n\n\n\n<ol class=\"wp-block-list\">\n<li><strong>Aloita peli<\/strong>: Klikkaa <em>Aloita napauttamalla<\/em> ja sitten <em>Napauta liu'uta<\/em> aloittaaksesi juoksun.<\/li>\n\n\n\n<li><strong>Ohjaimet<\/strong>: K\u00e4yt\u00e4 nuolin\u00e4pp\u00e4imi\u00e4 tai WASD-n\u00e4pp\u00e4int\u00e4 liikkumiseen.\n<ul class=\"wp-block-list\">\n<li><strong>Nuolin\u00e4pp\u00e4in yl\u00f6s<\/strong>: Hypp\u00e4\u00e4<\/li>\n\n\n\n<li><strong>Vasen\/oikea nuoli<\/strong>: Ohjaa vasemmalle tai oikealle<\/li>\n<\/ul>\n<\/li>\n\n\n\n<li><strong>Pelin tavoite<\/strong>: Navigoi lumen peitt\u00e4mien rinteiden l\u00e4pi ja v\u00e4lt\u00e4 samalla esteit\u00e4, kuten puita ja lumiukkoja. Ker\u00e4\u00e4 matkan varrella joululahjoja ja lis\u00e4\u00e4 pistem\u00e4\u00e4r\u00e4si.<\/li>\n\n\n\n<li><strong>Vinkkej\u00e4 pisteytykseen<\/strong>: Suorita temppuja ja v\u00e4lt\u00e4 kolareita pident\u00e4\u00e4ksesi ajoasi ja ansaita bonuspisteit\u00e4.<\/li>\n<\/ol>\n\n\n\n<figure class=\"wp-block-image size-full\"><img loading=\"lazy\" decoding=\"async\" width=\"800\" height=\"500\" src=\"https:\/\/sledrider3d.com\/wp-content\/uploads\/2024\/10\/2_instructions-1.jpg\" alt=\"\" class=\"wp-image-118\" srcset=\"https:\/\/sledrider3d.com\/wp-content\/uploads\/2024\/10\/2_instructions-1.jpg 800w, https:\/\/sledrider3d.com\/wp-content\/uploads\/2024\/10\/2_instructions-1-300x188.jpg 300w, https:\/\/sledrider3d.com\/wp-content\/uploads\/2024\/10\/2_instructions-1-768x480.jpg 768w, https:\/\/sledrider3d.com\/wp-content\/uploads\/2024\/10\/2_instructions-1-18x12.jpg 18w\" sizes=\"auto, (max-width: 800px) 100vw, 800px\" \/><\/figure>\n\n\n\n<p>Sled Rider 3D on tunnettu yksinkertaisuudestaan, mink\u00e4 ansiosta se on helposti l\u00e4hestytt\u00e4v\u00e4 sek\u00e4 satunnaisille pelaajille ett\u00e4 niille, jotka haluavat kilpailla korkeista pisteist\u00e4. Estoton versio takaa saumattoman p\u00e4\u00e4syn ilman rajoituksia, mik\u00e4 tekee siit\u00e4 suositun kouluissa ja ty\u00f6paikoilla, joissa muut pelit saattavat olla estettyj\u00e4. Optimaalisen pelikokemuksen saa pelaamalla suoraan selaimessa ilman latauksia, jolloin k\u00e4ytt\u00e4j\u00e4t voivat hyp\u00e4t\u00e4 suoraan toimintaan.<\/p>\n\n\n\n<h3 class=\"wp-block-heading\" id=\"game-overview\">Pelin yleiskatsaus<\/h3>\n\n\n\n<figure class=\"wp-block-table\"><table class=\"has-fixed-layout\"><thead><tr><th><strong>Aspect<\/strong><\/th><th><strong>Yksityiskohdat<\/strong><\/th><\/tr><\/thead><tbody><tr><td><strong>Pelattavuus<\/strong><\/td><td>Kelkkaile lumisia vuoria alas, v\u00e4istele esteit\u00e4, ker\u00e4\u00e4 lahjoja<\/td><\/tr><tr><td><strong>Ohjausvaihtoehdot<\/strong><\/td><td>Nuolin\u00e4pp\u00e4imill\u00e4 tai hiirell\u00e4 ohjataan, v\u00e4lily\u00f6nti hypp\u00e4\u00e4miseen.<\/td><\/tr><tr><td><strong>Pelitilat<\/strong><\/td><td>Vakioajot, ajoitetut haasteet, kolikonkeruu<\/td><\/tr><tr><td><strong>Mukauttaminen<\/strong><\/td><td>Avaa uusia kelkkoja ja nahkoja ansaituilla lahjoilla<\/td><\/tr><tr><td><strong>Alustat<\/strong><\/td><td>Pelattavissa selaimilla ja mobiililaitteilla<\/td><\/tr><tr><td><strong>Saavutettavuus<\/strong><\/td><td>Est\u00e4m\u00e4tt\u00f6m\u00e4t versiot saatavilla tietyill\u00e4 alustoilla<\/td><\/tr><\/tbody><\/table><\/figure>\n\n\n\n<h3 class=\"wp-block-heading\" id=\"key-features-of-sled-rider-3-d\">Sled Rider 3D:n t\u00e4rkeimm\u00e4t ominaisuudet<\/h3>\n\n\n\n<ul class=\"wp-block-list\">\n<li><strong>Adrenaliinia pumppaava pelattavuus<\/strong>: Nauti nopeatempoisista laskeutumisista ja ohjaa kelkkaasi tarkasti vaarojen v\u00e4ltt\u00e4miseksi.<\/li>\n\n\n\n<li><strong>Mukauttaminen &amp; eteneminen<\/strong>: Avaa erilaisia kelkkoja ja nahkoja ker\u00e4\u00e4m\u00e4ll\u00e4 lahjoja matkan varrella.<\/li>\n\n\n\n<li><strong>Kausiluonteinen ilmapiiri<\/strong>: Lumen peitt\u00e4m\u00e4t vuoret ja juhlalliset elementit tekev\u00e4t pelist\u00e4 t\u00e4ydellisen joulunajan pelin.<\/li>\n\n\n\n<li><strong>P\u00e4\u00e4sy verkkoon<\/strong>: Voit pelata Sled Rider 3D:t\u00e4 ilman, ett\u00e4 sinun tarvitsee ladata mit\u00e4\u00e4n. Se on saatavilla ilmaiseksi alustoilla, kuten <a href=\"https:\/\/sledrider3d.com\/fi\/\">SledRider3D<\/a>.<\/li>\n\n\n\n<li><strong>Lukitsematon p\u00e4\u00e4sy<\/strong>: Peli tarjoaa joissakin versioissa rajoittamattoman p\u00e4\u00e4syn, joten sit\u00e4 on helppo pelata jopa koulu- tai ty\u00f6paikkaymp\u00e4rist\u00f6ss\u00e4.<\/li>\n<\/ul>\n\n\n\n<h3 class=\"wp-block-heading\" id=\"why-play-the-unblocked-version\">Miksi pelata estotonta versiota?<\/h3>\n\n\n\n<p>Sled Rider 3D:n estoton versio takaa, ett\u00e4 pelaajat voivat nauttia pelist\u00e4 verkkorajoituksista huolimatta. T\u00e4m\u00e4 tekee siit\u00e4 ihanteellisen nopeaan viihteeseen koulun tai ty\u00f6paikan tauoilla. Alustat kuten <a href=\"https:\/\/sledrider3d.com\/fi\/\">SledRider3D<\/a> tarjoavat saumattoman ja turvallisen tavan kokea peli ilman latauksia tai erityisi\u00e4 asetuksia.<\/p>\n\n\n\n<figure class=\"wp-block-embed is-type-video is-provider-youtube wp-block-embed-youtube wp-embed-aspect-16-9 wp-has-aspect-ratio\"><div class=\"wp-block-embed__wrapper\">\n<iframe loading=\"lazy\" title=\"MIELET\u00d6N UUSI MAAILMANENN\u00c4TYS (\ud83d\udc51241\ud83d\udc51) SNOW RIDER 3D:SS\u00c4 \/\/ MUST WATCH!\" width=\"500\" height=\"281\" src=\"https:\/\/www.youtube.com\/embed\/iTBRRAlLKP0?feature=oembed\" frameborder=\"0\" allow=\"accelerometer; autoplay; clipboard-write; encrypted-media; gyroscope; picture-in-picture; web-share\" referrerpolicy=\"strict-origin-when-cross-origin\" allowfullscreen><\/iframe>\n<\/div><\/figure>\n\n\n\n<h2 class=\"wp-block-heading\" id=\"fa-qs-about-the-sled-rider-3-d-game\">Usein kysytyt kysymykset Sled Rider 3D-pelist\u00e4<\/h2>\n\n\n\n<h3 class=\"wp-block-heading\" id=\"1-what-makes-sled-rider-3-d-a-christmas-themed-game\">1. <strong>Mik\u00e4 tekee Sled Rider 3D:st\u00e4 jouluaiheisen pelin?<\/strong><\/h3>\n\n\n\n<p>Pelin juhlalliset elementit, kuten luminen maisema ja joulupukki-aiheiset lukitukset, tuovat peliin joulutunnelmaa. T\u00e4m\u00e4 tekee siit\u00e4 miellytt\u00e4v\u00e4n vaihtoehdon pelaajille, jotka etsiv\u00e4t joulupelej\u00e4.<\/p>\n\n\n\n<h3 class=\"wp-block-heading\" id=\"2-how-is-sled-rider-3-d-different-from-similar-games\">2. <strong>Miten Sled Rider 3D eroaa vastaavista peleist\u00e4?<\/strong><\/h3>\n\n\n\n<p>Toisin kuin muissa kelkkailupeleiss\u00e4, Sled Rider 3D:ss\u00e4 keskityt\u00e4\u00e4n progressiiviseen pelattavuuteen, jossa on avattavaa sis\u00e4lt\u00f6\u00e4, dynaamisia tasoja ja reaaliaikaisia pistetaulukoita kilpailevia pelaajia varten.<\/p>\n\n\n\n<h3 class=\"wp-block-heading\" id=\"3-can-i-play-sled-rider-3-d-for-free\">3. <strong>Voinko pelata Sled Rider 3D:t\u00e4 ilmaiseksi?<\/strong><\/h3>\n\n\n\n<p>Kyll\u00e4, peli\u00e4 voi pelata verkossa t\u00e4ysin ilmaiseksi. Peliss\u00e4 ei ole pelin sis\u00e4isi\u00e4 ostoja, joten se on kaikkien saatavilla.<\/p>\n\n\n\n<h3 class=\"wp-block-heading\" id=\"4-what-are-the-benefits-of-playing-the-game-unblocked\">4. <strong>Mit\u00e4 hy\u00f6ty\u00e4 on siit\u00e4, ett\u00e4 peli\u00e4 voi pelata ilman estoja?<\/strong><\/h3>\n\n\n\n<p>Estoton versio ohittaa verkkorajoitukset, joten pelaajat voivat nauttia pelist\u00e4 miss\u00e4 tahansa, my\u00f6s kouluissa ja ty\u00f6paikoilla. T\u00e4m\u00e4 versio s\u00e4ilytt\u00e4\u00e4 my\u00f6s kaikki keskeiset ominaisuudet laadusta tinkim\u00e4tt\u00e4.<\/p>\n\n\n\n<h3 class=\"wp-block-heading\" id=\"5-what-is-the-best-sled-in-snow-rider-3-d\">5. <strong>Mik\u00e4 on paras kelkka Snow Rider 3D:ss\u00e4?<\/strong><\/h3>\n\n\n\n<p>Joulupukin reke\u00e4 pidet\u00e4\u00e4n yhten\u00e4 pelin suosituimmista reist\u00e4. Sen avaaminen vaatii lukuisten pelinsis\u00e4isten lahjojen ker\u00e4\u00e4mist\u00e4 pelin edetess\u00e4.<\/p>\n\n\n\n<h3 class=\"wp-block-heading\" id=\"6-what-is-the-highest-score-on-snow-rider-3-d\">6. <strong>Mik\u00e4 on Snow Rider 3D:n korkein pistem\u00e4\u00e4r\u00e4?<\/strong><\/h3>\n\n\n\n<p>Tiettyj\u00e4 huippupisteit\u00e4 ei ole julkisesti dokumentoitu, mutta pelaajat kilpailevat usein korkeammista sijoituksista v\u00e4ltt\u00e4m\u00e4ll\u00e4 esteit\u00e4 ja ker\u00e4\u00e4m\u00e4ll\u00e4 lahjoja.<\/p>\n\n\n\n<h3 class=\"wp-block-heading\" id=\"7-what-is-the-world-record-for-snow-rider-3-d\">7. <strong>Mik\u00e4 on Snow Rider 3D:n maailmanenn\u00e4tys?<\/strong><\/h3>\n\n\n\n<p>T\u00e4ll\u00e4 hetkell\u00e4 ei ole olemassa mit\u00e4\u00e4n todennettua maailmanenn\u00e4tyst\u00e4. Pelaajia kannustetaan tavoittelemaan henkil\u00f6kohtaisia enn\u00e4tyksi\u00e4 ja jakamaan niit\u00e4 peliyhteis\u00f6iss\u00e4.<\/p>\n\n\n\n<h3 class=\"wp-block-heading\" id=\"8-when-was-snow-rider-3-d-made\">8. <strong>Milloin Snow Rider 3D tehtiin?<\/strong><\/h3>\n\n\n\n<p>Peli julkaistiin 13. lokakuuta 2023, ja se tarjoaa talviseikkailun juuri sopivasti jouluksi.<\/p>\n\n\n\n<h3 class=\"wp-block-heading\" id=\"9-how-much-is-the-santa-sleigh-in-snow-rider-3-d\">9. <strong>Kuinka paljon Snow Rider 3D:n joulupukin reki maksaa?<\/strong><\/h3>\n\n\n\n<p>Joulupukin reen avaamiseksi pelaajien on ker\u00e4tt\u00e4v\u00e4 tarpeeksi lahjoja ajojensa aikana, sill\u00e4 se on pikemminkin palkkiopohjainen kuin ostovaihtoehto.<\/p>\n\n\n\n<p>Ref: <a href=\"https:\/\/megaman.fandom.com\/wiki\/Snow_Rider\" data-type=\"link\" data-id=\"https:\/\/megaman.fandom.com\/wiki\/Snow_Rider\" target=\"_blank\" rel=\"noreferrer noopener\">FANDOM<\/a>, <a href=\"https:\/\/en.wikipedia.org\/wiki\/Snowrider\" data-type=\"link\" data-id=\"https:\/\/en.wikipedia.org\/wiki\/Snowrider\" target=\"_blank\" rel=\"noreferrer noopener\">Wikipedia<\/a><\/p>\n\n\n\n<p><\/p>","protected":false},"excerpt":{"rendered":"<p>Sled Rider 3D Game \ud83d\udd79 Pelaa ilmaiseksi verkossa estottomia lumipelej\u00e4 koko n\u00e4yt\u00f6n kokoisena Johdanto Sled Rider 3D-peliin Mik\u00e4 on Sled Rider 3D? Sled Rider 3D on mukaansatempaava talvi-aiheinen nettipeli, jossa pelaajat ohjaavat kelkkaa, kun se zoomaa alas lumisia rinteit\u00e4, jotka ovat t\u00e4ynn\u00e4 esteit\u00e4, kuten kivi\u00e4, puita ja jyrk\u00e4nteit\u00e4. Pelattavuus keskittyy [...]<\/p>","protected":false},"author":1,"featured_media":43,"parent":0,"menu_order":0,"comment_status":"open","ping_status":"closed","template":"","meta":{"footnotes":""},"class_list":["post-37","page","type-page","status-publish","has-post-thumbnail","hentry"],"_links":{"self":[{"href":"https:\/\/sledrider3d.com\/fi\/wp-json\/wp\/v2\/pages\/37","targetHints":{"allow":["GET"]}}],"collection":[{"href":"https:\/\/sledrider3d.com\/fi\/wp-json\/wp\/v2\/pages"}],"about":[{"href":"https:\/\/sledrider3d.com\/fi\/wp-json\/wp\/v2\/types\/page"}],"author":[{"embeddable":true,"href":"https:\/\/sledrider3d.com\/fi\/wp-json\/wp\/v2\/users\/1"}],"replies":[{"embeddable":true,"href":"https:\/\/sledrider3d.com\/fi\/wp-json\/wp\/v2\/comments?post=37"}],"version-history":[{"count":11,"href":"https:\/\/sledrider3d.com\/fi\/wp-json\/wp\/v2\/pages\/37\/revisions"}],"predecessor-version":[{"id":132,"href":"https:\/\/sledrider3d.com\/fi\/wp-json\/wp\/v2\/pages\/37\/revisions\/132"}],"wp:featuredmedia":[{"embeddable":true,"href":"https:\/\/sledrider3d.com\/fi\/wp-json\/wp\/v2\/media\/43"}],"wp:attachment":[{"href":"https:\/\/sledrider3d.com\/fi\/wp-json\/wp\/v2\/media?parent=37"}],"curies":[{"name":"wp","href":"https:\/\/api.w.org\/{rel}","templated":true}]}}