{"id":112,"date":"2024-10-27T10:20:39","date_gmt":"2024-10-27T10:20:39","guid":{"rendered":"https:\/\/sledrider3d.com\/?page_id=112"},"modified":"2024-10-27T10:55:27","modified_gmt":"2024-10-27T10:55:27","slug":"snow-rider-3d","status":"publish","type":"page","link":"https:\/\/sledrider3d.com\/fi\/snow-rider-3d\/","title":{"rendered":"Snow Rider 3D"},"content":{"rendered":"<h2 class=\"wp-block-heading has-text-align-center\" id=\"play-escape-road-halloween\ufffc-game-online-\ud83d\udd79-free-driving-games\" style=\"font-size:clamp(0.929rem, 0.929rem + ((1vw - 0.2rem) * 0.785), 1.4rem);\"><strong>Pelaa Snow Rider 3D-peli\u00e4 verkossa \ud83d\udd79 Ilmaisia lukitsemattomia Snowy-pelej\u00e4<\/strong><\/h2>\n\n\n\n<div class=\"wp-block-group has-global-padding is-layout-constrained wp-container-core-group-is-layout-704e782a wp-block-group-is-layout-constrained\">\n<div class=\"iframe-container\">\n    <iframe loading=\"lazy\" id=\"myIframe\" src=\"https:\/\/snow-rider3d-cic.pages.dev\" width=\"100%\" height=\"630px\"><\/iframe>\n<\/div>\n<div class=\"control-bar\">\n    <button id=\"fullscreenBtn\" onclick=\"toggleFullScreen()\">\n        <svg class=\"fullscreen-icon\" viewbox=\"0 0 24 24\" width=\"16\" height=\"16\">\n            <path d=\"M7 14H5v5h5v-2H7v-3zm-2-4h2V7h3V5H5v5zm12 7h-3v2h5v-5h-2v3zM14 5v2h3v3h2V5h-5z\"\/>\n        <\/svg>\n        <span>Koko n\u00e4ytt\u00f6<\/span>\n    <\/button>\n<\/div>\n\n<style>\n.iframe-container {\n    width: 100%;\n    margin: 0 auto;\n    border-radius: 8px;\n    overflow: hidden;\n}\n\n.control-bar {\n    display: flex;\n    justify-content: flex-end;\n    padding: 1px 0;  \/* \u4e0a\u4e0b\u589e\u52a0\u95f4\u8ddd *\/\n}\n\n#fullscreenBtn {\n    display: flex;\n    align-items: center;\n    gap: 1px;\n    padding: 8px 12px;\n    background-color: #2d2d2d;\n    border: none;\n    border-radius: 4px;\n    color: white;\n    cursor: pointer;\n    transition: background-color 0.2s;\n}\n\n#fullscreenBtn:hover {\n    background-color: #404040;\n}\n\n.fullscreen-icon {\n    fill: currentColor;\n}\n<\/style>\n<\/div>\n\n\n\n<div style=\"height:2px\" aria-hidden=\"true\" class=\"wp-block-spacer\"><\/div>\n\n\n\n<div class=\"wp-block-group is-layout-grid wp-container-core-group-is-layout-722e4d33 wp-block-group-is-layout-grid\">\n<figure class=\"wp-block-image size-full has-custom-border\"><a href=\"https:\/\/sledrider3d.com\/fi\/snow-road\/\" target=\"_blank\" rel=\"noreferrer noopener\"><img decoding=\"async\" src=\"https:\/\/escaperoad.fun\/wp-content\/uploads\/2024\/10\/background-1.png\" alt=\"\" class=\"wp-image-128\" style=\"border-radius:10px\"\/><\/a><\/figure>\n\n\n\n<figure class=\"wp-block-image size-full has-custom-border\"><a href=\"https:\/\/sledrider3d.com\/fi\/snow-rider-3d\/\" target=\"_blank\" rel=\"noreferrer noopener\"><img decoding=\"async\" src=\"https:\/\/escaperoad.fun\/wp-content\/uploads\/2024\/10\/WX20241023-192336@2x-1-1.png\" alt=\"\" class=\"wp-image-139\" style=\"border-radius:10px\"\/><\/a><\/figure>\n\n\n\n<figure class=\"wp-block-image size-full has-custom-border\"><a href=\"https:\/\/sledrider3d.com\/fi\/\" target=\"_blank\" rel=\"noreferrer noopener\"><img decoding=\"async\" src=\"https:\/\/escaperoad.fun\/wp-content\/uploads\/2024\/10\/logo-2-1.png\" alt=\"\" class=\"wp-image-138\" style=\"border-radius:10px\"\/><\/a><\/figure>\n\n\n\n<figure class=\"wp-block-image size-full has-custom-border is-style-default wp-container-content-0d18e1c1\"><a href=\"https:\/\/sledrider3d.com\/fi\/escape-road\/escape-road-game\/\" target=\"_blank\" rel=\"noreferrer noopener\"><img decoding=\"async\" src=\"https:\/\/escaperoad.fun\/wp-content\/uploads\/2024\/10\/Escape-Road-cl-1-1.png\" alt=\"\" class=\"wp-image-98\" style=\"border-radius:10px\"\/><\/a><\/figure>\n\n\n\n<figure class=\"wp-block-image size-full has-custom-border\"><a href=\"https:\/\/sledrider3d.com\/fi\/car\/escape-road-halloween\/\" target=\"_blank\" rel=\"noreferrer noopener\"><img decoding=\"async\" src=\"https:\/\/escaperoad.fun\/wp-content\/uploads\/2024\/10\/WX20241026-160813@2x-2.png\" alt=\"\" class=\"wp-image-100\" style=\"border-radius:10px\"\/><\/a><\/figure>\n\n\n\n<figure class=\"wp-block-image size-full has-custom-border\"><a href=\"https:\/\/sledrider3d.com\/fi\/car\/escape-road-city\/\" target=\"_blank\" rel=\"noreferrer noopener\"><img decoding=\"async\" src=\"https:\/\/escaperoad.fun\/wp-content\/uploads\/2024\/10\/WX20241026-175349@2x-1-1.png\" alt=\"\" class=\"wp-image-130\" style=\"border-radius:10px\"\/><\/a><\/figure>\n\n\n\n<figure class=\"wp-block-image size-thumbnail has-custom-border\"><a href=\"https:\/\/sledrider3d.com\/fi\/car\/escape-road-city-2\/\" target=\"_blank\" rel=\" noreferrer noopener\"><img loading=\"lazy\" decoding=\"async\" width=\"150\" height=\"150\" src=\"https:\/\/sledrider3d.com\/wp-content\/uploads\/2024\/10\/WX20250130-163958@2x-150x150.webp\" alt=\"\" class=\"wp-image-184\" style=\"border-radius:10px\" srcset=\"https:\/\/sledrider3d.com\/wp-content\/uploads\/2024\/10\/WX20250130-163958@2x-150x150.webp 150w, https:\/\/sledrider3d.com\/wp-content\/uploads\/2024\/10\/WX20250130-163958@2x-300x300.webp 300w, https:\/\/sledrider3d.com\/wp-content\/uploads\/2024\/10\/WX20250130-163958@2x-12x12.webp 12w, https:\/\/sledrider3d.com\/wp-content\/uploads\/2024\/10\/WX20250130-163958@2x.webp 500w\" sizes=\"auto, (max-width: 150px) 100vw, 150px\" \/><\/a><\/figure>\n\n\n\n<figure class=\"wp-block-image size-full has-custom-border\"><a href=\"https:\/\/sledrider3d.com\/fi\/car\/smashy-road\/\" target=\"_blank\" rel=\"noreferrer noopener\"><img decoding=\"async\" src=\"https:\/\/escaperoad.fun\/wp-content\/uploads\/2024\/10\/download-8-1.png\" alt=\"\" class=\"wp-image-99\" style=\"border-radius:10px\"\/><\/a><\/figure>\n\n\n\n<figure class=\"wp-block-image size-full has-custom-border\"><a href=\"https:\/\/sledrider3d.com\/fi\/sprunki\/incredibox-sprunki\/\" target=\"_blank\" rel=\"noreferrer noopener\"><img decoding=\"async\" src=\"https:\/\/escaperoad.fun\/wp-content\/uploads\/2024\/10\/incredibox-sprunki-1.jpg\" alt=\"\" class=\"wp-image-140\" style=\"border-radius:10px\"\/><\/a><\/figure>\n\n\n\n<figure class=\"wp-block-image size-thumbnail has-custom-border\"><a href=\"https:\/\/sledrider3d.com\/fi\/road\/crossy-road\/\" target=\"_blank\" rel=\"noreferrer noopener\"><img loading=\"lazy\" decoding=\"async\" width=\"150\" height=\"150\" src=\"https:\/\/sledrider3d.com\/wp-content\/uploads\/2024\/10\/crossy-road-sr1-f180x180-150x150.webp\" alt=\"\" class=\"wp-image-177\" style=\"border-radius:10px\" srcset=\"https:\/\/sledrider3d.com\/wp-content\/uploads\/2024\/10\/crossy-road-sr1-f180x180-150x150.webp 150w, https:\/\/sledrider3d.com\/wp-content\/uploads\/2024\/10\/crossy-road-sr1-f180x180-12x12.webp 12w, https:\/\/sledrider3d.com\/wp-content\/uploads\/2024\/10\/crossy-road-sr1-f180x180.webp 200w\" sizes=\"auto, (max-width: 150px) 100vw, 150px\" \/><\/a><\/figure>\n\n\n\n<figure class=\"wp-block-image size-full has-custom-border\"><a href=\"https:\/\/sledrider3d.com\/fi\/stickman\/stickman-hook\/\" target=\"_blank\" rel=\"noreferrer noopener\"><img decoding=\"async\" src=\"https:\/\/escaperoad.fun\/wp-content\/uploads\/2024\/10\/WX20241026-210554@2x-1.png\" alt=\"\" class=\"wp-image-142\" style=\"border-radius:10px\"\/><\/a><\/figure>\n\n\n\n<figure class=\"wp-block-image size-full has-custom-border\"><a href=\"https:\/\/sledrider3d.com\/fi\/motocycle\/moto-x3m\/\" target=\"_blank\" rel=\"noreferrer noopener\"><img decoding=\"async\" src=\"https:\/\/escaperoad.fun\/wp-content\/uploads\/2024\/10\/maxresdefault-1.jpg\" alt=\"\" class=\"wp-image-143\" style=\"border-radius:10px\"\/><\/a><\/figure>\n\n\n\n<figure class=\"wp-block-image size-full\"><a href=\"https:\/\/sledrider3d.com\/fi\/clicker\/cookie-clicker\/\" target=\"_blank\" rel=\"noreferrer noopener\"><img decoding=\"async\" src=\"https:\/\/escaperoad.fun\/wp-content\/uploads\/2024\/10\/icon.png\" alt=\"\" class=\"wp-image-150\"\/><\/a><\/figure>\n\n\n\n<figure class=\"wp-block-image size-thumbnail has-custom-border\"><a href=\"https:\/\/sledrider3d.com\/fi\/clicker\/chill-guy-clicker\/\" target=\"_blank\" rel=\"noreferrer noopener\"><img loading=\"lazy\" decoding=\"async\" width=\"150\" height=\"150\" src=\"https:\/\/sledrider3d.com\/wp-content\/uploads\/2024\/10\/WX20241220-102702@2x-150x150.webp\" alt=\"\" class=\"wp-image-170\" style=\"border-radius:10px\" srcset=\"https:\/\/sledrider3d.com\/wp-content\/uploads\/2024\/10\/WX20241220-102702@2x-150x150.webp 150w, https:\/\/sledrider3d.com\/wp-content\/uploads\/2024\/10\/WX20241220-102702@2x-300x300.webp 300w, https:\/\/sledrider3d.com\/wp-content\/uploads\/2024\/10\/WX20241220-102702@2x-12x12.webp 12w, https:\/\/sledrider3d.com\/wp-content\/uploads\/2024\/10\/WX20241220-102702@2x.webp 500w\" sizes=\"auto, (max-width: 150px) 100vw, 150px\" \/><\/a><\/figure>\n<\/div>\n\n\n\n<div style=\"height:30px\" aria-hidden=\"true\" class=\"wp-block-spacer\"><\/div>\n\n\n\n<h2 class=\"wp-block-heading\" id=\"snow-rider-3-d-game-free-to-play-unblocked-games\">Snow Rider 3D-peli: Snow Snow Snow Snow Snowider: Ilmainen pelata estottomia pelej\u00e4<\/h2>\n\n\n\n<p>Snow Rider 3D on koukuttava, ilmaiseksi pelattava pakopeli, joka tarjoaa loputtomasti hauskaa. Halusitpa sitten tappaa aikaa tauon aikana tai osallistua vakaviin pistehaasteisiin, t\u00e4m\u00e4 peli tarjoaa jokaiselle jotakin. Varmista, ett\u00e4 kokeilet estottomia versioita, jotta p\u00e4\u00e4set niihin sujuvasti k\u00e4siksi, erityisesti alustoilla kuten <strong>sledrider3d.com<\/strong> ja muita suosittuja pelisivustoja\u30109\u3011\u301010\u3011.<\/p>\n\n\n\n<div class=\"wp-block-rank-math-toc-block\" id=\"rank-math-toc\"><h3>Sis\u00e4llysluettelo<\/h3><nav><ul><li><a href=\"#what-is-snow-rider-3-d\">Mik\u00e4 on Snow Rider 3D?<\/a><ul><li><a href=\"#game-background\">Pelin tausta Snow Rider 3D peli<\/a><\/li><\/ul><\/li><li><a href=\"#why-snow-rider-3-d-is-trending\">Miksi Snow Rider 3D on trendik\u00e4s<\/a><\/li><li><a href=\"#how-to-play-snow-rider-3-d\">Pelaaminen Snow Rider 3D Unblocked<\/a><ul><li><a href=\"#levels-and-gameplay-details\">Tasot ja pelattavuuden yksityiskohdat Snow Rider 3D-peliss\u00e4<\/a><\/li><\/ul><\/li><li><a href=\"#features-and-characters\">Snow Rider 3D -pelin ominaisuudet ja hahmot<\/a><\/li><li><a href=\"#pro-tips-and-tricks\">Pro Vinkkej\u00e4 ja niksej\u00e4 Snow Rider 3D-pelist\u00e4<\/a><\/li><\/ul><\/nav><\/div>\n\n\n\n<h3 class=\"wp-block-heading\" id=\"what-is-snow-rider-3-d\">Mik\u00e4 on Snow Rider 3D?<\/h3>\n\n\n\n<figure class=\"wp-block-image size-full\"><img loading=\"lazy\" decoding=\"async\" width=\"800\" height=\"486\" src=\"https:\/\/sledrider3d.com\/wp-content\/uploads\/2024\/10\/WX20241023-192336@2x-1.png\" alt=\"\" class=\"wp-image-119\" srcset=\"https:\/\/sledrider3d.com\/wp-content\/uploads\/2024\/10\/WX20241023-192336@2x-1.png 800w, https:\/\/sledrider3d.com\/wp-content\/uploads\/2024\/10\/WX20241023-192336@2x-1-300x182.png 300w, https:\/\/sledrider3d.com\/wp-content\/uploads\/2024\/10\/WX20241023-192336@2x-1-768x467.png 768w, https:\/\/sledrider3d.com\/wp-content\/uploads\/2024\/10\/WX20241023-192336@2x-1-18x12.png 18w\" sizes=\"auto, (max-width: 800px) 100vw, 800px\" \/><\/figure>\n\n\n\n<p>Snow Rider 3D on j\u00e4nnitt\u00e4v\u00e4 online-talviurheilupeli, joka tarjoaa pelaajille j\u00e4nnityst\u00e4 alam\u00e4kikelkkailussa lumisissa maisemissa. T\u00e4h\u00e4n ilmaiseksi pelattavaan peliin p\u00e4\u00e4see k\u00e4siksi selainten kautta, joten pelaajat voivat sukeltaa nopeatempoiseen, esteiden t\u00e4ytt\u00e4m\u00e4\u00e4n peliin ilman latauksia tai asennuksia. Sen estoton versio on erityisen suosittu kouluissa ja ty\u00f6paikoilla, joissa pelien k\u00e4ytt\u00f6mahdollisuuksia saatetaan muuten rajoittaa.<\/p>\n\n\n\n<hr class=\"wp-block-separator has-alpha-channel-opacity\"\/>\n\n\n\n<h4 class=\"wp-block-heading\" id=\"game-background\">Pelin tausta Snow Rider 3D peli<\/h4>\n\n\n\n<p>Snow Rider 3D julkaistiin alun perin vuonna 2019, ja siit\u00e4 on tullut verkkopelaajien suosikki. Suoraviivaisen mekaniikkansa ansiosta se vetoaa sek\u00e4 satunnaisiin pelaajiin ett\u00e4 kilpailuharrastajiin, jotka nauttivat jokaisen kurssin hallitsemisesta. Pelin avulla pelaajat voivat ajaa kilpaa lumisia teit\u00e4 pitkin, v\u00e4istell\u00e4 esteit\u00e4, kuten puita ja lumiukkoja, ja ker\u00e4t\u00e4 radalle ripoteltuja lahjoja.<\/p>\n\n\n\n<hr class=\"wp-block-separator has-alpha-channel-opacity\"\/>\n\n\n\n<h3 class=\"wp-block-heading\" id=\"why-snow-rider-3-d-is-trending\">Miksi Snow Rider 3D on trendik\u00e4s<\/h3>\n\n\n\n<p>Pelin kasvava suosio johtuu useista tekij\u00f6ist\u00e4:<\/p>\n\n\n\n<ul class=\"wp-block-list\">\n<li><strong>Saavutettavuus<\/strong>: Se on estoton useilla alustoilla, joten se on suosittu valinta kouluissa ja ty\u00f6paikoilla.<\/li>\n\n\n\n<li><strong>Yksinkertaisuus ja syvyys<\/strong>: Intuitiivinen ohjaus on helppo oppia, mutta haastava hallita.<\/li>\n\n\n\n<li><strong>Kausiluonteinen vetovoima<\/strong>: Se vangitsee t\u00e4ydellisesti talviurheilun j\u00e4nnityksen, mik\u00e4 lis\u00e4\u00e4 sen vieh\u00e4tyst\u00e4 kylmempin\u00e4 kuukausina.<\/li>\n\n\n\n<li><strong>Kilpailuetu<\/strong>: Pelaajat pyrkiv\u00e4t saavuttamaan korkeat pisteet ker\u00e4\u00e4m\u00e4ll\u00e4 lahjoja ja avaamalla kelkka-p\u00e4ivityksi\u00e4, mik\u00e4 kannustaa toistuvaan pelaamiseen.<\/li>\n<\/ul>\n\n\n\n<hr class=\"wp-block-separator has-alpha-channel-opacity\"\/>\n\n\n\n<h3 class=\"wp-block-heading\" id=\"how-to-play-snow-rider-3-d\">Pelaaminen Snow Rider 3D Unblocked<\/h3>\n\n\n\n<p>Voit ohjata kelkkasi k\u00e4ytt\u00e4m\u00e4ll\u00e4 <strong>nuolin\u00e4pp\u00e4imet<\/strong> tai <strong>WASD-n\u00e4pp\u00e4imet<\/strong>. Voit hyp\u00e4t\u00e4 esteiden yli painamalla <strong>v\u00e4lily\u00f6nti<\/strong> tai <strong>yl\u00f6snuoli<\/strong>. Tavoitteena on laskeutua mahdollisimman pitk\u00e4lle ja ker\u00e4t\u00e4 samalla lahjoja, jotka lis\u00e4\u00e4v\u00e4t pistem\u00e4\u00e4r\u00e4\u00e4si ja avaavat uusia kelkkoja. Kun etenet, peli nopeutuu ja vaatii ter\u00e4vi\u00e4 refleksej\u00e4 ja strategista ajattelua.<\/p>\n\n\n\n<figure class=\"wp-block-image size-full\"><img loading=\"lazy\" decoding=\"async\" width=\"800\" height=\"445\" src=\"https:\/\/sledrider3d.com\/wp-content\/uploads\/2024\/10\/WX20241023-192731@2x-1.png\" alt=\"\" class=\"wp-image-117\" srcset=\"https:\/\/sledrider3d.com\/wp-content\/uploads\/2024\/10\/WX20241023-192731@2x-1.png 800w, https:\/\/sledrider3d.com\/wp-content\/uploads\/2024\/10\/WX20241023-192731@2x-1-300x167.png 300w, https:\/\/sledrider3d.com\/wp-content\/uploads\/2024\/10\/WX20241023-192731@2x-1-768x427.png 768w, https:\/\/sledrider3d.com\/wp-content\/uploads\/2024\/10\/WX20241023-192731@2x-1-18x10.png 18w\" sizes=\"auto, (max-width: 800px) 100vw, 800px\" \/><\/figure>\n\n\n\n<hr class=\"wp-block-separator has-alpha-channel-opacity\"\/>\n\n\n\n<h4 class=\"wp-block-heading\" id=\"levels-and-gameplay-details\">Tasot ja pelattavuuden yksityiskohdat Snow Rider 3D-peliss\u00e4<\/h4>\n\n\n\n<p>Vaikka peliss\u00e4 ei ole erillisi\u00e4 tasoja, jokainen sessio tarjoaa uusia haasteita nopeuden ja maaston mukaan. Loputtoman radan vaikeusaste nousee v\u00e4hitellen, mik\u00e4 pakottaa pelaajat sopeutumaan ja parantamaan suoritustaan saadakseen enemm\u00e4n pisteit\u00e4.<\/p>\n\n\n\n<hr class=\"wp-block-separator has-alpha-channel-opacity\"\/>\n\n\n\n<h3 class=\"wp-block-heading\" id=\"features-and-characters\">Snow Rider 3D -pelin ominaisuudet ja hahmot<\/h3>\n\n\n\n<ul class=\"wp-block-list\">\n<li><strong>Tehosteet<\/strong>: Radalla olevat lahjat tarjoavat bonuspisteit\u00e4 ja satunnaisia nopeuslis\u00e4yksi\u00e4.<\/li>\n\n\n\n<li><strong>Erilaiset kelkat<\/strong>: Pelaajat voivat avata uusia kelkkamalleja ker\u00e4\u00e4m\u00e4ll\u00e4 tarpeeksi pisteit\u00e4.<\/li>\n\n\n\n<li><strong>Esteet<\/strong>: Lumimiesten ja puiden lis\u00e4ksi pelaajien on v\u00e4ltett\u00e4v\u00e4 hankalia rinteit\u00e4, jotka voivat aiheuttaa kolareita.<\/li>\n<\/ul>\n\n\n\n<hr class=\"wp-block-separator has-alpha-channel-opacity\"\/>\n\n\n\n<h3 class=\"wp-block-heading\" id=\"pro-tips-and-tricks\">Pro Vinkkej\u00e4 ja niksej\u00e4 Snow Rider 3D-pelist\u00e4<\/h3>\n\n\n\n<ol class=\"wp-block-list\">\n<li><strong>Mestarihypyt<\/strong>: K\u00e4yt\u00e4 rinteit\u00e4 saadaksesi lis\u00e4\u00e4 lentoaikaa, mutta varmista tasaiset laskeutumiset vauhdin s\u00e4ilytt\u00e4miseksi.<\/li>\n\n\n\n<li><strong>Lahjan polkeminen<\/strong>: Keskity ker\u00e4\u00e4m\u00e4\u00e4n useita lahjoja yhteen riviin poikkeamatta reitilt\u00e4.<\/li>\n\n\n\n<li><strong>Nopeus Boostit<\/strong>: S\u00e4\u00e4st\u00e4 nopeusvoimia vaikeisiin osiin saadaksesi etuly\u00f6ntiaseman.<\/li>\n<\/ol>\n\n\n\n<figure class=\"wp-block-image size-full\"><img loading=\"lazy\" decoding=\"async\" width=\"400\" height=\"265\" src=\"https:\/\/sledrider3d.com\/wp-content\/uploads\/2024\/10\/logo-2.png\" alt=\"\" class=\"wp-image-120\" srcset=\"https:\/\/sledrider3d.com\/wp-content\/uploads\/2024\/10\/logo-2.png 400w, https:\/\/sledrider3d.com\/wp-content\/uploads\/2024\/10\/logo-2-300x199.png 300w, https:\/\/sledrider3d.com\/wp-content\/uploads\/2024\/10\/logo-2-18x12.png 18w\" sizes=\"auto, (max-width: 400px) 100vw, 400px\" \/><\/figure>\n\n\n\n<hr class=\"wp-block-separator has-alpha-channel-opacity\"\/>\n\n\n\n<h2 class=\"wp-block-heading\" id=\"faq\">FAQ of Snow Rider 3D Unblocked peli<\/h2>\n\n\n\n<figure class=\"wp-block-table\"><table class=\"has-fixed-layout\"><thead><tr><th><strong>Kysymys<\/strong><\/th><th><strong>Vastaa<\/strong><\/th><\/tr><\/thead><tbody><tr><td><strong>Voinko pelata Snow Rider 3D:t\u00e4 verkossa?<\/strong><\/td><td>Kyll\u00e4, Snow Rider 3D on pelattavissa verkossa ilmaiseksi useilla alustoilla.<\/td><\/tr><tr><td><strong>Mik\u00e4 tekee Snow Rider 3D:st\u00e4 pakopelin?<\/strong><\/td><td>Pelaajien on v\u00e4istelt\u00e4v\u00e4 taitavasti tiell\u00e4 olevia esteit\u00e4, jotta he eiv\u00e4t t\u00f6rm\u00e4\u00e4, mik\u00e4 lis\u00e4\u00e4 pelattavuuteen haastetta.<\/td><\/tr><tr><td><strong>Mist\u00e4 l\u00f6yd\u00e4n Snow Rider 3D unblocked?<\/strong><\/td><td>K\u00e4y sivustoilla kuten <strong><a href=\"https:\/\/sledrider3d.com\/fi\/snow-rider-3d\/\">sledrider3d.com<\/a><\/strong> esteet\u00f6nt\u00e4 p\u00e4\u00e4sy\u00e4 varten.<\/td><\/tr><tr><td><strong>Miten ohjaan kelkkaa?<\/strong><\/td><td>K\u00e4yt\u00e4 <strong>nuolin\u00e4pp\u00e4imet<\/strong> tai <strong>WASD<\/strong> n\u00e4pp\u00e4imet navigointiin ja <strong>v\u00e4lily\u00f6nti<\/strong> hypp\u00e4\u00e4m\u00e4\u00e4n.<\/td><\/tr><tr><td><strong>Onko Snow Rider 3D ilmainen?<\/strong><\/td><td>Kyll\u00e4, se on t\u00e4ysin ilmainen ilman latauksia.<\/td><\/tr><tr><td><strong>Mit\u00e4 ovat pelin \"lumiset tiet\"?<\/strong><\/td><td>Lumiteill\u00e4 tarkoitetaan j\u00e4isi\u00e4 teit\u00e4, joita pelaajien on navigoitava pelin aikana.<\/td><\/tr><tr><td><strong>Miten est\u00e4m\u00e4tt\u00f6m\u00e4t versiot toimivat?<\/strong><\/td><td>Est\u00e4m\u00e4tt\u00f6m\u00e4t versiot ohittavat koulujen kaltaisten alustojen rajoitukset, jolloin peli on vapaasti k\u00e4ytett\u00e4viss\u00e4.<\/td><\/tr><tr><td><strong>Mik\u00e4 on Snow Rider 3D classroom 6x?<\/strong><\/td><td>Se on kouluymp\u00e4rist\u00f6\u00f6n optimoitu versio, joka l\u00f6ytyy usein pelisivustoilta osoitteesta classroom 6x.<\/td><\/tr><tr><td><strong>Voinko k\u00e4ytt\u00e4\u00e4 Snow Rider 3D:t\u00e4 Hooda Mathissa?<\/strong><\/td><td>Kyll\u00e4, se on saatavilla osana pelikirjastoa osoitteessa <strong>Hooda Math<\/strong>.<\/td><\/tr><tr><td><strong>Mit\u00e4 tapahtuu, jos kaadun?<\/strong><\/td><td>Peli nollautuu, ja pelaajat voivat aloittaa kurssin v\u00e4litt\u00f6m\u00e4sti uudelleen.<\/td><\/tr><tr><td><strong>Mik\u00e4 on Snow Rider 3D 76?<\/strong><\/td><td>Snow Rider 3D unblocked 76 on suosittu versio saatavilla unblocked peli portaaleissa.<\/td><\/tr><tr><td><strong>Onko tulostaulukkoa tai korkeimpia pistem\u00e4\u00e4ri\u00e4?<\/strong><\/td><td>Joissakin versioissa on korkeiden pistem\u00e4\u00e4rien seuranta, jonka avulla voit kilpailla muiden pelaajien kanssa.<\/td><\/tr><tr><td><strong>Miten lahjat vaikuttavat pelattavuuteen?<\/strong><\/td><td>Lahjojen ker\u00e4\u00e4minen kasvattaa pelaajan pistem\u00e4\u00e4r\u00e4\u00e4 ja voi avata nopeuslis\u00e4yksi\u00e4.<\/td><\/tr><tr><td><strong>Voiko Snow Rider 3D:t\u00e4 pelata mobiililaitteella?<\/strong><\/td><td>Kyll\u00e4, peli on selainyhteensopiva puhelimien ja tablettien kanssa.<\/td><\/tr><tr><td><strong>Kuinka pitk\u00e4 on tyypillinen pelisessio?<\/strong><\/td><td>Jokainen ajo kest\u00e4\u00e4, kunnes pelaaja kaatuu, mik\u00e4 kannustaa pelaamaan peli\u00e4 uudelleen taitojen parantamiseksi.<\/td><\/tr><tr><td><strong>Mitk\u00e4 ovat pelikikkoja parempien pisteiden saamiseksi?<\/strong><\/td><td>Keskity sujuviin laskeutumisiin, tehokkaaseen lahjojen ker\u00e4\u00e4miseen ja power-upien strategiseen k\u00e4ytt\u00f6\u00f6n.<\/td><\/tr><tr><td><strong>Mik\u00e4 tekee Snow Rider 3D unblocked 6x erityiseksi?<\/strong><\/td><td>6x-versio on optimoitu sujuvampaan pelaamiseen rajoitetuissa ymp\u00e4rist\u00f6iss\u00e4, kuten kouluissa.<\/td><\/tr><tr><td><strong>Onko peliss\u00e4 moninpelitiloja?<\/strong><\/td><td>Ei, Snow Rider 3D on yksinpelikokemus.<\/td><\/tr><tr><td><strong>Onko eri hahmoja avattavissa?<\/strong><\/td><td>Ei, mukauttaminen rajoittuu kelkan p\u00e4ivityksiin eik\u00e4 hahmovalintoihin.<\/td><\/tr><tr><td><strong>Mik\u00e4 on pelin tavoite?<\/strong><\/td><td>P\u00e4\u00e4tavoitteena on matkustaa mahdollisimman pitk\u00e4lle ja ker\u00e4t\u00e4 samalla lahjoja ja v\u00e4ltt\u00e4\u00e4 esteit\u00e4.<\/td><\/tr><\/tbody><\/table><\/figure>","protected":false},"excerpt":{"rendered":"<p>Play Snow Rider 3D Game Online \ud83d\udd79 Free Unblocked Snowy Games Full Screen Snow Rider 3D Game: Free to Play Unblocked Games Snow Rider 3D stands out as an addictive, free-to-play escape game that offers endless fun. Whether you are looking to kill time during a break or engage in serious score challenges, this game [&hellip;]<\/p>","protected":false},"author":1,"featured_media":119,"parent":0,"menu_order":0,"comment_status":"open","ping_status":"closed","template":"","meta":{"footnotes":""},"class_list":["post-112","page","type-page","status-publish","has-post-thumbnail","hentry"],"_links":{"self":[{"href":"https:\/\/sledrider3d.com\/fi\/wp-json\/wp\/v2\/pages\/112","targetHints":{"allow":["GET"]}}],"collection":[{"href":"https:\/\/sledrider3d.com\/fi\/wp-json\/wp\/v2\/pages"}],"about":[{"href":"https:\/\/sledrider3d.com\/fi\/wp-json\/wp\/v2\/types\/page"}],"author":[{"embeddable":true,"href":"https:\/\/sledrider3d.com\/fi\/wp-json\/wp\/v2\/users\/1"}],"replies":[{"embeddable":true,"href":"https:\/\/sledrider3d.com\/fi\/wp-json\/wp\/v2\/comments?post=112"}],"version-history":[{"count":3,"href":"https:\/\/sledrider3d.com\/fi\/wp-json\/wp\/v2\/pages\/112\/revisions"}],"predecessor-version":[{"id":130,"href":"https:\/\/sledrider3d.com\/fi\/wp-json\/wp\/v2\/pages\/112\/revisions\/130"}],"wp:featuredmedia":[{"embeddable":true,"href":"https:\/\/sledrider3d.com\/fi\/wp-json\/wp\/v2\/media\/119"}],"wp:attachment":[{"href":"https:\/\/sledrider3d.com\/fi\/wp-json\/wp\/v2\/media?parent=112"}],"curies":[{"name":"wp","href":"https:\/\/api.w.org\/{rel}","templated":true}]}}