{"id":112,"date":"2024-10-27T10:20:39","date_gmt":"2024-10-27T10:20:39","guid":{"rendered":"https:\/\/sledrider3d.com\/?page_id=112"},"modified":"2024-10-27T10:55:27","modified_gmt":"2024-10-27T10:55:27","slug":"snow-rider-3d","status":"publish","type":"page","link":"https:\/\/sledrider3d.com\/es\/snow-rider-3d\/","title":{"rendered":"Snow Rider 3D"},"content":{"rendered":"<h2 class=\"wp-block-heading has-text-align-center\" id=\"play-escape-road-halloween\ufffc-game-online-\ud83d\udd79-free-driving-games\" style=\"font-size:clamp(0.929rem, 0.929rem + ((1vw - 0.2rem) * 0.785), 1.4rem);\"><strong>Jugar a Snow Rider 3D Juego en l\u00ednea \ud83d\udd79 Juegos de nieve gratis desbloqueados.<\/strong><\/h2>\n\n\n\n<div class=\"wp-block-group has-global-padding is-layout-constrained wp-container-core-group-is-layout-704e782a wp-block-group-is-layout-constrained\">\n<div class=\"iframe-container\">\n    <iframe loading=\"lazy\" id=\"myIframe\" src=\"https:\/\/snow-rider3d-cic.pages.dev\" width=\"100%\" height=\"630px\"><\/iframe>\n<\/div>\n<div class=\"control-bar\">\n    <button id=\"fullscreenBtn\" onclick=\"toggleFullScreen()\">\n        <svg class=\"fullscreen-icon\" viewbox=\"0 0 24 24\" width=\"16\" height=\"16\">\n            <path d=\"M7 14H5v5h5v-2H7v-3zm-2-4h2V7h3V5H5v5zm12 7h-3v2h5v-5h-2v3zM14 5v2h3v3h2V5h-5z\"\/>\n        <\/svg>\n        <span>Pantalla completa<\/span>\n    <\/button>\n<\/div>\n\n<style>\n.iframe-container {\n    width: 100%;\n    margin: 0 auto;\n    border-radius: 8px;\n    overflow: hidden;\n}\n\n.control-bar {\n    display: flex;\n    justify-content: flex-end;\n    padding: 1px 0;  \/* \u4e0a\u4e0b\u589e\u52a0\u95f4\u8ddd *\/\n}\n\n#fullscreenBtn {\n    display: flex;\n    align-items: center;\n    gap: 1px;\n    padding: 8px 12px;\n    background-color: #2d2d2d;\n    border: none;\n    border-radius: 4px;\n    color: white;\n    cursor: pointer;\n    transition: background-color 0.2s;\n}\n\n#fullscreenBtn:hover {\n    background-color: #404040;\n}\n\n.fullscreen-icon {\n    fill: currentColor;\n}\n<\/style>\n<\/div>\n\n\n\n<div style=\"height:2px\" aria-hidden=\"true\" class=\"wp-block-spacer\"><\/div>\n\n\n\n<div class=\"wp-block-group is-layout-grid wp-container-core-group-is-layout-722e4d33 wp-block-group-is-layout-grid\">\n<figure class=\"wp-block-image size-full has-custom-border\"><a href=\"https:\/\/sledrider3d.com\/es\/snow-road\/\" target=\"_blank\" rel=\"noreferrer noopener\"><img decoding=\"async\" src=\"https:\/\/escaperoad.fun\/wp-content\/uploads\/2024\/10\/background-1.png\" alt=\"\" class=\"wp-image-128\" style=\"border-radius:10px\"\/><\/a><\/figure>\n\n\n\n<figure class=\"wp-block-image size-full has-custom-border\"><a href=\"https:\/\/sledrider3d.com\/es\/snow-rider-3d\/\" target=\"_blank\" rel=\"noreferrer noopener\"><img decoding=\"async\" src=\"https:\/\/escaperoad.fun\/wp-content\/uploads\/2024\/10\/WX20241023-192336@2x-1-1.png\" alt=\"\" class=\"wp-image-139\" style=\"border-radius:10px\"\/><\/a><\/figure>\n\n\n\n<figure class=\"wp-block-image size-full has-custom-border\"><a href=\"https:\/\/sledrider3d.com\/es\/\" target=\"_blank\" rel=\"noreferrer noopener\"><img decoding=\"async\" src=\"https:\/\/escaperoad.fun\/wp-content\/uploads\/2024\/10\/logo-2-1.png\" alt=\"\" class=\"wp-image-138\" style=\"border-radius:10px\"\/><\/a><\/figure>\n\n\n\n<figure class=\"wp-block-image size-full has-custom-border is-style-default wp-container-content-0d18e1c1\"><a href=\"https:\/\/sledrider3d.com\/es\/escape-road\/escape-road-game\/\" target=\"_blank\" rel=\"noreferrer noopener\"><img decoding=\"async\" src=\"https:\/\/escaperoad.fun\/wp-content\/uploads\/2024\/10\/Escape-Road-cl-1-1.png\" alt=\"\" class=\"wp-image-98\" style=\"border-radius:10px\"\/><\/a><\/figure>\n\n\n\n<figure class=\"wp-block-image size-full has-custom-border\"><a href=\"https:\/\/sledrider3d.com\/es\/car\/escape-road-halloween\/\" target=\"_blank\" rel=\"noreferrer noopener\"><img decoding=\"async\" src=\"https:\/\/escaperoad.fun\/wp-content\/uploads\/2024\/10\/WX20241026-160813@2x-2.png\" alt=\"\" class=\"wp-image-100\" style=\"border-radius:10px\"\/><\/a><\/figure>\n\n\n\n<figure class=\"wp-block-image size-full has-custom-border\"><a href=\"https:\/\/sledrider3d.com\/es\/car\/escape-road-city\/\" target=\"_blank\" rel=\"noreferrer noopener\"><img decoding=\"async\" src=\"https:\/\/escaperoad.fun\/wp-content\/uploads\/2024\/10\/WX20241026-175349@2x-1-1.png\" alt=\"\" class=\"wp-image-130\" style=\"border-radius:10px\"\/><\/a><\/figure>\n\n\n\n<figure class=\"wp-block-image size-thumbnail has-custom-border\"><a href=\"https:\/\/sledrider3d.com\/es\/car\/escape-road-city-2\/\" target=\"_blank\" rel=\" noreferrer noopener\"><img loading=\"lazy\" decoding=\"async\" width=\"150\" height=\"150\" src=\"https:\/\/sledrider3d.com\/wp-content\/uploads\/2024\/10\/WX20250130-163958@2x-150x150.webp\" alt=\"\" class=\"wp-image-184\" style=\"border-radius:10px\" srcset=\"https:\/\/sledrider3d.com\/wp-content\/uploads\/2024\/10\/WX20250130-163958@2x-150x150.webp 150w, https:\/\/sledrider3d.com\/wp-content\/uploads\/2024\/10\/WX20250130-163958@2x-300x300.webp 300w, https:\/\/sledrider3d.com\/wp-content\/uploads\/2024\/10\/WX20250130-163958@2x-12x12.webp 12w, https:\/\/sledrider3d.com\/wp-content\/uploads\/2024\/10\/WX20250130-163958@2x.webp 500w\" sizes=\"auto, (max-width: 150px) 100vw, 150px\" \/><\/a><\/figure>\n\n\n\n<figure class=\"wp-block-image size-full has-custom-border\"><a href=\"https:\/\/sledrider3d.com\/es\/car\/smashy-road\/\" target=\"_blank\" rel=\"noreferrer noopener\"><img decoding=\"async\" src=\"https:\/\/escaperoad.fun\/wp-content\/uploads\/2024\/10\/download-8-1.png\" alt=\"\" class=\"wp-image-99\" style=\"border-radius:10px\"\/><\/a><\/figure>\n\n\n\n<figure class=\"wp-block-image size-full has-custom-border\"><a href=\"https:\/\/sledrider3d.com\/es\/sprunki\/incredibox-sprunki\/\" target=\"_blank\" rel=\"noreferrer noopener\"><img decoding=\"async\" src=\"https:\/\/escaperoad.fun\/wp-content\/uploads\/2024\/10\/incredibox-sprunki-1.jpg\" alt=\"\" class=\"wp-image-140\" style=\"border-radius:10px\"\/><\/a><\/figure>\n\n\n\n<figure class=\"wp-block-image size-thumbnail has-custom-border\"><a href=\"https:\/\/sledrider3d.com\/es\/road\/crossy-road\/\" target=\"_blank\" rel=\"noreferrer noopener\"><img loading=\"lazy\" decoding=\"async\" width=\"150\" height=\"150\" src=\"https:\/\/sledrider3d.com\/wp-content\/uploads\/2024\/10\/crossy-road-sr1-f180x180-150x150.webp\" alt=\"\" class=\"wp-image-177\" style=\"border-radius:10px\" srcset=\"https:\/\/sledrider3d.com\/wp-content\/uploads\/2024\/10\/crossy-road-sr1-f180x180-150x150.webp 150w, https:\/\/sledrider3d.com\/wp-content\/uploads\/2024\/10\/crossy-road-sr1-f180x180-12x12.webp 12w, https:\/\/sledrider3d.com\/wp-content\/uploads\/2024\/10\/crossy-road-sr1-f180x180.webp 200w\" sizes=\"auto, (max-width: 150px) 100vw, 150px\" \/><\/a><\/figure>\n\n\n\n<figure class=\"wp-block-image size-full has-custom-border\"><a href=\"https:\/\/sledrider3d.com\/es\/stickman\/stickman-hook\/\" target=\"_blank\" rel=\"noreferrer noopener\"><img decoding=\"async\" src=\"https:\/\/escaperoad.fun\/wp-content\/uploads\/2024\/10\/WX20241026-210554@2x-1.png\" alt=\"\" class=\"wp-image-142\" style=\"border-radius:10px\"\/><\/a><\/figure>\n\n\n\n<figure class=\"wp-block-image size-full has-custom-border\"><a href=\"https:\/\/sledrider3d.com\/es\/motocycle\/moto-x3m\/\" target=\"_blank\" rel=\"noreferrer noopener\"><img decoding=\"async\" src=\"https:\/\/escaperoad.fun\/wp-content\/uploads\/2024\/10\/maxresdefault-1.jpg\" alt=\"\" class=\"wp-image-143\" style=\"border-radius:10px\"\/><\/a><\/figure>\n\n\n\n<figure class=\"wp-block-image size-full\"><a href=\"https:\/\/sledrider3d.com\/es\/clicker\/cookie-clicker\/\" target=\"_blank\" rel=\"noreferrer noopener\"><img decoding=\"async\" src=\"https:\/\/escaperoad.fun\/wp-content\/uploads\/2024\/10\/icon.png\" alt=\"\" class=\"wp-image-150\"\/><\/a><\/figure>\n\n\n\n<figure class=\"wp-block-image size-thumbnail has-custom-border\"><a href=\"https:\/\/sledrider3d.com\/es\/clicker\/chill-guy-clicker\/\" target=\"_blank\" rel=\"noreferrer noopener\"><img loading=\"lazy\" decoding=\"async\" width=\"150\" height=\"150\" src=\"https:\/\/sledrider3d.com\/wp-content\/uploads\/2024\/10\/WX20241220-102702@2x-150x150.webp\" alt=\"\" class=\"wp-image-170\" style=\"border-radius:10px\" srcset=\"https:\/\/sledrider3d.com\/wp-content\/uploads\/2024\/10\/WX20241220-102702@2x-150x150.webp 150w, https:\/\/sledrider3d.com\/wp-content\/uploads\/2024\/10\/WX20241220-102702@2x-300x300.webp 300w, https:\/\/sledrider3d.com\/wp-content\/uploads\/2024\/10\/WX20241220-102702@2x-12x12.webp 12w, https:\/\/sledrider3d.com\/wp-content\/uploads\/2024\/10\/WX20241220-102702@2x.webp 500w\" sizes=\"auto, (max-width: 150px) 100vw, 150px\" \/><\/a><\/figure>\n<\/div>\n\n\n\n<div style=\"height:30px\" aria-hidden=\"true\" class=\"wp-block-spacer\"><\/div>\n\n\n\n<h2 class=\"wp-block-heading\" id=\"snow-rider-3-d-game-free-to-play-unblocked-games\">Juego Snow Rider 3D: Free to Play Juegos Desbloqueados<\/h2>\n\n\n\n<p>Snow Rider 3D es un adictivo juego de escape gratuito que ofrece diversi\u00f3n sin fin. Ya sea para matar el tiempo durante un descanso o para participar en serios desaf\u00edos de puntuaci\u00f3n, este juego tiene algo para todos. Aseg\u00farate de probar las versiones desbloqueadas para acceder sin problemas, especialmente en plataformas como <strong>trineo3d.com<\/strong> y otros sitios de juegos populares\u30109\u3011\u301010\u3011.<\/p>\n\n\n\n<div class=\"wp-block-rank-math-toc-block\" id=\"rank-math-toc\"><h3>\u00cdndice<\/h3><nav><ul><li><a href=\"#what-is-snow-rider-3-d\">\u00bfQu\u00e9 es Snow Rider 3D?<\/a><ul><li><a href=\"#game-background\">Trasfondo del juego Snow Rider 3D Game<\/a><\/li><\/ul><\/li><li><a href=\"#why-snow-rider-3-d-is-trending\">Por qu\u00e9 Snow Rider 3D est\u00e1 de moda<\/a><\/li><li><a href=\"#how-to-play-snow-rider-3-d\">C\u00f3mo jugar a Snow Rider 3D Unblocked<\/a><ul><li><a href=\"#levels-and-gameplay-details\">Niveles y detalles de la jugabilidad del juego Snow Rider 3D<\/a><\/li><\/ul><\/li><li><a href=\"#features-and-characters\">Caracter\u00edsticas y personajes del juego Snow Rider 3D<\/a><\/li><li><a href=\"#pro-tips-and-tricks\">Trucos y consejos del juego Snow Rider 3D<\/a><\/li><\/ul><\/nav><\/div>\n\n\n\n<h3 class=\"wp-block-heading\" id=\"what-is-snow-rider-3-d\">\u00bfQu\u00e9 es Snow Rider 3D?<\/h3>\n\n\n\n<figure class=\"wp-block-image size-full\"><img loading=\"lazy\" decoding=\"async\" width=\"800\" height=\"486\" src=\"https:\/\/sledrider3d.com\/wp-content\/uploads\/2024\/10\/WX20241023-192336@2x-1.png\" alt=\"\" class=\"wp-image-119\" srcset=\"https:\/\/sledrider3d.com\/wp-content\/uploads\/2024\/10\/WX20241023-192336@2x-1.png 800w, https:\/\/sledrider3d.com\/wp-content\/uploads\/2024\/10\/WX20241023-192336@2x-1-300x182.png 300w, https:\/\/sledrider3d.com\/wp-content\/uploads\/2024\/10\/WX20241023-192336@2x-1-768x467.png 768w, https:\/\/sledrider3d.com\/wp-content\/uploads\/2024\/10\/WX20241023-192336@2x-1-18x12.png 18w\" sizes=\"auto, (max-width: 800px) 100vw, 800px\" \/><\/figure>\n\n\n\n<p>Snow Rider 3D es un emocionante juego online de deportes de invierno que ofrece a los jugadores la emoci\u00f3n de descender en trineo por paisajes nevados. Este juego gratuito es accesible a trav\u00e9s de navegadores, lo que permite a los jugadores sumergirse en un juego trepidante lleno de obst\u00e1culos sin necesidad de descargas ni instalaciones. Su versi\u00f3n desbloqueada es especialmente popular en escuelas y lugares de trabajo donde el acceso al juego puede estar restringido.<\/p>\n\n\n\n<hr class=\"wp-block-separator has-alpha-channel-opacity\"\/>\n\n\n\n<h4 class=\"wp-block-heading\" id=\"game-background\">Trasfondo del juego Snow Rider 3D Game<\/h4>\n\n\n\n<p>Lanzado originalmente en 2019, Snow Rider 3D se ha convertido en un favorito de los fans entre los jugadores en l\u00ednea. Con una mec\u00e1nica sencilla, atrae tanto a jugadores ocasionales como a entusiastas competitivos que disfrutan dominando cada recorrido. El juego permite a los jugadores correr por carreteras nevadas, esquivar obst\u00e1culos como \u00e1rboles y mu\u00f1ecos de nieve, y recoger regalos repartidos por la pista.<\/p>\n\n\n\n<hr class=\"wp-block-separator has-alpha-channel-opacity\"\/>\n\n\n\n<h3 class=\"wp-block-heading\" id=\"why-snow-rider-3-d-is-trending\">Por qu\u00e9 Snow Rider 3D est\u00e1 de moda<\/h3>\n\n\n\n<p>La creciente popularidad del juego puede atribuirse a varios factores:<\/p>\n\n\n\n<ul class=\"wp-block-list\">\n<li><strong>Accesibilidad<\/strong>: Est\u00e1 desbloqueado en m\u00faltiples plataformas, lo que lo convierte en la opci\u00f3n preferida en escuelas y lugares de trabajo.<\/li>\n\n\n\n<li><strong>Sencillez con profundidad<\/strong>: Los controles intuitivos son f\u00e1ciles de aprender pero dif\u00edciles de dominar.<\/li>\n\n\n\n<li><strong>Atractivo estacional<\/strong>: Capta a la perfecci\u00f3n la emoci\u00f3n de los deportes de invierno, lo que aumenta su encanto durante los meses m\u00e1s fr\u00edos.<\/li>\n\n\n\n<li><strong>Ventaja competitiva<\/strong>: Los jugadores buscan puntuaciones altas recogiendo regalos y desbloqueando mejoras para los trineos, lo que anima a repetir las partidas.<\/li>\n<\/ul>\n\n\n\n<hr class=\"wp-block-separator has-alpha-channel-opacity\"\/>\n\n\n\n<h3 class=\"wp-block-heading\" id=\"how-to-play-snow-rider-3-d\">C\u00f3mo jugar a Snow Rider 3D Unblocked<\/h3>\n\n\n\n<p>Para dirigir tu trineo, utiliza el <strong>teclas de flecha<\/strong> o <strong>Teclas WASD<\/strong>. Puedes saltar obst\u00e1culos pulsando la tecla <strong>barra espaciadora<\/strong> o el <strong>flecha hacia arriba<\/strong>. El objetivo es descender lo m\u00e1s lejos posible mientras recoges regalos, que contribuyen a tu puntuaci\u00f3n y desbloquean nuevos trineos. A medida que avanzas, el juego se vuelve m\u00e1s r\u00e1pido y requiere agudeza de reflejos y pensamiento estrat\u00e9gico.<\/p>\n\n\n\n<figure class=\"wp-block-image size-full\"><img loading=\"lazy\" decoding=\"async\" width=\"800\" height=\"445\" src=\"https:\/\/sledrider3d.com\/wp-content\/uploads\/2024\/10\/WX20241023-192731@2x-1.png\" alt=\"\" class=\"wp-image-117\" srcset=\"https:\/\/sledrider3d.com\/wp-content\/uploads\/2024\/10\/WX20241023-192731@2x-1.png 800w, https:\/\/sledrider3d.com\/wp-content\/uploads\/2024\/10\/WX20241023-192731@2x-1-300x167.png 300w, https:\/\/sledrider3d.com\/wp-content\/uploads\/2024\/10\/WX20241023-192731@2x-1-768x427.png 768w, https:\/\/sledrider3d.com\/wp-content\/uploads\/2024\/10\/WX20241023-192731@2x-1-18x10.png 18w\" sizes=\"auto, (max-width: 800px) 100vw, 800px\" \/><\/figure>\n\n\n\n<hr class=\"wp-block-separator has-alpha-channel-opacity\"\/>\n\n\n\n<h4 class=\"wp-block-heading\" id=\"levels-and-gameplay-details\">Niveles y detalles de la jugabilidad del juego Snow Rider 3D<\/h4>\n\n\n\n<p>Aunque el juego no presenta niveles diferenciados, cada sesi\u00f3n presenta nuevos retos en funci\u00f3n de la velocidad y el terreno. La pista sin fin aumenta gradualmente en dificultad, obligando a los jugadores a adaptarse y mejorar su rendimiento para conseguir una puntuaci\u00f3n m\u00e1s alta.<\/p>\n\n\n\n<hr class=\"wp-block-separator has-alpha-channel-opacity\"\/>\n\n\n\n<h3 class=\"wp-block-heading\" id=\"features-and-characters\">Caracter\u00edsticas y personajes del juego Snow Rider 3D<\/h3>\n\n\n\n<ul class=\"wp-block-list\">\n<li><strong>Potenciadores<\/strong>: Los regalos en la pista ofrecen puntos extra y aumentos de velocidad ocasionales.<\/li>\n\n\n\n<li><strong>Varios trineos<\/strong>: Los jugadores pueden desbloquear nuevos modelos de trineo acumulando suficientes puntos.<\/li>\n\n\n\n<li><strong>Obst\u00e1culos<\/strong>: Adem\u00e1s de mu\u00f1ecos de nieve y \u00e1rboles, los jugadores deben evitar pendientes complicadas que pueden provocar choques.<\/li>\n<\/ul>\n\n\n\n<hr class=\"wp-block-separator has-alpha-channel-opacity\"\/>\n\n\n\n<h3 class=\"wp-block-heading\" id=\"pro-tips-and-tricks\">Trucos y consejos del juego Snow Rider 3D<\/h3>\n\n\n\n<ol class=\"wp-block-list\">\n<li><strong>Saltos magistrales<\/strong>: Utiliza las pendientes para ganar tiempo en el aire, pero aseg\u00farate de aterrizar suavemente para mantener el impulso.<\/li>\n\n\n\n<li><strong>Ruta de los regalos<\/strong>: Conc\u00e9ntrese en recoger varios regalos en una l\u00ednea sin desviarse del camino.<\/li>\n\n\n\n<li><strong>Aumentos de velocidad<\/strong>: Guarda los potenciadores de velocidad para las secciones dif\u00edciles para ganar ventaja.<\/li>\n<\/ol>\n\n\n\n<figure class=\"wp-block-image size-full\"><img loading=\"lazy\" decoding=\"async\" width=\"400\" height=\"265\" src=\"https:\/\/sledrider3d.com\/wp-content\/uploads\/2024\/10\/logo-2.png\" alt=\"\" class=\"wp-image-120\" srcset=\"https:\/\/sledrider3d.com\/wp-content\/uploads\/2024\/10\/logo-2.png 400w, https:\/\/sledrider3d.com\/wp-content\/uploads\/2024\/10\/logo-2-300x199.png 300w, https:\/\/sledrider3d.com\/wp-content\/uploads\/2024\/10\/logo-2-18x12.png 18w\" sizes=\"auto, (max-width: 400px) 100vw, 400px\" \/><\/figure>\n\n\n\n<hr class=\"wp-block-separator has-alpha-channel-opacity\"\/>\n\n\n\n<h2 class=\"wp-block-heading\" id=\"faq\">FAQ de Snow Rider 3D Juego Desbloqueado<\/h2>\n\n\n\n<figure class=\"wp-block-table\"><table class=\"has-fixed-layout\"><thead><tr><th><strong>Pregunta<\/strong><\/th><th><strong>Respuesta<\/strong><\/th><\/tr><\/thead><tbody><tr><td><strong>\u00bfPuedo jugar a Snow Rider 3D en l\u00ednea?<\/strong><\/td><td>S\u00ed, Snow Rider 3D est\u00e1 disponible para jugar online gratis en m\u00faltiples plataformas.<\/td><\/tr><tr><td><strong>\u00bfQu\u00e9 hace que Snow Rider 3D sea un juego de escape?<\/strong><\/td><td>Los jugadores tienen que esquivar h\u00e1bilmente los obst\u00e1culos de la carretera para no chocar, lo que a\u00f1ade un reto de escape a la jugabilidad.<\/td><\/tr><tr><td><strong>\u00bfD\u00f3nde puedo encontrar Snow Rider 3D desbloqueado?<\/strong><\/td><td>Visite sitios como <strong><a href=\"https:\/\/sledrider3d.com\/es\/snow-rider-3d\/\">trineo3d.com<\/a><\/strong> para desbloquear el acceso.<\/td><\/tr><tr><td><strong>\u00bfC\u00f3mo controlo el trineo?<\/strong><\/td><td>Utilice <strong>teclas de flecha<\/strong> o <strong>WASD<\/strong> teclas de navegaci\u00f3n y <strong>barra espaciadora<\/strong> para saltar.<\/td><\/tr><tr><td><strong>\u00bfJugar a Snow Rider 3D es gratis?<\/strong><\/td><td>S\u00ed, se puede jugar completamente gratis sin necesidad de descargas.<\/td><\/tr><tr><td><strong>\u00bfQu\u00e9 son las \"carreteras de nieve\" en el juego?<\/strong><\/td><td>Las carreteras de nieve se refieren a las pistas heladas que los jugadores deben recorrer a lo largo del juego.<\/td><\/tr><tr><td><strong>\u00bfC\u00f3mo funcionan las versiones desbloqueadas?<\/strong><\/td><td>Las versiones desbloqueadas eluden las restricciones de plataformas como las escuelas, permitiendo el libre acceso al juego.<\/td><\/tr><tr><td><strong>\u00bfQu\u00e9 es Snow Rider 3D aula 6x?<\/strong><\/td><td>Se trata de una versi\u00f3n optimizada para entornos escolares, que a menudo se encuentra en sitios de juegos bajo el aula 6x.<\/td><\/tr><tr><td><strong>\u00bfPuedo acceder a Snow Rider 3D en Hooda Math?<\/strong><\/td><td>S\u00ed, est\u00e1 disponible como parte de la biblioteca de juegos en <strong>Matem\u00e1ticas Hooda<\/strong>.<\/td><\/tr><tr><td><strong>\u00bfQu\u00e9 pasa si me estrello?<\/strong><\/td><td>El juego se reinicia y los jugadores pueden volver a empezar inmediatamente.<\/td><\/tr><tr><td><strong>\u00bfQu\u00e9 es Snow Rider 3D 76?<\/strong><\/td><td>Snow Rider 3D desbloqueado 76 es una variante popular disponible en los portales de juegos desbloqueados.<\/td><\/tr><tr><td><strong>\u00bfHay una clasificaci\u00f3n o puntuaciones m\u00e1ximas?<\/strong><\/td><td>Algunas versiones incluyen un seguimiento de la puntuaci\u00f3n m\u00e1xima para competir con otros jugadores.<\/td><\/tr><tr><td><strong>\u00bfC\u00f3mo afectan los regalos a la jugabilidad?<\/strong><\/td><td>Recoger regalos aumenta la puntuaci\u00f3n del jugador y puede desbloquear mejoras de velocidad.<\/td><\/tr><tr><td><strong>\u00bfSe puede jugar a Snow Rider 3D en el m\u00f3vil?<\/strong><\/td><td>S\u00ed, el juego es compatible con tel\u00e9fonos y tabletas.<\/td><\/tr><tr><td><strong>\u00bfCu\u00e1nto dura una sesi\u00f3n de juego t\u00edpica?<\/strong><\/td><td>Cada carrera dura hasta que el jugador se estrella, lo que anima a repetirla para mejorar las habilidades.<\/td><\/tr><tr><td><strong>\u00bfCu\u00e1les son los trucos de juego para obtener mejores puntuaciones?<\/strong><\/td><td>Conc\u00e9ntrate en aterrizar suavemente, recoger regalos de forma eficiente y utilizar los potenciadores estrat\u00e9gicamente.<\/td><\/tr><tr><td><strong>\u00bfQu\u00e9 hace especial a Snow Rider 3D unblocked 6x?<\/strong><\/td><td>La versi\u00f3n 6x est\u00e1 optimizada para una mayor fluidez de juego en entornos restringidos como las escuelas.<\/td><\/tr><tr><td><strong>\u00bfEl juego tiene modos multijugador?<\/strong><\/td><td>No, Snow Rider 3D es una experiencia para un solo jugador.<\/td><\/tr><tr><td><strong>\u00bfHay diferentes personajes para desbloquear?<\/strong><\/td><td>No, la personalizaci\u00f3n se limita a las mejoras de los trineos y no a las opciones de los personajes.<\/td><\/tr><tr><td><strong>\u00bfCu\u00e1l es el objetivo del juego?<\/strong><\/td><td>El objetivo principal es viajar lo m\u00e1s lejos posible mientras recoges regalos y evitas obst\u00e1culos.<\/td><\/tr><\/tbody><\/table><\/figure>","protected":false},"excerpt":{"rendered":"<p>Jugar a Snow Rider 3D Juego en linea \ud83d\udd79 Juegos de Nieve Desbloqueados Gratis Pantalla Completa Snow Rider 3D Juego: Juegos Desbloqueados Gratis Snow Rider 3D destaca por ser un adictivo juego de escape gratuito que ofrece diversi\u00f3n sin fin. Tanto si buscas matar el tiempo durante un descanso como participar en serios desaf\u00edos de puntuaci\u00f3n, este juego [...]<\/p>","protected":false},"author":1,"featured_media":119,"parent":0,"menu_order":0,"comment_status":"open","ping_status":"closed","template":"","meta":{"footnotes":""},"class_list":["post-112","page","type-page","status-publish","has-post-thumbnail","hentry"],"_links":{"self":[{"href":"https:\/\/sledrider3d.com\/es\/wp-json\/wp\/v2\/pages\/112","targetHints":{"allow":["GET"]}}],"collection":[{"href":"https:\/\/sledrider3d.com\/es\/wp-json\/wp\/v2\/pages"}],"about":[{"href":"https:\/\/sledrider3d.com\/es\/wp-json\/wp\/v2\/types\/page"}],"author":[{"embeddable":true,"href":"https:\/\/sledrider3d.com\/es\/wp-json\/wp\/v2\/users\/1"}],"replies":[{"embeddable":true,"href":"https:\/\/sledrider3d.com\/es\/wp-json\/wp\/v2\/comments?post=112"}],"version-history":[{"count":3,"href":"https:\/\/sledrider3d.com\/es\/wp-json\/wp\/v2\/pages\/112\/revisions"}],"predecessor-version":[{"id":130,"href":"https:\/\/sledrider3d.com\/es\/wp-json\/wp\/v2\/pages\/112\/revisions\/130"}],"wp:featuredmedia":[{"embeddable":true,"href":"https:\/\/sledrider3d.com\/es\/wp-json\/wp\/v2\/media\/119"}],"wp:attachment":[{"href":"https:\/\/sledrider3d.com\/es\/wp-json\/wp\/v2\/media?parent=112"}],"curies":[{"name":"wp","href":"https:\/\/api.w.org\/{rel}","templated":true}]}}