{"id":112,"date":"2024-10-27T10:20:39","date_gmt":"2024-10-27T10:20:39","guid":{"rendered":"https:\/\/sledrider3d.com\/?page_id=112"},"modified":"2024-10-27T10:55:27","modified_gmt":"2024-10-27T10:55:27","slug":"snow-rider-3d","status":"publish","type":"page","link":"https:\/\/sledrider3d.com\/de\/snow-rider-3d\/","title":{"rendered":"Schneereiter 3D"},"content":{"rendered":"<h2 class=\"wp-block-heading has-text-align-center\" id=\"play-escape-road-halloween\ufffc-game-online-\ud83d\udd79-free-driving-games\" style=\"font-size:clamp(0.929rem, 0.929rem + ((1vw - 0.2rem) * 0.785), 1.4rem);\"><strong>Spielen Sie Snow Rider 3D Spiel Online \ud83d\udd79 Kostenlos Unblocked Snowy Spiele<\/strong><\/h2>\n\n\n\n<div class=\"wp-block-group has-global-padding is-layout-constrained wp-container-core-group-is-layout-704e782a wp-block-group-is-layout-constrained\">\n<div class=\"iframe-container\">\n    <iframe loading=\"lazy\" id=\"myIframe\" src=\"https:\/\/snow-rider3d-cic.pages.dev\" width=\"100%\" height=\"630px\"><\/iframe>\n<\/div>\n<div class=\"control-bar\">\n    <button id=\"fullscreenBtn\" onclick=\"toggleFullScreen()\">\n        <svg class=\"fullscreen-icon\" viewbox=\"0 0 24 24\" width=\"16\" height=\"16\">\n            <path d=\"M7 14H5v5h5v-2H7v-3zm-2-4h2V7h3V5H5v5zm12 7h-3v2h5v-5h-2v3zM14 5v2h3v3h2V5h-5z\"\/>\n        <\/svg>\n        <span>Vollbild<\/span>\n    <\/button>\n<\/div>\n\n<style>\n.iframe-container {\n    width: 100%;\n    margin: 0 auto;\n    border-radius: 8px;\n    overflow: hidden;\n}\n\n.control-bar {\n    display: flex;\n    justify-content: flex-end;\n    padding: 1px 0;  \/* \u4e0a\u4e0b\u589e\u52a0\u95f4\u8ddd *\/\n}\n\n#fullscreenBtn {\n    display: flex;\n    align-items: center;\n    gap: 1px;\n    padding: 8px 12px;\n    background-color: #2d2d2d;\n    border: none;\n    border-radius: 4px;\n    color: white;\n    cursor: pointer;\n    transition: background-color 0.2s;\n}\n\n#fullscreenBtn:hover {\n    background-color: #404040;\n}\n\n.fullscreen-icon {\n    fill: currentColor;\n}\n<\/style>\n<\/div>\n\n\n\n<div style=\"height:2px\" aria-hidden=\"true\" class=\"wp-block-spacer\"><\/div>\n\n\n\n<div class=\"wp-block-group is-layout-grid wp-container-core-group-is-layout-722e4d33 wp-block-group-is-layout-grid\">\n<figure class=\"wp-block-image size-full has-custom-border\"><a href=\"https:\/\/sledrider3d.com\/de\/snow-road\/\" target=\"_blank\" rel=\"noreferrer noopener\"><img decoding=\"async\" src=\"https:\/\/escaperoad.fun\/wp-content\/uploads\/2024\/10\/background-1.png\" alt=\"\" class=\"wp-image-128\" style=\"border-radius:10px\"\/><\/a><\/figure>\n\n\n\n<figure class=\"wp-block-image size-full has-custom-border\"><a href=\"https:\/\/sledrider3d.com\/de\/snow-rider-3d\/\" target=\"_blank\" rel=\"noreferrer noopener\"><img decoding=\"async\" src=\"https:\/\/escaperoad.fun\/wp-content\/uploads\/2024\/10\/WX20241023-192336@2x-1-1.png\" alt=\"\" class=\"wp-image-139\" style=\"border-radius:10px\"\/><\/a><\/figure>\n\n\n\n<figure class=\"wp-block-image size-full has-custom-border\"><a href=\"https:\/\/sledrider3d.com\/de\/\" target=\"_blank\" rel=\"noreferrer noopener\"><img decoding=\"async\" src=\"https:\/\/escaperoad.fun\/wp-content\/uploads\/2024\/10\/logo-2-1.png\" alt=\"\" class=\"wp-image-138\" style=\"border-radius:10px\"\/><\/a><\/figure>\n\n\n\n<figure class=\"wp-block-image size-full has-custom-border is-style-default wp-container-content-0d18e1c1\"><a href=\"https:\/\/sledrider3d.com\/de\/escape-road\/escape-road-game\/\" target=\"_blank\" rel=\"noreferrer noopener\"><img decoding=\"async\" src=\"https:\/\/escaperoad.fun\/wp-content\/uploads\/2024\/10\/Escape-Road-cl-1-1.png\" alt=\"\" class=\"wp-image-98\" style=\"border-radius:10px\"\/><\/a><\/figure>\n\n\n\n<figure class=\"wp-block-image size-full has-custom-border\"><a href=\"https:\/\/sledrider3d.com\/de\/car\/escape-road-halloween\/\" target=\"_blank\" rel=\"noreferrer noopener\"><img decoding=\"async\" src=\"https:\/\/escaperoad.fun\/wp-content\/uploads\/2024\/10\/WX20241026-160813@2x-2.png\" alt=\"\" class=\"wp-image-100\" style=\"border-radius:10px\"\/><\/a><\/figure>\n\n\n\n<figure class=\"wp-block-image size-full has-custom-border\"><a href=\"https:\/\/sledrider3d.com\/de\/car\/escape-road-city\/\" target=\"_blank\" rel=\"noreferrer noopener\"><img decoding=\"async\" src=\"https:\/\/escaperoad.fun\/wp-content\/uploads\/2024\/10\/WX20241026-175349@2x-1-1.png\" alt=\"\" class=\"wp-image-130\" style=\"border-radius:10px\"\/><\/a><\/figure>\n\n\n\n<figure class=\"wp-block-image size-thumbnail has-custom-border\"><a href=\"https:\/\/sledrider3d.com\/de\/car\/escape-road-city-2\/\" target=\"_blank\" rel=\" noreferrer noopener\"><img loading=\"lazy\" decoding=\"async\" width=\"150\" height=\"150\" src=\"https:\/\/sledrider3d.com\/wp-content\/uploads\/2024\/10\/WX20250130-163958@2x-150x150.webp\" alt=\"\" class=\"wp-image-184\" style=\"border-radius:10px\" srcset=\"https:\/\/sledrider3d.com\/wp-content\/uploads\/2024\/10\/WX20250130-163958@2x-150x150.webp 150w, https:\/\/sledrider3d.com\/wp-content\/uploads\/2024\/10\/WX20250130-163958@2x-300x300.webp 300w, https:\/\/sledrider3d.com\/wp-content\/uploads\/2024\/10\/WX20250130-163958@2x-12x12.webp 12w, https:\/\/sledrider3d.com\/wp-content\/uploads\/2024\/10\/WX20250130-163958@2x.webp 500w\" sizes=\"auto, (max-width: 150px) 100vw, 150px\" \/><\/a><\/figure>\n\n\n\n<figure class=\"wp-block-image size-full has-custom-border\"><a href=\"https:\/\/sledrider3d.com\/de\/car\/smashy-road\/\" target=\"_blank\" rel=\"noreferrer noopener\"><img decoding=\"async\" src=\"https:\/\/escaperoad.fun\/wp-content\/uploads\/2024\/10\/download-8-1.png\" alt=\"\" class=\"wp-image-99\" style=\"border-radius:10px\"\/><\/a><\/figure>\n\n\n\n<figure class=\"wp-block-image size-full has-custom-border\"><a href=\"https:\/\/sledrider3d.com\/de\/sprunki\/incredibox-sprunki\/\" target=\"_blank\" rel=\"noreferrer noopener\"><img decoding=\"async\" src=\"https:\/\/escaperoad.fun\/wp-content\/uploads\/2024\/10\/incredibox-sprunki-1.jpg\" alt=\"\" class=\"wp-image-140\" style=\"border-radius:10px\"\/><\/a><\/figure>\n\n\n\n<figure class=\"wp-block-image size-thumbnail has-custom-border\"><a href=\"https:\/\/sledrider3d.com\/de\/road\/crossy-road\/\" target=\"_blank\" rel=\"noreferrer noopener\"><img loading=\"lazy\" decoding=\"async\" width=\"150\" height=\"150\" src=\"https:\/\/sledrider3d.com\/wp-content\/uploads\/2024\/10\/crossy-road-sr1-f180x180-150x150.webp\" alt=\"\" class=\"wp-image-177\" style=\"border-radius:10px\" srcset=\"https:\/\/sledrider3d.com\/wp-content\/uploads\/2024\/10\/crossy-road-sr1-f180x180-150x150.webp 150w, https:\/\/sledrider3d.com\/wp-content\/uploads\/2024\/10\/crossy-road-sr1-f180x180-12x12.webp 12w, https:\/\/sledrider3d.com\/wp-content\/uploads\/2024\/10\/crossy-road-sr1-f180x180.webp 200w\" sizes=\"auto, (max-width: 150px) 100vw, 150px\" \/><\/a><\/figure>\n\n\n\n<figure class=\"wp-block-image size-full has-custom-border\"><a href=\"https:\/\/sledrider3d.com\/de\/stickman\/stickman-hook\/\" target=\"_blank\" rel=\"noreferrer noopener\"><img decoding=\"async\" src=\"https:\/\/escaperoad.fun\/wp-content\/uploads\/2024\/10\/WX20241026-210554@2x-1.png\" alt=\"\" class=\"wp-image-142\" style=\"border-radius:10px\"\/><\/a><\/figure>\n\n\n\n<figure class=\"wp-block-image size-full has-custom-border\"><a href=\"https:\/\/sledrider3d.com\/de\/motocycle\/moto-x3m\/\" target=\"_blank\" rel=\"noreferrer noopener\"><img decoding=\"async\" src=\"https:\/\/escaperoad.fun\/wp-content\/uploads\/2024\/10\/maxresdefault-1.jpg\" alt=\"\" class=\"wp-image-143\" style=\"border-radius:10px\"\/><\/a><\/figure>\n\n\n\n<figure class=\"wp-block-image size-full\"><a href=\"https:\/\/sledrider3d.com\/de\/clicker\/cookie-clicker\/\" target=\"_blank\" rel=\"noreferrer noopener\"><img decoding=\"async\" src=\"https:\/\/escaperoad.fun\/wp-content\/uploads\/2024\/10\/icon.png\" alt=\"\" class=\"wp-image-150\"\/><\/a><\/figure>\n\n\n\n<figure class=\"wp-block-image size-thumbnail has-custom-border\"><a href=\"https:\/\/sledrider3d.com\/de\/clicker\/chill-guy-clicker\/\" target=\"_blank\" rel=\"noreferrer noopener\"><img loading=\"lazy\" decoding=\"async\" width=\"150\" height=\"150\" src=\"https:\/\/sledrider3d.com\/wp-content\/uploads\/2024\/10\/WX20241220-102702@2x-150x150.webp\" alt=\"\" class=\"wp-image-170\" style=\"border-radius:10px\" srcset=\"https:\/\/sledrider3d.com\/wp-content\/uploads\/2024\/10\/WX20241220-102702@2x-150x150.webp 150w, https:\/\/sledrider3d.com\/wp-content\/uploads\/2024\/10\/WX20241220-102702@2x-300x300.webp 300w, https:\/\/sledrider3d.com\/wp-content\/uploads\/2024\/10\/WX20241220-102702@2x-12x12.webp 12w, https:\/\/sledrider3d.com\/wp-content\/uploads\/2024\/10\/WX20241220-102702@2x.webp 500w\" sizes=\"auto, (max-width: 150px) 100vw, 150px\" \/><\/a><\/figure>\n<\/div>\n\n\n\n<div style=\"height:30px\" aria-hidden=\"true\" class=\"wp-block-spacer\"><\/div>\n\n\n\n<h2 class=\"wp-block-heading\" id=\"snow-rider-3-d-game-free-to-play-unblocked-games\">Snow Rider 3D Spiel: Frei zu spielen Unblocked Spiele<\/h2>\n\n\n\n<p>Snow Rider 3D ist ein s\u00fcchtig machendes, kostenloses Flucht-Spiel, das endlosen Spa\u00df bietet. Egal, ob du dir in einer Pause die Zeit vertreiben willst oder eine ernsthafte Herausforderung suchst, dieses Spiel hat f\u00fcr jeden etwas zu bieten. Probiere unbedingt die freigeschalteten Versionen aus, um einen reibungslosen Zugang zu erhalten, vor allem auf Plattformen wie <strong>sledrider3d.com<\/strong> und andere beliebte Spieleseiten\u30109\u3011\u301010\u3011.<\/p>\n\n\n\n<div class=\"wp-block-rank-math-toc-block\" id=\"rank-math-toc\"><h3>Inhalts\u00fcbersicht<\/h3><nav><ul><li><a href=\"#what-is-snow-rider-3-d\">Was ist Snow Rider 3D?<\/a><ul><li><a href=\"#game-background\">Spiel Hintergrund von Snow Rider 3D Game<\/a><\/li><\/ul><\/li><li><a href=\"#why-snow-rider-3-d-is-trending\">Warum Snow Rider 3D im Trend liegt<\/a><\/li><li><a href=\"#how-to-play-snow-rider-3-d\">Wie man Snow Rider 3D unblockiert spielt<\/a><ul><li><a href=\"#levels-and-gameplay-details\">Levels und Gameplay-Details von Snow Rider 3D Spiel<\/a><\/li><\/ul><\/li><li><a href=\"#features-and-characters\">Eigenschaften und Charaktere des Snow Rider 3D Spiels<\/a><\/li><li><a href=\"#pro-tips-and-tricks\">Profi-Tipps und Tricks f\u00fcr das Snow Rider 3D Spiel<\/a><\/li><\/ul><\/nav><\/div>\n\n\n\n<h3 class=\"wp-block-heading\" id=\"what-is-snow-rider-3-d\">Was ist Snow Rider 3D?<\/h3>\n\n\n\n<figure class=\"wp-block-image size-full\"><img loading=\"lazy\" decoding=\"async\" width=\"800\" height=\"486\" src=\"https:\/\/sledrider3d.com\/wp-content\/uploads\/2024\/10\/WX20241023-192336@2x-1.png\" alt=\"\" class=\"wp-image-119\" srcset=\"https:\/\/sledrider3d.com\/wp-content\/uploads\/2024\/10\/WX20241023-192336@2x-1.png 800w, https:\/\/sledrider3d.com\/wp-content\/uploads\/2024\/10\/WX20241023-192336@2x-1-300x182.png 300w, https:\/\/sledrider3d.com\/wp-content\/uploads\/2024\/10\/WX20241023-192336@2x-1-768x467.png 768w, https:\/\/sledrider3d.com\/wp-content\/uploads\/2024\/10\/WX20241023-192336@2x-1-18x12.png 18w\" sizes=\"auto, (max-width: 800px) 100vw, 800px\" \/><\/figure>\n\n\n\n<p>Snow Rider 3D ist ein aufregendes Online-Wintersportspiel, das den Spielern den Nervenkitzel einer Schlittenabfahrt durch verschneite Landschaften bietet. Dieses kostenlose Spiel ist \u00fcber den Browser zug\u00e4nglich und erm\u00f6glicht es den Spielern, in ein rasantes, mit Hindernissen gespicktes Gameplay einzutauchen, ohne dass Downloads oder Installationen erforderlich sind. Die freigeschaltete Version ist besonders in Schulen und am Arbeitsplatz beliebt, wo der Zugang zum Spiel sonst eingeschr\u00e4nkt sein k\u00f6nnte.<\/p>\n\n\n\n<hr class=\"wp-block-separator has-alpha-channel-opacity\"\/>\n\n\n\n<h4 class=\"wp-block-heading\" id=\"game-background\">Spiel Hintergrund von Snow Rider 3D Game<\/h4>\n\n\n\n<p>Snow Rider 3D, das 2019 auf den Markt kam, hat sich zu einem Fan-Favoriten unter Online-Spielern entwickelt. Mit seiner einfachen Mechanik spricht es sowohl Gelegenheitsspieler als auch wettbewerbsorientierte Enthusiasten an, die es genie\u00dfen, jeden Kurs zu meistern. Das Spiel l\u00e4sst die Spieler \u00fcber verschneite Stra\u00dfen rasen, Hindernissen wie B\u00e4umen und Schneem\u00e4nnern ausweichen und auf der Strecke verstreute Geschenke einsammeln.<\/p>\n\n\n\n<hr class=\"wp-block-separator has-alpha-channel-opacity\"\/>\n\n\n\n<h3 class=\"wp-block-heading\" id=\"why-snow-rider-3-d-is-trending\">Warum Snow Rider 3D im Trend liegt<\/h3>\n\n\n\n<p>Die steigende Popularit\u00e4t des Spiels ist auf mehrere Faktoren zur\u00fcckzuf\u00fchren:<\/p>\n\n\n\n<ul class=\"wp-block-list\">\n<li><strong>Erreichbarkeit<\/strong>: Es ist auf mehreren Plattformen freigeschaltet, was es zur ersten Wahl in Schulen und am Arbeitsplatz macht.<\/li>\n\n\n\n<li><strong>Einfachheit mit Tiefgang<\/strong>: Die intuitive Steuerung ist leicht zu erlernen, aber anspruchsvoll zu meistern.<\/li>\n\n\n\n<li><strong>Saisonale Anziehungskraft<\/strong>: Es f\u00e4ngt die Spannung des Wintersports perfekt ein und tr\u00e4gt zu seinem Charme in den kalten Monaten bei.<\/li>\n\n\n\n<li><strong>Wettbewerbsvorteil<\/strong>: Die Spieler versuchen, durch das Sammeln von Geschenken und das Freischalten von Schlitten-Upgrades eine hohe Punktzahl zu erreichen, was zu wiederholtem Spielen anregt.<\/li>\n<\/ul>\n\n\n\n<hr class=\"wp-block-separator has-alpha-channel-opacity\"\/>\n\n\n\n<h3 class=\"wp-block-heading\" id=\"how-to-play-snow-rider-3-d\">Wie man Snow Rider 3D unblockiert spielt<\/h3>\n\n\n\n<p>Um Ihren Schlitten zu lenken, verwenden Sie die <strong>Pfeiltasten<\/strong> oder <strong>WASD-Tasten<\/strong>. Sie k\u00f6nnen \u00fcber Hindernisse springen, indem Sie die <strong>Leertaste<\/strong> oder die <strong>Pfeil nach oben<\/strong>. Das Ziel ist es, so weit wie m\u00f6glich abzufahren und dabei Geschenke zu sammeln, die zu deinem Punktestand beitragen und neue Schlitten freischalten. Je weiter du fortschreitest, desto schneller wird das Spiel und erfordert scharfe Reflexe und strategisches Denken.<\/p>\n\n\n\n<figure class=\"wp-block-image size-full\"><img loading=\"lazy\" decoding=\"async\" width=\"800\" height=\"445\" src=\"https:\/\/sledrider3d.com\/wp-content\/uploads\/2024\/10\/WX20241023-192731@2x-1.png\" alt=\"\" class=\"wp-image-117\" srcset=\"https:\/\/sledrider3d.com\/wp-content\/uploads\/2024\/10\/WX20241023-192731@2x-1.png 800w, https:\/\/sledrider3d.com\/wp-content\/uploads\/2024\/10\/WX20241023-192731@2x-1-300x167.png 300w, https:\/\/sledrider3d.com\/wp-content\/uploads\/2024\/10\/WX20241023-192731@2x-1-768x427.png 768w, https:\/\/sledrider3d.com\/wp-content\/uploads\/2024\/10\/WX20241023-192731@2x-1-18x10.png 18w\" sizes=\"auto, (max-width: 800px) 100vw, 800px\" \/><\/figure>\n\n\n\n<hr class=\"wp-block-separator has-alpha-channel-opacity\"\/>\n\n\n\n<h4 class=\"wp-block-heading\" id=\"levels-and-gameplay-details\">Levels und Gameplay-Details von Snow Rider 3D Spiel<\/h4>\n\n\n\n<p>Obwohl das Spiel keine unterschiedlichen Levels aufweist, bietet jede Session neue Herausforderungen, je nach Geschwindigkeit und Gel\u00e4nde. Der Schwierigkeitsgrad der Endlosstrecke steigt allm\u00e4hlich an und zwingt die Spieler dazu, sich anzupassen und ihre Leistung zu verbessern, um mehr Punkte zu erzielen.<\/p>\n\n\n\n<hr class=\"wp-block-separator has-alpha-channel-opacity\"\/>\n\n\n\n<h3 class=\"wp-block-heading\" id=\"features-and-characters\">Eigenschaften und Charaktere des Snow Rider 3D Spiels<\/h3>\n\n\n\n<ul class=\"wp-block-list\">\n<li><strong>Power-ups<\/strong>: Geschenke auf der Strecke bringen Bonuspunkte und gelegentlich einen Geschwindigkeitsschub.<\/li>\n\n\n\n<li><strong>Verschiedene Schlitten<\/strong>: Die Spieler k\u00f6nnen neue Schlittenmodelle freischalten, indem sie gen\u00fcgend Punkte sammeln.<\/li>\n\n\n\n<li><strong>Hindernisse<\/strong>: Neben Schneem\u00e4nnern und B\u00e4umen m\u00fcssen die Spieler auch knifflige H\u00e4nge meiden, die zu St\u00fcrzen f\u00fchren k\u00f6nnen.<\/li>\n<\/ul>\n\n\n\n<hr class=\"wp-block-separator has-alpha-channel-opacity\"\/>\n\n\n\n<h3 class=\"wp-block-heading\" id=\"pro-tips-and-tricks\">Profi-Tipps und Tricks f\u00fcr das Snow Rider 3D Spiel<\/h3>\n\n\n\n<ol class=\"wp-block-list\">\n<li><strong>Meister-Spr\u00fcnge<\/strong>: Benutzen Sie Pisten f\u00fcr zus\u00e4tzliche Flugzeit, aber achten Sie auf sanfte Landungen, um den Schwung zu erhalten.<\/li>\n\n\n\n<li><strong>Geschenk-Pathing<\/strong>: Konzentrieren Sie sich darauf, mehrere Geschenke in einer Reihe zu sammeln, ohne vom Kurs abzuweichen.<\/li>\n\n\n\n<li><strong>Geschwindigkeits-Boosts<\/strong>: Sparen Sie sich Speed-Power-Ups f\u00fcr schwierige Abschnitte, um sich einen Vorteil zu verschaffen.<\/li>\n<\/ol>\n\n\n\n<figure class=\"wp-block-image size-full\"><img loading=\"lazy\" decoding=\"async\" width=\"400\" height=\"265\" src=\"https:\/\/sledrider3d.com\/wp-content\/uploads\/2024\/10\/logo-2.png\" alt=\"\" class=\"wp-image-120\" srcset=\"https:\/\/sledrider3d.com\/wp-content\/uploads\/2024\/10\/logo-2.png 400w, https:\/\/sledrider3d.com\/wp-content\/uploads\/2024\/10\/logo-2-300x199.png 300w, https:\/\/sledrider3d.com\/wp-content\/uploads\/2024\/10\/logo-2-18x12.png 18w\" sizes=\"auto, (max-width: 400px) 100vw, 400px\" \/><\/figure>\n\n\n\n<hr class=\"wp-block-separator has-alpha-channel-opacity\"\/>\n\n\n\n<h2 class=\"wp-block-heading\" id=\"faq\">FAQ von Snow Rider 3D Unblocked Spiel<\/h2>\n\n\n\n<figure class=\"wp-block-table\"><table class=\"has-fixed-layout\"><thead><tr><th><strong>Frage<\/strong><\/th><th><strong>Antwort<\/strong><\/th><\/tr><\/thead><tbody><tr><td><strong>Kann ich Snow Rider 3D online spielen?<\/strong><\/td><td>Ja, Snow Rider 3D kann kostenlos online auf mehreren Plattformen gespielt werden.<\/td><\/tr><tr><td><strong>Was macht Snow Rider 3D zu einem Escape-Spiel?<\/strong><\/td><td>Die Spieler m\u00fcssen Hindernissen auf der Stra\u00dfe geschickt ausweichen, um einen Unfall zu vermeiden, was das Spiel zu einer Herausforderung macht.<\/td><\/tr><tr><td><strong>Wo kann ich Snow Rider 3D unblockiert finden?<\/strong><\/td><td>Besuchen Sie Websites wie <strong><a href=\"https:\/\/sledrider3d.com\/de\/snow-rider-3d\/\">sledrider3d.com<\/a><\/strong> f\u00fcr den ungehinderten Zugang.<\/td><\/tr><tr><td><strong>Wie steuere ich den Schlitten?<\/strong><\/td><td>Verwenden Sie <strong>Pfeiltasten<\/strong> oder <strong>WASD<\/strong> Tasten f\u00fcr die Navigation und <strong>Leertaste<\/strong> zu springen.<\/td><\/tr><tr><td><strong>Ist Snow Rider 3D kostenlos zu spielen?<\/strong><\/td><td>Ja, das Spiel ist v\u00f6llig kostenlos, ohne dass man es herunterladen muss.<\/td><\/tr><tr><td><strong>Was sind die \"Schneestra\u00dfen\" im Spiel?<\/strong><\/td><td>Mit Schneestra\u00dfen sind die vereisten Wege gemeint, die die Spieler im Spiel befahren m\u00fcssen.<\/td><\/tr><tr><td><strong>Wie funktionieren die nicht blockierten Versionen?<\/strong><\/td><td>Ungesperrte Versionen umgehen die Beschr\u00e4nkungen auf Plattformen wie Schulen und erm\u00f6glichen den freien Zugang zum Spiel.<\/td><\/tr><tr><td><strong>Was ist Snow Rider 3D Klassenzimmer 6x?<\/strong><\/td><td>Es handelt sich um eine f\u00fcr Schulumgebungen optimierte Version, die oft auf Spieleseiten unter Classroom 6x zu finden ist.<\/td><\/tr><tr><td><strong>Kann ich Snow Rider 3D auf Hooda Math nutzen?<\/strong><\/td><td>Ja, es ist als Teil der Spielebibliothek verf\u00fcgbar auf <strong>Hooda Math<\/strong>.<\/td><\/tr><tr><td><strong>Was passiert, wenn ich abst\u00fcrze?<\/strong><\/td><td>Das Spiel wird zur\u00fcckgesetzt, und die Spieler k\u00f6nnen den Kurs sofort wieder aufnehmen.<\/td><\/tr><tr><td><strong>Was ist Snow Rider 3D 76?<\/strong><\/td><td>Snow Rider 3D unblocked 76 ist eine beliebte Variante, die auf Portalen f\u00fcr unblockierte Spiele verf\u00fcgbar ist.<\/td><\/tr><tr><td><strong>Gibt es eine Bestenliste oder Highscores?<\/strong><\/td><td>Einige Versionen bieten eine Highscore-Funktion, mit der Sie sich mit anderen Spielern messen k\u00f6nnen.<\/td><\/tr><tr><td><strong>Wie wirken sich Geschenke auf das Spielgeschehen aus?<\/strong><\/td><td>Das Sammeln von Geschenken erh\u00f6ht die Punktzahl des Spielers und kann Geschwindigkeitssch\u00fcbe freischalten.<\/td><\/tr><tr><td><strong>Kann Snow Rider 3D auch auf dem Handy gespielt werden?<\/strong><\/td><td>Ja, das Spiel ist Browser-kompatibel mit Handys und Tablets.<\/td><\/tr><tr><td><strong>Wie lange dauert eine typische Spielsitzung?<\/strong><\/td><td>Jeder Durchlauf dauert so lange, bis der Spieler abst\u00fcrzt, was zum Wiederholen anregt, um seine F\u00e4higkeiten zu verbessern.<\/td><\/tr><tr><td><strong>Welche Spieltricks gibt es, um bessere Ergebnisse zu erzielen?<\/strong><\/td><td>Konzentrieren Sie sich auf sanfte Landungen, effizientes Einsammeln von Geschenken und den strategischen Einsatz von Power-Ups.<\/td><\/tr><tr><td><strong>Was macht Snow Rider 3D unblocked 6x so besonders?<\/strong><\/td><td>Die 6x-Version ist f\u00fcr ein fl\u00fcssigeres Spiel in eingeschr\u00e4nkten Umgebungen wie Schulen optimiert.<\/td><\/tr><tr><td><strong>Verf\u00fcgt das Spiel \u00fcber einen Mehrspielermodus?<\/strong><\/td><td>Nein, Snow Rider 3D ist ein Einzelspielererlebnis.<\/td><\/tr><tr><td><strong>Gibt es verschiedene Charaktere zum Freischalten?<\/strong><\/td><td>Nein, die Anpassungsm\u00f6glichkeiten beschr\u00e4nken sich auf Schlitten-Upgrades und nicht auf die Wahl des Charakters.<\/td><\/tr><tr><td><strong>Was ist das Ziel des Spiels?<\/strong><\/td><td>Das Hauptziel ist es, so weit wie m\u00f6glich zu reisen, dabei Geschenke zu sammeln und Hindernissen auszuweichen.<\/td><\/tr><\/tbody><\/table><\/figure>","protected":false},"excerpt":{"rendered":"<p>Play Snow Rider 3D Game Online \ud83d\udd79 Free Unblocked Snowy Games Full Screen Snow Rider 3D Game: Free to Play Unblocked Games Snow Rider 3D stands out as an addictive, free-to-play escape game that offers endless fun. Whether you are looking to kill time during a break or engage in serious score challenges, this game [&hellip;]<\/p>","protected":false},"author":1,"featured_media":119,"parent":0,"menu_order":0,"comment_status":"open","ping_status":"closed","template":"","meta":{"footnotes":""},"class_list":["post-112","page","type-page","status-publish","has-post-thumbnail","hentry"],"_links":{"self":[{"href":"https:\/\/sledrider3d.com\/de\/wp-json\/wp\/v2\/pages\/112","targetHints":{"allow":["GET"]}}],"collection":[{"href":"https:\/\/sledrider3d.com\/de\/wp-json\/wp\/v2\/pages"}],"about":[{"href":"https:\/\/sledrider3d.com\/de\/wp-json\/wp\/v2\/types\/page"}],"author":[{"embeddable":true,"href":"https:\/\/sledrider3d.com\/de\/wp-json\/wp\/v2\/users\/1"}],"replies":[{"embeddable":true,"href":"https:\/\/sledrider3d.com\/de\/wp-json\/wp\/v2\/comments?post=112"}],"version-history":[{"count":3,"href":"https:\/\/sledrider3d.com\/de\/wp-json\/wp\/v2\/pages\/112\/revisions"}],"predecessor-version":[{"id":130,"href":"https:\/\/sledrider3d.com\/de\/wp-json\/wp\/v2\/pages\/112\/revisions\/130"}],"wp:featuredmedia":[{"embeddable":true,"href":"https:\/\/sledrider3d.com\/de\/wp-json\/wp\/v2\/media\/119"}],"wp:attachment":[{"href":"https:\/\/sledrider3d.com\/de\/wp-json\/wp\/v2\/media?parent=112"}],"curies":[{"name":"wp","href":"https:\/\/api.w.org\/{rel}","templated":true}]}}