{"id":99,"date":"2024-10-27T09:45:04","date_gmt":"2024-10-27T09:45:04","guid":{"rendered":"https:\/\/sledrider3d.com\/?page_id=99"},"modified":"2024-10-27T10:11:06","modified_gmt":"2024-10-27T10:11:06","slug":"snow-road","status":"publish","type":"page","link":"https:\/\/sledrider3d.com\/cs\/snow-road\/","title":{"rendered":"Sn\u011bhov\u00e1 cesta"},"content":{"rendered":"<h2 class=\"wp-block-heading has-text-align-center\" id=\"play-escape-road-halloween\ufffc-game-online-\ud83d\udd79-free-driving-games\" style=\"font-size:clamp(0.929rem, 0.929rem + ((1vw - 0.2rem) * 0.785), 1.4rem);\"><strong>Zahrajte si online hru Snow Road \ud83d\udd79 Sn\u011bhov\u00e9 hry zdarma<\/strong><\/h2>\n\n\n\n<div style=\"height:2px\" aria-hidden=\"true\" class=\"wp-block-spacer\"><\/div>\n\n\n\n<div class=\"iframe-container\">\n    <iframe loading=\"lazy\" id=\"myIframe\" src=\"https:\/\/azgames.io\/game\/snow-road\/\" width=\"100%\" height=\"630px\"><\/iframe>\n<\/div>\n<div class=\"control-bar\">\n    <button id=\"fullscreenBtn\" onclick=\"toggleFullScreen()\">\n        <svg class=\"fullscreen-icon\" viewbox=\"0 0 24 24\" width=\"16\" height=\"16\">\n            <path d=\"M7 14H5v5h5v-2H7v-3zm-2-4h2V7h3V5H5v5zm12 7h-3v2h5v-5h-2v3zM14 5v2h3v3h2V5h-5z\"\/>\n        <\/svg>\n        <span>P\u0159es celou obrazovku<\/span>\n    <\/button>\n<\/div>\n\n<style>\n.iframe-container {\n    width: 100%;\n    margin: 0 auto;\n    border-radius: 8px;\n    overflow: hidden;\n}\n\n.control-bar {\n    display: flex;\n    justify-content: flex-end;\n    padding: 1px 0;  \/* \u4e0a\u4e0b\u589e\u52a0\u95f4\u8ddd *\/\n}\n\n#fullscreenBtn {\n    display: flex;\n    align-items: center;\n    gap: 1px;\n    padding: 8px 12px;\n    background-color: #2d2d2d;\n    border: none;\n    border-radius: 4px;\n    color: white;\n    cursor: pointer;\n    transition: background-color 0.2s;\n}\n\n#fullscreenBtn:hover {\n    background-color: #404040;\n}\n\n.fullscreen-icon {\n    fill: currentColor;\n}\n<\/style>\n\n\n\n<div class=\"wp-block-group is-layout-grid wp-container-core-group-is-layout-722e4d33 wp-block-group-is-layout-grid\">\n<figure class=\"wp-block-image size-full has-custom-border\"><a href=\"https:\/\/sledrider3d.com\/cs\/snow-road\/\" target=\"_blank\" rel=\"noreferrer noopener\"><img decoding=\"async\" src=\"https:\/\/escaperoad.fun\/wp-content\/uploads\/2024\/10\/background-1.png\" alt=\"\" class=\"wp-image-128\" style=\"border-radius:10px\"\/><\/a><\/figure>\n\n\n\n<figure class=\"wp-block-image size-full has-custom-border\"><a href=\"https:\/\/sledrider3d.com\/cs\/snow-rider-3d\/\" target=\"_blank\" rel=\"noreferrer noopener\"><img decoding=\"async\" src=\"https:\/\/escaperoad.fun\/wp-content\/uploads\/2024\/10\/WX20241023-192336@2x-1-1.png\" alt=\"\" class=\"wp-image-139\" style=\"border-radius:10px\"\/><\/a><\/figure>\n\n\n\n<figure class=\"wp-block-image size-full has-custom-border\"><a href=\"https:\/\/sledrider3d.com\/cs\/\" target=\"_blank\" rel=\"noreferrer noopener\"><img decoding=\"async\" src=\"https:\/\/escaperoad.fun\/wp-content\/uploads\/2024\/10\/logo-2-1.png\" alt=\"\" class=\"wp-image-138\" style=\"border-radius:10px\"\/><\/a><\/figure>\n\n\n\n<figure class=\"wp-block-image size-full has-custom-border is-style-default wp-container-content-0d18e1c1\"><a href=\"https:\/\/sledrider3d.com\/cs\/escape-road\/escape-road-game\/\" target=\"_blank\" rel=\"noreferrer noopener\"><img decoding=\"async\" src=\"https:\/\/escaperoad.fun\/wp-content\/uploads\/2024\/10\/Escape-Road-cl-1-1.png\" alt=\"\" class=\"wp-image-98\" style=\"border-radius:10px\"\/><\/a><\/figure>\n\n\n\n<figure class=\"wp-block-image size-full has-custom-border\"><a href=\"https:\/\/sledrider3d.com\/cs\/car\/escape-road-halloween\/\" target=\"_blank\" rel=\"noreferrer noopener\"><img decoding=\"async\" src=\"https:\/\/escaperoad.fun\/wp-content\/uploads\/2024\/10\/WX20241026-160813@2x-2.png\" alt=\"\" class=\"wp-image-100\" style=\"border-radius:10px\"\/><\/a><\/figure>\n\n\n\n<figure class=\"wp-block-image size-full has-custom-border\"><a href=\"https:\/\/sledrider3d.com\/cs\/car\/escape-road-city\/\" target=\"_blank\" rel=\"noreferrer noopener\"><img decoding=\"async\" src=\"https:\/\/escaperoad.fun\/wp-content\/uploads\/2024\/10\/WX20241026-175349@2x-1-1.png\" alt=\"\" class=\"wp-image-130\" style=\"border-radius:10px\"\/><\/a><\/figure>\n\n\n\n<figure class=\"wp-block-image size-thumbnail has-custom-border\"><a href=\"https:\/\/sledrider3d.com\/cs\/car\/escape-road-city-2\/\" target=\"_blank\" rel=\" noreferrer noopener\"><img loading=\"lazy\" decoding=\"async\" width=\"150\" height=\"150\" src=\"https:\/\/sledrider3d.com\/wp-content\/uploads\/2024\/10\/WX20250130-163958@2x-150x150.webp\" alt=\"\" class=\"wp-image-184\" style=\"border-radius:10px\" srcset=\"https:\/\/sledrider3d.com\/wp-content\/uploads\/2024\/10\/WX20250130-163958@2x-150x150.webp 150w, https:\/\/sledrider3d.com\/wp-content\/uploads\/2024\/10\/WX20250130-163958@2x-300x300.webp 300w, https:\/\/sledrider3d.com\/wp-content\/uploads\/2024\/10\/WX20250130-163958@2x-12x12.webp 12w, https:\/\/sledrider3d.com\/wp-content\/uploads\/2024\/10\/WX20250130-163958@2x.webp 500w\" sizes=\"auto, (max-width: 150px) 100vw, 150px\" \/><\/a><\/figure>\n\n\n\n<figure class=\"wp-block-image size-full has-custom-border\"><a href=\"https:\/\/sledrider3d.com\/cs\/car\/smashy-road\/\" target=\"_blank\" rel=\"noreferrer noopener\"><img decoding=\"async\" src=\"https:\/\/escaperoad.fun\/wp-content\/uploads\/2024\/10\/download-8-1.png\" alt=\"\" class=\"wp-image-99\" style=\"border-radius:10px\"\/><\/a><\/figure>\n\n\n\n<figure class=\"wp-block-image size-full has-custom-border\"><a href=\"https:\/\/sledrider3d.com\/cs\/sprunki\/incredibox-sprunki\/\" target=\"_blank\" rel=\"noreferrer noopener\"><img decoding=\"async\" src=\"https:\/\/escaperoad.fun\/wp-content\/uploads\/2024\/10\/incredibox-sprunki-1.jpg\" alt=\"\" class=\"wp-image-140\" style=\"border-radius:10px\"\/><\/a><\/figure>\n\n\n\n<figure class=\"wp-block-image size-thumbnail has-custom-border\"><a href=\"https:\/\/sledrider3d.com\/cs\/road\/crossy-road\/\" target=\"_blank\" rel=\"noreferrer noopener\"><img loading=\"lazy\" decoding=\"async\" width=\"150\" height=\"150\" src=\"https:\/\/sledrider3d.com\/wp-content\/uploads\/2024\/10\/crossy-road-sr1-f180x180-150x150.webp\" alt=\"\" class=\"wp-image-177\" style=\"border-radius:10px\" srcset=\"https:\/\/sledrider3d.com\/wp-content\/uploads\/2024\/10\/crossy-road-sr1-f180x180-150x150.webp 150w, https:\/\/sledrider3d.com\/wp-content\/uploads\/2024\/10\/crossy-road-sr1-f180x180-12x12.webp 12w, https:\/\/sledrider3d.com\/wp-content\/uploads\/2024\/10\/crossy-road-sr1-f180x180.webp 200w\" sizes=\"auto, (max-width: 150px) 100vw, 150px\" \/><\/a><\/figure>\n\n\n\n<figure class=\"wp-block-image size-full has-custom-border\"><a href=\"https:\/\/sledrider3d.com\/cs\/stickman\/stickman-hook\/\" target=\"_blank\" rel=\"noreferrer noopener\"><img decoding=\"async\" src=\"https:\/\/escaperoad.fun\/wp-content\/uploads\/2024\/10\/WX20241026-210554@2x-1.png\" alt=\"\" class=\"wp-image-142\" style=\"border-radius:10px\"\/><\/a><\/figure>\n\n\n\n<figure class=\"wp-block-image size-full has-custom-border\"><a href=\"https:\/\/sledrider3d.com\/cs\/motocycle\/moto-x3m\/\" target=\"_blank\" rel=\"noreferrer noopener\"><img decoding=\"async\" src=\"https:\/\/escaperoad.fun\/wp-content\/uploads\/2024\/10\/maxresdefault-1.jpg\" alt=\"\" class=\"wp-image-143\" style=\"border-radius:10px\"\/><\/a><\/figure>\n\n\n\n<figure class=\"wp-block-image size-full\"><a href=\"https:\/\/sledrider3d.com\/cs\/clicker\/cookie-clicker\/\" target=\"_blank\" rel=\"noreferrer noopener\"><img decoding=\"async\" src=\"https:\/\/escaperoad.fun\/wp-content\/uploads\/2024\/10\/icon.png\" alt=\"\" class=\"wp-image-150\"\/><\/a><\/figure>\n\n\n\n<figure class=\"wp-block-image size-thumbnail has-custom-border\"><a href=\"https:\/\/sledrider3d.com\/cs\/clicker\/chill-guy-clicker\/\" target=\"_blank\" rel=\"noreferrer noopener\"><img loading=\"lazy\" decoding=\"async\" width=\"150\" height=\"150\" src=\"https:\/\/sledrider3d.com\/wp-content\/uploads\/2024\/10\/WX20241220-102702@2x-150x150.webp\" alt=\"\" class=\"wp-image-170\" style=\"border-radius:10px\" srcset=\"https:\/\/sledrider3d.com\/wp-content\/uploads\/2024\/10\/WX20241220-102702@2x-150x150.webp 150w, https:\/\/sledrider3d.com\/wp-content\/uploads\/2024\/10\/WX20241220-102702@2x-300x300.webp 300w, https:\/\/sledrider3d.com\/wp-content\/uploads\/2024\/10\/WX20241220-102702@2x-12x12.webp 12w, https:\/\/sledrider3d.com\/wp-content\/uploads\/2024\/10\/WX20241220-102702@2x.webp 500w\" sizes=\"auto, (max-width: 150px) 100vw, 150px\" \/><\/a><\/figure>\n<\/div>\n\n\n\n<div style=\"height:30px\" aria-hidden=\"true\" class=\"wp-block-spacer\"><\/div>\n\n\n\n<h2 class=\"wp-block-heading\" id=\"snow-road-game-a-complete-guide-to-master-the-slopes\">Hra Snow Road: Kompletn\u00ed pr\u016fvodce pro zvl\u00e1dnut\u00ed sjezdovek<\/h2>\n\n\n\n<p>Sn\u00edh Road hry jako <em>Sn\u011b\u017en\u00fd jezdec 3D<\/em> a <em>\u00danikov\u00e1 cesta<\/em> nab\u00edzej\u00ed nap\u00ednav\u00e1 zimn\u00ed dobrodru\u017estv\u00ed, p\u0159i kter\u00fdch se hr\u00e1\u010di pohybuj\u00ed po zledovat\u011bl\u00fdch cest\u00e1ch, vyh\u00fdbaj\u00ed se p\u0159ek\u00e1\u017ek\u00e1m a odemykaj\u00ed odm\u011bny. Tyto hry kombinuj\u00ed rychl\u00e9 reflexy, strategick\u00e9 pl\u00e1nov\u00e1n\u00ed a strhuj\u00edc\u00ed z\u00e1\u017eitky s t\u00e9matikou sn\u011bhov\u00fdch sport\u016f, d\u00edky \u010demu\u017e jsou obl\u00edben\u00e9 v \u017e\u00e1nru svahov\u00fdch a \u00fanikov\u00fdch her.<\/p>\n\n\n\n<div class=\"wp-block-rank-math-toc-block\" id=\"rank-math-toc\"><h3>Obsah<\/h3><nav><ul><li><a href=\"#what-is-snow-road-game\">Co je hra Snow Road?<\/a><\/li><li><a href=\"#how-to-play-snow-rider-3-d-and-similar-games\">Jak hr\u00e1t Snow Rider 3D a podobn\u00e9 hry<\/a><ul><li><a href=\"#levels-and-progression\">\u00darovn\u011b a postup<\/a><\/li><\/ul><\/li><li><a href=\"#game-tricks-and-tips\">Hern\u00ed triky a tipy<\/a><\/li><li><a href=\"#comparison-of-popular-snow-road-games\">Porovn\u00e1n\u00ed obl\u00edben\u00fdch her na sn\u011bhu<\/a><ul><li><a href=\"#recommended-websites-for-snow-road-games\">Doporu\u010den\u00e9 webov\u00e9 str\u00e1nky pro Snow Road Games<\/a><\/li><\/ul><\/li><li><a href=\"#fa-qs\">Nej\u010dast\u011bj\u0161\u00ed dotazy<\/a><\/li><\/ul><\/nav><\/div>\n\n\n\n<h3 class=\"wp-block-heading\" id=\"what-is-snow-road-game\">Co je hra Snow Road?<\/h3>\n\n\n\n<p>Ve hr\u00e1ch Snow Road obvykle ovl\u00e1d\u00e1te s\u00e1n\u011b, auta nebo postavy v zasn\u011b\u017een\u00e9 krajin\u011b a sna\u017e\u00edte se dos\u00e1hnout vysok\u00e9ho sk\u00f3re p\u0159i sb\u00edr\u00e1n\u00ed hern\u00edch p\u0159edm\u011bt\u016f. Tyto hry pat\u0159\u00ed do \u0161ir\u0161\u00ed kategorie sjezdov\u00fdch her, kter\u00e9 jsou zn\u00e1m\u00e9 sv\u00fdm rychl\u00fdm tempem a n\u00e1ro\u010dn\u00fdmi hern\u00edmi mechanismy. \u010casto nab\u00edzej\u00ed odblokovan\u00e9 verze, kter\u00e9 hr\u00e1\u010d\u016fm umo\u017e\u0148uj\u00ed u\u017e\u00edvat si hru kdekoli bez omezen\u00ed.<\/p>\n\n\n\n<figure class=\"wp-block-image size-full\"><img loading=\"lazy\" decoding=\"async\" width=\"512\" height=\"384\" src=\"https:\/\/sledrider3d.com\/wp-content\/uploads\/2024\/10\/background.png\" alt=\"\" class=\"wp-image-105\" srcset=\"https:\/\/sledrider3d.com\/wp-content\/uploads\/2024\/10\/background.png 512w, https:\/\/sledrider3d.com\/wp-content\/uploads\/2024\/10\/background-300x225.png 300w, https:\/\/sledrider3d.com\/wp-content\/uploads\/2024\/10\/background-16x12.png 16w\" sizes=\"auto, (max-width: 512px) 100vw, 512px\" \/><\/figure>\n\n\n\n<h3 class=\"wp-block-heading\" id=\"how-to-play-snow-rider-3-d-and-similar-games\">Jak hr\u00e1t Snow Rider 3D a podobn\u00e9 hry<\/h3>\n\n\n\n<ul class=\"wp-block-list\">\n<li><strong>Ovl\u00e1dac\u00ed prvky<\/strong>:\n<ul class=\"wp-block-list\">\n<li>Pro pohyb (doleva a doprava) a ovl\u00e1d\u00e1n\u00ed rychlosti pou\u017e\u00edvejte \u0161ipky.<\/li>\n\n\n\n<li>\u0160ipkou nahoru sk\u00e1kejte a vyh\u00fdbejte se p\u0159ek\u00e1\u017ek\u00e1m.<\/li>\n\n\n\n<li>\u0160ipka dol\u016f pom\u00e1h\u00e1 sn\u00ed\u017eit rychlost, abyste mohli l\u00e9pe man\u00e9vrovat na z\u00e1ludn\u00fdch cest\u00e1ch.<\/li>\n<\/ul>\n<\/li>\n\n\n\n<li><strong>C\u00edl<\/strong>: C\u00edlem je dojet co nejd\u00e1le zasn\u011b\u017een\u00fdm ter\u00e9nem a z\u00e1rove\u0148 sb\u00edrat p\u0159edm\u011bty, jako jsou v\u00e1no\u010dn\u00ed d\u00e1rky, a odemknout tak nov\u00e9 s\u00e1n\u011b s jedine\u010dn\u00fdm designem.<\/li>\n\n\n\n<li><strong>P\u0159ek\u00e1\u017eky<\/strong>: Bu\u010fte p\u0159ipraveni \u010delit sn\u011bhul\u00e1k\u016fm, sn\u011bhov\u00fdm koul\u00edm, \u00fates\u016fm a \u00fazk\u00fdm cest\u00e1m. Ka\u017ed\u00e1 p\u0159ek\u00e1\u017eka vy\u017eaduje p\u0159esn\u00e9 na\u010dasov\u00e1n\u00ed, abyste ji \u00fasp\u011b\u0161n\u011b p\u0159ekonali.<\/li>\n<\/ul>\n\n\n\n<h4 class=\"wp-block-heading\" id=\"levels-and-progression\">\u00darovn\u011b a postup<\/h4>\n\n\n\n<p>Hry na sn\u011bhov\u00e9 cest\u011b maj\u00ed r\u016fzn\u00e9 \u00farovn\u011b se zvy\u0161uj\u00edc\u00ed se obt\u00ed\u017enost\u00ed:<\/p>\n\n\n\n<ol class=\"wp-block-list\">\n<li><strong>\u00darovn\u011b pro za\u010d\u00e1te\u010dn\u00edky<\/strong>: Nau\u010dte se z\u00e1kladn\u00edm pohyb\u016fm a zvykn\u011bte si na pomalej\u0161\u00ed tempo.<\/li>\n\n\n\n<li><strong>St\u0159edn\u011b pokro\u010dil\u00e9 \u00farovn\u011b<\/strong>: Naraz\u00edte na v\u00edce p\u0159ek\u00e1\u017eek, jako jsou kut\u00e1lej\u00edc\u00ed se sn\u011bhov\u00e9 koule a propasti.<\/li>\n\n\n\n<li><strong>Pokro\u010dil\u00e9 \u00farovn\u011b<\/strong>: Vysokorychlostn\u00ed trat\u011b s minim\u00e1ln\u00edm prostorem pro chybu vy\u017eaduj\u00edc\u00ed rychl\u00e9 reflexy.<\/li>\n<\/ol>\n\n\n\n<h3 class=\"wp-block-heading\" id=\"game-tricks-and-tips\">Hern\u00ed triky a tipy<\/h3>\n\n\n\n<ol class=\"wp-block-list\">\n<li><strong>Napl\u00e1nujte si trasu<\/strong>: D\u00edvejte se dop\u0159edu, abyste p\u0159edv\u00eddali p\u0159ek\u00e1\u017eky a na\u0161li nejsnaz\u0161\u00ed cestu.<\/li>\n\n\n\n<li><strong>Moudr\u00e9 \u0159\u00edzen\u00ed rychlosti<\/strong>: Vyvarujte se sp\u011bchu na \u00fazk\u00fdch cest\u00e1ch; n\u011bkdy zpomalen\u00ed zlep\u0161uje kontrolu.<\/li>\n\n\n\n<li><strong>Cvi\u010dn\u00e9 kaskad\u00e9rsk\u00e9 kousky<\/strong>: Zvl\u00e1dn\u011bte skoky a triky a zvy\u0161te si sk\u00f3re.<\/li>\n\n\n\n<li><strong>Pobyt v bl\u00edzkosti centra<\/strong>: To v\u00e1m d\u00e1v\u00e1 v\u00edce prostoru pro man\u00e9vrov\u00e1n\u00ed kolem p\u0159ek\u00e1\u017eek, jako jsou sn\u011bhul\u00e1ci a mezery.<\/li>\n\n\n\n<li><strong>Sb\u00edr\u00e1n\u00ed odm\u011bn<\/strong>: D\u00e1rky a dal\u0161\u00ed sb\u011bratelsk\u00e9 p\u0159edm\u011bty odemykaj\u00ed pokro\u010dil\u00e9 s\u00e1n\u011b s lep\u0161\u00edm v\u00fdkonem.<\/li>\n<\/ol>\n\n\n\n<figure class=\"wp-block-image size-large\"><img loading=\"lazy\" decoding=\"async\" width=\"1024\" height=\"560\" src=\"https:\/\/sledrider3d.com\/wp-content\/uploads\/2024\/10\/WX20241026-201748@2x-1024x560.png\" alt=\"\" class=\"wp-image-106\" srcset=\"https:\/\/sledrider3d.com\/wp-content\/uploads\/2024\/10\/WX20241026-201748@2x-1024x560.png 1024w, https:\/\/sledrider3d.com\/wp-content\/uploads\/2024\/10\/WX20241026-201748@2x-300x164.png 300w, https:\/\/sledrider3d.com\/wp-content\/uploads\/2024\/10\/WX20241026-201748@2x-768x420.png 768w, https:\/\/sledrider3d.com\/wp-content\/uploads\/2024\/10\/WX20241026-201748@2x-1536x840.png 1536w, https:\/\/sledrider3d.com\/wp-content\/uploads\/2024\/10\/WX20241026-201748@2x-18x10.png 18w, https:\/\/sledrider3d.com\/wp-content\/uploads\/2024\/10\/WX20241026-201748@2x.png 1810w\" sizes=\"auto, (max-width: 1024px) 100vw, 1024px\" \/><\/figure>\n\n\n\n<h3 class=\"wp-block-heading\" id=\"comparison-of-popular-snow-road-games\">Porovn\u00e1n\u00ed obl\u00edben\u00fdch her na sn\u011bhu<\/h3>\n\n\n\n<figure class=\"wp-block-table\"><table class=\"has-fixed-layout\"><thead><tr><th>N\u00e1zev hry<\/th><th>Funkce<\/th><th>Obt\u00ed\u017enost<\/th><th>Dostupn\u00e9 re\u017eimy<\/th><\/tr><\/thead><tbody><tr><td>Sn\u011b\u017en\u00fd jezdec 3D<\/td><td>Sb\u00edrejte d\u00e1rky, odemkn\u011bte s\u00e1\u0148ky<\/td><td>St\u0159edn\u00ed<\/td><td>Pro jednoho hr\u00e1\u010de<\/td><\/tr><tr><td>\u00danikov\u00e1 cesta<\/td><td>Vyh\u00fdb\u00e1n\u00ed se p\u0159ek\u00e1\u017ek\u00e1m, \u010dasov\u011b omezen\u00e9<\/td><td>Hard<\/td><td>\u010casov\u011b omezen\u00e9 v\u00fdzvy<\/td><\/tr><tr><td>Hra Slope Game<\/td><td>Nekone\u010dn\u00fd b\u011b\u017eec, vysok\u00e1 rychlost<\/td><td>Hard<\/td><td>Multiplayer<\/td><\/tr><tr><td>Tap Road<\/td><td>Jednoduch\u00e9 ovl\u00e1d\u00e1n\u00ed, nen\u00e1ro\u010dn\u00e1 hra<\/td><td>Easy<\/td><td>Nen\u00e1ro\u010dn\u00fd re\u017eim<\/td><\/tr><tr><td>Sn\u011bhov\u00fd b\u011b\u017eec<\/td><td>Realistick\u00e1 fyzika, otev\u0159en\u00fd ter\u00e9n<\/td><td>Hard<\/td><td>Re\u017eim kari\u00e9ry, multiplayer<\/td><\/tr><\/tbody><\/table><\/figure>\n\n\n\n<h4 class=\"wp-block-heading\" id=\"recommended-websites-for-snow-road-games\">Doporu\u010den\u00e9 webov\u00e9 str\u00e1nky pro Snow Road Games<\/h4>\n\n\n\n<p>Nejlep\u0161\u00ed m\u00edsto pro hran\u00ed t\u011bchto her online je <strong><a href=\"https:\/\/sledrider3d.com\/cs\/snow-road\/\">sledrider3d.com<\/a><\/strong>, kde si m\u016f\u017eete prohl\u00e9dnout n\u011bkolik her se sn\u011bhovou t\u00e9matikou, v\u010detn\u011b odblokovan\u00fdch verz\u00ed, jako je nap\u0159. <em>Odblokov\u00e1n\u00ed sn\u011b\u017en\u00e9ho jezdce<\/em> a <em>Sn\u011b\u017en\u00fd jezdec 3D<\/em>.<\/p>\n\n\n\n<p>Hry Snow Road jsou ide\u00e1ln\u00ed pro milovn\u00edky \u00fanikov\u00fdch her a rychl\u00fdch dobrodru\u017estv\u00ed. A\u0165 u\u017e d\u00e1v\u00e1te p\u0159ednost p\u0159esn\u00e9 navigaci po \u00fazk\u00fdch silnic\u00edch, nebo rychl\u00e9mu sj\u00ed\u017ed\u011bn\u00ed svah\u016f, ka\u017ed\u00fd hr\u00e1\u010d si zde najde n\u011bco pro sebe. D\u00edky r\u016fzn\u00fdm \u00farovn\u00edm obt\u00ed\u017enosti, sb\u011bratelsk\u00fdm p\u0159edm\u011bt\u016fm a poutav\u00e9 hratelnosti jsou hry jako nap\u0159. <em>Sn\u011b\u017en\u00fd jezdec 3D<\/em> udr\u017eet vzru\u0161en\u00ed. Za\u010dn\u011bte sv\u00e9 zasn\u011b\u017een\u00e9 dobrodru\u017estv\u00ed je\u0161t\u011b dnes na <strong>sledrider3d.com<\/strong> a zvl\u00e1dnout um\u011bn\u00ed zimn\u00edch z\u00e1vod\u016f.<\/p>\n\n\n\n<h3 class=\"wp-block-heading\" id=\"fa-qs\">Nej\u010dast\u011bj\u0161\u00ed dotazy<\/h3>\n\n\n\n<p><strong>Co je Snow Rider 3D?<\/strong><br>Snow Rider 3D je bezplatn\u00e1 hra na sjezdovce, ve kter\u00e9 hr\u00e1\u010di ovl\u00e1daj\u00ed s\u00e1n\u011b na zasn\u011b\u017een\u00fdch cest\u00e1ch, vyh\u00fdbaj\u00ed se p\u0159ek\u00e1\u017ek\u00e1m a sb\u00edraj\u00ed d\u00e1rky, aby si odemkli nov\u00e9 s\u00e1n\u011b.<\/p>\n\n\n\n<p><strong>Jak mohu hr\u00e1t Snow Rider 3D online?<\/strong><br>Nav\u0161tivte <a href=\"https:\/\/sledrider3d.com\/cs\/snow-road\/\">sledrider3d.com<\/a> pro p\u0159\u00edstup k aplikaci Snow Rider 3D. Pomoc\u00ed \u0161ipek ovl\u00e1dejte sv\u00e9 s\u00e1n\u011b a u\u017eijte si tuto \u00fanikovou hru odblokovanou z libovoln\u00e9ho m\u00edsta.<\/p>\n\n\n\n<p><strong>V \u010dem je hra Snow Rider Unblocked jin\u00e1?<\/strong><br>Odblokovan\u00e1 verze umo\u017e\u0148uje hr\u00e1t hru Snow Rider bez omezen\u00ed, tak\u017ee je p\u0159\u00edstupn\u00e1 i ve \u0161kol\u00e1ch nebo na pracovi\u0161t\u00edch.<\/p>\n\n\n\n<p><strong>Je hra zdarma?<\/strong><br>Ano, v\u0161echny hry v\u010detn\u011b Snow Rider 3D a Escape Road jsou na webu sledrider3d.com zdarma.<\/p>\n\n\n\n<p><strong>Jak\u00e9 dal\u0161\u00ed hry na sn\u011bhu jsou k dispozici?<\/strong><br>Platforma nab\u00edz\u00ed n\u011bkolik her, nap\u0159\u00edklad Snow Run, Snow Runner a Slow Road Game, kter\u00e9 zahrnuj\u00ed dobrodru\u017estv\u00ed na zasn\u011b\u017een\u00fdch silnic\u00edch a dopravn\u00ed v\u00fdzvy.<\/p>\n\n\n\n<p><strong>Jak\u00e9 jsou tipy pro zvl\u00e1dnut\u00ed hry Snow Rider 3D?<\/strong><br>Soust\u0159e\u010fte se na udr\u017eov\u00e1n\u00ed st\u00e1l\u00e9 rychlosti, vyu\u017e\u00edvejte svahy ve sv\u016fj prosp\u011bch a sb\u00edrejte d\u00e1rky, abyste si odemkli lep\u0161\u00ed s\u00e1\u0148ky pro plynulej\u0161\u00ed hran\u00ed.<\/p>\n\n\n\n<p><strong>Mohu hru hr\u00e1t na mobiln\u00edch za\u0159\u00edzen\u00edch?<\/strong><br>Ano, Snow Rider 3D a dal\u0161\u00ed hry jako Geometry Dash a Slope Game jsou optimalizov\u00e1ny pro stoln\u00ed i mobiln\u00ed po\u010d\u00edta\u010de.<\/p>\n\n\n\n<p><strong>Co jsou to hry na svahu?<\/strong><br>Hry na svaz\u00edch jsou rychl\u00e1 dobrodru\u017estv\u00ed, ve kter\u00fdch hr\u00e1\u010di ovl\u00e1daj\u00ed p\u0159edm\u011bty nebo postavy na strm\u00fdch svaz\u00edch a vyh\u00fdbaj\u00ed se p\u0159ek\u00e1\u017ek\u00e1m.<\/p>\n\n\n\n<p><strong>Jak\u00fd je c\u00edl projektu Escape Road?<\/strong><br>Ve h\u0159e Escape Road mus\u00ed hr\u00e1\u010di proj\u00edt zledovat\u011blou cestou plnou p\u0159ek\u00e1\u017eek a sna\u017eit se dostat na konec ve stanoven\u00e9m \u010dasov\u00e9m limitu.<\/p>\n\n\n\n<figure class=\"wp-block-image size-large\"><img loading=\"lazy\" decoding=\"async\" width=\"1024\" height=\"549\" src=\"https:\/\/sledrider3d.com\/wp-content\/uploads\/2024\/10\/WX20241026-201919@2x-1024x549.png\" alt=\"\" class=\"wp-image-107\" srcset=\"https:\/\/sledrider3d.com\/wp-content\/uploads\/2024\/10\/WX20241026-201919@2x-1024x549.png 1024w, https:\/\/sledrider3d.com\/wp-content\/uploads\/2024\/10\/WX20241026-201919@2x-300x161.png 300w, https:\/\/sledrider3d.com\/wp-content\/uploads\/2024\/10\/WX20241026-201919@2x-768x411.png 768w, https:\/\/sledrider3d.com\/wp-content\/uploads\/2024\/10\/WX20241026-201919@2x-1536x823.png 1536w, https:\/\/sledrider3d.com\/wp-content\/uploads\/2024\/10\/WX20241026-201919@2x-18x10.png 18w, https:\/\/sledrider3d.com\/wp-content\/uploads\/2024\/10\/WX20241026-201919@2x.png 1818w\" sizes=\"auto, (max-width: 1024px) 100vw, 1024px\" \/><\/figure>\n\n\n\n<p><strong>Jsou k dispozici mo\u017enosti pro v\u00edce hr\u00e1\u010d\u016f?<\/strong><br>N\u011bkter\u00e9 hry, jako nap\u0159\u00edklad Slope Multiplayer, nab\u00edzej\u00ed kompetitivn\u00ed online re\u017eimy, zat\u00edmco jin\u00e9, nap\u0159\u00edklad Snow Rider, se zam\u011b\u0159uj\u00ed na z\u00e1\u017eitky pro jednoho hr\u00e1\u010de.<\/p>\n\n\n\n<p><strong>Jak odemknu nov\u00e9 s\u00e1n\u011b ve h\u0159e Snow Rider 3D?<\/strong><br>B\u011bhem hran\u00ed sb\u00edrejte v\u00e1no\u010dn\u00ed d\u00e1rky a sb\u00edrejte body, kter\u00e9 m\u016f\u017eete pou\u017e\u00edt k odem\u010den\u00ed nov\u00fdch san\u00ed se speci\u00e1ln\u00edmi schopnostmi.<\/p>\n\n\n\n<p><strong>Co je Tap Road?<\/strong><br>Tap Road je nen\u00e1ro\u010dn\u00e1 hra, kter\u00e1 se na webu zam\u011b\u0159uje na jednoduch\u00e9 mechanismy, kdy hr\u00e1\u010di klep\u00e1n\u00edm proch\u00e1zej\u00ed zasn\u011b\u017eenou krajinou.<\/p>\n\n\n\n<p><strong>Jak\u00fd je rozd\u00edl mezi Snow Runner a Snow Rider?<\/strong><br>Hra Snow Runner klade d\u016fraz na realistickou j\u00edzdu v zasn\u011b\u017een\u00e9m ter\u00e9nu, zat\u00edmco Snow Rider nab\u00edz\u00ed ark\u00e1dov\u00e9 s\u00e1\u0148kov\u00e1n\u00ed se sb\u011bratelsk\u00fdmi p\u0159edm\u011bty a vzru\u0161en\u00ed z vysok\u00e9 rychlosti.<\/p>\n\n\n\n<p><strong>Mohu sv\u016fj postup pozastavit nebo ulo\u017eit?<\/strong><br>N\u011bkter\u00e9 hry umo\u017e\u0148uj\u00ed pozastaven\u00ed, ale v rychl\u00fdch hr\u00e1ch, jako je Slope nebo Escape Road, nemus\u00ed b\u00fdt ukl\u00e1d\u00e1n\u00ed postupu k dispozici.<\/p>\n\n\n\n<p><strong>Kde najdu dal\u0161\u00ed \u00fanikov\u00e9 hry?<\/strong><br>Projd\u011bte si kategorii \"Escape Road Game\" na sledrider3d.com a prozkoumejte dal\u0161\u00ed hry, jako je Traffic Road Game, Slope Game a Geometry Dash.<\/p>","protected":false},"excerpt":{"rendered":"<p>Play Snow Road Game Online \ud83d\udd79 Free Snow Games Full Screen Snow Road Game: A Complete Guide to Master the Slopes Snow Road games like Snow Rider 3D and Escape Road offer thrilling winter adventures where players navigate icy paths while dodging obstacles and unlocking rewards. These games combine quick reflexes, strategic planning, and immersive [&hellip;]<\/p>","protected":false},"author":1,"featured_media":105,"parent":0,"menu_order":0,"comment_status":"open","ping_status":"closed","template":"","meta":{"footnotes":""},"class_list":["post-99","page","type-page","status-publish","has-post-thumbnail","hentry"],"_links":{"self":[{"href":"https:\/\/sledrider3d.com\/cs\/wp-json\/wp\/v2\/pages\/99","targetHints":{"allow":["GET"]}}],"collection":[{"href":"https:\/\/sledrider3d.com\/cs\/wp-json\/wp\/v2\/pages"}],"about":[{"href":"https:\/\/sledrider3d.com\/cs\/wp-json\/wp\/v2\/types\/page"}],"author":[{"embeddable":true,"href":"https:\/\/sledrider3d.com\/cs\/wp-json\/wp\/v2\/users\/1"}],"replies":[{"embeddable":true,"href":"https:\/\/sledrider3d.com\/cs\/wp-json\/wp\/v2\/comments?post=99"}],"version-history":[{"count":3,"href":"https:\/\/sledrider3d.com\/cs\/wp-json\/wp\/v2\/pages\/99\/revisions"}],"predecessor-version":[{"id":110,"href":"https:\/\/sledrider3d.com\/cs\/wp-json\/wp\/v2\/pages\/99\/revisions\/110"}],"wp:featuredmedia":[{"embeddable":true,"href":"https:\/\/sledrider3d.com\/cs\/wp-json\/wp\/v2\/media\/105"}],"wp:attachment":[{"href":"https:\/\/sledrider3d.com\/cs\/wp-json\/wp\/v2\/media?parent=99"}],"curies":[{"name":"wp","href":"https:\/\/api.w.org\/{rel}","templated":true}]}}