{"id":37,"date":"2024-10-21T17:31:18","date_gmt":"2024-10-21T17:31:18","guid":{"rendered":"https:\/\/sledrider3d.com\/?page_id=37"},"modified":"2025-01-29T13:24:54","modified_gmt":"2025-01-29T13:24:54","slug":"sled-rider-3d","status":"publish","type":"page","link":"https:\/\/sledrider3d.com\/cs\/","title":{"rendered":"Jezdec na san\u00edch 3D"},"content":{"rendered":"<h2 class=\"wp-block-heading has-text-align-center\" style=\"font-size:clamp(0.929rem, 0.929rem + ((1vw - 0.2rem) * 0.785), 1.4rem);\"><strong>Sled Rider 3D hra \ud83d\udd79 Hrajte zdarma online odblokovan\u00e9 sn\u011bhov\u00e9 hry<\/strong><\/h2>\n\n\n\n<div class=\"wp-block-group has-global-padding is-layout-constrained wp-container-core-group-is-layout-704e782a wp-block-group-is-layout-constrained\">\n<div class=\"iframe-container\">\n    <iframe loading=\"lazy\" id=\"myIframe\" src=\"https:\/\/snow-rider3d-cic.pages.dev\" width=\"100%\" height=\"630px\"><\/iframe>\n<\/div>\n<div class=\"control-bar\">\n    <button id=\"fullscreenBtn\" onclick=\"toggleFullScreen()\">\n        <svg class=\"fullscreen-icon\" viewbox=\"0 0 24 24\" width=\"16\" height=\"16\">\n            <path d=\"M7 14H5v5h5v-2H7v-3zm-2-4h2V7h3V5H5v5zm12 7h-3v2h5v-5h-2v3zM14 5v2h3v3h2V5h-5z\"\/>\n        <\/svg>\n        <span>P\u0159es celou obrazovku<\/span>\n    <\/button>\n<\/div>\n\n<style>\n.iframe-container {\n    width: 100%;\n    margin: 0 auto;\n    border-radius: 8px;\n    overflow: hidden;\n}\n\n.control-bar {\n    display: flex;\n    justify-content: flex-end;\n    padding: 1px 0;  \/* \u4e0a\u4e0b\u589e\u52a0\u95f4\u8ddd *\/\n}\n\n#fullscreenBtn {\n    display: flex;\n    align-items: center;\n    gap: 1px;\n    padding: 8px 12px;\n    background-color: #2d2d2d;\n    border: none;\n    border-radius: 4px;\n    color: white;\n    cursor: pointer;\n    transition: background-color 0.2s;\n}\n\n#fullscreenBtn:hover {\n    background-color: #404040;\n}\n\n.fullscreen-icon {\n    fill: currentColor;\n}\n<\/style>\n<\/div>\n\n\n\n<div class=\"wp-block-group is-layout-grid wp-container-core-group-is-layout-722e4d33 wp-block-group-is-layout-grid\">\n<figure class=\"wp-block-image size-full has-custom-border\"><a href=\"https:\/\/sledrider3d.com\/cs\/snow-road\/\" target=\"_blank\" rel=\"noreferrer noopener\"><img decoding=\"async\" src=\"https:\/\/escaperoad.fun\/wp-content\/uploads\/2024\/10\/background-1.png\" alt=\"\" class=\"wp-image-128\" style=\"border-radius:10px\"\/><\/a><\/figure>\n\n\n\n<figure class=\"wp-block-image size-full has-custom-border\"><a href=\"https:\/\/sledrider3d.com\/cs\/snow-rider-3d\/\" target=\"_blank\" rel=\"noreferrer noopener\"><img decoding=\"async\" src=\"https:\/\/escaperoad.fun\/wp-content\/uploads\/2024\/10\/WX20241023-192336@2x-1-1.png\" alt=\"\" class=\"wp-image-139\" style=\"border-radius:10px\"\/><\/a><\/figure>\n\n\n\n<figure class=\"wp-block-image size-full has-custom-border\"><a href=\"https:\/\/sledrider3d.com\/cs\/\" target=\"_blank\" rel=\"noreferrer noopener\"><img decoding=\"async\" src=\"https:\/\/escaperoad.fun\/wp-content\/uploads\/2024\/10\/logo-2-1.png\" alt=\"\" class=\"wp-image-138\" style=\"border-radius:10px\"\/><\/a><\/figure>\n\n\n\n<figure class=\"wp-block-image size-full has-custom-border is-style-default wp-container-content-0d18e1c1\"><a href=\"https:\/\/sledrider3d.com\/cs\/escape-road\/escape-road-game\/\" target=\"_blank\" rel=\"noreferrer noopener\"><img decoding=\"async\" src=\"https:\/\/escaperoad.fun\/wp-content\/uploads\/2024\/10\/Escape-Road-cl-1-1.png\" alt=\"\" class=\"wp-image-98\" style=\"border-radius:10px\"\/><\/a><\/figure>\n\n\n\n<figure class=\"wp-block-image size-full has-custom-border\"><a href=\"https:\/\/sledrider3d.com\/cs\/car\/escape-road-halloween\/\" target=\"_blank\" rel=\"noreferrer noopener\"><img decoding=\"async\" src=\"https:\/\/escaperoad.fun\/wp-content\/uploads\/2024\/10\/WX20241026-160813@2x-2.png\" alt=\"\" class=\"wp-image-100\" style=\"border-radius:10px\"\/><\/a><\/figure>\n\n\n\n<figure class=\"wp-block-image size-full has-custom-border\"><a href=\"https:\/\/sledrider3d.com\/cs\/car\/escape-road-city\/\" target=\"_blank\" rel=\"noreferrer noopener\"><img decoding=\"async\" src=\"https:\/\/escaperoad.fun\/wp-content\/uploads\/2024\/10\/WX20241026-175349@2x-1-1.png\" alt=\"\" class=\"wp-image-130\" style=\"border-radius:10px\"\/><\/a><\/figure>\n\n\n\n<figure class=\"wp-block-image size-thumbnail has-custom-border\"><a href=\"https:\/\/sledrider3d.com\/cs\/car\/escape-road-city-2\/\" target=\"_blank\" rel=\" noreferrer noopener\"><img loading=\"lazy\" decoding=\"async\" width=\"150\" height=\"150\" src=\"https:\/\/sledrider3d.com\/wp-content\/uploads\/2024\/10\/WX20250130-163958@2x-150x150.webp\" alt=\"\" class=\"wp-image-184\" style=\"border-radius:10px\" srcset=\"https:\/\/sledrider3d.com\/wp-content\/uploads\/2024\/10\/WX20250130-163958@2x-150x150.webp 150w, https:\/\/sledrider3d.com\/wp-content\/uploads\/2024\/10\/WX20250130-163958@2x-300x300.webp 300w, https:\/\/sledrider3d.com\/wp-content\/uploads\/2024\/10\/WX20250130-163958@2x-12x12.webp 12w, https:\/\/sledrider3d.com\/wp-content\/uploads\/2024\/10\/WX20250130-163958@2x.webp 500w\" sizes=\"auto, (max-width: 150px) 100vw, 150px\" \/><\/a><\/figure>\n\n\n\n<figure class=\"wp-block-image size-full has-custom-border\"><a href=\"https:\/\/sledrider3d.com\/cs\/car\/smashy-road\/\" target=\"_blank\" rel=\"noreferrer noopener\"><img decoding=\"async\" src=\"https:\/\/escaperoad.fun\/wp-content\/uploads\/2024\/10\/download-8-1.png\" alt=\"\" class=\"wp-image-99\" style=\"border-radius:10px\"\/><\/a><\/figure>\n\n\n\n<figure class=\"wp-block-image size-full has-custom-border\"><a href=\"https:\/\/sledrider3d.com\/cs\/sprunki\/incredibox-sprunki\/\" target=\"_blank\" rel=\"noreferrer noopener\"><img decoding=\"async\" src=\"https:\/\/escaperoad.fun\/wp-content\/uploads\/2024\/10\/incredibox-sprunki-1.jpg\" alt=\"\" class=\"wp-image-140\" style=\"border-radius:10px\"\/><\/a><\/figure>\n\n\n\n<figure class=\"wp-block-image size-thumbnail has-custom-border\"><a href=\"https:\/\/sledrider3d.com\/cs\/road\/crossy-road\/\" target=\"_blank\" rel=\"noreferrer noopener\"><img loading=\"lazy\" decoding=\"async\" width=\"150\" height=\"150\" src=\"https:\/\/sledrider3d.com\/wp-content\/uploads\/2024\/10\/crossy-road-sr1-f180x180-150x150.webp\" alt=\"\" class=\"wp-image-177\" style=\"border-radius:10px\" srcset=\"https:\/\/sledrider3d.com\/wp-content\/uploads\/2024\/10\/crossy-road-sr1-f180x180-150x150.webp 150w, https:\/\/sledrider3d.com\/wp-content\/uploads\/2024\/10\/crossy-road-sr1-f180x180-12x12.webp 12w, https:\/\/sledrider3d.com\/wp-content\/uploads\/2024\/10\/crossy-road-sr1-f180x180.webp 200w\" sizes=\"auto, (max-width: 150px) 100vw, 150px\" \/><\/a><\/figure>\n\n\n\n<figure class=\"wp-block-image size-full has-custom-border\"><a href=\"https:\/\/sledrider3d.com\/cs\/stickman\/stickman-hook\/\" target=\"_blank\" rel=\"noreferrer noopener\"><img decoding=\"async\" src=\"https:\/\/escaperoad.fun\/wp-content\/uploads\/2024\/10\/WX20241026-210554@2x-1.png\" alt=\"\" class=\"wp-image-142\" style=\"border-radius:10px\"\/><\/a><\/figure>\n\n\n\n<figure class=\"wp-block-image size-full has-custom-border\"><a href=\"https:\/\/sledrider3d.com\/cs\/motocycle\/moto-x3m\/\" target=\"_blank\" rel=\"noreferrer noopener\"><img decoding=\"async\" src=\"https:\/\/escaperoad.fun\/wp-content\/uploads\/2024\/10\/maxresdefault-1.jpg\" alt=\"\" class=\"wp-image-143\" style=\"border-radius:10px\"\/><\/a><\/figure>\n\n\n\n<figure class=\"wp-block-image size-full\"><a href=\"https:\/\/sledrider3d.com\/cs\/clicker\/cookie-clicker\/\" target=\"_blank\" rel=\"noreferrer noopener\"><img decoding=\"async\" src=\"https:\/\/escaperoad.fun\/wp-content\/uploads\/2024\/10\/icon.png\" alt=\"\" class=\"wp-image-150\"\/><\/a><\/figure>\n\n\n\n<figure class=\"wp-block-image size-thumbnail has-custom-border\"><a href=\"https:\/\/sledrider3d.com\/cs\/clicker\/chill-guy-clicker\/\" target=\"_blank\" rel=\"noreferrer noopener\"><img loading=\"lazy\" decoding=\"async\" width=\"150\" height=\"150\" src=\"https:\/\/sledrider3d.com\/wp-content\/uploads\/2024\/10\/WX20241220-102702@2x-150x150.webp\" alt=\"\" class=\"wp-image-170\" style=\"border-radius:10px\" srcset=\"https:\/\/sledrider3d.com\/wp-content\/uploads\/2024\/10\/WX20241220-102702@2x-150x150.webp 150w, https:\/\/sledrider3d.com\/wp-content\/uploads\/2024\/10\/WX20241220-102702@2x-300x300.webp 300w, https:\/\/sledrider3d.com\/wp-content\/uploads\/2024\/10\/WX20241220-102702@2x-12x12.webp 12w, https:\/\/sledrider3d.com\/wp-content\/uploads\/2024\/10\/WX20241220-102702@2x.webp 500w\" sizes=\"auto, (max-width: 150px) 100vw, 150px\" \/><\/a><\/figure>\n<\/div>\n\n\n\n<div style=\"height:40px\" aria-hidden=\"true\" class=\"wp-block-spacer\"><\/div>\n\n\n\n<h2 class=\"wp-block-heading\" id=\"introduction-to-sled-rider-3-d-game\">\u00davod do hry Sled Rider 3D<\/h2>\n\n\n\n<div class=\"wp-block-rank-math-toc-block\" id=\"rank-math-toc\"><h3>Obsah<\/h3><nav><ul><li><a href=\"#what-is-sled-rider-3-d\">Co je Sled Rider 3D?<\/a><\/li><li><a href=\"#how-to-play-sled-rider-3-d\">Jak hr\u00e1t Sled Rider 3D<\/a><\/li><li><a href=\"#game-overview\">P\u0159ehled her<\/a><\/li><li><a href=\"#key-features-of-sled-rider-3-d\">Kl\u00ed\u010dov\u00e9 vlastnosti hry Sled Rider 3D<\/a><\/li><li><a href=\"#why-play-the-unblocked-version\">Pro\u010d hr\u00e1t odblokovanou verzi?<\/a><\/li><\/ul><\/nav><\/div>\n\n\n\n<h3 class=\"wp-block-heading\" id=\"what-is-sled-rider-3-d\">Co je Sled Rider 3D?<\/h3>\n\n\n\n<figure class=\"wp-block-image size-full\"><img loading=\"lazy\" decoding=\"async\" width=\"512\" height=\"340\" src=\"https:\/\/sledrider3d.com\/wp-content\/uploads\/2024\/10\/logo-1.png\" alt=\"Sled Rider 3D - Unblocked Christmas Game with 3D Snow Rider\" class=\"wp-image-43\" srcset=\"https:\/\/sledrider3d.com\/wp-content\/uploads\/2024\/10\/logo-1.png 512w, https:\/\/sledrider3d.com\/wp-content\/uploads\/2024\/10\/logo-1-300x199.png 300w\" sizes=\"auto, (max-width: 512px) 100vw, 512px\" \/><\/figure>\n\n\n\n<p>Sled Rider 3D je poutav\u00e1 online hra se zimn\u00ed t\u00e9matikou, ve kter\u00e9 hr\u00e1\u010di ovl\u00e1daj\u00ed s\u00e1n\u011b a sj\u00ed\u017ed\u011bj\u00ed s nimi zasn\u011b\u017een\u00e9 svahy pln\u00e9 p\u0159ek\u00e1\u017eek, jako jsou sk\u00e1ly, stromy a \u00fatesy. Hra se zam\u011b\u0159uje na obratn\u00e9 \u0159\u00edzen\u00ed san\u00ed, abyste se vyhnuli nebezpe\u010d\u00ed, sb\u00edrali d\u00e1rky a z\u00edsk\u00e1vali body, p\u0159i\u010dem\u017e kone\u010dn\u00fdm c\u00edlem je odemknout nov\u00e9 san\u011b a dos\u00e1hnout vysok\u00e9ho sk\u00f3re. Hra je navr\u017eena tak, aby poskytovala pohlcuj\u00edc\u00ed a slavnostn\u00ed z\u00e1\u017eitek, a obsahuje dokonce i sez\u00f3nn\u00ed prvky, jako jsou Santovy s\u00e1n\u011b, co\u017e z n\u00ed \u010din\u00ed obl\u00edbenou hru s v\u00e1no\u010dn\u00ed tematikou.<\/p>\n\n\n\n<h3 class=\"wp-block-heading\" id=\"how-to-play-sled-rider-3-d\">Jak hr\u00e1t Sled Rider 3D<\/h3>\n\n\n\n<p>Chcete-li hr\u00e1t hru Sled Rider 3D, postupujte podle n\u00e1sleduj\u00edc\u00edch pokyn\u016f:<\/p>\n\n\n\n<ol class=\"wp-block-list\">\n<li><strong>Zah\u00e1jen\u00ed hry<\/strong>: Klikn\u011bte na <em>Klepnut\u00edm na tla\u010d\u00edtko Spustit<\/em> a pak <em>Klepnut\u00edm na polo\u017eku Slide<\/em> a zah\u00e1jit b\u011bh.<\/li>\n\n\n\n<li><strong>Ovl\u00e1dac\u00ed prvky<\/strong>: K pohybu pou\u017e\u00edvejte \u0161ipky nebo kl\u00e1vesu WASD.\n<ul class=\"wp-block-list\">\n<li><strong>\u0160ipka nahoru<\/strong>: Skok<\/li>\n\n\n\n<li><strong>\u0160ipka doleva\/doprava<\/strong>: \u0158\u00edzen\u00ed vlevo nebo vpravo<\/li>\n<\/ul>\n<\/li>\n\n\n\n<li><strong>C\u00edl hry<\/strong>: Proj\u00ed\u017ed\u011bjte zasn\u011b\u017een\u00fdmi svahy a vyh\u00fdbejte se p\u0159ek\u00e1\u017ek\u00e1m, jako jsou stromy a sn\u011bhul\u00e1ci. Cestou sb\u00edrejte v\u00e1no\u010dn\u00ed d\u00e1rky a zvy\u0161te tak sv\u00e9 sk\u00f3re.<\/li>\n\n\n\n<li><strong>Tipy pro bodov\u00e1n\u00ed<\/strong>: Prov\u00e1d\u011bjte triky a vyh\u00fdbejte se hav\u00e1ri\u00edm, abyste prodlou\u017eili sv\u016fj b\u011bh a z\u00edskali bonusov\u00e9 body.<\/li>\n<\/ol>\n\n\n\n<figure class=\"wp-block-image size-full\"><img loading=\"lazy\" decoding=\"async\" width=\"800\" height=\"500\" src=\"https:\/\/sledrider3d.com\/wp-content\/uploads\/2024\/10\/2_instructions-1.jpg\" alt=\"\" class=\"wp-image-118\" srcset=\"https:\/\/sledrider3d.com\/wp-content\/uploads\/2024\/10\/2_instructions-1.jpg 800w, https:\/\/sledrider3d.com\/wp-content\/uploads\/2024\/10\/2_instructions-1-300x188.jpg 300w, https:\/\/sledrider3d.com\/wp-content\/uploads\/2024\/10\/2_instructions-1-768x480.jpg 768w, https:\/\/sledrider3d.com\/wp-content\/uploads\/2024\/10\/2_instructions-1-18x12.jpg 18w\" sizes=\"auto, (max-width: 800px) 100vw, 800px\" \/><\/figure>\n\n\n\n<p>Hra Sled Rider 3D je zn\u00e1m\u00e1 svou jednoduchost\u00ed, tak\u017ee je velmi p\u0159\u00edstupn\u00e1 jak pro p\u0159\u00edle\u017eitostn\u00e9 hr\u00e1\u010de, tak pro ty, kte\u0159\u00ed cht\u011bj\u00ed sout\u011b\u017eit o vysok\u00e9 sk\u00f3re. Odblokovan\u00e1 verze zaji\u0161\u0165uje bezprobl\u00e9mov\u00fd p\u0159\u00edstup bez omezen\u00ed, tak\u017ee je obl\u00edben\u00e1 ve \u0161kol\u00e1ch a na pracovi\u0161t\u00edch, kde mohou b\u00fdt jin\u00e9 hry blokov\u00e1ny. Optim\u00e1ln\u00ed z\u00e1\u017eitek p\u0159in\u00e1\u0161\u00ed hran\u00ed p\u0159\u00edmo v prohl\u00ed\u017ee\u010di bez nutnosti stahov\u00e1n\u00ed, co\u017e u\u017eivatel\u016fm umo\u017e\u0148uje vrhnout se rovnou do akce.<\/p>\n\n\n\n<h3 class=\"wp-block-heading\" id=\"game-overview\">P\u0159ehled her<\/h3>\n\n\n\n<figure class=\"wp-block-table\"><table class=\"has-fixed-layout\"><thead><tr><th><strong>Aspekt<\/strong><\/th><th><strong>Podrobnosti na<\/strong><\/th><\/tr><\/thead><tbody><tr><td><strong>Hra<\/strong><\/td><td>Sj\u00ed\u017ed\u011bjte na san\u00edch zasn\u011b\u017een\u00e9 hory, vyh\u00fdbejte se p\u0159ek\u00e1\u017ek\u00e1m, sb\u00edrejte d\u00e1rky<\/td><\/tr><tr><td><strong>Mo\u017enosti ovl\u00e1d\u00e1n\u00ed<\/strong><\/td><td>\u0160ipkami nebo my\u0161\u00ed \u0159\u00edd\u00edte, mezern\u00edkem sk\u00e1\u010dete.<\/td><\/tr><tr><td><strong>Hern\u00ed re\u017eimy<\/strong><\/td><td>Standardn\u00ed b\u011bhy, \u010dasov\u00e9 v\u00fdzvy, sb\u00edr\u00e1n\u00ed minc\u00ed<\/td><\/tr><tr><td><strong>P\u0159izp\u016fsoben\u00ed<\/strong><\/td><td>Odemkn\u011bte nov\u00e9 s\u00e1n\u011b a k\u016f\u017ee pomoc\u00ed z\u00edskan\u00fdch d\u00e1rk\u016f.<\/td><\/tr><tr><td><strong>Platformy<\/strong><\/td><td>P\u0159ehr\u00e1v\u00e1n\u00ed v prohl\u00ed\u017ee\u010d\u00edch a mobiln\u00edch za\u0159\u00edzen\u00edch<\/td><\/tr><tr><td><strong>P\u0159\u00edstupnost<\/strong><\/td><td>Odblokovan\u00e9 verze dostupn\u00e9 na konkr\u00e9tn\u00edch platform\u00e1ch<\/td><\/tr><\/tbody><\/table><\/figure>\n\n\n\n<h3 class=\"wp-block-heading\" id=\"key-features-of-sled-rider-3-d\">Kl\u00ed\u010dov\u00e9 vlastnosti hry Sled Rider 3D<\/h3>\n\n\n\n<ul class=\"wp-block-list\">\n<li><strong>Adrenalinov\u00e1 hratelnost<\/strong>: U\u017e\u00edvejte si rychl\u00e9 sjezdy, p\u0159i kter\u00fdch p\u0159esn\u011b \u0159\u00edd\u00edte sv\u00e9 san\u011b a vyh\u00fdb\u00e1te se nebezpe\u010d\u00ed.<\/li>\n\n\n\n<li><strong>P\u0159izp\u016fsoben\u00ed a postup<\/strong>: Sb\u00edr\u00e1n\u00edm d\u00e1rk\u016f na cest\u011b odemkn\u011bte r\u016fzn\u00e9 s\u00e1n\u011b a k\u016f\u017ee.<\/li>\n\n\n\n<li><strong>Sez\u00f3nn\u00ed atmosf\u00e9ra<\/strong>: D\u00edky zasn\u011b\u017een\u00fdm hor\u00e1m a slavnostn\u00edm prvk\u016fm je to ide\u00e1ln\u00ed hra na sv\u00e1tky.<\/li>\n\n\n\n<li><strong>P\u0159\u00edstup online<\/strong>: Sled Rider 3D m\u016f\u017eete hr\u00e1t, ani\u017e byste museli cokoli stahovat. Je k dispozici zdarma na platform\u00e1ch jako <a href=\"https:\/\/sledrider3d.com\/cs\/\">SledRider3D<\/a>.<\/li>\n\n\n\n<li><strong>Odblokovan\u00fd p\u0159\u00edstup<\/strong>: Hra nab\u00edz\u00ed v n\u011bkter\u00fdch verz\u00edch neomezen\u00fd p\u0159\u00edstup, tak\u017ee ji lze snadno hr\u00e1t i ve \u0161kole nebo na pracovi\u0161ti.<\/li>\n<\/ul>\n\n\n\n<h3 class=\"wp-block-heading\" id=\"why-play-the-unblocked-version\">Pro\u010d hr\u00e1t odblokovanou verzi?<\/h3>\n\n\n\n<p>Odblokovan\u00e1 verze hry Sled Rider 3D zaji\u0161\u0165uje, \u017ee si hr\u00e1\u010di mohou hru u\u017e\u00edt bez ohledu na s\u00ed\u0165ov\u00e1 omezen\u00ed. Je tak ide\u00e1ln\u00ed pro rychlou z\u00e1bavu b\u011bhem p\u0159est\u00e1vek ve \u0161kole nebo v pr\u00e1ci. Platformy jako nap\u0159. <a href=\"https:\/\/sledrider3d.com\/cs\/\">SledRider3D<\/a> nab\u00edz\u00ed bezprobl\u00e9mov\u00fd a bezpe\u010dn\u00fd zp\u016fsob, jak si hru vyzkou\u0161et bez nutnosti stahov\u00e1n\u00ed nebo speci\u00e1ln\u00edch konfigurac\u00ed.<\/p>\n\n\n\n<figure class=\"wp-block-embed is-type-video is-provider-youtube wp-block-embed-youtube wp-embed-aspect-16-9 wp-has-aspect-ratio\"><div class=\"wp-block-embed__wrapper\">\n<iframe loading=\"lazy\" title=\"NOV\u00dd SV\u011aTOV\u00dd REKORD (\ud83d\udc51241\ud83d\udc51) VE SNOW RIDER 3D \/\/ MUST WATCH!\" width=\"500\" height=\"281\" src=\"https:\/\/www.youtube.com\/embed\/iTBRRAlLKP0?feature=oembed\" frameborder=\"0\" allow=\"accelerometer; autoplay; clipboard-write; encrypted-media; gyroscope; picture-in-picture; web-share\" referrerpolicy=\"strict-origin-when-cross-origin\" allowfullscreen><\/iframe>\n<\/div><\/figure>\n\n\n\n<h2 class=\"wp-block-heading\" id=\"fa-qs-about-the-sled-rider-3-d-game\">\u010casto kladen\u00e9 ot\u00e1zky o h\u0159e Sled Rider 3D<\/h2>\n\n\n\n<h3 class=\"wp-block-heading\" id=\"1-what-makes-sled-rider-3-d-a-christmas-themed-game\">1. <strong>Co d\u011bl\u00e1 ze hry Sled Rider 3D hru s v\u00e1no\u010dn\u00ed t\u00e9matikou?<\/strong><\/h3>\n\n\n\n<p>Slavnostn\u00ed prvky hry, jako je zasn\u011b\u017een\u00e1 krajina a odemyk\u00e1n\u00ed s motivem Santy, navozuj\u00ed sv\u00e1te\u010dn\u00ed atmosf\u00e9ru. To z n\u00ed d\u011bl\u00e1 p\u0159\u00edjemnou volbu pro hr\u00e1\u010de, kte\u0159\u00ed hledaj\u00ed v\u00e1no\u010dn\u00ed hry.<\/p>\n\n\n\n<h3 class=\"wp-block-heading\" id=\"2-how-is-sled-rider-3-d-different-from-similar-games\">2. <strong>V \u010dem se Sled Rider 3D li\u0161\u00ed od podobn\u00fdch her?<\/strong><\/h3>\n\n\n\n<p>Na rozd\u00edl od jin\u00fdch s\u00e1\u0148ka\u0159sk\u00fdch her se Sled Rider 3D zam\u011b\u0159uje na progresivn\u00ed hratelnost s odemykateln\u00fdm obsahem, dynamick\u00fdmi \u00farovn\u011bmi a \u017eeb\u0159\u00ed\u010dky v re\u00e1ln\u00e9m \u010dase pro sout\u011b\u017eiv\u00e9 hr\u00e1\u010de.<\/p>\n\n\n\n<h3 class=\"wp-block-heading\" id=\"3-can-i-play-sled-rider-3-d-for-free\">3. <strong>Mohu hr\u00e1t Sled Rider 3D zdarma?<\/strong><\/h3>\n\n\n\n<p>Ano, hra je zcela zdarma a m\u016f\u017eete ji hr\u00e1t online. Neexistuj\u00ed \u017e\u00e1dn\u00e9 n\u00e1kupy ve h\u0159e, tak\u017ee je hra dostupn\u00e1 pro ka\u017ed\u00e9ho.<\/p>\n\n\n\n<h3 class=\"wp-block-heading\" id=\"4-what-are-the-benefits-of-playing-the-game-unblocked\">4. <strong>Jak\u00e9 jsou v\u00fdhody odblokovan\u00e9 hry?<\/strong><\/h3>\n\n\n\n<p>Odblokovan\u00e1 verze obch\u00e1z\u00ed s\u00ed\u0165ov\u00e1 omezen\u00ed a umo\u017e\u0148uje hr\u00e1\u010d\u016fm hr\u00e1t hru odkudkoli, v\u010detn\u011b \u0161kol a pracovi\u0161\u0165. Tato verze si tak\u00e9 zachov\u00e1v\u00e1 v\u0161echny z\u00e1kladn\u00ed funkce bez sn\u00ed\u017een\u00ed kvality.<\/p>\n\n\n\n<h3 class=\"wp-block-heading\" id=\"5-what-is-the-best-sled-in-snow-rider-3-d\">5. <strong>Jak\u00e9 jsou nejlep\u0161\u00ed s\u00e1n\u011b ve h\u0159e Snow Rider 3D?<\/strong><\/h3>\n\n\n\n<p>Santovy s\u00e1n\u011b jsou pova\u017eov\u00e1ny za jedny z nejobl\u00edben\u011bj\u0161\u00edch san\u00ed ve h\u0159e. Jej\u00ed odem\u010den\u00ed vy\u017eaduje, abyste v pr\u016fb\u011bhu hry nasb\u00edrali \u0159adu d\u00e1rk\u016f.<\/p>\n\n\n\n<h3 class=\"wp-block-heading\" id=\"6-what-is-the-highest-score-on-snow-rider-3-d\">6. <strong>Jak\u00e9 je nejvy\u0161\u0161\u00ed sk\u00f3re ve h\u0159e Snow Rider 3D?<\/strong><\/h3>\n\n\n\n<p>Konkr\u00e9tn\u00ed vysok\u00e9 sk\u00f3re nen\u00ed ve\u0159ejn\u011b zaznamen\u00e1no, ale hr\u00e1\u010di \u010dasto sout\u011b\u017e\u00ed o vy\u0161\u0161\u00ed um\u00edst\u011bn\u00ed v \u017eeb\u0159\u00ed\u010dku t\u00edm, \u017ee se vyh\u00fdbaj\u00ed p\u0159ek\u00e1\u017ek\u00e1m a sb\u00edraj\u00ed d\u00e1rky.<\/p>\n\n\n\n<h3 class=\"wp-block-heading\" id=\"7-what-is-the-world-record-for-snow-rider-3-d\">7. <strong>Jak\u00fd je sv\u011btov\u00fd rekord ve h\u0159e Snow Rider 3D?<\/strong><\/h3>\n\n\n\n<p>V sou\u010dasn\u00e9 dob\u011b neexistuje \u017e\u00e1dn\u00fd ov\u011b\u0159en\u00fd sv\u011btov\u00fd rekord. Hr\u00e1\u010de vyz\u00fdv\u00e1me, aby se sna\u017eili o dosa\u017een\u00ed osobn\u00edch rekord\u016f a sd\u00edleli je v r\u00e1mci hern\u00edch komunit.<\/p>\n\n\n\n<h3 class=\"wp-block-heading\" id=\"8-when-was-snow-rider-3-d-made\">8. <strong>Kdy byl film Snow Rider 3D nato\u010den?<\/strong><\/h3>\n\n\n\n<p>Hra byla vyd\u00e1na 13. \u0159\u00edjna 2023 a nab\u00edz\u00ed sez\u00f3nn\u00ed zimn\u00ed dobrodru\u017estv\u00ed pr\u00e1v\u011b na sv\u00e1tky.<\/p>\n\n\n\n<h3 class=\"wp-block-heading\" id=\"9-how-much-is-the-santa-sleigh-in-snow-rider-3-d\">9. <strong>Kolik stoj\u00ed s\u00e1n\u011b Santa Clause ve h\u0159e Snow Rider 3D?<\/strong><\/h3>\n\n\n\n<p>Aby si hr\u00e1\u010di odemkli Santovy s\u00e1n\u011b, mus\u00ed b\u011bhem sv\u00e9ho b\u011bhu nasb\u00edrat dostatek d\u00e1rk\u016f, proto\u017ee se jedn\u00e1 o odemknut\u00ed na z\u00e1klad\u011b odm\u011bny, nikoli o mo\u017enost n\u00e1kupu.<\/p>\n\n\n\n<p>Ref: <a href=\"https:\/\/megaman.fandom.com\/wiki\/Snow_Rider\" data-type=\"link\" data-id=\"https:\/\/megaman.fandom.com\/wiki\/Snow_Rider\" target=\"_blank\" rel=\"noreferrer noopener\">FANDOM<\/a>, <a href=\"https:\/\/en.wikipedia.org\/wiki\/Snowrider\" data-type=\"link\" data-id=\"https:\/\/en.wikipedia.org\/wiki\/Snowrider\" target=\"_blank\" rel=\"noreferrer noopener\">Wikipedia<\/a><\/p>\n\n\n\n<p><\/p>","protected":false},"excerpt":{"rendered":"<p>Sled Rider 3D hra \ud83d\udd79 Hrajte zdarma online odblokovan\u00e9 hry na celou obrazovku \u00davod do hry Sled Rider 3D Co je Sled Rider 3D? Sled Rider 3D je poutav\u00e1 online hra se zimn\u00ed t\u00e9matikou, ve kter\u00e9 hr\u00e1\u010di ovl\u00e1daj\u00ed s\u00e1n\u011b, kter\u00e9 sj\u00ed\u017ed\u011bj\u00ed zasn\u011b\u017een\u00e9 svahy pln\u00e9 p\u0159ek\u00e1\u017eek, jako jsou sk\u00e1ly, stromy a \u00fatesy. Hra se zam\u011b\u0159uje na [...]<\/p>","protected":false},"author":1,"featured_media":43,"parent":0,"menu_order":0,"comment_status":"open","ping_status":"closed","template":"","meta":{"footnotes":""},"class_list":["post-37","page","type-page","status-publish","has-post-thumbnail","hentry"],"_links":{"self":[{"href":"https:\/\/sledrider3d.com\/cs\/wp-json\/wp\/v2\/pages\/37","targetHints":{"allow":["GET"]}}],"collection":[{"href":"https:\/\/sledrider3d.com\/cs\/wp-json\/wp\/v2\/pages"}],"about":[{"href":"https:\/\/sledrider3d.com\/cs\/wp-json\/wp\/v2\/types\/page"}],"author":[{"embeddable":true,"href":"https:\/\/sledrider3d.com\/cs\/wp-json\/wp\/v2\/users\/1"}],"replies":[{"embeddable":true,"href":"https:\/\/sledrider3d.com\/cs\/wp-json\/wp\/v2\/comments?post=37"}],"version-history":[{"count":11,"href":"https:\/\/sledrider3d.com\/cs\/wp-json\/wp\/v2\/pages\/37\/revisions"}],"predecessor-version":[{"id":132,"href":"https:\/\/sledrider3d.com\/cs\/wp-json\/wp\/v2\/pages\/37\/revisions\/132"}],"wp:featuredmedia":[{"embeddable":true,"href":"https:\/\/sledrider3d.com\/cs\/wp-json\/wp\/v2\/media\/43"}],"wp:attachment":[{"href":"https:\/\/sledrider3d.com\/cs\/wp-json\/wp\/v2\/media?parent=37"}],"curies":[{"name":"wp","href":"https:\/\/api.w.org\/{rel}","templated":true}]}}