{"id":112,"date":"2024-10-27T10:20:39","date_gmt":"2024-10-27T10:20:39","guid":{"rendered":"https:\/\/sledrider3d.com\/?page_id=112"},"modified":"2024-10-27T10:55:27","modified_gmt":"2024-10-27T10:55:27","slug":"snow-rider-3d","status":"publish","type":"page","link":"https:\/\/sledrider3d.com\/cs\/snow-rider-3d\/","title":{"rendered":"Sn\u011b\u017en\u00fd jezdec 3D"},"content":{"rendered":"<h2 class=\"wp-block-heading has-text-align-center\" id=\"play-escape-road-halloween\ufffc-game-online-\ud83d\udd79-free-driving-games\" style=\"font-size:clamp(0.929rem, 0.929rem + ((1vw - 0.2rem) * 0.785), 1.4rem);\"><strong>Hr\u00e1t Snow Rider 3D hry online \ud83d\udd79 Free Unblocked Snowy Games<\/strong><\/h2>\n\n\n\n<div class=\"wp-block-group has-global-padding is-layout-constrained wp-container-core-group-is-layout-704e782a wp-block-group-is-layout-constrained\">\n<div class=\"iframe-container\">\n    <iframe loading=\"lazy\" id=\"myIframe\" src=\"https:\/\/snow-rider3d-cic.pages.dev\" width=\"100%\" height=\"630px\"><\/iframe>\n<\/div>\n<div class=\"control-bar\">\n    <button id=\"fullscreenBtn\" onclick=\"toggleFullScreen()\">\n        <svg class=\"fullscreen-icon\" viewbox=\"0 0 24 24\" width=\"16\" height=\"16\">\n            <path d=\"M7 14H5v5h5v-2H7v-3zm-2-4h2V7h3V5H5v5zm12 7h-3v2h5v-5h-2v3zM14 5v2h3v3h2V5h-5z\"\/>\n        <\/svg>\n        <span>P\u0159es celou obrazovku<\/span>\n    <\/button>\n<\/div>\n\n<style>\n.iframe-container {\n    width: 100%;\n    margin: 0 auto;\n    border-radius: 8px;\n    overflow: hidden;\n}\n\n.control-bar {\n    display: flex;\n    justify-content: flex-end;\n    padding: 1px 0;  \/* \u4e0a\u4e0b\u589e\u52a0\u95f4\u8ddd *\/\n}\n\n#fullscreenBtn {\n    display: flex;\n    align-items: center;\n    gap: 1px;\n    padding: 8px 12px;\n    background-color: #2d2d2d;\n    border: none;\n    border-radius: 4px;\n    color: white;\n    cursor: pointer;\n    transition: background-color 0.2s;\n}\n\n#fullscreenBtn:hover {\n    background-color: #404040;\n}\n\n.fullscreen-icon {\n    fill: currentColor;\n}\n<\/style>\n<\/div>\n\n\n\n<div style=\"height:2px\" aria-hidden=\"true\" class=\"wp-block-spacer\"><\/div>\n\n\n\n<div class=\"wp-block-group is-layout-grid wp-container-core-group-is-layout-722e4d33 wp-block-group-is-layout-grid\">\n<figure class=\"wp-block-image size-full has-custom-border\"><a href=\"https:\/\/sledrider3d.com\/cs\/snow-road\/\" target=\"_blank\" rel=\"noreferrer noopener\"><img decoding=\"async\" src=\"https:\/\/escaperoad.fun\/wp-content\/uploads\/2024\/10\/background-1.png\" alt=\"\" class=\"wp-image-128\" style=\"border-radius:10px\"\/><\/a><\/figure>\n\n\n\n<figure class=\"wp-block-image size-full has-custom-border\"><a href=\"https:\/\/sledrider3d.com\/cs\/snow-rider-3d\/\" target=\"_blank\" rel=\"noreferrer noopener\"><img decoding=\"async\" src=\"https:\/\/escaperoad.fun\/wp-content\/uploads\/2024\/10\/WX20241023-192336@2x-1-1.png\" alt=\"\" class=\"wp-image-139\" style=\"border-radius:10px\"\/><\/a><\/figure>\n\n\n\n<figure class=\"wp-block-image size-full has-custom-border\"><a href=\"https:\/\/sledrider3d.com\/cs\/\" target=\"_blank\" rel=\"noreferrer noopener\"><img decoding=\"async\" src=\"https:\/\/escaperoad.fun\/wp-content\/uploads\/2024\/10\/logo-2-1.png\" alt=\"\" class=\"wp-image-138\" style=\"border-radius:10px\"\/><\/a><\/figure>\n\n\n\n<figure class=\"wp-block-image size-full has-custom-border is-style-default wp-container-content-0d18e1c1\"><a href=\"https:\/\/sledrider3d.com\/cs\/escape-road\/escape-road-game\/\" target=\"_blank\" rel=\"noreferrer noopener\"><img decoding=\"async\" src=\"https:\/\/escaperoad.fun\/wp-content\/uploads\/2024\/10\/Escape-Road-cl-1-1.png\" alt=\"\" class=\"wp-image-98\" style=\"border-radius:10px\"\/><\/a><\/figure>\n\n\n\n<figure class=\"wp-block-image size-full has-custom-border\"><a href=\"https:\/\/sledrider3d.com\/cs\/car\/escape-road-halloween\/\" target=\"_blank\" rel=\"noreferrer noopener\"><img decoding=\"async\" src=\"https:\/\/escaperoad.fun\/wp-content\/uploads\/2024\/10\/WX20241026-160813@2x-2.png\" alt=\"\" class=\"wp-image-100\" style=\"border-radius:10px\"\/><\/a><\/figure>\n\n\n\n<figure class=\"wp-block-image size-full has-custom-border\"><a href=\"https:\/\/sledrider3d.com\/cs\/car\/escape-road-city\/\" target=\"_blank\" rel=\"noreferrer noopener\"><img decoding=\"async\" src=\"https:\/\/escaperoad.fun\/wp-content\/uploads\/2024\/10\/WX20241026-175349@2x-1-1.png\" alt=\"\" class=\"wp-image-130\" style=\"border-radius:10px\"\/><\/a><\/figure>\n\n\n\n<figure class=\"wp-block-image size-thumbnail has-custom-border\"><a href=\"https:\/\/sledrider3d.com\/cs\/car\/escape-road-city-2\/\" target=\"_blank\" rel=\" noreferrer noopener\"><img loading=\"lazy\" decoding=\"async\" width=\"150\" height=\"150\" src=\"https:\/\/sledrider3d.com\/wp-content\/uploads\/2024\/10\/WX20250130-163958@2x-150x150.webp\" alt=\"\" class=\"wp-image-184\" style=\"border-radius:10px\" srcset=\"https:\/\/sledrider3d.com\/wp-content\/uploads\/2024\/10\/WX20250130-163958@2x-150x150.webp 150w, https:\/\/sledrider3d.com\/wp-content\/uploads\/2024\/10\/WX20250130-163958@2x-300x300.webp 300w, https:\/\/sledrider3d.com\/wp-content\/uploads\/2024\/10\/WX20250130-163958@2x-12x12.webp 12w, https:\/\/sledrider3d.com\/wp-content\/uploads\/2024\/10\/WX20250130-163958@2x.webp 500w\" sizes=\"auto, (max-width: 150px) 100vw, 150px\" \/><\/a><\/figure>\n\n\n\n<figure class=\"wp-block-image size-full has-custom-border\"><a href=\"https:\/\/sledrider3d.com\/cs\/car\/smashy-road\/\" target=\"_blank\" rel=\"noreferrer noopener\"><img decoding=\"async\" src=\"https:\/\/escaperoad.fun\/wp-content\/uploads\/2024\/10\/download-8-1.png\" alt=\"\" class=\"wp-image-99\" style=\"border-radius:10px\"\/><\/a><\/figure>\n\n\n\n<figure class=\"wp-block-image size-full has-custom-border\"><a href=\"https:\/\/sledrider3d.com\/cs\/sprunki\/incredibox-sprunki\/\" target=\"_blank\" rel=\"noreferrer noopener\"><img decoding=\"async\" src=\"https:\/\/escaperoad.fun\/wp-content\/uploads\/2024\/10\/incredibox-sprunki-1.jpg\" alt=\"\" class=\"wp-image-140\" style=\"border-radius:10px\"\/><\/a><\/figure>\n\n\n\n<figure class=\"wp-block-image size-thumbnail has-custom-border\"><a href=\"https:\/\/sledrider3d.com\/cs\/road\/crossy-road\/\" target=\"_blank\" rel=\"noreferrer noopener\"><img loading=\"lazy\" decoding=\"async\" width=\"150\" height=\"150\" src=\"https:\/\/sledrider3d.com\/wp-content\/uploads\/2024\/10\/crossy-road-sr1-f180x180-150x150.webp\" alt=\"\" class=\"wp-image-177\" style=\"border-radius:10px\" srcset=\"https:\/\/sledrider3d.com\/wp-content\/uploads\/2024\/10\/crossy-road-sr1-f180x180-150x150.webp 150w, https:\/\/sledrider3d.com\/wp-content\/uploads\/2024\/10\/crossy-road-sr1-f180x180-12x12.webp 12w, https:\/\/sledrider3d.com\/wp-content\/uploads\/2024\/10\/crossy-road-sr1-f180x180.webp 200w\" sizes=\"auto, (max-width: 150px) 100vw, 150px\" \/><\/a><\/figure>\n\n\n\n<figure class=\"wp-block-image size-full has-custom-border\"><a href=\"https:\/\/sledrider3d.com\/cs\/stickman\/stickman-hook\/\" target=\"_blank\" rel=\"noreferrer noopener\"><img decoding=\"async\" src=\"https:\/\/escaperoad.fun\/wp-content\/uploads\/2024\/10\/WX20241026-210554@2x-1.png\" alt=\"\" class=\"wp-image-142\" style=\"border-radius:10px\"\/><\/a><\/figure>\n\n\n\n<figure class=\"wp-block-image size-full has-custom-border\"><a href=\"https:\/\/sledrider3d.com\/cs\/motocycle\/moto-x3m\/\" target=\"_blank\" rel=\"noreferrer noopener\"><img decoding=\"async\" src=\"https:\/\/escaperoad.fun\/wp-content\/uploads\/2024\/10\/maxresdefault-1.jpg\" alt=\"\" class=\"wp-image-143\" style=\"border-radius:10px\"\/><\/a><\/figure>\n\n\n\n<figure class=\"wp-block-image size-full\"><a href=\"https:\/\/sledrider3d.com\/cs\/clicker\/cookie-clicker\/\" target=\"_blank\" rel=\"noreferrer noopener\"><img decoding=\"async\" src=\"https:\/\/escaperoad.fun\/wp-content\/uploads\/2024\/10\/icon.png\" alt=\"\" class=\"wp-image-150\"\/><\/a><\/figure>\n\n\n\n<figure class=\"wp-block-image size-thumbnail has-custom-border\"><a href=\"https:\/\/sledrider3d.com\/cs\/clicker\/chill-guy-clicker\/\" target=\"_blank\" rel=\"noreferrer noopener\"><img loading=\"lazy\" decoding=\"async\" width=\"150\" height=\"150\" src=\"https:\/\/sledrider3d.com\/wp-content\/uploads\/2024\/10\/WX20241220-102702@2x-150x150.webp\" alt=\"\" class=\"wp-image-170\" style=\"border-radius:10px\" srcset=\"https:\/\/sledrider3d.com\/wp-content\/uploads\/2024\/10\/WX20241220-102702@2x-150x150.webp 150w, https:\/\/sledrider3d.com\/wp-content\/uploads\/2024\/10\/WX20241220-102702@2x-300x300.webp 300w, https:\/\/sledrider3d.com\/wp-content\/uploads\/2024\/10\/WX20241220-102702@2x-12x12.webp 12w, https:\/\/sledrider3d.com\/wp-content\/uploads\/2024\/10\/WX20241220-102702@2x.webp 500w\" sizes=\"auto, (max-width: 150px) 100vw, 150px\" \/><\/a><\/figure>\n<\/div>\n\n\n\n<div style=\"height:30px\" aria-hidden=\"true\" class=\"wp-block-spacer\"><\/div>\n\n\n\n<h2 class=\"wp-block-heading\" id=\"snow-rider-3-d-game-free-to-play-unblocked-games\">Snow Rider 3D Game: zdarma hr\u00e1t odblokovan\u00e9 hry<\/h2>\n\n\n\n<p>Snow Rider 3D je n\u00e1vykov\u00e1 \u00fanikov\u00e1 hra zdarma, kter\u00e1 nab\u00edz\u00ed nekone\u010dnou z\u00e1bavu. A\u0165 u\u017e chcete zab\u00edt \u010das b\u011bhem p\u0159est\u00e1vky, nebo se pustit do v\u00e1\u017en\u00fdch v\u00fdzev, tato hra m\u00e1 pro ka\u017ed\u00e9ho n\u011bco. Nezapome\u0148te vyzkou\u0161et odblokovan\u00e9 verze pro bezprobl\u00e9mov\u00fd p\u0159\u00edstup, zejm\u00e9na na platform\u00e1ch, jako je nap\u0159. <strong>sledrider3d.com<\/strong> a dal\u0161\u00ed obl\u00edben\u00e9 hern\u00ed str\u00e1nky\u30109\u3011\u301010\u3011.<\/p>\n\n\n\n<div class=\"wp-block-rank-math-toc-block\" id=\"rank-math-toc\"><h3>Obsah<\/h3><nav><ul><li><a href=\"#what-is-snow-rider-3-d\">Co je Snow Rider 3D?<\/a><ul><li><a href=\"#game-background\">Pozad\u00ed hry Snow Rider 3D Game<\/a><\/li><\/ul><\/li><li><a href=\"#why-snow-rider-3-d-is-trending\">Pro\u010d je Snow Rider 3D trendy<\/a><\/li><li><a href=\"#how-to-play-snow-rider-3-d\">Jak hr\u00e1t Snow Rider 3D Unblocked<\/a><ul><li><a href=\"#levels-and-gameplay-details\">\u00darovn\u011b a detaily hry Snow Rider 3D Game<\/a><\/li><\/ul><\/li><li><a href=\"#features-and-characters\">Vlastnosti a znaky hry Snow Rider 3D<\/a><\/li><li><a href=\"#pro-tips-and-tricks\">Tipy a triky pro hru Snow Rider 3D<\/a><\/li><\/ul><\/nav><\/div>\n\n\n\n<h3 class=\"wp-block-heading\" id=\"what-is-snow-rider-3-d\">Co je Snow Rider 3D?<\/h3>\n\n\n\n<figure class=\"wp-block-image size-full\"><img loading=\"lazy\" decoding=\"async\" width=\"800\" height=\"486\" src=\"https:\/\/sledrider3d.com\/wp-content\/uploads\/2024\/10\/WX20241023-192336@2x-1.png\" alt=\"\" class=\"wp-image-119\" srcset=\"https:\/\/sledrider3d.com\/wp-content\/uploads\/2024\/10\/WX20241023-192336@2x-1.png 800w, https:\/\/sledrider3d.com\/wp-content\/uploads\/2024\/10\/WX20241023-192336@2x-1-300x182.png 300w, https:\/\/sledrider3d.com\/wp-content\/uploads\/2024\/10\/WX20241023-192336@2x-1-768x467.png 768w, https:\/\/sledrider3d.com\/wp-content\/uploads\/2024\/10\/WX20241023-192336@2x-1-18x12.png 18w\" sizes=\"auto, (max-width: 800px) 100vw, 800px\" \/><\/figure>\n\n\n\n<p>Snow Rider 3D je vzru\u0161uj\u00edc\u00ed online hra se zimn\u00edmi sporty, kter\u00e1 hr\u00e1\u010d\u016fm nab\u00edz\u00ed vzru\u0161uj\u00edc\u00ed sj\u00ed\u017ed\u011bn\u00ed zasn\u011b\u017een\u00e9 krajiny. Tato free-to-play hra je p\u0159\u00edstupn\u00e1 prost\u0159ednictv\u00edm prohl\u00ed\u017ee\u010d\u016f, co\u017e hr\u00e1\u010d\u016fm umo\u017e\u0148uje pono\u0159it se do rychl\u00e9 hry pln\u00e9 p\u0159ek\u00e1\u017eek bez nutnosti stahov\u00e1n\u00ed nebo instalace. Jej\u00ed odblokovan\u00e1 verze je obl\u00edben\u00e1 zejm\u00e9na ve \u0161kol\u00e1ch a na pracovi\u0161t\u00edch, kde by jinak mohl b\u00fdt p\u0159\u00edstup ke h\u0159e omezen.<\/p>\n\n\n\n<hr class=\"wp-block-separator has-alpha-channel-opacity\"\/>\n\n\n\n<h4 class=\"wp-block-heading\" id=\"game-background\">Pozad\u00ed hry Snow Rider 3D Game<\/h4>\n\n\n\n<p>Hra Snow Rider 3D, kter\u00e1 byla p\u016fvodn\u011b spu\u0161t\u011bna v roce 2019, se stala obl\u00edbenou hrou mezi online hr\u00e1\u010di. D\u00edky p\u0159\u00edmo\u010dar\u00fdm mechanik\u00e1m oslovuje jak p\u0159\u00edle\u017eitostn\u00e9 hr\u00e1\u010de, tak sout\u011b\u017eiv\u00e9 nad\u0161ence, kte\u0159\u00ed si u\u017e\u00edvaj\u00ed zvl\u00e1dnut\u00ed ka\u017ed\u00e9 trat\u011b. Hra umo\u017e\u0148uje hr\u00e1\u010d\u016fm z\u00e1vodit po zasn\u011b\u017een\u00fdch cest\u00e1ch, vyh\u00fdbat se p\u0159ek\u00e1\u017ek\u00e1m, jako jsou stromy a sn\u011bhul\u00e1ci, a sb\u00edrat d\u00e1rky rozeset\u00e9 po cel\u00e9 trati.<\/p>\n\n\n\n<hr class=\"wp-block-separator has-alpha-channel-opacity\"\/>\n\n\n\n<h3 class=\"wp-block-heading\" id=\"why-snow-rider-3-d-is-trending\">Pro\u010d je Snow Rider 3D trendy<\/h3>\n\n\n\n<p>Rostouc\u00ed popularitu hry lze p\u0159i\u010d\u00edst n\u011bkolika faktor\u016fm:<\/p>\n\n\n\n<ul class=\"wp-block-list\">\n<li><strong>P\u0159\u00edstupnost<\/strong>: Je odblokovan\u00e1 na v\u00edce platform\u00e1ch, tak\u017ee je obl\u00edben\u00e1 ve \u0161kol\u00e1ch a na pracovi\u0161t\u00edch.<\/li>\n\n\n\n<li><strong>Jednoduchost a hloubka<\/strong>: Intuitivn\u00ed ovl\u00e1d\u00e1n\u00ed je snadn\u00e9, ale n\u00e1ro\u010dn\u00e9 na zvl\u00e1dnut\u00ed.<\/li>\n\n\n\n<li><strong>Sez\u00f3nn\u00ed p\u0159ita\u017elivost<\/strong>: Dokonale zachycuje vzru\u0161en\u00ed ze zimn\u00edch sport\u016f, co\u017e mu dod\u00e1v\u00e1 kouzlo v chladn\u00fdch m\u011bs\u00edc\u00edch.<\/li>\n\n\n\n<li><strong>Konkuren\u010dn\u00ed v\u00fdhoda<\/strong>: Hr\u00e1\u010di se sna\u017e\u00ed dos\u00e1hnout vysok\u00e9ho sk\u00f3re sb\u00edr\u00e1n\u00edm d\u00e1rk\u016f a odemyk\u00e1n\u00edm vylep\u0161en\u00ed san\u00ed, co\u017e podporuje opakovan\u00e9 hran\u00ed.<\/li>\n<\/ul>\n\n\n\n<hr class=\"wp-block-separator has-alpha-channel-opacity\"\/>\n\n\n\n<h3 class=\"wp-block-heading\" id=\"how-to-play-snow-rider-3-d\">Jak hr\u00e1t Snow Rider 3D Unblocked<\/h3>\n\n\n\n<p>K \u0159\u00edzen\u00ed san\u00ed pou\u017eijte <strong>kl\u00e1vesy se \u0161ipkami<\/strong> nebo <strong>Kl\u00e1vesy WASD<\/strong>. P\u0159es p\u0159ek\u00e1\u017eky m\u016f\u017eete sk\u00e1kat stisknut\u00edm tla\u010d\u00edtka <strong>mezern\u00edk<\/strong> nebo <strong>\u0161ipka nahoru<\/strong>. C\u00edlem je sjet co nejd\u00e1le a p\u0159itom sb\u00edrat d\u00e1rky, kter\u00e9 p\u0159isp\u00edvaj\u00ed k va\u0161emu sk\u00f3re a odemykaj\u00ed nov\u00e9 san\u011b. Jak postupujete, hra se zrychluje a vy\u017eaduje bystr\u00e9 reflexy a strategick\u00e9 my\u0161len\u00ed.<\/p>\n\n\n\n<figure class=\"wp-block-image size-full\"><img loading=\"lazy\" decoding=\"async\" width=\"800\" height=\"445\" src=\"https:\/\/sledrider3d.com\/wp-content\/uploads\/2024\/10\/WX20241023-192731@2x-1.png\" alt=\"\" class=\"wp-image-117\" srcset=\"https:\/\/sledrider3d.com\/wp-content\/uploads\/2024\/10\/WX20241023-192731@2x-1.png 800w, https:\/\/sledrider3d.com\/wp-content\/uploads\/2024\/10\/WX20241023-192731@2x-1-300x167.png 300w, https:\/\/sledrider3d.com\/wp-content\/uploads\/2024\/10\/WX20241023-192731@2x-1-768x427.png 768w, https:\/\/sledrider3d.com\/wp-content\/uploads\/2024\/10\/WX20241023-192731@2x-1-18x10.png 18w\" sizes=\"auto, (max-width: 800px) 100vw, 800px\" \/><\/figure>\n\n\n\n<hr class=\"wp-block-separator has-alpha-channel-opacity\"\/>\n\n\n\n<h4 class=\"wp-block-heading\" id=\"levels-and-gameplay-details\">\u00darovn\u011b a detaily hry Snow Rider 3D Game<\/h4>\n\n\n\n<p>A\u010dkoli hra nem\u00e1 odli\u0161n\u00e9 \u00farovn\u011b, ka\u017ed\u00e9 sezen\u00ed p\u0159edstavuje nov\u00e9 v\u00fdzvy zalo\u017een\u00e9 na rychlosti a ter\u00e9nu. Obt\u00ed\u017enost nekone\u010dn\u00e9 trati se postupn\u011b zvy\u0161uje, co\u017e hr\u00e1\u010de nut\u00ed p\u0159izp\u016fsobovat se a zlep\u0161ovat sv\u016fj v\u00fdkon, aby dos\u00e1hli vy\u0161\u0161\u00edho sk\u00f3re.<\/p>\n\n\n\n<hr class=\"wp-block-separator has-alpha-channel-opacity\"\/>\n\n\n\n<h3 class=\"wp-block-heading\" id=\"features-and-characters\">Vlastnosti a znaky hry Snow Rider 3D<\/h3>\n\n\n\n<ul class=\"wp-block-list\">\n<li><strong>Dopl\u0148ky nap\u00e1jen\u00ed<\/strong>: D\u00e1rky na trati nab\u00edzej\u00ed bonusov\u00e9 body a p\u0159\u00edle\u017eitostn\u00e9 zv\u00fd\u0161en\u00ed rychlosti.<\/li>\n\n\n\n<li><strong>R\u016fzn\u00e9 s\u00e1n\u011b<\/strong>: Hr\u00e1\u010di si mohou odemknout nov\u00e9 modely san\u00ed, pokud nasb\u00edraj\u00ed dostate\u010dn\u00fd po\u010det bod\u016f.<\/li>\n\n\n\n<li><strong>P\u0159ek\u00e1\u017eky<\/strong>: Krom\u011b sn\u011bhul\u00e1k\u016f a strom\u016f se hr\u00e1\u010di mus\u00ed vyh\u00fdbat z\u00e1ludn\u00fdm svah\u016fm, kter\u00e9 mohou zp\u016fsobit hav\u00e1rii.<\/li>\n<\/ul>\n\n\n\n<hr class=\"wp-block-separator has-alpha-channel-opacity\"\/>\n\n\n\n<h3 class=\"wp-block-heading\" id=\"pro-tips-and-tricks\">Tipy a triky pro hru Snow Rider 3D<\/h3>\n\n\n\n<ol class=\"wp-block-list\">\n<li><strong>Mistrovsk\u00e9 skoky<\/strong>: Vyu\u017e\u00edvejte svahy pro z\u00edsk\u00e1n\u00ed del\u0161\u00edho \u010dasu ve vzduchu, ale dbejte na hladk\u00e9 p\u0159ist\u00e1n\u00ed, abyste si udr\u017eeli hybnost.<\/li>\n\n\n\n<li><strong>D\u00e1rkov\u00e1 cesta<\/strong>: Zam\u011b\u0159te se na sb\u011br v\u00edce d\u00e1rk\u016f v jedn\u00e9 linii, ani\u017e byste se odch\u00fdlili od kurzu.<\/li>\n\n\n\n<li><strong>Zv\u00fd\u0161en\u00ed rychlosti<\/strong>: Rychlostn\u00ed bonusy si \u0161et\u0159ete na obt\u00ed\u017en\u00e9 \u00faseky, abyste z\u00edskali v\u00fdhodu.<\/li>\n<\/ol>\n\n\n\n<figure class=\"wp-block-image size-full\"><img loading=\"lazy\" decoding=\"async\" width=\"400\" height=\"265\" src=\"https:\/\/sledrider3d.com\/wp-content\/uploads\/2024\/10\/logo-2.png\" alt=\"\" class=\"wp-image-120\" srcset=\"https:\/\/sledrider3d.com\/wp-content\/uploads\/2024\/10\/logo-2.png 400w, https:\/\/sledrider3d.com\/wp-content\/uploads\/2024\/10\/logo-2-300x199.png 300w, https:\/\/sledrider3d.com\/wp-content\/uploads\/2024\/10\/logo-2-18x12.png 18w\" sizes=\"auto, (max-width: 400px) 100vw, 400px\" \/><\/figure>\n\n\n\n<hr class=\"wp-block-separator has-alpha-channel-opacity\"\/>\n\n\n\n<h2 class=\"wp-block-heading\" id=\"faq\">\u010casto kladen\u00e9 ot\u00e1zky o Snow Rider 3D Unblocked Game<\/h2>\n\n\n\n<figure class=\"wp-block-table\"><table class=\"has-fixed-layout\"><thead><tr><th><strong>Ot\u00e1zka<\/strong><\/th><th><strong>Odpov\u011b\u010f<\/strong><\/th><\/tr><\/thead><tbody><tr><td><strong>Mohu hr\u00e1t Snow Rider 3D online?<\/strong><\/td><td>Ano, hru Snow Rider 3D si m\u016f\u017eete zahr\u00e1t online zdarma na r\u016fzn\u00fdch platform\u00e1ch.<\/td><\/tr><tr><td><strong>Co d\u011bl\u00e1 Snow Rider 3D \u00fanikovou hrou?<\/strong><\/td><td>Hr\u00e1\u010di se mus\u00ed obratn\u011b vyh\u00fdbat p\u0159ek\u00e1\u017ek\u00e1m na silnici, aby se vyhnuli hav\u00e1rii, co\u017e do hry vn\u00e1\u0161\u00ed \u00fanikovou v\u00fdzvu.<\/td><\/tr><tr><td><strong>Kde najdu odblokovanou hru Snow Rider 3D?<\/strong><\/td><td>Nav\u0161tivte str\u00e1nky jako <strong><a href=\"https:\/\/sledrider3d.com\/cs\/snow-rider-3d\/\">sledrider3d.com<\/a><\/strong> pro odblokovan\u00fd p\u0159\u00edstup.<\/td><\/tr><tr><td><strong>Jak se s\u00e1n\u011b ovl\u00e1daj\u00ed?<\/strong><\/td><td>Pou\u017eijte <strong>kl\u00e1vesy se \u0161ipkami<\/strong> nebo <strong>WASD<\/strong> tla\u010d\u00edtka pro navigaci a <strong>mezern\u00edk<\/strong> sko\u010dit.<\/td><\/tr><tr><td><strong>Je hra Snow Rider 3D zdarma?<\/strong><\/td><td>Ano, hra je zcela zdarma bez nutnosti stahov\u00e1n\u00ed.<\/td><\/tr><tr><td><strong>Jak\u00e9 jsou ve h\u0159e sn\u011bhov\u00e9 cesty?<\/strong><\/td><td>Sn\u011bhov\u00e9 cesty jsou zledovat\u011bl\u00e9 cesty, po kter\u00fdch se hr\u00e1\u010di mus\u00ed pohybovat v pr\u016fb\u011bhu hry.<\/td><\/tr><tr><td><strong>Jak funguj\u00ed odblokovan\u00e9 verze?<\/strong><\/td><td>Odblokovan\u00e9 verze obch\u00e1zej\u00ed omezen\u00ed platforem, jako jsou \u0161koly, a umo\u017e\u0148uj\u00ed voln\u00fd p\u0159\u00edstup ke h\u0159e.<\/td><\/tr><tr><td><strong>Co je Snow Rider 3D classroom 6x?<\/strong><\/td><td>Jedn\u00e1 se o verzi optimalizovanou pro \u0161koln\u00ed prost\u0159ed\u00ed, kter\u00e1 se \u010dasto nach\u00e1z\u00ed na hern\u00edch str\u00e1nk\u00e1ch pod ozna\u010den\u00edm classroom 6x.<\/td><\/tr><tr><td><strong>Mohu z\u00edskat p\u0159\u00edstup k aplikaci Snow Rider 3D na Hooda Math?<\/strong><\/td><td>Ano, je k dispozici jako sou\u010d\u00e1st hern\u00ed knihovny na webu <strong>Hooda Math<\/strong>.<\/td><\/tr><tr><td><strong>Co se stane, kdy\u017e havaruju?<\/strong><\/td><td>Hra se resetuje a hr\u00e1\u010di mohou okam\u017eit\u011b znovu za\u010d\u00edt hr\u00e1t.<\/td><\/tr><tr><td><strong>Co je Snow Rider 3D 76?<\/strong><\/td><td>Snow Rider 3D unblocked 76 je obl\u00edben\u00e1 varianta dostupn\u00e1 na port\u00e1lech s odblokovan\u00fdmi hrami.<\/td><\/tr><tr><td><strong>Existuje \u017eeb\u0159\u00ed\u010dek nebo vysok\u00e9 sk\u00f3re?<\/strong><\/td><td>V n\u011bkter\u00fdch verz\u00edch m\u016f\u017eete sledovat vysok\u00e9 sk\u00f3re a sout\u011b\u017eit s ostatn\u00edmi hr\u00e1\u010di.<\/td><\/tr><tr><td><strong>Jak d\u00e1rky ovliv\u0148uj\u00ed hran\u00ed?<\/strong><\/td><td>Sb\u00edr\u00e1n\u00ed d\u00e1rk\u016f zvy\u0161uje hr\u00e1\u010dovo sk\u00f3re a m\u016f\u017ee odemknout zv\u00fd\u0161en\u00ed rychlosti.<\/td><\/tr><tr><td><strong>Lze hru Snow Rider 3D hr\u00e1t na mobiln\u00edm telefonu?<\/strong><\/td><td>Ano, hra je kompatibiln\u00ed s prohl\u00ed\u017ee\u010di na telefonech a tabletech.<\/td><\/tr><tr><td><strong>Jak dlouho trv\u00e1 typick\u00e9 hern\u00ed sezen\u00ed?<\/strong><\/td><td>Ka\u017ed\u00fd b\u011bh trv\u00e1, dokud hr\u00e1\u010d nespadne, co\u017e vyb\u00edz\u00ed k opakovan\u00e9mu hran\u00ed a zlep\u0161ov\u00e1n\u00ed dovednost\u00ed.<\/td><\/tr><tr><td><strong>Jak\u00e9 jsou hern\u00ed triky pro lep\u0161\u00ed sk\u00f3re?<\/strong><\/td><td>Zam\u011b\u0159te se na hladk\u00e9 p\u0159ist\u00e1n\u00ed, efektivn\u00ed sb\u00edr\u00e1n\u00ed d\u00e1rk\u016f a strategick\u00e9 pou\u017e\u00edv\u00e1n\u00ed bonus\u016f.<\/td><\/tr><tr><td><strong>\u010c\u00edm je hra Snow Rider 3D unblocked 6x v\u00fdjime\u010dn\u00e1?<\/strong><\/td><td>Verze 6x je optimalizovan\u00e1 pro plynulej\u0161\u00ed hran\u00ed v omezen\u00e9m prost\u0159ed\u00ed, nap\u0159\u00edklad ve \u0161kol\u00e1ch.<\/td><\/tr><tr><td><strong>M\u00e1 hra re\u017eimy pro v\u00edce hr\u00e1\u010d\u016f?<\/strong><\/td><td>Ne, Snow Rider 3D je hra pro jednoho hr\u00e1\u010de.<\/td><\/tr><tr><td><strong>Lze odemknout r\u016fzn\u00e9 postavy?<\/strong><\/td><td>Ne, p\u0159izp\u016fsoben\u00ed je omezeno na vylep\u0161en\u00ed san\u00ed, nikoli na v\u00fdb\u011br postavy.<\/td><\/tr><tr><td><strong>Jak\u00fd je c\u00edl hry?<\/strong><\/td><td>Hlavn\u00edm c\u00edlem je dojet co nejd\u00e1le, sb\u00edrat d\u00e1rky a vyh\u00fdbat se p\u0159ek\u00e1\u017ek\u00e1m.<\/td><\/tr><\/tbody><\/table><\/figure>","protected":false},"excerpt":{"rendered":"<p>Play Snow Rider 3D Game Online \ud83d\udd79 Free Unblocked Snowy Games Full Screen Snow Rider 3D Game: Free to Play Unblocked Games Snow Rider 3D stands out as an addictive, free-to-play escape game that offers endless fun. Whether you are looking to kill time during a break or engage in serious score challenges, this game [&hellip;]<\/p>","protected":false},"author":1,"featured_media":119,"parent":0,"menu_order":0,"comment_status":"open","ping_status":"closed","template":"","meta":{"footnotes":""},"class_list":["post-112","page","type-page","status-publish","has-post-thumbnail","hentry"],"_links":{"self":[{"href":"https:\/\/sledrider3d.com\/cs\/wp-json\/wp\/v2\/pages\/112","targetHints":{"allow":["GET"]}}],"collection":[{"href":"https:\/\/sledrider3d.com\/cs\/wp-json\/wp\/v2\/pages"}],"about":[{"href":"https:\/\/sledrider3d.com\/cs\/wp-json\/wp\/v2\/types\/page"}],"author":[{"embeddable":true,"href":"https:\/\/sledrider3d.com\/cs\/wp-json\/wp\/v2\/users\/1"}],"replies":[{"embeddable":true,"href":"https:\/\/sledrider3d.com\/cs\/wp-json\/wp\/v2\/comments?post=112"}],"version-history":[{"count":3,"href":"https:\/\/sledrider3d.com\/cs\/wp-json\/wp\/v2\/pages\/112\/revisions"}],"predecessor-version":[{"id":130,"href":"https:\/\/sledrider3d.com\/cs\/wp-json\/wp\/v2\/pages\/112\/revisions\/130"}],"wp:featuredmedia":[{"embeddable":true,"href":"https:\/\/sledrider3d.com\/cs\/wp-json\/wp\/v2\/media\/119"}],"wp:attachment":[{"href":"https:\/\/sledrider3d.com\/cs\/wp-json\/wp\/v2\/media?parent=112"}],"curies":[{"name":"wp","href":"https:\/\/api.w.org\/{rel}","templated":true}]}}